{"id":4926,"date":"2024-06-25T07:13:38","date_gmt":"2024-06-25T07:13:38","guid":{"rendered":"https:\/\/lazersystem.net\/?post_type=product&#038;p=4926"},"modified":"2024-07-03T08:29:46","modified_gmt":"2024-07-03T08:29:46","slug":"affordable-mini-bogong-fiber-laser-marking-machines-explore-now","status":"publish","type":"product","link":"https:\/\/lazersystem.net\/sv\/fiberlasermarkningsmaskin\/affordable-mini-bogong-fiber-laser-marking-machines-explore-now","title":{"rendered":"M\u00e4rkesvaror med laser av fibrer Mini BOGONG tillg\u00e4ngliga - Utforska nu!"},"content":{"rendered":"<div class=\"container section-title-container\" ><h3 class=\"section-title section-title-normal\"><b><\/b><span class=\"section-title-main\" style=\"color:rgb(239, 19, 19);\">Definition av gravyrmaskin med fiberlaser 2,5D<\/span><b><\/b><\/h3><\/div>\n<p>Uma m\u00e1quina de grava\u00e7\u00e3o a laser de fibra 2,5D \u00e9 um tipo de equipamento de marca\u00e7\u00e3o a laser que utiliza tecnologia de laser de fibra para criar marca\u00e7\u00f5es em v\u00e1rios materiais com efeito tridimensional. I motsats till traditionella lasergraveringsmaskiner 2D som producerar graveringar med plana ytor, kan en 2,5D-maskin skapa djup och textur i markeringarna och ge ett unikt och visuellt uppseendev\u00e4ckande resultat.<\/p>\n<div class=\"container section-title-container\" ><h3 class=\"section-title section-title-normal\"><b><\/b><span class=\"section-title-main\" style=\"color:rgb(241, 10, 10);\">Vitrin f\u00f6r video<\/span><b><\/b><\/h3><\/div>\n<div class=\"video video-fit mb\" style=\"padding-top:56.25%;\"><p><iframe title=\"Vad kan en 2,5D EZCAD3-lasermaskin g\u00f6ra? | EZCAD3 fiberlasergraverare f\u00f6r metall och plast\" width=\"1020\" height=\"574\" src=\"https:\/\/www.youtube.com\/embed\/WxhxVmHO0Xo?feature=oembed\" frameborder=\"0\" allow=\"accelerometer; autoplay; clipboard-write; encrypted-media; gyroscope; picture-in-picture; web-share\" referrerpolicy=\"strict-origin-when-cross-origin\" allowfullscreen><\/iframe><\/p>\n<\/div>\n<div class=\"container section-title-container\" ><h3 class=\"section-title section-title-normal\"><b><\/b><span class=\"section-title-main\" style=\"color:rgb(242, 8, 8);\">Karakt\u00e4ristiska egenskaper:<\/span><b><\/b><\/h3><\/div>\n<p>1. Utrustningstyp: tipo Mini<br \/>\n2.L\u00e5ng livsl\u00e4ngd: kan chegar a 100.000 horas.<br \/>\n3. Kompakt: H\u00f6gteknologisk produkt som kombinerar laserutrustning, dator, automatisk styrenhet och precisionsmaskin.<br \/>\n4. h\u00f6g precision: precision vid upprepning 0,003 mm<br \/>\n5. H\u00f6g hastighet: Det importerade digitaliseringssystemet till\u00e5ter digitaliseringshastigheter p\u00e5 upp till 7 000 mm\/s<br \/>\n6. Enkel att anv\u00e4nda: Den speciella programvaran \u00e4r baserad p\u00e5 Windows och g\u00f6r det m\u00f6jligt att justera laserns styrka och 7. Pulsfrekvens i verkligt tempo. Du kan infoga och producera p\u00e5 en dator i enlighet med en utg\u00e5va av en s\u00e4rskild programvara f\u00f6r m\u00e4rkning eller en s\u00e4rskild grafisk programvara (som AutoCAD, CorelDRAW eller Photoshop).<br \/>\n7. Ekonomi f\u00f6r energi: En effektiv fotoelektrisk konversation \u00e4r p\u00e5 70%<br \/>\n8. L\u00e5g driftskostnad: Inga skador. Manuten\u00e7\u00e3o gratuita, sem necessidade de ajustar o caminho do laser.<\/p>\n<div class=\"container section-title-container\" ><h3 class=\"section-title section-title-normal\"><b><\/b><span class=\"section-title-main\" style=\"color:rgb(241, 8, 8);\">Tekniska parametrar<\/span><b><\/b><\/h3><\/div>\n\t<div class=\"img has-hover x md-x lg-x y md-y lg-y\" id=\"image_56589461\">\n\t\t\t\t\t\t\t\t<div class=\"img-inner dark\" >\n\t\t\t<img fetchpriority=\"high\" decoding=\"async\" width=\"790\" height=\"565\" src=\"https:\/\/lazersystem.net\/wp-content\/uploads\/2024\/06\/\u5fae\u4fe1\u56fe\u7247_20240625151809.png\" class=\"attachment-large size-large\" alt=\"\" srcset=\"https:\/\/lazersystem.net\/wp-content\/uploads\/2024\/06\/\u5fae\u4fe1\u56fe\u7247_20240625151809.png 790w, https:\/\/lazersystem.net\/wp-content\/uploads\/2024\/06\/\u5fae\u4fe1\u56fe\u7247_20240625151809-768x549.png 768w, https:\/\/lazersystem.net\/wp-content\/uploads\/2024\/06\/\u5fae\u4fe1\u56fe\u7247_20240625151809-18x12.png 18w, https:\/\/lazersystem.net\/wp-content\/uploads\/2024\/06\/\u5fae\u4fe1\u56fe\u7247_20240625151809-300x215.png 300w, https:\/\/lazersystem.net\/wp-content\/uploads\/2024\/06\/\u5fae\u4fe1\u56fe\u7247_20240625151809-600x429.png 600w\" sizes=\"(max-width: 790px) 100vw, 790px\" \/>\t\t\t\t\t\t\n\t\t\t\t\t<\/div>\n\t\t\t\t\t\t\t\t\n<style>\n#image_56589461 {\n  width: 100%;\n}\n<\/style>\n\t<\/div>\n\t\n<div class=\"container section-title-container\" ><h3 class=\"section-title section-title-normal\"><b><\/b><span class=\"section-title-main\" style=\"color:rgb(239, 13, 13);\">Viktigaste tillg\u00e5ngarna<\/span><b><\/b><\/h3><\/div>\n\t<div class=\"img has-hover x md-x lg-x y md-y lg-y\" id=\"image_769676463\">\n\t\t\t\t\t\t\t\t<div class=\"img-inner dark\" >\n\t\t\t<img decoding=\"async\" width=\"451\" height=\"800\" src=\"https:\/\/lazersystem.net\/wp-content\/uploads\/2024\/06\/\u5fae\u4fe1\u56fe\u7247_20240625151838-451x800.png\" class=\"attachment-large size-large\" alt=\"\" srcset=\"https:\/\/lazersystem.net\/wp-content\/uploads\/2024\/06\/\u5fae\u4fe1\u56fe\u7247_20240625151838-451x800.png 451w, https:\/\/lazersystem.net\/wp-content\/uploads\/2024\/06\/\u5fae\u4fe1\u56fe\u7247_20240625151838-564x1000.png 564w, https:\/\/lazersystem.net\/wp-content\/uploads\/2024\/06\/\u5fae\u4fe1\u56fe\u7247_20240625151838-768x1361.png 768w, https:\/\/lazersystem.net\/wp-content\/uploads\/2024\/06\/\u5fae\u4fe1\u56fe\u7247_20240625151838-7x12.png 7w, https:\/\/lazersystem.net\/wp-content\/uploads\/2024\/06\/\u5fae\u4fe1\u56fe\u7247_20240625151838-300x532.png 300w, https:\/\/lazersystem.net\/wp-content\/uploads\/2024\/06\/\u5fae\u4fe1\u56fe\u7247_20240625151838-600x1063.png 600w, https:\/\/lazersystem.net\/wp-content\/uploads\/2024\/06\/\u5fae\u4fe1\u56fe\u7247_20240625151838.png 790w\" sizes=\"(max-width: 451px) 100vw, 451px\" \/>\t\t\t\t\t\t\n\t\t\t\t\t<\/div>\n\t\t\t\t\t\t\t\t\n<style>\n#image_769676463 {\n  width: 100%;\n}\n<\/style>\n\t<\/div>\n\t\n\t<div class=\"img has-hover x md-x lg-x y md-y lg-y\" id=\"image_218642160\">\n\t\t\t\t\t\t\t\t<div class=\"img-inner dark\" >\n\t\t\t<img decoding=\"async\" width=\"659\" height=\"800\" src=\"https:\/\/lazersystem.net\/wp-content\/uploads\/2024\/06\/\u5fae\u4fe1\u56fe\u7247_20240625151919-659x800.png\" class=\"attachment-large size-large\" alt=\"\" srcset=\"https:\/\/lazersystem.net\/wp-content\/uploads\/2024\/06\/\u5fae\u4fe1\u56fe\u7247_20240625151919-659x800.png 659w, https:\/\/lazersystem.net\/wp-content\/uploads\/2024\/06\/\u5fae\u4fe1\u56fe\u7247_20240625151919-768x932.png 768w, https:\/\/lazersystem.net\/wp-content\/uploads\/2024\/06\/\u5fae\u4fe1\u56fe\u7247_20240625151919-10x12.png 10w, https:\/\/lazersystem.net\/wp-content\/uploads\/2024\/06\/\u5fae\u4fe1\u56fe\u7247_20240625151919-300x364.png 300w, https:\/\/lazersystem.net\/wp-content\/uploads\/2024\/06\/\u5fae\u4fe1\u56fe\u7247_20240625151919-600x728.png 600w, https:\/\/lazersystem.net\/wp-content\/uploads\/2024\/06\/\u5fae\u4fe1\u56fe\u7247_20240625151919.png 780w\" sizes=\"(max-width: 659px) 100vw, 659px\" \/>\t\t\t\t\t\t\n\t\t\t\t\t<\/div>\n\t\t\t\t\t\t\t\t\n<style>\n#image_218642160 {\n  width: 100%;\n}\n<\/style>\n\t<\/div>\n\t\n<div class=\"container section-title-container\" ><h3 class=\"section-title section-title-normal\"><b><\/b><span class=\"section-title-main\" style=\"color:rgb(244, 3, 3);\">Aplicativo<\/span><b><\/b><\/h3><\/div>\n<h2>Till\u00e4mpning av en laser f\u00f6r markering av k\u00e4rnor med fibrer 2,5D:<\/h2>\n<p>1. Industrin f\u00f6r joias: En maskin anv\u00e4nds f\u00f6r att gravera m\u00f6nster, padr\u00f5es och komplexa texter i olika typer av bilder, vilket f\u00f6rb\u00e4ttrar dess estetik och \u00f6kar v\u00e4rdet.<\/p>\n<p>2. Personliga produkter: Det \u00e4r perfekt f\u00f6r att skapa personliga br\u00e4nnm\u00e4rken, reklamskyltar och personliga produkter med f\u00e4rgglada och detaljerade m\u00e4rkningar.<\/p>\n<p>3. Industriell tillverkning: Maskinen anv\u00e4nds f\u00f6r att m\u00e4rka ut logotyper, serienummer, streckkoder och andra identifieringsm\u00e4rken p\u00e5 komponenter och produkter inom industrin.<\/p>\n<p>4. Ind\u00fastria automotiva: kan anv\u00e4ndas f\u00f6r att m\u00e4rka upp delar och komponenter med etiquetas som kodas med k\u00e4rnor, antal delar och m\u00e4rken f\u00f6r enkel identifiering och tillf\u00f6rlitlighet.<\/p>\n<p>5. Elektrisk utrustning: Maskinen \u00e4r avsedd f\u00f6r m\u00e4rkning av elektriska komponenter, kretsar och apparater med permanenta m\u00e4rkningar som kodas av k\u00e4rnor f\u00f6r kontroll av kvalitet och m\u00e4rke.<\/p>\n<p>6.Medicinska apparater: Anv\u00e4nds f\u00f6r att m\u00e4rka medicinska instrument och apparater med serienummer, kodnummer och annan information som \u00e4r viktig f\u00f6r att s\u00e4kerst\u00e4lla kvalitet.<\/p>\n<p>7. Flygteknisk industri: En maskin anv\u00e4nds f\u00f6r att m\u00e4rka flygplanskomponenter, flygplansskivor och armeringsj\u00e4rn med precisionsmarkeringar f\u00f6r identifiering och stabilisering.<\/p>\n<p>8. Konstn\u00e4rlig gravyr: Konstn\u00e4rer och designers anv\u00e4nder maskinen f\u00f6r att skapa konstverk, eskapader och dekorativa f\u00f6rem\u00e5l som \u00e4r exklusiva och f\u00e4rgsatta med komplexa gravyrer.<\/p>\n<p>9. Emballeringsindustri: Anv\u00e4nds f\u00f6r att m\u00e4rka ut emballeringsmaterial, r\u00f3tulos och produkter med m\u00e4rken, logotyper och information f\u00f6r identifiering av produkter och marknadsf\u00f6ring.<\/p>\n<div class=\"container section-title-container\" ><h3 class=\"section-title section-title-normal\"><b><\/b><span class=\"section-title-main\" style=\"color:rgb(235, 1, 1);\">Exibi\u00e7\u00e3o de amostra<\/span><b><\/b><\/h3><\/div>\n\t<div class=\"img has-hover x md-x lg-x y md-y lg-y\" id=\"image_1970841412\">\n\t\t\t\t\t\t\t\t<div class=\"img-inner dark\" >\n\t\t\t<img loading=\"lazy\" decoding=\"async\" width=\"627\" height=\"800\" src=\"https:\/\/lazersystem.net\/wp-content\/uploads\/2024\/06\/\u5fae\u4fe1\u56fe\u7247_20240625151747-627x800.png\" class=\"attachment-large size-large\" alt=\"\" srcset=\"https:\/\/lazersystem.net\/wp-content\/uploads\/2024\/06\/\u5fae\u4fe1\u56fe\u7247_20240625151747-627x800.png 627w, https:\/\/lazersystem.net\/wp-content\/uploads\/2024\/06\/\u5fae\u4fe1\u56fe\u7247_20240625151747-784x1000.png 784w, https:\/\/lazersystem.net\/wp-content\/uploads\/2024\/06\/\u5fae\u4fe1\u56fe\u7247_20240625151747-768x980.png 768w, https:\/\/lazersystem.net\/wp-content\/uploads\/2024\/06\/\u5fae\u4fe1\u56fe\u7247_20240625151747-9x12.png 9w, https:\/\/lazersystem.net\/wp-content\/uploads\/2024\/06\/\u5fae\u4fe1\u56fe\u7247_20240625151747-300x383.png 300w, https:\/\/lazersystem.net\/wp-content\/uploads\/2024\/06\/\u5fae\u4fe1\u56fe\u7247_20240625151747-600x766.png 600w, https:\/\/lazersystem.net\/wp-content\/uploads\/2024\/06\/\u5fae\u4fe1\u56fe\u7247_20240625151747.png 790w\" sizes=\"(max-width: 627px) 100vw, 627px\" \/>\t\t\t\t\t\t\n\t\t\t\t\t<\/div>\n\t\t\t\t\t\t\t\t\n<style>\n#image_1970841412 {\n  width: 100%;\n}\n<\/style>\n\t<\/div>\n\t\n<p>1. Amostra de teste gr\u00e1tis - podemos fazer teste de efeito de marca\u00e7\u00e3o gratuito de acordo com o material do produto<\/p>\n<p>2.V\u00eddeo ao vivo - du kan ta kontakt med v\u00e5r f\u00f6rs\u00e4ljningskonsult f\u00f6r att f\u00e5 hj\u00e4lp med att producera och anv\u00e4nda maskinerna i v\u00eddeo online.<\/p>\n<p>3.Personalizado\/OEM - anpassa en maskin i enlighet med v\u00e5ra krav, kontakta oss!<\/p>\n<div class=\"container section-title-container\" ><h3 class=\"section-title section-title-normal\"><b><\/b><span class=\"section-title-main\" style=\"color:rgb(237, 1, 1);\">Vanliga fr\u00e5gor<\/span><b><\/b><\/h3><\/div>\n<h2>Vad \u00e4r det f\u00f6r fel p\u00e5 pacote och entrega?<\/h2>\n<p>5 a 7 dagar efter mottagandet av betalningen.<br \/>\nExistem 3 camadas de embalagem: saco pl\u00e1stico espesso \u00e0 prova d'\u00e1gua, espuma anti-vibra\u00e7\u00e3o, caixa de madeira resistente para exporta\u00e7\u00e3o.<\/p>\n<h2>* Vad \u00e4r det f\u00f6r garanti och service som g\u00e4ller?<\/h2>\n<p>2 \u00e5r f\u00f6r laserfont och 3 \u00e5r f\u00f6r hela maskinen.<br \/>\nTeknisk support 24 timmar om dygnet via e-post eller telefon med video,<br \/>\nTreinamento gratuito para instala\u00e7\u00e3o e opera\u00e7\u00e3o. Teste de prova Fornece diferentes arquivos de biblioteca de par\u00e2metros de arquivos de marca\u00e7\u00e3o de materiais e tabelas de par\u00e2metros, bem como bitmap de gr\u00e1ficos vetoriais, modifica\u00e7\u00e3o de mapa de modelo 3D, treinamento de v\u00eddeo e manuten\u00e7\u00e3o*Como instalar e usar esta m\u00e1quina de marca\u00e7\u00e3o a laser?<\/p>\n<p>En maskin installerades f\u00f6re leverans och vi har mycket detaljerade manualer p\u00e5 engelska f\u00f6r lasersystem och programvara f\u00f6r laserm\u00e4rkning, och i stort sett alla kunder kan<\/p>\n<p>l\u00e4ra sig sozinhos p\u00e5 ett enkelt s\u00e4tt.<\/p>\n<p>Om du \u00e4r os\u00e4ker p\u00e5 n\u00e5got, s\u00e5 hj\u00e4lper vi dig att orientera dig.<\/p>\n<h2>*E se houver um problema com a m\u00e1quina de marca\u00e7\u00e3o a laser?<\/h2>\n<p>Jag har varit i kontakt med dig f\u00f6rsta g\u00e5ngen och har inte f\u00f6rs\u00f6kt l\u00f6sa det p\u00e5 ett bra s\u00e4tt.<\/p>\n<h2>*O que preciso saber quando preciso de uma recomenda\u00e7\u00e3o?<\/h2>\n<p>Vilket material vill du bearbeta? (a\u00e7o inoxid\u00e1vel, alum\u00ednio, madeira, pl\u00e1stico....)<br \/>\nHur stor \u00e4r den effektiva storleken p\u00e5 m\u00e4rket? (75*75mm, 110*110mm, 175*175mm, 300*300mm)3. Voc\u00ea precisa marcar em uma superf\u00edcie cil\u00edndrica ou redonda?4. Voc\u00ea precisa marcar o tamanho ou peso do produto?<\/p>","protected":false},"excerpt":{"rendered":"<h2>Introduktion till markeringssystem med fiberlaser 2,5D<\/h2>\n<p>Med anv\u00e4ndarv\u00e4nliga gr\u00e4nssnitt och robust konstruktion ger markeringarna med laserfiber 2,5D precision, effektivitet och m\u00e5ngsidighet vid skapandet av nyskapande och imponerande markeringar i ett stort antal olika material, inklusive metall, plast, keramik och mycket mer.<\/p>","protected":false},"featured_media":4927,"comment_status":"open","ping_status":"closed","template":"","meta":[],"product_brand":[],"product_cat":[248],"product_tag":[290,289,293,294,291,298,292,296,297,295,288],"class_list":{"0":"post-4926","1":"product","2":"type-product","3":"status-publish","4":"has-post-thumbnail","6":"product_cat-fiber-laser-marking-machine","7":"product_tag-fibra-de-marcacao-a-laser","8":"product_tag-gravador-a-laser-de-fibra-de-metal","9":"product_tag-gravador-a-laser-de-fibra-optica","10":"product_tag-laser-de-marcacao-de-fibra","11":"product_tag-maquina-de-gravacao-a-laser-de-fibra","12":"product_tag-maquina-de-gravacao-de-marcacao-a-laser-de-fibra","13":"product_tag-maquina-de-gravacao-e-corte-a-laser-fibra","14":"product_tag-maquina-de-marcacao-a-laser-de-fibra","15":"product_tag-maquina-de-marcacao-a-laser-de-fibra-mopa","16":"product_tag-marcacao-a-laser-de-fibra","17":"product_tag-preco-da-maquina-de-marcacao-a-laser-de-fibra","19":"first","20":"instock","21":"shipping-taxable","22":"purchasable","23":"product-type-simple"},"yoast_head":"<!-- This site is optimized with the Yoast SEO Premium plugin v21.5 (Yoast SEO v25.2) - https:\/\/yoast.com\/wordpress\/plugins\/seo\/ -->\n<title>M\u00e1quinas de marca\u00e7\u00e3o a laser de fibra Mini BOGONG acess\u00edveis - Explore agora! - BOGONG Laser Machine<\/title>\n<meta name=\"robots\" content=\"index, follow, max-snippet:-1, max-image-preview:large, max-video-preview:-1\" \/>\n<link rel=\"canonical\" href=\"https:\/\/lazersystem.net\/sv\/fiberlasermarkningsmaskin\/affordable-mini-bogong-fiber-laser-marking-machines-explore-now\" \/>\n<meta property=\"og:locale\" content=\"sv_SE\" \/>\n<meta property=\"og:type\" content=\"article\" \/>\n<meta property=\"og:title\" content=\"M\u00e1quinas de marca\u00e7\u00e3o a laser de fibra Mini BOGONG acess\u00edveis - Explore agora!\" \/>\n<meta property=\"og:description\" content=\"Introdu\u00e7\u00e3o \u00e0 m\u00e1quina de marca\u00e7\u00e3o a laser de fibra 2.5D Com interfaces f\u00e1ceis de usar e constru\u00e7\u00e3o robusta, as m\u00e1quinas de marca\u00e7\u00e3o a laser de fibra 2,5D oferecem precis\u00e3o, efici\u00eancia e versatilidade na cria\u00e7\u00e3o de marca\u00e7\u00f5es inovadoras e atraentes em uma ampla variedade de materiais, incluindo metais, pl\u00e1sticos, cer\u00e2micas e muito mais.\" \/>\n<meta property=\"og:url\" content=\"https:\/\/lazersystem.net\/sv\/fiberlasermarkningsmaskin\/affordable-mini-bogong-fiber-laser-marking-machines-explore-now\" \/>\n<meta property=\"og:site_name\" content=\"BOGONG Laser Machine\" \/>\n<meta property=\"article:modified_time\" content=\"2024-07-03T08:29:46+00:00\" \/>\n<meta property=\"og:image\" content=\"https:\/\/lazersystem.net\/wp-content\/uploads\/2024\/06\/\u5fae\u4fe1\u56fe\u7247_20240625151127.png\" \/>\n\t<meta property=\"og:image:width\" content=\"800\" \/>\n\t<meta property=\"og:image:height\" content=\"800\" \/>\n\t<meta property=\"og:image:type\" content=\"image\/png\" \/>\n<meta name=\"twitter:card\" content=\"summary_large_image\" \/>\n<meta name=\"twitter:label1\" content=\"Ber\u00e4knad l\u00e4stid\" \/>\n\t<meta name=\"twitter:data1\" content=\"5 minuter\" \/>\n<script type=\"application\/ld+json\" class=\"yoast-schema-graph\">{\"@context\":\"https:\/\/schema.org\",\"@graph\":[{\"@type\":\"WebPage\",\"@id\":\"https:\/\/lazersystem.net\/fiber-laser-marking-machine\/affordable-mini-bogong-fiber-laser-marking-machines-explore-now\",\"url\":\"https:\/\/lazersystem.net\/fiber-laser-marking-machine\/affordable-mini-bogong-fiber-laser-marking-machines-explore-now\",\"name\":\"M\u00e1quinas de marca\u00e7\u00e3o a laser de fibra Mini BOGONG acess\u00edveis - Explore agora! - BOGONG Laser Machine\",\"isPartOf\":{\"@id\":\"https:\/\/lazersystem.net\/#website\"},\"primaryImageOfPage\":{\"@id\":\"https:\/\/lazersystem.net\/fiber-laser-marking-machine\/affordable-mini-bogong-fiber-laser-marking-machines-explore-now#primaryimage\"},\"image\":{\"@id\":\"https:\/\/lazersystem.net\/fiber-laser-marking-machine\/affordable-mini-bogong-fiber-laser-marking-machines-explore-now#primaryimage\"},\"thumbnailUrl\":\"https:\/\/lazersystem.net\/wp-content\/uploads\/2024\/06\/\u5fae\u4fe1\u56fe\u7247_20240625151127.png\",\"datePublished\":\"2024-06-25T07:13:38+00:00\",\"dateModified\":\"2024-07-03T08:29:46+00:00\",\"breadcrumb\":{\"@id\":\"https:\/\/lazersystem.net\/fiber-laser-marking-machine\/affordable-mini-bogong-fiber-laser-marking-machines-explore-now#breadcrumb\"},\"inLanguage\":\"sv-SE\",\"potentialAction\":[{\"@type\":\"ReadAction\",\"target\":[\"https:\/\/lazersystem.net\/fiber-laser-marking-machine\/affordable-mini-bogong-fiber-laser-marking-machines-explore-now\"]}]},{\"@type\":\"ImageObject\",\"inLanguage\":\"sv-SE\",\"@id\":\"https:\/\/lazersystem.net\/fiber-laser-marking-machine\/affordable-mini-bogong-fiber-laser-marking-machines-explore-now#primaryimage\",\"url\":\"https:\/\/lazersystem.net\/wp-content\/uploads\/2024\/06\/\u5fae\u4fe1\u56fe\u7247_20240625151127.png\",\"contentUrl\":\"https:\/\/lazersystem.net\/wp-content\/uploads\/2024\/06\/\u5fae\u4fe1\u56fe\u7247_20240625151127.png\",\"width\":800,\"height\":800},{\"@type\":\"BreadcrumbList\",\"@id\":\"https:\/\/lazersystem.net\/fiber-laser-marking-machine\/affordable-mini-bogong-fiber-laser-marking-machines-explore-now#breadcrumb\",\"itemListElement\":[{\"@type\":\"ListItem\",\"position\":1,\"name\":\"Home\",\"item\":\"https:\/\/lazersystem.net\/\"},{\"@type\":\"ListItem\",\"position\":2,\"name\":\"Product\",\"item\":\"https:\/\/lazersystem.net\/ru\/\u043f\u0440\u043e\u0434\u0443\u043a\u0442\"},{\"@type\":\"ListItem\",\"position\":3,\"name\":\"M\u00e1quinas de marca\u00e7\u00e3o a laser de fibra Mini BOGONG acess\u00edveis &#8211; Explore agora!\"}]},{\"@type\":\"WebSite\",\"@id\":\"https:\/\/lazersystem.net\/#website\",\"url\":\"https:\/\/lazersystem.net\/\",\"name\":\"BOGONG Laser Machine\",\"description\":\"\",\"publisher\":{\"@id\":\"https:\/\/lazersystem.net\/#organization\"},\"potentialAction\":[{\"@type\":\"SearchAction\",\"target\":{\"@type\":\"EntryPoint\",\"urlTemplate\":\"https:\/\/lazersystem.net\/?s={search_term_string}\"},\"query-input\":{\"@type\":\"PropertyValueSpecification\",\"valueRequired\":true,\"valueName\":\"search_term_string\"}}],\"inLanguage\":\"sv-SE\"},{\"@type\":\"Organization\",\"@id\":\"https:\/\/lazersystem.net\/#organization\",\"name\":\"BOGONG Laser Machine\",\"url\":\"https:\/\/lazersystem.net\/\",\"logo\":{\"@type\":\"ImageObject\",\"inLanguage\":\"sv-SE\",\"@id\":\"https:\/\/lazersystem.net\/#\/schema\/logo\/image\/\",\"url\":\"https:\/\/lazersystem.net\/wp-content\/uploads\/2024\/04\/\u672a\u6807\u9898-1-3.jpg\",\"contentUrl\":\"https:\/\/lazersystem.net\/wp-content\/uploads\/2024\/04\/\u672a\u6807\u9898-1-3.jpg\",\"width\":1920,\"height\":650,\"caption\":\"BOGONG Laser Machine\"},\"image\":{\"@id\":\"https:\/\/lazersystem.net\/#\/schema\/logo\/image\/\"}}]}<\/script>\n<!-- \/ Yoast SEO Premium plugin. -->","yoast_head_json":{"title":"M\u00e1quinas de marca\u00e7\u00e3o a laser de fibra Mini BOGONG acess\u00edveis - Explore agora! - BOGONG Laser Machine","robots":{"index":"index","follow":"follow","max-snippet":"max-snippet:-1","max-image-preview":"max-image-preview:large","max-video-preview":"max-video-preview:-1"},"canonical":"https:\/\/lazersystem.net\/sv\/fiberlasermarkningsmaskin\/affordable-mini-bogong-fiber-laser-marking-machines-explore-now","og_locale":"sv_SE","og_type":"article","og_title":"M\u00e1quinas de marca\u00e7\u00e3o a laser de fibra Mini BOGONG acess\u00edveis - Explore agora!","og_description":"Introdu\u00e7\u00e3o \u00e0 m\u00e1quina de marca\u00e7\u00e3o a laser de fibra 2.5D Com interfaces f\u00e1ceis de usar e constru\u00e7\u00e3o robusta, as m\u00e1quinas de marca\u00e7\u00e3o a laser de fibra 2,5D oferecem precis\u00e3o, efici\u00eancia e versatilidade na cria\u00e7\u00e3o de marca\u00e7\u00f5es inovadoras e atraentes em uma ampla variedade de materiais, incluindo metais, pl\u00e1sticos, cer\u00e2micas e muito mais.","og_url":"https:\/\/lazersystem.net\/sv\/fiberlasermarkningsmaskin\/affordable-mini-bogong-fiber-laser-marking-machines-explore-now","og_site_name":"BOGONG Laser Machine","article_modified_time":"2024-07-03T08:29:46+00:00","og_image":[{"width":800,"height":800,"url":"https:\/\/lazersystem.net\/wp-content\/uploads\/2024\/06\/\u5fae\u4fe1\u56fe\u7247_20240625151127.png","type":"image\/png"}],"twitter_card":"summary_large_image","twitter_misc":{"Ber\u00e4knad l\u00e4stid":"5 minuter"},"schema":{"@context":"https:\/\/schema.org","@graph":[{"@type":"WebPage","@id":"https:\/\/lazersystem.net\/fiber-laser-marking-machine\/affordable-mini-bogong-fiber-laser-marking-machines-explore-now","url":"https:\/\/lazersystem.net\/fiber-laser-marking-machine\/affordable-mini-bogong-fiber-laser-marking-machines-explore-now","name":"M\u00e1quinas de marca\u00e7\u00e3o a laser de fibra Mini BOGONG acess\u00edveis - Explore agora! - BOGONG Laser Machine","isPartOf":{"@id":"https:\/\/lazersystem.net\/#website"},"primaryImageOfPage":{"@id":"https:\/\/lazersystem.net\/fiber-laser-marking-machine\/affordable-mini-bogong-fiber-laser-marking-machines-explore-now#primaryimage"},"image":{"@id":"https:\/\/lazersystem.net\/fiber-laser-marking-machine\/affordable-mini-bogong-fiber-laser-marking-machines-explore-now#primaryimage"},"thumbnailUrl":"https:\/\/lazersystem.net\/wp-content\/uploads\/2024\/06\/\u5fae\u4fe1\u56fe\u7247_20240625151127.png","datePublished":"2024-06-25T07:13:38+00:00","dateModified":"2024-07-03T08:29:46+00:00","breadcrumb":{"@id":"https:\/\/lazersystem.net\/fiber-laser-marking-machine\/affordable-mini-bogong-fiber-laser-marking-machines-explore-now#breadcrumb"},"inLanguage":"sv-SE","potentialAction":[{"@type":"ReadAction","target":["https:\/\/lazersystem.net\/fiber-laser-marking-machine\/affordable-mini-bogong-fiber-laser-marking-machines-explore-now"]}]},{"@type":"ImageObject","inLanguage":"sv-SE","@id":"https:\/\/lazersystem.net\/fiber-laser-marking-machine\/affordable-mini-bogong-fiber-laser-marking-machines-explore-now#primaryimage","url":"https:\/\/lazersystem.net\/wp-content\/uploads\/2024\/06\/\u5fae\u4fe1\u56fe\u7247_20240625151127.png","contentUrl":"https:\/\/lazersystem.net\/wp-content\/uploads\/2024\/06\/\u5fae\u4fe1\u56fe\u7247_20240625151127.png","width":800,"height":800},{"@type":"BreadcrumbList","@id":"https:\/\/lazersystem.net\/fiber-laser-marking-machine\/affordable-mini-bogong-fiber-laser-marking-machines-explore-now#breadcrumb","itemListElement":[{"@type":"ListItem","position":1,"name":"Home","item":"https:\/\/lazersystem.net\/"},{"@type":"ListItem","position":2,"name":"Product","item":"https:\/\/lazersystem.net\/ru\/\u043f\u0440\u043e\u0434\u0443\u043a\u0442"},{"@type":"ListItem","position":3,"name":"M\u00e1quinas de marca\u00e7\u00e3o a laser de fibra Mini BOGONG acess\u00edveis &#8211; Explore agora!"}]},{"@type":"WebSite","@id":"https:\/\/lazersystem.net\/#website","url":"https:\/\/lazersystem.net\/","name":"BOGONG Laser Maskin","description":"","publisher":{"@id":"https:\/\/lazersystem.net\/#organization"},"potentialAction":[{"@type":"SearchAction","target":{"@type":"EntryPoint","urlTemplate":"https:\/\/lazersystem.net\/?s={search_term_string}"},"query-input":{"@type":"PropertyValueSpecification","valueRequired":true,"valueName":"search_term_string"}}],"inLanguage":"sv-SE"},{"@type":"Organization","@id":"https:\/\/lazersystem.net\/#organization","name":"BOGONG Laser Maskin","url":"https:\/\/lazersystem.net\/","logo":{"@type":"ImageObject","inLanguage":"sv-SE","@id":"https:\/\/lazersystem.net\/#\/schema\/logo\/image\/","url":"https:\/\/lazersystem.net\/wp-content\/uploads\/2024\/04\/\u672a\u6807\u9898-1-3.jpg","contentUrl":"https:\/\/lazersystem.net\/wp-content\/uploads\/2024\/04\/\u672a\u6807\u9898-1-3.jpg","width":1920,"height":650,"caption":"BOGONG Laser Machine"},"image":{"@id":"https:\/\/lazersystem.net\/#\/schema\/logo\/image\/"}}]}},"_links":{"self":[{"href":"https:\/\/lazersystem.net\/sv\/wp-json\/wp\/v2\/product\/4926","targetHints":{"allow":["GET"]}}],"collection":[{"href":"https:\/\/lazersystem.net\/sv\/wp-json\/wp\/v2\/product"}],"about":[{"href":"https:\/\/lazersystem.net\/sv\/wp-json\/wp\/v2\/types\/product"}],"replies":[{"embeddable":true,"href":"https:\/\/lazersystem.net\/sv\/wp-json\/wp\/v2\/comments?post=4926"}],"wp:featuredmedia":[{"embeddable":true,"href":"https:\/\/lazersystem.net\/sv\/wp-json\/wp\/v2\/media\/4927"}],"wp:attachment":[{"href":"https:\/\/lazersystem.net\/sv\/wp-json\/wp\/v2\/media?parent=4926"}],"wp:term":[{"taxonomy":"product_brand","embeddable":true,"href":"https:\/\/lazersystem.net\/sv\/wp-json\/wp\/v2\/product_brand?post=4926"},{"taxonomy":"product_cat","embeddable":true,"href":"https:\/\/lazersystem.net\/sv\/wp-json\/wp\/v2\/product_cat?post=4926"},{"taxonomy":"product_tag","embeddable":true,"href":"https:\/\/lazersystem.net\/sv\/wp-json\/wp\/v2\/product_tag?post=4926"}],"curies":[{"name":"wp","href":"https:\/\/api.w.org\/{rel}","templated":true}]}}