{"id":4926,"date":"2024-06-25T07:13:38","date_gmt":"2024-06-25T07:13:38","guid":{"rendered":"https:\/\/lazersystem.net\/?post_type=product&#038;p=4926"},"modified":"2024-07-03T08:29:46","modified_gmt":"2024-07-03T08:29:46","slug":"betaalbare-mini-bogong-fiber-laser-markeermachines-nu-verkennen","status":"publish","type":"product","link":"https:\/\/lazersystem.net\/nl\/vezellasermarkeermachine\/betaalbare-mini-bogong-fiber-laser-markeermachines-nu-verkennen","title":{"rendered":"Merkkleding a laser de fibra Mini BOGONG acess\u00edveis - Nu ontdekken!"},"content":{"rendered":"<div class=\"container section-title-container\" ><h3 class=\"section-title section-title-normal\"><b><\/b><span class=\"section-title-main\" style=\"color:rgb(239, 19, 19);\">Definitie van gravitatiemachine met laser 2.5D<\/span><b><\/b><\/h3><\/div>\n<p>Uma m\u00e1quina de grava\u00e7\u00e3o a laser de fibra 2,5D \u00e9 um tipo de equipamento de marca\u00e7\u00e3o a laser que utiliza tecnologia de laser de fibra para criar marca\u00e7\u00f5es em v\u00e1rios materiais com efeito tridimensional. In tegenstelling tot de traditionele laser 2,5D graveermachines die gravures op vlakke oppervlakken produceren, is de 2,5D graveermachine in staat om de diepte en textuur van de markeringen te vergroten en een unieke en visueel aantrekkelijke afwerking te bieden.<\/p>\n<div class=\"container section-title-container\" ><h3 class=\"section-title section-title-normal\"><b><\/b><span class=\"section-title-main\" style=\"color:rgb(241, 10, 10);\">Beeldbank<\/span><b><\/b><\/h3><\/div>\n<div class=\"video video-fit mb\" style=\"padding-top:56.25%;\"><p><iframe title=\"Wat kan een 2,5D EZCAD3 lasermachine doen? | EZCAD3 fiber lasergraveermachine voor metaal en kunststof\" width=\"1020\" height=\"574\" src=\"https:\/\/www.youtube.com\/embed\/WxhxVmHO0Xo?feature=oembed\" frameborder=\"0\" allow=\"accelerometer; autoplay; clipboard-write; encrypted-media; gyroscope; picture-in-picture; web-share\" referrerpolicy=\"strict-origin-when-cross-origin\" allowfullscreen><\/iframe><\/p>\n<\/div>\n<div class=\"container section-title-container\" ><h3 class=\"section-title section-title-normal\"><b><\/b><span class=\"section-title-main\" style=\"color:rgb(242, 8, 8);\">Kenmerken:<\/span><b><\/b><\/h3><\/div>\n<p>1.Estilo da m\u00e1quina: tipo Mini<br \/>\n2.Longa vida: pode chegar a 100.000 horas.<br \/>\n3.Compacto: Technisch hoogwaardig product dat laserapparatuur, computer, automatische besturing en precisiemachines combineert.<br \/>\n4.Alta precis\u00e3o: precis\u00e3o de reposicionamento 0,003 mm<br \/>\n5. Hoge snelheid: Het ge\u00efmporteerde digitaliseringssysteem staat digitaliseringssnelheden toe van 7.000 mm\/s.<br \/>\n6. Eenvoudig te bedienen: Fornece software de marca\u00e7\u00e3o espec\u00edfico baseado em Windows, que pode ajustar a pot\u00eancia do laser e 7. Frequ\u00eancia de pulso em tempo real. Frequ\u00eancia de pulso em tempo real. Voc\u00ea pode inserir e produzir atrav\u00e9s do computador de acordo com a edi\u00e7\u00e3o no software de marca\u00e7\u00e3o e software gr\u00e1fico espec\u00edfico (como AutoCAD, CorelDRAW ou Photoshop).<br \/>\n7. Energiezuinigheid: De effici\u00ebntie van fotoconversaties is 70%.<br \/>\n8. Lage operationele bewaking: Sem pe\u00e7as de desgaste. Manuten\u00e7\u00e3o gratuita, sem necessidade de ajustar o caminho do laser.<\/p>\n<div class=\"container section-title-container\" ><h3 class=\"section-title section-title-normal\"><b><\/b><span class=\"section-title-main\" style=\"color:rgb(241, 8, 8);\">Technische parameters<\/span><b><\/b><\/h3><\/div>\n\t<div class=\"img has-hover x md-x lg-x y md-y lg-y\" id=\"image_450643760\">\n\t\t\t\t\t\t\t\t<div class=\"img-inner dark\" >\n\t\t\t<img fetchpriority=\"high\" decoding=\"async\" width=\"790\" height=\"565\" src=\"https:\/\/lazersystem.net\/wp-content\/uploads\/2024\/06\/\u5fae\u4fe1\u56fe\u7247_20240625151809.png\" class=\"attachment-large size-large\" alt=\"\" srcset=\"https:\/\/lazersystem.net\/wp-content\/uploads\/2024\/06\/\u5fae\u4fe1\u56fe\u7247_20240625151809.png 790w, https:\/\/lazersystem.net\/wp-content\/uploads\/2024\/06\/\u5fae\u4fe1\u56fe\u7247_20240625151809-768x549.png 768w, https:\/\/lazersystem.net\/wp-content\/uploads\/2024\/06\/\u5fae\u4fe1\u56fe\u7247_20240625151809-18x12.png 18w, https:\/\/lazersystem.net\/wp-content\/uploads\/2024\/06\/\u5fae\u4fe1\u56fe\u7247_20240625151809-300x215.png 300w, https:\/\/lazersystem.net\/wp-content\/uploads\/2024\/06\/\u5fae\u4fe1\u56fe\u7247_20240625151809-600x429.png 600w\" sizes=\"(max-width: 790px) 100vw, 790px\" \/>\t\t\t\t\t\t\n\t\t\t\t\t<\/div>\n\t\t\t\t\t\t\t\t\n<style>\n#image_450643760 {\n  width: 100%;\n}\n<\/style>\n\t<\/div>\n\t\n<div class=\"container section-title-container\" ><h3 class=\"section-title section-title-normal\"><b><\/b><span class=\"section-title-main\" style=\"color:rgb(239, 13, 13);\">Belangrijkste accessoires<\/span><b><\/b><\/h3><\/div>\n\t<div class=\"img has-hover x md-x lg-x y md-y lg-y\" id=\"image_1761553506\">\n\t\t\t\t\t\t\t\t<div class=\"img-inner dark\" >\n\t\t\t<img decoding=\"async\" width=\"451\" height=\"800\" src=\"https:\/\/lazersystem.net\/wp-content\/uploads\/2024\/06\/\u5fae\u4fe1\u56fe\u7247_20240625151838-451x800.png\" class=\"attachment-large size-large\" alt=\"\" srcset=\"https:\/\/lazersystem.net\/wp-content\/uploads\/2024\/06\/\u5fae\u4fe1\u56fe\u7247_20240625151838-451x800.png 451w, https:\/\/lazersystem.net\/wp-content\/uploads\/2024\/06\/\u5fae\u4fe1\u56fe\u7247_20240625151838-564x1000.png 564w, https:\/\/lazersystem.net\/wp-content\/uploads\/2024\/06\/\u5fae\u4fe1\u56fe\u7247_20240625151838-768x1361.png 768w, https:\/\/lazersystem.net\/wp-content\/uploads\/2024\/06\/\u5fae\u4fe1\u56fe\u7247_20240625151838-7x12.png 7w, https:\/\/lazersystem.net\/wp-content\/uploads\/2024\/06\/\u5fae\u4fe1\u56fe\u7247_20240625151838-300x532.png 300w, https:\/\/lazersystem.net\/wp-content\/uploads\/2024\/06\/\u5fae\u4fe1\u56fe\u7247_20240625151838-600x1063.png 600w, https:\/\/lazersystem.net\/wp-content\/uploads\/2024\/06\/\u5fae\u4fe1\u56fe\u7247_20240625151838.png 790w\" sizes=\"(max-width: 451px) 100vw, 451px\" \/>\t\t\t\t\t\t\n\t\t\t\t\t<\/div>\n\t\t\t\t\t\t\t\t\n<style>\n#image_1761553506 {\n  width: 100%;\n}\n<\/style>\n\t<\/div>\n\t\n\t<div class=\"img has-hover x md-x lg-x y md-y lg-y\" id=\"image_560526456\">\n\t\t\t\t\t\t\t\t<div class=\"img-inner dark\" >\n\t\t\t<img decoding=\"async\" width=\"659\" height=\"800\" src=\"https:\/\/lazersystem.net\/wp-content\/uploads\/2024\/06\/\u5fae\u4fe1\u56fe\u7247_20240625151919-659x800.png\" class=\"attachment-large size-large\" alt=\"\" srcset=\"https:\/\/lazersystem.net\/wp-content\/uploads\/2024\/06\/\u5fae\u4fe1\u56fe\u7247_20240625151919-659x800.png 659w, https:\/\/lazersystem.net\/wp-content\/uploads\/2024\/06\/\u5fae\u4fe1\u56fe\u7247_20240625151919-768x932.png 768w, https:\/\/lazersystem.net\/wp-content\/uploads\/2024\/06\/\u5fae\u4fe1\u56fe\u7247_20240625151919-10x12.png 10w, https:\/\/lazersystem.net\/wp-content\/uploads\/2024\/06\/\u5fae\u4fe1\u56fe\u7247_20240625151919-300x364.png 300w, https:\/\/lazersystem.net\/wp-content\/uploads\/2024\/06\/\u5fae\u4fe1\u56fe\u7247_20240625151919-600x728.png 600w, https:\/\/lazersystem.net\/wp-content\/uploads\/2024\/06\/\u5fae\u4fe1\u56fe\u7247_20240625151919.png 780w\" sizes=\"(max-width: 659px) 100vw, 659px\" \/>\t\t\t\t\t\t\n\t\t\t\t\t<\/div>\n\t\t\t\t\t\t\t\t\n<style>\n#image_560526456 {\n  width: 100%;\n}\n<\/style>\n\t<\/div>\n\t\n<div class=\"container section-title-container\" ><h3 class=\"section-title section-title-normal\"><b><\/b><span class=\"section-title-main\" style=\"color:rgb(244, 3, 3);\">Toepassing<\/span><b><\/b><\/h3><\/div>\n<h2>Toepassing van een markeermachine op kernen met een laser van vezel 2,5D:<\/h2>\n<p>1. Vormgeving van afbeeldingen: A m\u00e1quina \u00e9 usada para gravar designs, padr\u00f5es e textos complexos em v\u00e1rios tipos de joias, melhorando sua est\u00e9tica e agregando valor.<\/p>\n<p>2. Persoonlijke producten: \u00c9 ideal para criar brindes personalizados, itens promocionais e productos personalizados com marca\u00e7\u00f5es coloridas e detalhadas.<\/p>\n<p>3. Industri\u00eble fabricage: Een machine wordt gebruikt voor het markeren van logo's, serienummers, streepjescodes en andere identificatiemerken in industri\u00eble onderdelen en producten.<\/p>\n<p>4. Ind\u00fastria automotiva: kan worden gebruikt om onderdelen en componenten te markeren met etiquetas codificadas por cores, n\u00fameros de pe\u00e7as e marcas para f\u00e1cil identifica\u00e7\u00e3o e rastreabilidade.<\/p>\n<p>5. Elektronica: A m\u00e1quina \u00e9 empregada para marcar componentes eletr\u00f4nicos, placas de circuito e dispositivos com marca\u00e7\u00f5es permanentes e codificadas por cores para control de qualidade e marca.<\/p>\n<p>6.Medische apparatuur: \u00c9 usado para marcar instrumentos e dispositivos m\u00e9dicos com n\u00fameros de s\u00e9rie, c\u00f3digos de lote e outras informa\u00e7\u00f5es essenciais para rastreamento e garantia de qualidade.<\/p>\n<p>7. Luchtvaartindustrie: A m\u00e1quina \u00e9 utilizada para marcar componentes aeroespaciais, pe\u00e7as de aeronaves e ferramentas com marca\u00e7\u00f5es de precis\u00e3o para fins de identifica\u00e7\u00e3o e rastreabilidade.<\/p>\n<p>8.Kunstgravure: Kunstenaars en ontwerpers gebruiken een machine om kunstwerken, esculturen en decoratieve stukken te maken die exclusief en kleurrijk zijn met complexe gravures.<\/p>\n<p>9. Balsemindustrie: \u00c9 usada para marcar materiais de embalagem, r\u00f3tulos e produtos com marcas, logotipos e informa\u00e7\u00f5es para identifica\u00e7\u00e3o de produtos e fins de marketing.<\/p>\n<div class=\"container section-title-container\" ><h3 class=\"section-title section-title-normal\"><b><\/b><span class=\"section-title-main\" style=\"color:rgb(235, 1, 1);\">Exibi\u00e7\u00e3o de amostra<\/span><b><\/b><\/h3><\/div>\n\t<div class=\"img has-hover x md-x lg-x y md-y lg-y\" id=\"image_145246177\">\n\t\t\t\t\t\t\t\t<div class=\"img-inner dark\" >\n\t\t\t<img loading=\"lazy\" decoding=\"async\" width=\"627\" height=\"800\" src=\"https:\/\/lazersystem.net\/wp-content\/uploads\/2024\/06\/\u5fae\u4fe1\u56fe\u7247_20240625151747-627x800.png\" class=\"attachment-large size-large\" alt=\"\" srcset=\"https:\/\/lazersystem.net\/wp-content\/uploads\/2024\/06\/\u5fae\u4fe1\u56fe\u7247_20240625151747-627x800.png 627w, https:\/\/lazersystem.net\/wp-content\/uploads\/2024\/06\/\u5fae\u4fe1\u56fe\u7247_20240625151747-784x1000.png 784w, https:\/\/lazersystem.net\/wp-content\/uploads\/2024\/06\/\u5fae\u4fe1\u56fe\u7247_20240625151747-768x980.png 768w, https:\/\/lazersystem.net\/wp-content\/uploads\/2024\/06\/\u5fae\u4fe1\u56fe\u7247_20240625151747-9x12.png 9w, https:\/\/lazersystem.net\/wp-content\/uploads\/2024\/06\/\u5fae\u4fe1\u56fe\u7247_20240625151747-300x383.png 300w, https:\/\/lazersystem.net\/wp-content\/uploads\/2024\/06\/\u5fae\u4fe1\u56fe\u7247_20240625151747-600x766.png 600w, https:\/\/lazersystem.net\/wp-content\/uploads\/2024\/06\/\u5fae\u4fe1\u56fe\u7247_20240625151747.png 790w\" sizes=\"(max-width: 627px) 100vw, 627px\" \/>\t\t\t\t\t\t\n\t\t\t\t\t<\/div>\n\t\t\t\t\t\t\t\t\n<style>\n#image_145246177 {\n  width: 100%;\n}\n<\/style>\n\t<\/div>\n\t\n<p>1. Test gratis - we kunnen gratis tests uitvoeren van de merkwaarde, afhankelijk van het materiaal van het product.<\/p>\n<p>2.V\u00eddeo ao vivo - voc\u00ea pode entrar em contato com nosso consultor de vendas para assistir ao processo de produ\u00e7\u00e3o e opera\u00e7\u00e3o da m\u00e1quina no v\u00eddeo online.<\/p>\n<p>3.Personalizado\/OEM - personaliseer een machine in overeenstemming met de vereisten, in contact met ons!<\/p>\n<div class=\"container section-title-container\" ><h3 class=\"section-title section-title-normal\"><b><\/b><span class=\"section-title-main\" style=\"color:rgb(237, 1, 1);\">Veelgestelde vragen<\/span><b><\/b><\/h3><\/div>\n<h2>Que tal desconto no pacote e entrega?<\/h2>\n<p>5 a 7 dias \u00fateis ap\u00f3s o recebimento do pagamento.<br \/>\nEr bestaan 3 balsemkamers: speciale plastic balsemzak voor de watervoorziening, trillingdempende balsemzak, resistente madeira voor de export.<\/p>\n<h2>* Welke garanties en diensten zijn er?<\/h2>\n<p>2 jaar voor laserfonteinen en 3 jaar voor alle apparaten.<br \/>\nTechnische ondersteuning 24 uur per dag via e-mail of telefoon met video,<br \/>\nTreinamento gratuito para instala\u00e7\u00e3o e opera\u00e7\u00e3o. Teste de prova Fornece diferentes arquivos de biblioteca de par\u00e2metros de arquivos de marca\u00e7\u00e3o de materiais e tabelas de par\u00e2metros, bem como bitmap de gr\u00e1ficos vetoriais, modifica\u00e7\u00e3o de mapa de modelo 3D, treinamento de v\u00eddeo e manuten\u00e7\u00e3o*Como instalar e usar esta m\u00e1quina de marca\u00e7\u00e3o a laser?<\/p>\n<p>Een apparaat werd ge\u00efnstalleerd voordat het werd geleverd en we hebben veel gedetailleerde handleidingen in het Engels voor het lasersysteem en de software voor het markeren van een laser.<\/p>\n<p>Gemakkelijk sozinhos leren.<\/p>\n<p>Als u twijfelt, kunt u zich ook bij ons ori\u00ebnteren.<\/p>\n<h2>*E se houver um problema com a m\u00e1quina de marca\u00e7\u00e3o a laser?<\/h2>\n<p>Ik heb een eerste contact en ik probeer het niet op te lossen.<\/p>\n<h2>*O que preciso saber quando preciso de uma recomenda\u00e7\u00e3o?<\/h2>\n<p>Welk materiaal wilt u verwerken? (a\u00e7o inoxid\u00e1vel, alum\u00ednio, madeira, pl\u00e1stico....)<br \/>\nQual \u00e9 o tamanho efetivo da marca\u00e7\u00e3o? (75*75mm, 110*110mm, 175*175mm, 300*300mm)3. Wilt u het product op een cilindrische of rode ondergrond markeren? 4. Wilt u de afmetingen of het gewicht van het product markeren?<\/p>","protected":false},"excerpt":{"rendered":"<h2>Introductie tot markeermachine met laser 2.5D<\/h2>\n<p>Met hun gebruiksvriendelijke interfaces en robuuste constructie bieden de m\u00e1quinas de marca\u00e7\u00e3o a laser de fibra 2,5D precis\u00e3o, efici\u00eancia en veelzijdigheid bij het cre\u00ebren van innovatieve en aantrekkelijke marca\u00e7\u00f5es in een grote verscheidenheid aan materialen, waaronder metais, pl\u00e1sticos, ceramicas en nog veel meer.<\/p>","protected":false},"featured_media":4927,"comment_status":"open","ping_status":"closed","template":"","meta":[],"product_brand":[],"product_cat":[248],"product_tag":[290,289,293,294,291,298,292,296,297,295,288],"class_list":{"0":"post-4926","1":"product","2":"type-product","3":"status-publish","4":"has-post-thumbnail","6":"product_cat-fiber-laser-marking-machine","7":"product_tag-fibra-de-marcacao-a-laser","8":"product_tag-gravador-a-laser-de-fibra-de-metal","9":"product_tag-gravador-a-laser-de-fibra-optica","10":"product_tag-laser-de-marcacao-de-fibra","11":"product_tag-maquina-de-gravacao-a-laser-de-fibra","12":"product_tag-maquina-de-gravacao-de-marcacao-a-laser-de-fibra","13":"product_tag-maquina-de-gravacao-e-corte-a-laser-fibra","14":"product_tag-maquina-de-marcacao-a-laser-de-fibra","15":"product_tag-maquina-de-marcacao-a-laser-de-fibra-mopa","16":"product_tag-marcacao-a-laser-de-fibra","17":"product_tag-preco-da-maquina-de-marcacao-a-laser-de-fibra","19":"first","20":"instock","21":"shipping-taxable","22":"purchasable","23":"product-type-simple"},"yoast_head":"<!-- This site is optimized with the Yoast SEO Premium plugin v21.5 (Yoast SEO v25.2) - https:\/\/yoast.com\/wordpress\/plugins\/seo\/ -->\n<title>M\u00e1quinas de marca\u00e7\u00e3o a laser de fibra Mini BOGONG acess\u00edveis - Explore agora! - BOGONG Laser Machine<\/title>\n<meta name=\"robots\" content=\"index, follow, max-snippet:-1, max-image-preview:large, max-video-preview:-1\" \/>\n<link rel=\"canonical\" href=\"https:\/\/lazersystem.net\/nl\/vezellasermarkeermachine\/betaalbare-mini-bogong-fiber-laser-markeermachines-nu-verkennen\" \/>\n<meta property=\"og:locale\" content=\"nl_NL\" \/>\n<meta property=\"og:type\" content=\"article\" \/>\n<meta property=\"og:title\" content=\"M\u00e1quinas de marca\u00e7\u00e3o a laser de fibra Mini BOGONG acess\u00edveis - Explore agora!\" \/>\n<meta property=\"og:description\" content=\"Introdu\u00e7\u00e3o \u00e0 m\u00e1quina de marca\u00e7\u00e3o a laser de fibra 2.5D Com interfaces f\u00e1ceis de usar e constru\u00e7\u00e3o robusta, as m\u00e1quinas de marca\u00e7\u00e3o a laser de fibra 2,5D oferecem precis\u00e3o, efici\u00eancia e versatilidade na cria\u00e7\u00e3o de marca\u00e7\u00f5es inovadoras e atraentes em uma ampla variedade de materiais, incluindo metais, pl\u00e1sticos, cer\u00e2micas e muito mais.\" \/>\n<meta property=\"og:url\" content=\"https:\/\/lazersystem.net\/nl\/vezellasermarkeermachine\/betaalbare-mini-bogong-fiber-laser-markeermachines-nu-verkennen\" \/>\n<meta property=\"og:site_name\" content=\"BOGONG Laser Machine\" \/>\n<meta property=\"article:modified_time\" content=\"2024-07-03T08:29:46+00:00\" \/>\n<meta property=\"og:image\" content=\"https:\/\/lazersystem.net\/wp-content\/uploads\/2024\/06\/\u5fae\u4fe1\u56fe\u7247_20240625151127.png\" \/>\n\t<meta property=\"og:image:width\" content=\"800\" \/>\n\t<meta property=\"og:image:height\" content=\"800\" \/>\n\t<meta property=\"og:image:type\" content=\"image\/png\" \/>\n<meta name=\"twitter:card\" content=\"summary_large_image\" \/>\n<meta name=\"twitter:label1\" content=\"Geschatte leestijd\" \/>\n\t<meta name=\"twitter:data1\" content=\"5 minuten\" \/>\n<script type=\"application\/ld+json\" class=\"yoast-schema-graph\">{\"@context\":\"https:\/\/schema.org\",\"@graph\":[{\"@type\":\"WebPage\",\"@id\":\"https:\/\/lazersystem.net\/fiber-laser-marking-machine\/affordable-mini-bogong-fiber-laser-marking-machines-explore-now\",\"url\":\"https:\/\/lazersystem.net\/fiber-laser-marking-machine\/affordable-mini-bogong-fiber-laser-marking-machines-explore-now\",\"name\":\"M\u00e1quinas de marca\u00e7\u00e3o a laser de fibra Mini BOGONG acess\u00edveis - Explore agora! - BOGONG Laser Machine\",\"isPartOf\":{\"@id\":\"https:\/\/lazersystem.net\/#website\"},\"primaryImageOfPage\":{\"@id\":\"https:\/\/lazersystem.net\/fiber-laser-marking-machine\/affordable-mini-bogong-fiber-laser-marking-machines-explore-now#primaryimage\"},\"image\":{\"@id\":\"https:\/\/lazersystem.net\/fiber-laser-marking-machine\/affordable-mini-bogong-fiber-laser-marking-machines-explore-now#primaryimage\"},\"thumbnailUrl\":\"https:\/\/lazersystem.net\/wp-content\/uploads\/2024\/06\/\u5fae\u4fe1\u56fe\u7247_20240625151127.png\",\"datePublished\":\"2024-06-25T07:13:38+00:00\",\"dateModified\":\"2024-07-03T08:29:46+00:00\",\"breadcrumb\":{\"@id\":\"https:\/\/lazersystem.net\/fiber-laser-marking-machine\/affordable-mini-bogong-fiber-laser-marking-machines-explore-now#breadcrumb\"},\"inLanguage\":\"nl-NL\",\"potentialAction\":[{\"@type\":\"ReadAction\",\"target\":[\"https:\/\/lazersystem.net\/fiber-laser-marking-machine\/affordable-mini-bogong-fiber-laser-marking-machines-explore-now\"]}]},{\"@type\":\"ImageObject\",\"inLanguage\":\"nl-NL\",\"@id\":\"https:\/\/lazersystem.net\/fiber-laser-marking-machine\/affordable-mini-bogong-fiber-laser-marking-machines-explore-now#primaryimage\",\"url\":\"https:\/\/lazersystem.net\/wp-content\/uploads\/2024\/06\/\u5fae\u4fe1\u56fe\u7247_20240625151127.png\",\"contentUrl\":\"https:\/\/lazersystem.net\/wp-content\/uploads\/2024\/06\/\u5fae\u4fe1\u56fe\u7247_20240625151127.png\",\"width\":800,\"height\":800},{\"@type\":\"BreadcrumbList\",\"@id\":\"https:\/\/lazersystem.net\/fiber-laser-marking-machine\/affordable-mini-bogong-fiber-laser-marking-machines-explore-now#breadcrumb\",\"itemListElement\":[{\"@type\":\"ListItem\",\"position\":1,\"name\":\"Home\",\"item\":\"https:\/\/lazersystem.net\/\"},{\"@type\":\"ListItem\",\"position\":2,\"name\":\"Product\",\"item\":\"https:\/\/lazersystem.net\/ru\/\u043f\u0440\u043e\u0434\u0443\u043a\u0442\"},{\"@type\":\"ListItem\",\"position\":3,\"name\":\"M\u00e1quinas de marca\u00e7\u00e3o a laser de fibra Mini BOGONG acess\u00edveis &#8211; Explore agora!\"}]},{\"@type\":\"WebSite\",\"@id\":\"https:\/\/lazersystem.net\/#website\",\"url\":\"https:\/\/lazersystem.net\/\",\"name\":\"BOGONG Laser Machine\",\"description\":\"\",\"publisher\":{\"@id\":\"https:\/\/lazersystem.net\/#organization\"},\"potentialAction\":[{\"@type\":\"SearchAction\",\"target\":{\"@type\":\"EntryPoint\",\"urlTemplate\":\"https:\/\/lazersystem.net\/?s={search_term_string}\"},\"query-input\":{\"@type\":\"PropertyValueSpecification\",\"valueRequired\":true,\"valueName\":\"search_term_string\"}}],\"inLanguage\":\"nl-NL\"},{\"@type\":\"Organization\",\"@id\":\"https:\/\/lazersystem.net\/#organization\",\"name\":\"BOGONG Laser Machine\",\"url\":\"https:\/\/lazersystem.net\/\",\"logo\":{\"@type\":\"ImageObject\",\"inLanguage\":\"nl-NL\",\"@id\":\"https:\/\/lazersystem.net\/#\/schema\/logo\/image\/\",\"url\":\"https:\/\/lazersystem.net\/wp-content\/uploads\/2024\/04\/\u672a\u6807\u9898-1-3.jpg\",\"contentUrl\":\"https:\/\/lazersystem.net\/wp-content\/uploads\/2024\/04\/\u672a\u6807\u9898-1-3.jpg\",\"width\":1920,\"height\":650,\"caption\":\"BOGONG Laser Machine\"},\"image\":{\"@id\":\"https:\/\/lazersystem.net\/#\/schema\/logo\/image\/\"}}]}<\/script>\n<!-- \/ Yoast SEO Premium plugin. -->","yoast_head_json":{"title":"Merkmachines laser de fibra Mini BOGONG acess\u00edveis - Ontdek nu! - BOGONG lasermachine","robots":{"index":"index","follow":"follow","max-snippet":"max-snippet:-1","max-image-preview":"max-image-preview:large","max-video-preview":"max-video-preview:-1"},"canonical":"https:\/\/lazersystem.net\/nl\/vezellasermarkeermachine\/betaalbare-mini-bogong-fiber-laser-markeermachines-nu-verkennen","og_locale":"nl_NL","og_type":"article","og_title":"M\u00e1quinas de marca\u00e7\u00e3o a laser de fibra Mini BOGONG acess\u00edveis - Explore agora!","og_description":"Introdu\u00e7\u00e3o \u00e0 m\u00e1quina de marca\u00e7\u00e3o a laser de fibra 2.5D Com interfaces f\u00e1ceis de usar e constru\u00e7\u00e3o robusta, as m\u00e1quinas de marca\u00e7\u00e3o a laser de fibra 2,5D oferecem precis\u00e3o, efici\u00eancia e versatilidade na cria\u00e7\u00e3o de marca\u00e7\u00f5es inovadoras e atraentes em uma ampla variedade de materiais, incluindo metais, pl\u00e1sticos, cer\u00e2micas e muito mais.","og_url":"https:\/\/lazersystem.net\/nl\/vezellasermarkeermachine\/betaalbare-mini-bogong-fiber-laser-markeermachines-nu-verkennen","og_site_name":"BOGONG Laser Machine","article_modified_time":"2024-07-03T08:29:46+00:00","og_image":[{"width":800,"height":800,"url":"https:\/\/lazersystem.net\/wp-content\/uploads\/2024\/06\/\u5fae\u4fe1\u56fe\u7247_20240625151127.png","type":"image\/png"}],"twitter_card":"summary_large_image","twitter_misc":{"Geschatte leestijd":"5 minuten"},"schema":{"@context":"https:\/\/schema.org","@graph":[{"@type":"WebPage","@id":"https:\/\/lazersystem.net\/fiber-laser-marking-machine\/affordable-mini-bogong-fiber-laser-marking-machines-explore-now","url":"https:\/\/lazersystem.net\/fiber-laser-marking-machine\/affordable-mini-bogong-fiber-laser-marking-machines-explore-now","name":"Merkmachines laser de fibra Mini BOGONG acess\u00edveis - Ontdek nu! - BOGONG lasermachine","isPartOf":{"@id":"https:\/\/lazersystem.net\/#website"},"primaryImageOfPage":{"@id":"https:\/\/lazersystem.net\/fiber-laser-marking-machine\/affordable-mini-bogong-fiber-laser-marking-machines-explore-now#primaryimage"},"image":{"@id":"https:\/\/lazersystem.net\/fiber-laser-marking-machine\/affordable-mini-bogong-fiber-laser-marking-machines-explore-now#primaryimage"},"thumbnailUrl":"https:\/\/lazersystem.net\/wp-content\/uploads\/2024\/06\/\u5fae\u4fe1\u56fe\u7247_20240625151127.png","datePublished":"2024-06-25T07:13:38+00:00","dateModified":"2024-07-03T08:29:46+00:00","breadcrumb":{"@id":"https:\/\/lazersystem.net\/fiber-laser-marking-machine\/affordable-mini-bogong-fiber-laser-marking-machines-explore-now#breadcrumb"},"inLanguage":"nl-NL","potentialAction":[{"@type":"ReadAction","target":["https:\/\/lazersystem.net\/fiber-laser-marking-machine\/affordable-mini-bogong-fiber-laser-marking-machines-explore-now"]}]},{"@type":"ImageObject","inLanguage":"nl-NL","@id":"https:\/\/lazersystem.net\/fiber-laser-marking-machine\/affordable-mini-bogong-fiber-laser-marking-machines-explore-now#primaryimage","url":"https:\/\/lazersystem.net\/wp-content\/uploads\/2024\/06\/\u5fae\u4fe1\u56fe\u7247_20240625151127.png","contentUrl":"https:\/\/lazersystem.net\/wp-content\/uploads\/2024\/06\/\u5fae\u4fe1\u56fe\u7247_20240625151127.png","width":800,"height":800},{"@type":"BreadcrumbList","@id":"https:\/\/lazersystem.net\/fiber-laser-marking-machine\/affordable-mini-bogong-fiber-laser-marking-machines-explore-now#breadcrumb","itemListElement":[{"@type":"ListItem","position":1,"name":"Home","item":"https:\/\/lazersystem.net\/"},{"@type":"ListItem","position":2,"name":"Product","item":"https:\/\/lazersystem.net\/ru\/\u043f\u0440\u043e\u0434\u0443\u043a\u0442"},{"@type":"ListItem","position":3,"name":"M\u00e1quinas de marca\u00e7\u00e3o a laser de fibra Mini BOGONG acess\u00edveis &#8211; Explore agora!"}]},{"@type":"WebSite","@id":"https:\/\/lazersystem.net\/#website","url":"https:\/\/lazersystem.net\/","name":"BOGONG lasermachine","description":"","publisher":{"@id":"https:\/\/lazersystem.net\/#organization"},"potentialAction":[{"@type":"SearchAction","target":{"@type":"EntryPoint","urlTemplate":"https:\/\/lazersystem.net\/?s={search_term_string}"},"query-input":{"@type":"PropertyValueSpecification","valueRequired":true,"valueName":"search_term_string"}}],"inLanguage":"nl-NL"},{"@type":"Organization","@id":"https:\/\/lazersystem.net\/#organization","name":"BOGONG lasermachine","url":"https:\/\/lazersystem.net\/","logo":{"@type":"ImageObject","inLanguage":"nl-NL","@id":"https:\/\/lazersystem.net\/#\/schema\/logo\/image\/","url":"https:\/\/lazersystem.net\/wp-content\/uploads\/2024\/04\/\u672a\u6807\u9898-1-3.jpg","contentUrl":"https:\/\/lazersystem.net\/wp-content\/uploads\/2024\/04\/\u672a\u6807\u9898-1-3.jpg","width":1920,"height":650,"caption":"BOGONG Laser Machine"},"image":{"@id":"https:\/\/lazersystem.net\/#\/schema\/logo\/image\/"}}]}},"_links":{"self":[{"href":"https:\/\/lazersystem.net\/nl\/wp-json\/wp\/v2\/product\/4926","targetHints":{"allow":["GET"]}}],"collection":[{"href":"https:\/\/lazersystem.net\/nl\/wp-json\/wp\/v2\/product"}],"about":[{"href":"https:\/\/lazersystem.net\/nl\/wp-json\/wp\/v2\/types\/product"}],"replies":[{"embeddable":true,"href":"https:\/\/lazersystem.net\/nl\/wp-json\/wp\/v2\/comments?post=4926"}],"wp:featuredmedia":[{"embeddable":true,"href":"https:\/\/lazersystem.net\/nl\/wp-json\/wp\/v2\/media\/4927"}],"wp:attachment":[{"href":"https:\/\/lazersystem.net\/nl\/wp-json\/wp\/v2\/media?parent=4926"}],"wp:term":[{"taxonomy":"product_brand","embeddable":true,"href":"https:\/\/lazersystem.net\/nl\/wp-json\/wp\/v2\/product_brand?post=4926"},{"taxonomy":"product_cat","embeddable":true,"href":"https:\/\/lazersystem.net\/nl\/wp-json\/wp\/v2\/product_cat?post=4926"},{"taxonomy":"product_tag","embeddable":true,"href":"https:\/\/lazersystem.net\/nl\/wp-json\/wp\/v2\/product_tag?post=4926"}],"curies":[{"name":"wp","href":"https:\/\/api.w.org\/{rel}","templated":true}]}}