{"id":4835,"date":"2024-04-25T07:21:09","date_gmt":"2024-04-25T07:21:09","guid":{"rendered":"https:\/\/lazersystem.net\/?post_type=product&#038;p=4835"},"modified":"2024-07-03T07:28:29","modified_gmt":"2024-07-03T07:28:29","slug":"draagbare-fiber-laser-reinigingsmachine-100w","status":"publish","type":"product","link":"https:\/\/lazersystem.net\/nl\/fiber-laser-reinigingsmachine\/pulse-laser-cleaning-machine\/draagbare-fiber-laser-reinigingsmachine-100w","title":{"rendered":"Draagbare laser voor 100W optische vezels"},"content":{"rendered":"<div class=\"container section-title-container\" ><h3 class=\"section-title section-title-normal\"><b><\/b><span class=\"section-title-main\" style=\"color:rgb(255, 11, 11);\">Video afspelen<\/span><b><\/b><\/h3><\/div>\n<div class=\"video video-fit mb\" style=\"padding-top:56.25%;\"><p><iframe title=\"China Portable 200W Pulse Fiber Laser Cleaner met 7 reinigingsmodus | Laser roest schilderij verwijderen\" width=\"1020\" height=\"574\" src=\"https:\/\/www.youtube.com\/embed\/vKDxQGgZW4I?feature=oembed\" frameborder=\"0\" allow=\"accelerometer; autoplay; clipboard-write; encrypted-media; gyroscope; picture-in-picture; web-share\" referrerpolicy=\"strict-origin-when-cross-origin\" allowfullscreen><\/iframe><\/p>\n<\/div>\n<div class=\"container section-title-container\" ><h3 class=\"section-title section-title-normal\"><b><\/b><span class=\"section-title-main\" style=\"color:rgb(248, 5, 5);\">Details van het product<\/span><b><\/b><\/h3><\/div>\n\t<div class=\"img has-hover x md-x lg-x y md-y lg-y\" id=\"image_1699944185\">\n\t\t\t\t\t\t\t\t<div class=\"img-inner dark\" >\n\t\t\t<img fetchpriority=\"high\" decoding=\"async\" width=\"532\" height=\"800\" src=\"https:\/\/lazersystem.net\/wp-content\/uploads\/2024\/04\/8a9419312ec161492f44320335748b5-532x800.jpg\" class=\"attachment-large size-large\" alt=\"\" srcset=\"https:\/\/lazersystem.net\/wp-content\/uploads\/2024\/04\/8a9419312ec161492f44320335748b5-532x800.jpg 532w, https:\/\/lazersystem.net\/wp-content\/uploads\/2024\/04\/8a9419312ec161492f44320335748b5-665x1000.jpg 665w, https:\/\/lazersystem.net\/wp-content\/uploads\/2024\/04\/8a9419312ec161492f44320335748b5-8x12.jpg 8w, https:\/\/lazersystem.net\/wp-content\/uploads\/2024\/04\/8a9419312ec161492f44320335748b5-300x451.jpg 300w, https:\/\/lazersystem.net\/wp-content\/uploads\/2024\/04\/8a9419312ec161492f44320335748b5-600x902.jpg 600w, https:\/\/lazersystem.net\/wp-content\/uploads\/2024\/04\/8a9419312ec161492f44320335748b5.jpg 712w\" sizes=\"(max-width: 532px) 100vw, 532px\" \/>\t\t\t\t\t\t\n\t\t\t\t\t<\/div>\n\t\t\t\t\t\t\t\t\n<style>\n#image_1699944185 {\n  width: 100%;\n}\n<\/style>\n\t<\/div>\n\t\n<div class=\"container section-title-container\" ><h3 class=\"section-title section-title-normal\"><b><\/b><span class=\"section-title-main\" style=\"color:rgb(242, 10, 10);\">Uitgebreide informatie<\/span><b><\/b><\/h3><\/div>\n<div class=\"row\"  id=\"row-2012081429\">\n\n\t<div id=\"col-1947922561\" class=\"col medium-4 small-12 large-4\"  >\n\t\t\t\t<div class=\"col-inner\"  >\n\t\t\t\n\t\t\t\n\t<div class=\"img has-hover x md-x lg-x y md-y lg-y\" id=\"image_1086470855\">\n\t\t\t\t\t\t\t\t<div class=\"img-inner dark\" >\n\t\t\t<img decoding=\"async\" width=\"251\" height=\"800\" src=\"https:\/\/lazersystem.net\/wp-content\/uploads\/2024\/04\/\u5fae\u4fe1\u56fe\u7247_20240424131425_750x2394-251x800.jpg\" class=\"attachment-large size-large\" alt=\"\" srcset=\"https:\/\/lazersystem.net\/wp-content\/uploads\/2024\/04\/\u5fae\u4fe1\u56fe\u7247_20240424131425_750x2394-251x800.jpg 251w, https:\/\/lazersystem.net\/wp-content\/uploads\/2024\/04\/\u5fae\u4fe1\u56fe\u7247_20240424131425_750x2394-642x2048.jpg 642w, https:\/\/lazersystem.net\/wp-content\/uploads\/2024\/04\/\u5fae\u4fe1\u56fe\u7247_20240424131425_750x2394-4x12.jpg 4w, https:\/\/lazersystem.net\/wp-content\/uploads\/2024\/04\/\u5fae\u4fe1\u56fe\u7247_20240424131425_750x2394-600x1915.jpg 600w, https:\/\/lazersystem.net\/wp-content\/uploads\/2024\/04\/\u5fae\u4fe1\u56fe\u7247_20240424131425_750x2394.jpg 750w\" sizes=\"(max-width: 251px) 100vw, 251px\" \/>\t\t\t\t\t\t\n\t\t\t\t\t<\/div>\n\t\t\t\t\t\t\t\t\n<style>\n#image_1086470855 {\n  width: 100%;\n}\n<\/style>\n\t<\/div>\n\t\n\t\t<\/div>\n\t\t\t\t\t<\/div>\n\n\t\n\n\t<div id=\"col-1773877456\" class=\"col medium-4 small-12 large-4\"  >\n\t\t\t\t<div class=\"col-inner\"  >\n\t\t\t\n\t\t\t\n\t<div class=\"img has-hover x md-x lg-x y md-y lg-y\" id=\"image_233813047\">\n\t\t\t\t\t\t\t\t<div class=\"img-inner dark\" >\n\t\t\t<img decoding=\"async\" width=\"236\" height=\"800\" src=\"https:\/\/lazersystem.net\/wp-content\/uploads\/2024\/04\/\u5fae\u4fe1\u56fe\u7247_20240424131433_750x2546-236x800.jpg\" class=\"attachment-large size-large\" alt=\"\" srcset=\"https:\/\/lazersystem.net\/wp-content\/uploads\/2024\/04\/\u5fae\u4fe1\u56fe\u7247_20240424131433_750x2546-236x800.jpg 236w, https:\/\/lazersystem.net\/wp-content\/uploads\/2024\/04\/\u5fae\u4fe1\u56fe\u7247_20240424131433_750x2546-295x1000.jpg 295w, https:\/\/lazersystem.net\/wp-content\/uploads\/2024\/04\/\u5fae\u4fe1\u56fe\u7247_20240424131433_750x2546-300x1018.jpg 300w, https:\/\/lazersystem.net\/wp-content\/uploads\/2024\/04\/\u5fae\u4fe1\u56fe\u7247_20240424131433_750x2546-600x2037.jpg 600w, https:\/\/lazersystem.net\/wp-content\/uploads\/2024\/04\/\u5fae\u4fe1\u56fe\u7247_20240424131433_750x2546.jpg 750w\" sizes=\"(max-width: 236px) 100vw, 236px\" \/>\t\t\t\t\t\t\n\t\t\t\t\t<\/div>\n\t\t\t\t\t\t\t\t\n<style>\n#image_233813047 {\n  width: 100%;\n}\n<\/style>\n\t<\/div>\n\t\n\t\t<\/div>\n\t\t\t\t\t<\/div>\n\n\t\n\n\t<div id=\"col-564893417\" class=\"col medium-4 small-12 large-4\"  >\n\t\t\t\t<div class=\"col-inner\"  >\n\t\t\t\n\t\t\t\n\t<div class=\"img has-hover x md-x lg-x y md-y lg-y\" id=\"image_1700425639\">\n\t\t\t\t\t\t\t\t<div class=\"img-inner dark\" >\n\t\t\t<img loading=\"lazy\" decoding=\"async\" width=\"259\" height=\"800\" src=\"https:\/\/lazersystem.net\/wp-content\/uploads\/2024\/04\/\u5fae\u4fe1\u56fe\u7247_20240424131436_750x2313-259x800.jpg\" class=\"attachment-large size-large\" alt=\"\" srcset=\"https:\/\/lazersystem.net\/wp-content\/uploads\/2024\/04\/\u5fae\u4fe1\u56fe\u7247_20240424131436_750x2313-259x800.jpg 259w, https:\/\/lazersystem.net\/wp-content\/uploads\/2024\/04\/\u5fae\u4fe1\u56fe\u7247_20240424131436_750x2313-324x1000.jpg 324w, https:\/\/lazersystem.net\/wp-content\/uploads\/2024\/04\/\u5fae\u4fe1\u56fe\u7247_20240424131436_750x2313-498x1536.jpg 498w, https:\/\/lazersystem.net\/wp-content\/uploads\/2024\/04\/\u5fae\u4fe1\u56fe\u7247_20240424131436_750x2313-664x2048.jpg 664w, https:\/\/lazersystem.net\/wp-content\/uploads\/2024\/04\/\u5fae\u4fe1\u56fe\u7247_20240424131436_750x2313-4x12.jpg 4w, https:\/\/lazersystem.net\/wp-content\/uploads\/2024\/04\/\u5fae\u4fe1\u56fe\u7247_20240424131436_750x2313-300x925.jpg 300w, https:\/\/lazersystem.net\/wp-content\/uploads\/2024\/04\/\u5fae\u4fe1\u56fe\u7247_20240424131436_750x2313-600x1850.jpg 600w, https:\/\/lazersystem.net\/wp-content\/uploads\/2024\/04\/\u5fae\u4fe1\u56fe\u7247_20240424131436_750x2313.jpg 750w\" sizes=\"(max-width: 259px) 100vw, 259px\" \/>\t\t\t\t\t\t\n\t\t\t\t\t<\/div>\n\t\t\t\t\t\t\t\t\n<style>\n#image_1700425639 {\n  width: 100%;\n}\n<\/style>\n\t<\/div>\n\t\n\t\t<\/div>\n\t\t\t\t\t<\/div>\n\n\t\n<\/div>\n<div class=\"container section-title-container\" ><h3 class=\"section-title section-title-normal\"><b><\/b><span class=\"section-title-main\" style=\"color:rgb(234, 6, 6);\">Voordelen en mogelijkheden van het product<\/span><b><\/b><\/h3><\/div>\n<p>Een limpeza-laserapparaat van 100 W heeft de voordelen van compactheid en draagbaarheid, flexibele en instelbare parafeters en controle zonder falen. Hij verwijdert met gemak ferrugem, manchas, manchas de \u00f3leo, revestimentos, enz. op het oppervlak van het werkstuk.<\/p>\n<p>A m\u00e1quina port\u00e1til de limpeza a laser de fibra 100W oferece uma solu\u00e7\u00e3o vers\u00e1til e eficaz para diversas aplica\u00e7\u00f5es de limpeza, proporcionando aos usu\u00e1rios a capacidade de obter resultados de alta qualidade com m\u00ednimo esfor\u00e7o e impacto ambiental.<\/p>\n<p>Een limpeza machine met laser van 100 W heeft de voordelen van compactheid en draagbaarheid, flexibele en instelbare parameters en controle zonder falen.<\/p>\n<p>Door gebruik te maken van de precisiewaarde van de positionering, kan het apparaat worden gebruikt voor het limpeza werk van verschillende modelgebouwen en kan het een zeer goede limpeza prestatie leveren.<\/p>\n<p>Verwijdert met gemak ferrugem, manchas, manchas de \u00f3leo, revestimentos, enz. na superf\u00edcie da pe\u00e7a de trabalho. Geschikt voor mechanische verwerking, restauratie van culturele reli\u00ebfs, reiniging van schimmels, verwerking van voedingsmiddelen en andere producten.<\/p>\n<div class=\"container section-title-container\" ><h3 class=\"section-title section-title-normal\"><b><\/b><span class=\"section-title-main\" style=\"color:rgb(246, 14, 14);\">Toepassing van het product<\/span><b><\/b><\/h3><\/div>\n<p>Een kalkmachine met laser 100W heeft een uitstekende limpeza in ferro, placa de a\u00e7o carbono, placa de a\u00e7o inoxid\u00e1vel, engrenagem de a\u00e7o para molde, placa de alum\u00ednio, camada de tinta e outros materiais.<\/p>\n<p>Een kalkmachine met laser 100W kan worden gebruikt voor het kalkvrij maken van een camada de \u00f3xido, behandeling van oppervlakkige oppervlakkige tinta; het kalkvrij maken van olie, schaafplekken en sujeira van oppervlaktes; het kalkvrij maken van res\u00edduos van boorsteen.<\/p>\n<p>Biedt een oplossing voor alle eisen op het gebied van kalkaanslag van apparatuur voor de scheepsbouw, autope\u00e7as, mallen van borracha, metaalbewerking, milieubescherming en andere gebieden.<\/p>\n\t<div class=\"img has-hover x md-x lg-x y md-y lg-y\" id=\"image_1687427958\">\n\t\t\t\t\t\t\t\t<div class=\"img-inner dark\" >\n\t\t\t<img loading=\"lazy\" decoding=\"async\" width=\"600\" height=\"600\" src=\"https:\/\/lazersystem.net\/wp-content\/uploads\/2024\/04\/\u706b\u8fa3\u8fa312.jpg\" class=\"attachment-large size-large\" alt=\"\" srcset=\"https:\/\/lazersystem.net\/wp-content\/uploads\/2024\/04\/\u706b\u8fa3\u8fa312.jpg 600w, https:\/\/lazersystem.net\/wp-content\/uploads\/2024\/04\/\u706b\u8fa3\u8fa312-400x400.jpg 400w, https:\/\/lazersystem.net\/wp-content\/uploads\/2024\/04\/\u706b\u8fa3\u8fa312-12x12.jpg 12w, https:\/\/lazersystem.net\/wp-content\/uploads\/2024\/04\/\u706b\u8fa3\u8fa312-300x300.jpg 300w, https:\/\/lazersystem.net\/wp-content\/uploads\/2024\/04\/\u706b\u8fa3\u8fa312-100x100.jpg 100w\" sizes=\"(max-width: 600px) 100vw, 600px\" \/>\t\t\t\t\t\t\n\t\t\t\t\t<\/div>\n\t\t\t\t\t\t\t\t\n<style>\n#image_1687427958 {\n  width: 100%;\n}\n<\/style>\n\t<\/div>","protected":false},"excerpt":{"rendered":"<p>Werkmethode: pulso\/cont\u00ednuo<\/p>\n<p>Omtrek van armatuur: 5m<\/p>\n<p>Verbruikscapaciteit:&gt;100w<\/p>\n<p>methode van overname: koeling a ar<\/p>\n<p>Voeding: 220v<\/p>\n<p>Maximaal energieverbruik:&lt;450<\/p>\n<p>Ziet er niet goed uit: sim<\/p>\n<p>temperatuurbereik: 0 ~ 40 \u2103<\/p>\n<p>Temperatuurbestendigheid: -10 ~ 60 \u2103<\/p>\n<p>Totale inhoud van de machine: 617*469*291mm<\/p>\n<p>Peso totaal: 28kg<\/p>\n<p>Cabe\u00e7a do laser: 0,62 kg<\/p>","protected":false},"featured_media":4836,"comment_status":"open","ping_status":"closed","template":"","meta":[],"product_brand":[],"product_cat":[191],"product_tag":[263,273,272,271,267,274,265,268,270,266,269,264],"class_list":{"0":"post-4835","1":"product","2":"type-product","3":"status-publish","4":"has-post-thumbnail","6":"product_cat-pulse-laser-cleaning-machine","7":"product_tag-laser-de-remocao-de-ferrugem-300w","8":"product_tag-limpeza-a-laser-200w","9":"product_tag-limpeza-a-laser-500w","10":"product_tag-maquina-de-limpeza-a-laser-300w","11":"product_tag-maquina-de-limpeza-a-laser-de-pulso-portatil","12":"product_tag-maquina-de-limpeza-a-laser-ipg","13":"product_tag-maquina-de-limpeza-a-laser-raycus","14":"product_tag-maquina-para-remover-ferrugem","15":"product_tag-pulso-de-laser-200w-300w-500w-limpeza-a-laser-de-fibra","16":"product_tag-pulso-raycus-500w","17":"product_tag-remocao-de-solda-de-ferrugem-a-laser","18":"product_tag-remover-ferrugem","20":"first","21":"instock","22":"shipping-taxable","23":"purchasable","24":"product-type-simple"},"yoast_head":"<!-- This site is optimized with the Yoast SEO Premium plugin v21.5 (Yoast SEO v25.2) - https:\/\/yoast.com\/wordpress\/plugins\/seo\/ -->\n<title>M\u00e1quina port\u00e1til de limpeza a laser de fibra 100W - BOGONG Laser Machine<\/title>\n<meta name=\"robots\" content=\"index, follow, max-snippet:-1, max-image-preview:large, max-video-preview:-1\" \/>\n<link rel=\"canonical\" href=\"https:\/\/lazersystem.net\/nl\/fiber-laser-reinigingsmachine\/pulse-laser-cleaning-machine\/draagbare-fiber-laser-reinigingsmachine-100w\" \/>\n<meta property=\"og:locale\" content=\"nl_NL\" \/>\n<meta property=\"og:type\" content=\"article\" \/>\n<meta property=\"og:title\" content=\"M\u00e1quina port\u00e1til de limpeza a laser de fibra 100W\" \/>\n<meta property=\"og:description\" content=\"M\u00e9todo de trabalho de sa\u00edda: pulso\/cont\u00ednuo  Comprimento do cabo da armadura de sa\u00edda: 5m  Pot\u00eancia m\u00e9dia de sa\u00edda:&gt;100w  m\u00e9todo de resfriamento: refrigerado a ar  Tens\u00e3o de alimenta\u00e7\u00e3o: 220v  Consumo m\u00e1ximo de energia:&lt;450  Seja anti-alta reflex\u00e3o: sim  faixa de temperatura de trabalho: 0 ~ 40 \u2103  Faixa de temperatura de armazenamento: -10 ~ 60 \u2103  Tamanho inteiro da m\u00e1quina: 617*469*291mm  Peso total: 28kg  Cabe\u00e7a do laser: 0,62 kg\" \/>\n<meta property=\"og:url\" content=\"https:\/\/lazersystem.net\/nl\/fiber-laser-reinigingsmachine\/pulse-laser-cleaning-machine\/draagbare-fiber-laser-reinigingsmachine-100w\" \/>\n<meta property=\"og:site_name\" content=\"BOGONG Laser Machine\" \/>\n<meta property=\"article:modified_time\" content=\"2024-07-03T07:28:29+00:00\" \/>\n<meta property=\"og:image\" content=\"https:\/\/lazersystem.net\/wp-content\/uploads\/2024\/04\/\u706b\u8fa3\u8fa32.jpg\" \/>\n\t<meta property=\"og:image:width\" content=\"600\" \/>\n\t<meta property=\"og:image:height\" content=\"600\" \/>\n\t<meta property=\"og:image:type\" content=\"image\/jpeg\" \/>\n<meta name=\"twitter:card\" content=\"summary_large_image\" \/>\n<meta name=\"twitter:label1\" content=\"Geschatte leestijd\" \/>\n\t<meta name=\"twitter:data1\" content=\"3 minuten\" \/>\n<script type=\"application\/ld+json\" class=\"yoast-schema-graph\">{\"@context\":\"https:\/\/schema.org\",\"@graph\":[{\"@type\":\"WebPage\",\"@id\":\"https:\/\/lazersystem.net\/fiber-laser-cleaning-machine\/pulse-laser-cleaning-machine\/portable-fiber-laser-cleaning-machine-100w\",\"url\":\"https:\/\/lazersystem.net\/fiber-laser-cleaning-machine\/pulse-laser-cleaning-machine\/portable-fiber-laser-cleaning-machine-100w\",\"name\":\"M\u00e1quina port\u00e1til de limpeza a laser de fibra 100W - BOGONG Laser Machine\",\"isPartOf\":{\"@id\":\"https:\/\/lazersystem.net\/#website\"},\"primaryImageOfPage\":{\"@id\":\"https:\/\/lazersystem.net\/fiber-laser-cleaning-machine\/pulse-laser-cleaning-machine\/portable-fiber-laser-cleaning-machine-100w#primaryimage\"},\"image\":{\"@id\":\"https:\/\/lazersystem.net\/fiber-laser-cleaning-machine\/pulse-laser-cleaning-machine\/portable-fiber-laser-cleaning-machine-100w#primaryimage\"},\"thumbnailUrl\":\"https:\/\/lazersystem.net\/wp-content\/uploads\/2024\/04\/\u706b\u8fa3\u8fa32.jpg\",\"datePublished\":\"2024-04-25T07:21:09+00:00\",\"dateModified\":\"2024-07-03T07:28:29+00:00\",\"breadcrumb\":{\"@id\":\"https:\/\/lazersystem.net\/fiber-laser-cleaning-machine\/pulse-laser-cleaning-machine\/portable-fiber-laser-cleaning-machine-100w#breadcrumb\"},\"inLanguage\":\"nl-NL\",\"potentialAction\":[{\"@type\":\"ReadAction\",\"target\":[\"https:\/\/lazersystem.net\/fiber-laser-cleaning-machine\/pulse-laser-cleaning-machine\/portable-fiber-laser-cleaning-machine-100w\"]}]},{\"@type\":\"ImageObject\",\"inLanguage\":\"nl-NL\",\"@id\":\"https:\/\/lazersystem.net\/fiber-laser-cleaning-machine\/pulse-laser-cleaning-machine\/portable-fiber-laser-cleaning-machine-100w#primaryimage\",\"url\":\"https:\/\/lazersystem.net\/wp-content\/uploads\/2024\/04\/\u706b\u8fa3\u8fa32.jpg\",\"contentUrl\":\"https:\/\/lazersystem.net\/wp-content\/uploads\/2024\/04\/\u706b\u8fa3\u8fa32.jpg\",\"width\":600,\"height\":600},{\"@type\":\"BreadcrumbList\",\"@id\":\"https:\/\/lazersystem.net\/fiber-laser-cleaning-machine\/pulse-laser-cleaning-machine\/portable-fiber-laser-cleaning-machine-100w#breadcrumb\",\"itemListElement\":[{\"@type\":\"ListItem\",\"position\":1,\"name\":\"Home\",\"item\":\"https:\/\/lazersystem.net\/\"},{\"@type\":\"ListItem\",\"position\":2,\"name\":\"Product\",\"item\":\"https:\/\/lazersystem.net\/ru\/\u043f\u0440\u043e\u0434\u0443\u043a\u0442\"},{\"@type\":\"ListItem\",\"position\":3,\"name\":\"M\u00e1quina port\u00e1til de limpeza a laser de fibra 100W\"}]},{\"@type\":\"WebSite\",\"@id\":\"https:\/\/lazersystem.net\/#website\",\"url\":\"https:\/\/lazersystem.net\/\",\"name\":\"BOGONG Laser Machine\",\"description\":\"\",\"publisher\":{\"@id\":\"https:\/\/lazersystem.net\/#organization\"},\"potentialAction\":[{\"@type\":\"SearchAction\",\"target\":{\"@type\":\"EntryPoint\",\"urlTemplate\":\"https:\/\/lazersystem.net\/?s={search_term_string}\"},\"query-input\":{\"@type\":\"PropertyValueSpecification\",\"valueRequired\":true,\"valueName\":\"search_term_string\"}}],\"inLanguage\":\"nl-NL\"},{\"@type\":\"Organization\",\"@id\":\"https:\/\/lazersystem.net\/#organization\",\"name\":\"BOGONG Laser Machine\",\"url\":\"https:\/\/lazersystem.net\/\",\"logo\":{\"@type\":\"ImageObject\",\"inLanguage\":\"nl-NL\",\"@id\":\"https:\/\/lazersystem.net\/#\/schema\/logo\/image\/\",\"url\":\"https:\/\/lazersystem.net\/wp-content\/uploads\/2024\/04\/\u672a\u6807\u9898-1-3.jpg\",\"contentUrl\":\"https:\/\/lazersystem.net\/wp-content\/uploads\/2024\/04\/\u672a\u6807\u9898-1-3.jpg\",\"width\":1920,\"height\":650,\"caption\":\"BOGONG Laser Machine\"},\"image\":{\"@id\":\"https:\/\/lazersystem.net\/#\/schema\/logo\/image\/\"}}]}<\/script>\n<!-- \/ Yoast SEO Premium plugin. -->","yoast_head_json":{"title":"Draagbare lasermachine voor vezellaser 100W - BOGONG Laser Machine","robots":{"index":"index","follow":"follow","max-snippet":"max-snippet:-1","max-image-preview":"max-image-preview:large","max-video-preview":"max-video-preview:-1"},"canonical":"https:\/\/lazersystem.net\/nl\/fiber-laser-reinigingsmachine\/pulse-laser-cleaning-machine\/draagbare-fiber-laser-reinigingsmachine-100w","og_locale":"nl_NL","og_type":"article","og_title":"M\u00e1quina port\u00e1til de limpeza a laser de fibra 100W","og_description":"M\u00e9todo de trabalho de sa\u00edda: pulso\/cont\u00ednuo  Comprimento do cabo da armadura de sa\u00edda: 5m  Pot\u00eancia m\u00e9dia de sa\u00edda:&gt;100w  m\u00e9todo de resfriamento: refrigerado a ar  Tens\u00e3o de alimenta\u00e7\u00e3o: 220v  Consumo m\u00e1ximo de energia:&lt;450  Seja anti-alta reflex\u00e3o: sim  faixa de temperatura de trabalho: 0 ~ 40 \u2103  Faixa de temperatura de armazenamento: -10 ~ 60 \u2103  Tamanho inteiro da m\u00e1quina: 617*469*291mm  Peso total: 28kg  Cabe\u00e7a do laser: 0,62 kg","og_url":"https:\/\/lazersystem.net\/nl\/fiber-laser-reinigingsmachine\/pulse-laser-cleaning-machine\/draagbare-fiber-laser-reinigingsmachine-100w","og_site_name":"BOGONG Laser Machine","article_modified_time":"2024-07-03T07:28:29+00:00","og_image":[{"width":600,"height":600,"url":"https:\/\/lazersystem.net\/wp-content\/uploads\/2024\/04\/\u706b\u8fa3\u8fa32.jpg","type":"image\/jpeg"}],"twitter_card":"summary_large_image","twitter_misc":{"Geschatte leestijd":"3 minuten"},"schema":{"@context":"https:\/\/schema.org","@graph":[{"@type":"WebPage","@id":"https:\/\/lazersystem.net\/fiber-laser-cleaning-machine\/pulse-laser-cleaning-machine\/portable-fiber-laser-cleaning-machine-100w","url":"https:\/\/lazersystem.net\/fiber-laser-cleaning-machine\/pulse-laser-cleaning-machine\/portable-fiber-laser-cleaning-machine-100w","name":"Draagbare lasermachine voor vezellaser 100W - BOGONG Laser Machine","isPartOf":{"@id":"https:\/\/lazersystem.net\/#website"},"primaryImageOfPage":{"@id":"https:\/\/lazersystem.net\/fiber-laser-cleaning-machine\/pulse-laser-cleaning-machine\/portable-fiber-laser-cleaning-machine-100w#primaryimage"},"image":{"@id":"https:\/\/lazersystem.net\/fiber-laser-cleaning-machine\/pulse-laser-cleaning-machine\/portable-fiber-laser-cleaning-machine-100w#primaryimage"},"thumbnailUrl":"https:\/\/lazersystem.net\/wp-content\/uploads\/2024\/04\/\u706b\u8fa3\u8fa32.jpg","datePublished":"2024-04-25T07:21:09+00:00","dateModified":"2024-07-03T07:28:29+00:00","breadcrumb":{"@id":"https:\/\/lazersystem.net\/fiber-laser-cleaning-machine\/pulse-laser-cleaning-machine\/portable-fiber-laser-cleaning-machine-100w#breadcrumb"},"inLanguage":"nl-NL","potentialAction":[{"@type":"ReadAction","target":["https:\/\/lazersystem.net\/fiber-laser-cleaning-machine\/pulse-laser-cleaning-machine\/portable-fiber-laser-cleaning-machine-100w"]}]},{"@type":"ImageObject","inLanguage":"nl-NL","@id":"https:\/\/lazersystem.net\/fiber-laser-cleaning-machine\/pulse-laser-cleaning-machine\/portable-fiber-laser-cleaning-machine-100w#primaryimage","url":"https:\/\/lazersystem.net\/wp-content\/uploads\/2024\/04\/\u706b\u8fa3\u8fa32.jpg","contentUrl":"https:\/\/lazersystem.net\/wp-content\/uploads\/2024\/04\/\u706b\u8fa3\u8fa32.jpg","width":600,"height":600},{"@type":"BreadcrumbList","@id":"https:\/\/lazersystem.net\/fiber-laser-cleaning-machine\/pulse-laser-cleaning-machine\/portable-fiber-laser-cleaning-machine-100w#breadcrumb","itemListElement":[{"@type":"ListItem","position":1,"name":"Home","item":"https:\/\/lazersystem.net\/"},{"@type":"ListItem","position":2,"name":"Product","item":"https:\/\/lazersystem.net\/ru\/\u043f\u0440\u043e\u0434\u0443\u043a\u0442"},{"@type":"ListItem","position":3,"name":"M\u00e1quina port\u00e1til de limpeza a laser de fibra 100W"}]},{"@type":"WebSite","@id":"https:\/\/lazersystem.net\/#website","url":"https:\/\/lazersystem.net\/","name":"BOGONG lasermachine","description":"","publisher":{"@id":"https:\/\/lazersystem.net\/#organization"},"potentialAction":[{"@type":"SearchAction","target":{"@type":"EntryPoint","urlTemplate":"https:\/\/lazersystem.net\/?s={search_term_string}"},"query-input":{"@type":"PropertyValueSpecification","valueRequired":true,"valueName":"search_term_string"}}],"inLanguage":"nl-NL"},{"@type":"Organization","@id":"https:\/\/lazersystem.net\/#organization","name":"BOGONG lasermachine","url":"https:\/\/lazersystem.net\/","logo":{"@type":"ImageObject","inLanguage":"nl-NL","@id":"https:\/\/lazersystem.net\/#\/schema\/logo\/image\/","url":"https:\/\/lazersystem.net\/wp-content\/uploads\/2024\/04\/\u672a\u6807\u9898-1-3.jpg","contentUrl":"https:\/\/lazersystem.net\/wp-content\/uploads\/2024\/04\/\u672a\u6807\u9898-1-3.jpg","width":1920,"height":650,"caption":"BOGONG Laser Machine"},"image":{"@id":"https:\/\/lazersystem.net\/#\/schema\/logo\/image\/"}}]}},"_links":{"self":[{"href":"https:\/\/lazersystem.net\/nl\/wp-json\/wp\/v2\/product\/4835","targetHints":{"allow":["GET"]}}],"collection":[{"href":"https:\/\/lazersystem.net\/nl\/wp-json\/wp\/v2\/product"}],"about":[{"href":"https:\/\/lazersystem.net\/nl\/wp-json\/wp\/v2\/types\/product"}],"replies":[{"embeddable":true,"href":"https:\/\/lazersystem.net\/nl\/wp-json\/wp\/v2\/comments?post=4835"}],"wp:featuredmedia":[{"embeddable":true,"href":"https:\/\/lazersystem.net\/nl\/wp-json\/wp\/v2\/media\/4836"}],"wp:attachment":[{"href":"https:\/\/lazersystem.net\/nl\/wp-json\/wp\/v2\/media?parent=4835"}],"wp:term":[{"taxonomy":"product_brand","embeddable":true,"href":"https:\/\/lazersystem.net\/nl\/wp-json\/wp\/v2\/product_brand?post=4835"},{"taxonomy":"product_cat","embeddable":true,"href":"https:\/\/lazersystem.net\/nl\/wp-json\/wp\/v2\/product_cat?post=4835"},{"taxonomy":"product_tag","embeddable":true,"href":"https:\/\/lazersystem.net\/nl\/wp-json\/wp\/v2\/product_tag?post=4835"}],"curies":[{"name":"wp","href":"https:\/\/api.w.org\/{rel}","templated":true}]}}