{"id":4865,"date":"2024-04-26T06:18:43","date_gmt":"2024-04-26T06:18:43","guid":{"rendered":"https:\/\/lazersystem.net\/?post_type=product&#038;p=4865"},"modified":"2024-07-03T07:34:26","modified_gmt":"2024-07-03T07:34:26","slug":"100w-200w-laser-cleaning-machine-handheld-portable-laser-cleaning-machine","status":"publish","type":"product","link":"https:\/\/lazersystem.net\/lt\/pluosto-lazerio-valymo-masina\/pulse-laser-cleaning-machine\/100w-200w-laser-cleaning-machine-handheld-portable-laser-cleaning-machine","title":{"rendered":"turiquina de limpeza a laser port\u00e1til port\u00e1til de 100w 200w"},"content":{"rendered":"<div class=\"container section-title-container\" ><h3 class=\"section-title section-title-normal\"><b><\/b><span class=\"section-title-main\" style=\"color:rgb(239, 5, 5);\">Detalhes do produto<\/span><b><\/b><\/h3><\/div>\n<p>Lorem ipsum dolor sit amet, consectetuer adipiscing elit, sed diam nonummy nibh euismod tincidunt ut laoreet dolor magna aliquam erat volutpat.<\/p>\n<div class=\"container section-title-container\" ><h3 class=\"section-title section-title-normal\"><b><\/b><span class=\"section-title-main\" style=\"color:rgb(239, 8, 8);\">Video display<\/span><b><\/b><\/h3><\/div>\n<div class=\"video video-fit mb\" style=\"padding-top:56.25%;\"><p><iframe title=\"Cheap Portable Handheld Laser Rust Removal Machine for sale | Fiber Laser Cleaning Machine Price\" width=\"1020\" height=\"574\" src=\"https:\/\/www.youtube.com\/embed\/OnMAWovj6MI?start=43&#038;feature=oembed\" frameborder=\"0\" allow=\"accelerometer; autoplay; clipboard-write; encrypted-media; gyroscope; picture-in-picture; web-share\" referrerpolicy=\"strict-origin-when-cross-origin\" allowfullscreen><\/iframe><\/p>\n<\/div>\n<div class=\"container section-title-container\" ><h3 class=\"section-title section-title-normal\"><b><\/b><span class=\"section-title-main\" style=\"color:rgb(246, 3, 3);\">detalhes<\/span><b><\/b><\/h3><\/div>\n<p>Pot\u00eancia m\u00e9dia de sa\u00edda superior a 200W<\/p>\n<p>M\u00e9todo de resfriamento: resfriado a ar<\/p>\n<p>Tens\u00e3o de alimenta\u00e7\u00e3o: 110-240V<\/p>\n<p>Consumo de energia: menos de 1000W<\/p>\n<p>Prote\u00e7\u00e3o de suporte<\/p>\n<p>M\u00e3o de laser port\u00e1til: 0,62 kg<\/p>\n<p>Peso: 68kg<\/p>\n<div class=\"container section-title-container\" ><h3 class=\"section-title section-title-normal\"><b><\/b><span class=\"section-title-main\" style=\"color:rgb(239, 5, 5);\">Exibi\u00e7\u00e3o de cena real<\/span><b><\/b><\/h3><\/div>\n\t<div class=\"img has-hover x md-x lg-x y md-y lg-y\" id=\"image_770082126\">\n\t\t\t\t\t\t\t\t<div class=\"img-inner dark\" >\n\t\t\t<img fetchpriority=\"high\" decoding=\"async\" width=\"532\" height=\"800\" src=\"https:\/\/lazersystem.net\/wp-content\/uploads\/2024\/04\/8a9419312ec161492f44320335748b5-532x800.jpg\" class=\"attachment-large size-large\" alt=\"\" srcset=\"https:\/\/lazersystem.net\/wp-content\/uploads\/2024\/04\/8a9419312ec161492f44320335748b5-532x800.jpg 532w, https:\/\/lazersystem.net\/wp-content\/uploads\/2024\/04\/8a9419312ec161492f44320335748b5-665x1000.jpg 665w, https:\/\/lazersystem.net\/wp-content\/uploads\/2024\/04\/8a9419312ec161492f44320335748b5-8x12.jpg 8w, https:\/\/lazersystem.net\/wp-content\/uploads\/2024\/04\/8a9419312ec161492f44320335748b5-300x451.jpg 300w, https:\/\/lazersystem.net\/wp-content\/uploads\/2024\/04\/8a9419312ec161492f44320335748b5-600x902.jpg 600w, https:\/\/lazersystem.net\/wp-content\/uploads\/2024\/04\/8a9419312ec161492f44320335748b5.jpg 712w\" sizes=\"(max-width: 532px) 100vw, 532px\" \/>\t\t\t\t\t\t\n\t\t\t\t\t<\/div>\n\t\t\t\t\t\t\t\t\n<style>\n#image_770082126 {\n  width: 100%;\n}\n<\/style>\n\t<\/div>\n\t\n<div class=\"container section-title-container\" ><h3 class=\"section-title section-title-normal\"><b><\/b><span class=\"section-title-main\" style=\"color:rgb(246, 10, 10);\">Descri\u00e7\u00e3o do produto<\/span><b><\/b><\/h3><\/div>\n<div class=\"row\"  id=\"row-159257865\">\n\n\t<div id=\"col-1710870417\" class=\"col medium-6 small-12 large-6\"  >\n\t\t\t\t<div class=\"col-inner\"  >\n\t\t\t\n\t\t\t\n\t<section class=\"section\" id=\"section_1289568021\">\n\t\t<div class=\"bg section-bg fill bg-fill  bg-loaded\" >\n\n\t\t\t\n\t\t\t\n\t\t\t\n\n\t\t<\/div>\n\n\t\t\n\n\t\t<div class=\"section-content relative\">\n\t\t\t\n\t<div class=\"img has-hover x md-x lg-x y md-y lg-y\" id=\"image_1724979703\">\n\t\t\t\t\t\t\t\t<div class=\"img-inner dark\" >\n\t\t\t<img decoding=\"async\" width=\"251\" height=\"800\" src=\"https:\/\/lazersystem.net\/wp-content\/uploads\/2024\/04\/\u5fae\u4fe1\u56fe\u7247_20240424131425_750x2394-251x800.jpg\" class=\"attachment-large size-large\" alt=\"\" srcset=\"https:\/\/lazersystem.net\/wp-content\/uploads\/2024\/04\/\u5fae\u4fe1\u56fe\u7247_20240424131425_750x2394-251x800.jpg 251w, https:\/\/lazersystem.net\/wp-content\/uploads\/2024\/04\/\u5fae\u4fe1\u56fe\u7247_20240424131425_750x2394-642x2048.jpg 642w, https:\/\/lazersystem.net\/wp-content\/uploads\/2024\/04\/\u5fae\u4fe1\u56fe\u7247_20240424131425_750x2394-4x12.jpg 4w, https:\/\/lazersystem.net\/wp-content\/uploads\/2024\/04\/\u5fae\u4fe1\u56fe\u7247_20240424131425_750x2394-600x1915.jpg 600w, https:\/\/lazersystem.net\/wp-content\/uploads\/2024\/04\/\u5fae\u4fe1\u56fe\u7247_20240424131425_750x2394.jpg 750w\" sizes=\"(max-width: 251px) 100vw, 251px\" \/>\t\t\t\t\t\t\n\t\t\t\t\t<\/div>\n\t\t\t\t\t\t\t\t\n<style>\n#image_1724979703 {\n  width: 100%;\n}\n<\/style>\n\t<\/div>\n\t\n\t\t<\/div>\n\n\t\t\n<style>\n#section_1289568021 {\n  padding-top: 30px;\n  padding-bottom: 30px;\n}\n<\/style>\n\t<\/section>\n\t\n\t\t<\/div>\n\t\t\t\t\t<\/div>\n\n\t\n\n\t<div id=\"col-1219654073\" class=\"col medium-6 small-12 large-6\"  >\n\t\t\t\t<div class=\"col-inner\"  >\n\t\t\t\n\t\t\t\n\t<div class=\"img has-hover x md-x lg-x y md-y lg-y\" id=\"image_1890046091\">\n\t\t\t\t\t\t\t\t<div class=\"img-inner dark\" >\n\t\t\t<img decoding=\"async\" width=\"236\" height=\"800\" src=\"https:\/\/lazersystem.net\/wp-content\/uploads\/2024\/04\/\u5fae\u4fe1\u56fe\u7247_20240424131433_750x2546-236x800.jpg\" class=\"attachment-large size-large\" alt=\"\" srcset=\"https:\/\/lazersystem.net\/wp-content\/uploads\/2024\/04\/\u5fae\u4fe1\u56fe\u7247_20240424131433_750x2546-236x800.jpg 236w, https:\/\/lazersystem.net\/wp-content\/uploads\/2024\/04\/\u5fae\u4fe1\u56fe\u7247_20240424131433_750x2546-295x1000.jpg 295w, https:\/\/lazersystem.net\/wp-content\/uploads\/2024\/04\/\u5fae\u4fe1\u56fe\u7247_20240424131433_750x2546-300x1018.jpg 300w, https:\/\/lazersystem.net\/wp-content\/uploads\/2024\/04\/\u5fae\u4fe1\u56fe\u7247_20240424131433_750x2546-600x2037.jpg 600w, https:\/\/lazersystem.net\/wp-content\/uploads\/2024\/04\/\u5fae\u4fe1\u56fe\u7247_20240424131433_750x2546.jpg 750w\" sizes=\"(max-width: 236px) 100vw, 236px\" \/>\t\t\t\t\t\t\n\t\t\t\t\t<\/div>\n\t\t\t\t\t\t\t\t\n<style>\n#image_1890046091 {\n  width: 100%;\n}\n<\/style>\n\t<\/div>\n\t\n\t\t<\/div>\n\t\t\t\t\t<\/div>\n\n\t\n<\/div>\n<div class=\"container section-title-container\" ><h3 class=\"section-title section-title-normal\"><b><\/b><span class=\"section-title-main\" style=\"color:rgb(248, 8, 8);\">Vantagens:<\/span><b><\/b><\/h3><\/div>\n<p>1. Port\u00e1til<\/p>\n<p>2. Leve<\/p>\n<p>3.Flex\u00edvel<\/p>\n<p>4. Ajust\u00e1vel<\/p>\n<p>5. Atualize remotamente o controle sem fio a qualquer momento<\/p>\n<p>6. Nenhum dano \u00e0 superf\u00edcie<\/p>\n<p>7.Plug and Play<\/p>\n<p>8. Limpeza Eficiente<\/p>\n<p>9. Maior precis\u00e3o de limpeza<\/p>\n<div class=\"container section-title-container\" ><h3 class=\"section-title section-title-normal\"><b><\/b><span class=\"section-title-main\" style=\"color:rgb(237, 15, 15);\">Fun\u00e7\u00f5es:<\/span><b><\/b><\/h3><\/div>\n<p>1. Remova com efici\u00eancia ferrugem, manchas e \u00f3leo na superf\u00edcie da pe\u00e7a de trabalho<\/p>\n<p>2. Chapeamento<\/p>\n<div class=\"container section-title-container\" ><h3 class=\"section-title section-title-normal\"><b><\/b><span class=\"section-title-main\" style=\"color:rgb(241, 0, 0);\">Taikomoji programa:<\/span><b><\/b><\/h3><\/div>\n<p>1. Processamento Mec\u00e2nico<\/p>\n<p>2. Restaura\u00e7\u00e3o de Rel\u00edquias Culturais<\/p>\n<p>3. Limpeza de molde<\/p>\n<p>4. Processamento de Alimentos<\/p>\n<p>5. Circuitos Eletr\u00f4nicos e Outras Ind\u00fastrias<\/p>\n<p>6. Posicionamento preciso para v\u00e1rias pe\u00e7as de modelagem<\/p>\n<div class=\"container section-title-container\" ><h3 class=\"section-title section-title-normal\"><b><\/b><span class=\"section-title-main\" style=\"color:rgb(241, 10, 10);\">Embalagem:<\/span><b><\/b><\/h3><\/div>\n<p>Dimens\u00f5es da m\u00e1quina: 1270*600*990mm<\/p>\n<p>NO: 50Kg<\/p>\n<p>Cabe\u00e7a de laser port\u00e1til: 0,62 kg<\/p>\n<p>Inclui cabe\u00e7a de laser de fibra, \u00f3culos de seguran\u00e7a para laser, controlador de m\u00e1quina, lente protetora, cabo de alimenta\u00e7\u00e3o, fechadura de combina\u00e7\u00e3o<\/p>\n<p>Esta m\u00e1quina de limpeza a laser parece oferecer uma gama de recursos e capacidades adequadas para v\u00e1rios setores e aplica\u00e7\u00f5es, proporcionando limpeza eficiente e precisa com capacidade de lidar com diferentes tipos de pe\u00e7as de trabalho.<\/p>","protected":false},"excerpt":{"rendered":"<p>Marca: BOGONG<\/p>\n<p>Dimens\u00f5es (comprimento \u00d7 largura \u00d7 altura): 1270*600*990mm<\/p>\n<p>Ano de produ\u00e7\u00e3o: 2022<\/p>\n<p>Marca de cabe\u00e7a de laser industrial: Personalizada<\/p>\n<p>Marca de guia linear: Personalizado<\/p>\n<p>Marca do sistema de controle de m\u00e1quina a laser: Personalizado<\/p>\n<p>Sistema de servi\u00e7o p\u00f3s-venda: suporte t\u00e9cnico por v\u00eddeo<\/p>\n<p>Palavras-chave: m\u00e1quina de limpeza a laser<\/p>\n<p>Fonte de alimenta\u00e7\u00e3o: 220V\/50\/60Hz<\/p>","protected":false},"featured_media":4862,"comment_status":"open","ping_status":"closed","template":"","meta":[],"product_brand":[],"product_cat":[191],"product_tag":[263,273,272,271,267,274,265,268,270,266,269,264],"class_list":{"0":"post-4865","1":"product","2":"type-product","3":"status-publish","4":"has-post-thumbnail","6":"product_cat-pulse-laser-cleaning-machine","7":"product_tag-laser-de-remocao-de-ferrugem-300w","8":"product_tag-limpeza-a-laser-200w","9":"product_tag-limpeza-a-laser-500w","10":"product_tag-maquina-de-limpeza-a-laser-300w","11":"product_tag-maquina-de-limpeza-a-laser-de-pulso-portatil","12":"product_tag-maquina-de-limpeza-a-laser-ipg","13":"product_tag-maquina-de-limpeza-a-laser-raycus","14":"product_tag-maquina-para-remover-ferrugem","15":"product_tag-pulso-de-laser-200w-300w-500w-limpeza-a-laser-de-fibra","16":"product_tag-pulso-raycus-500w","17":"product_tag-remocao-de-solda-de-ferrugem-a-laser","18":"product_tag-remover-ferrugem","20":"first","21":"instock","22":"shipping-taxable","23":"purchasable","24":"product-type-simple"},"yoast_head":"<!-- This site is optimized with the Yoast SEO Premium plugin v21.5 (Yoast SEO v25.2) - https:\/\/yoast.com\/wordpress\/plugins\/seo\/ -->\n<title>m\u00e1quina de limpeza a laser port\u00e1til port\u00e1til de 100w 200w - BOGONG Laser Machine<\/title>\n<meta name=\"robots\" content=\"index, follow, max-snippet:-1, max-image-preview:large, max-video-preview:-1\" \/>\n<link rel=\"canonical\" href=\"https:\/\/lazersystem.net\/lt\/pluosto-lazerio-valymo-masina\/pulse-laser-cleaning-machine\/100w-200w-laser-cleaning-machine-handheld-portable-laser-cleaning-machine\" \/>\n<meta property=\"og:locale\" content=\"lt_LT\" \/>\n<meta property=\"og:type\" content=\"article\" \/>\n<meta property=\"og:title\" content=\"m\u00e1quina de limpeza a laser port\u00e1til port\u00e1til de 100w 200w\" \/>\n<meta property=\"og:description\" content=\"Marca: BOGONG  Dimens\u00f5es (comprimento \u00d7 largura \u00d7 altura): 1270*600*990mm  Ano de produ\u00e7\u00e3o: 2022  Marca de cabe\u00e7a de laser industrial: Personalizada  Marca de guia linear: Personalizado  Marca do sistema de controle de m\u00e1quina a laser: Personalizado  Sistema de servi\u00e7o p\u00f3s-venda: suporte t\u00e9cnico por v\u00eddeo  Palavras-chave: m\u00e1quina de limpeza a laser  Fonte de alimenta\u00e7\u00e3o: 220V\/50\/60Hz\" \/>\n<meta property=\"og:url\" content=\"https:\/\/lazersystem.net\/lt\/pluosto-lazerio-valymo-masina\/pulse-laser-cleaning-machine\/100w-200w-laser-cleaning-machine-handheld-portable-laser-cleaning-machine\" \/>\n<meta property=\"og:site_name\" content=\"BOGONG Laser Machine\" \/>\n<meta property=\"article:modified_time\" content=\"2024-07-03T07:34:26+00:00\" \/>\n<meta property=\"og:image\" content=\"https:\/\/lazersystem.net\/wp-content\/uploads\/2024\/04\/logo15.jpg\" \/>\n\t<meta property=\"og:image:width\" content=\"600\" \/>\n\t<meta property=\"og:image:height\" content=\"600\" \/>\n\t<meta property=\"og:image:type\" content=\"image\/jpeg\" \/>\n<meta name=\"twitter:card\" content=\"summary_large_image\" \/>\n<meta name=\"twitter:label1\" content=\"Est. reading time\" \/>\n\t<meta name=\"twitter:data1\" content=\"2 minut\u0117s\" \/>\n<script type=\"application\/ld+json\" class=\"yoast-schema-graph\">{\"@context\":\"https:\/\/schema.org\",\"@graph\":[{\"@type\":\"WebPage\",\"@id\":\"https:\/\/lazersystem.net\/fiber-laser-cleaning-machine\/pulse-laser-cleaning-machine\/100w-200w-laser-cleaning-machine-handheld-portable-laser-cleaning-machine\",\"url\":\"https:\/\/lazersystem.net\/fiber-laser-cleaning-machine\/pulse-laser-cleaning-machine\/100w-200w-laser-cleaning-machine-handheld-portable-laser-cleaning-machine\",\"name\":\"m\u00e1quina de limpeza a laser port\u00e1til port\u00e1til de 100w 200w - BOGONG Laser Machine\",\"isPartOf\":{\"@id\":\"https:\/\/lazersystem.net\/#website\"},\"primaryImageOfPage\":{\"@id\":\"https:\/\/lazersystem.net\/fiber-laser-cleaning-machine\/pulse-laser-cleaning-machine\/100w-200w-laser-cleaning-machine-handheld-portable-laser-cleaning-machine#primaryimage\"},\"image\":{\"@id\":\"https:\/\/lazersystem.net\/fiber-laser-cleaning-machine\/pulse-laser-cleaning-machine\/100w-200w-laser-cleaning-machine-handheld-portable-laser-cleaning-machine#primaryimage\"},\"thumbnailUrl\":\"https:\/\/lazersystem.net\/wp-content\/uploads\/2024\/04\/logo15.jpg\",\"datePublished\":\"2024-04-26T06:18:43+00:00\",\"dateModified\":\"2024-07-03T07:34:26+00:00\",\"breadcrumb\":{\"@id\":\"https:\/\/lazersystem.net\/fiber-laser-cleaning-machine\/pulse-laser-cleaning-machine\/100w-200w-laser-cleaning-machine-handheld-portable-laser-cleaning-machine#breadcrumb\"},\"inLanguage\":\"lt-LT\",\"potentialAction\":[{\"@type\":\"ReadAction\",\"target\":[\"https:\/\/lazersystem.net\/fiber-laser-cleaning-machine\/pulse-laser-cleaning-machine\/100w-200w-laser-cleaning-machine-handheld-portable-laser-cleaning-machine\"]}]},{\"@type\":\"ImageObject\",\"inLanguage\":\"lt-LT\",\"@id\":\"https:\/\/lazersystem.net\/fiber-laser-cleaning-machine\/pulse-laser-cleaning-machine\/100w-200w-laser-cleaning-machine-handheld-portable-laser-cleaning-machine#primaryimage\",\"url\":\"https:\/\/lazersystem.net\/wp-content\/uploads\/2024\/04\/logo15.jpg\",\"contentUrl\":\"https:\/\/lazersystem.net\/wp-content\/uploads\/2024\/04\/logo15.jpg\",\"width\":600,\"height\":600},{\"@type\":\"BreadcrumbList\",\"@id\":\"https:\/\/lazersystem.net\/fiber-laser-cleaning-machine\/pulse-laser-cleaning-machine\/100w-200w-laser-cleaning-machine-handheld-portable-laser-cleaning-machine#breadcrumb\",\"itemListElement\":[{\"@type\":\"ListItem\",\"position\":1,\"name\":\"Home\",\"item\":\"https:\/\/lazersystem.net\/\"},{\"@type\":\"ListItem\",\"position\":2,\"name\":\"Product\",\"item\":\"https:\/\/lazersystem.net\/ru\/\u043f\u0440\u043e\u0434\u0443\u043a\u0442\"},{\"@type\":\"ListItem\",\"position\":3,\"name\":\"m\u00e1quina de limpeza a laser port\u00e1til port\u00e1til de 100w 200w\"}]},{\"@type\":\"WebSite\",\"@id\":\"https:\/\/lazersystem.net\/#website\",\"url\":\"https:\/\/lazersystem.net\/\",\"name\":\"BOGONG Laser Machine\",\"description\":\"\",\"publisher\":{\"@id\":\"https:\/\/lazersystem.net\/#organization\"},\"potentialAction\":[{\"@type\":\"SearchAction\",\"target\":{\"@type\":\"EntryPoint\",\"urlTemplate\":\"https:\/\/lazersystem.net\/?s={search_term_string}\"},\"query-input\":{\"@type\":\"PropertyValueSpecification\",\"valueRequired\":true,\"valueName\":\"search_term_string\"}}],\"inLanguage\":\"lt-LT\"},{\"@type\":\"Organization\",\"@id\":\"https:\/\/lazersystem.net\/#organization\",\"name\":\"BOGONG Laser Machine\",\"url\":\"https:\/\/lazersystem.net\/\",\"logo\":{\"@type\":\"ImageObject\",\"inLanguage\":\"lt-LT\",\"@id\":\"https:\/\/lazersystem.net\/#\/schema\/logo\/image\/\",\"url\":\"https:\/\/lazersystem.net\/wp-content\/uploads\/2024\/04\/\u672a\u6807\u9898-1-3.jpg\",\"contentUrl\":\"https:\/\/lazersystem.net\/wp-content\/uploads\/2024\/04\/\u672a\u6807\u9898-1-3.jpg\",\"width\":1920,\"height\":650,\"caption\":\"BOGONG Laser Machine\"},\"image\":{\"@id\":\"https:\/\/lazersystem.net\/#\/schema\/logo\/image\/\"}}]}<\/script>\n<!-- \/ Yoast SEO Premium plugin. -->","yoast_head_json":{"title":"m\u00e1quina de limpeza a laser port\u00e1til port\u00e1til de 100w 200w - BOGONG Laser Machine","robots":{"index":"index","follow":"follow","max-snippet":"max-snippet:-1","max-image-preview":"max-image-preview:large","max-video-preview":"max-video-preview:-1"},"canonical":"https:\/\/lazersystem.net\/lt\/pluosto-lazerio-valymo-masina\/pulse-laser-cleaning-machine\/100w-200w-laser-cleaning-machine-handheld-portable-laser-cleaning-machine","og_locale":"lt_LT","og_type":"article","og_title":"m\u00e1quina de limpeza a laser port\u00e1til port\u00e1til de 100w 200w","og_description":"Marca: BOGONG  Dimens\u00f5es (comprimento \u00d7 largura \u00d7 altura): 1270*600*990mm  Ano de produ\u00e7\u00e3o: 2022  Marca de cabe\u00e7a de laser industrial: Personalizada  Marca de guia linear: Personalizado  Marca do sistema de controle de m\u00e1quina a laser: Personalizado  Sistema de servi\u00e7o p\u00f3s-venda: suporte t\u00e9cnico por v\u00eddeo  Palavras-chave: m\u00e1quina de limpeza a laser  Fonte de alimenta\u00e7\u00e3o: 220V\/50\/60Hz","og_url":"https:\/\/lazersystem.net\/lt\/pluosto-lazerio-valymo-masina\/pulse-laser-cleaning-machine\/100w-200w-laser-cleaning-machine-handheld-portable-laser-cleaning-machine","og_site_name":"BOGONG Laser Machine","article_modified_time":"2024-07-03T07:34:26+00:00","og_image":[{"width":600,"height":600,"url":"https:\/\/lazersystem.net\/wp-content\/uploads\/2024\/04\/logo15.jpg","type":"image\/jpeg"}],"twitter_card":"summary_large_image","twitter_misc":{"Est. reading time":"2 minut\u0117s"},"schema":{"@context":"https:\/\/schema.org","@graph":[{"@type":"WebPage","@id":"https:\/\/lazersystem.net\/fiber-laser-cleaning-machine\/pulse-laser-cleaning-machine\/100w-200w-laser-cleaning-machine-handheld-portable-laser-cleaning-machine","url":"https:\/\/lazersystem.net\/fiber-laser-cleaning-machine\/pulse-laser-cleaning-machine\/100w-200w-laser-cleaning-machine-handheld-portable-laser-cleaning-machine","name":"m\u00e1quina de limpeza a laser port\u00e1til port\u00e1til de 100w 200w - BOGONG Laser Machine","isPartOf":{"@id":"https:\/\/lazersystem.net\/#website"},"primaryImageOfPage":{"@id":"https:\/\/lazersystem.net\/fiber-laser-cleaning-machine\/pulse-laser-cleaning-machine\/100w-200w-laser-cleaning-machine-handheld-portable-laser-cleaning-machine#primaryimage"},"image":{"@id":"https:\/\/lazersystem.net\/fiber-laser-cleaning-machine\/pulse-laser-cleaning-machine\/100w-200w-laser-cleaning-machine-handheld-portable-laser-cleaning-machine#primaryimage"},"thumbnailUrl":"https:\/\/lazersystem.net\/wp-content\/uploads\/2024\/04\/logo15.jpg","datePublished":"2024-04-26T06:18:43+00:00","dateModified":"2024-07-03T07:34:26+00:00","breadcrumb":{"@id":"https:\/\/lazersystem.net\/fiber-laser-cleaning-machine\/pulse-laser-cleaning-machine\/100w-200w-laser-cleaning-machine-handheld-portable-laser-cleaning-machine#breadcrumb"},"inLanguage":"lt-LT","potentialAction":[{"@type":"ReadAction","target":["https:\/\/lazersystem.net\/fiber-laser-cleaning-machine\/pulse-laser-cleaning-machine\/100w-200w-laser-cleaning-machine-handheld-portable-laser-cleaning-machine"]}]},{"@type":"ImageObject","inLanguage":"lt-LT","@id":"https:\/\/lazersystem.net\/fiber-laser-cleaning-machine\/pulse-laser-cleaning-machine\/100w-200w-laser-cleaning-machine-handheld-portable-laser-cleaning-machine#primaryimage","url":"https:\/\/lazersystem.net\/wp-content\/uploads\/2024\/04\/logo15.jpg","contentUrl":"https:\/\/lazersystem.net\/wp-content\/uploads\/2024\/04\/logo15.jpg","width":600,"height":600},{"@type":"BreadcrumbList","@id":"https:\/\/lazersystem.net\/fiber-laser-cleaning-machine\/pulse-laser-cleaning-machine\/100w-200w-laser-cleaning-machine-handheld-portable-laser-cleaning-machine#breadcrumb","itemListElement":[{"@type":"ListItem","position":1,"name":"Home","item":"https:\/\/lazersystem.net\/"},{"@type":"ListItem","position":2,"name":"Product","item":"https:\/\/lazersystem.net\/ru\/\u043f\u0440\u043e\u0434\u0443\u043a\u0442"},{"@type":"ListItem","position":3,"name":"m\u00e1quina de limpeza a laser port\u00e1til port\u00e1til de 100w 200w"}]},{"@type":"WebSite","@id":"https:\/\/lazersystem.net\/#website","url":"https:\/\/lazersystem.net\/","name":"BOGONG lazerin\u0117 ma\u0161ina","description":"","publisher":{"@id":"https:\/\/lazersystem.net\/#organization"},"potentialAction":[{"@type":"SearchAction","target":{"@type":"EntryPoint","urlTemplate":"https:\/\/lazersystem.net\/?s={search_term_string}"},"query-input":{"@type":"PropertyValueSpecification","valueRequired":true,"valueName":"search_term_string"}}],"inLanguage":"lt-LT"},{"@type":"Organization","@id":"https:\/\/lazersystem.net\/#organization","name":"BOGONG lazerin\u0117 ma\u0161ina","url":"https:\/\/lazersystem.net\/","logo":{"@type":"ImageObject","inLanguage":"lt-LT","@id":"https:\/\/lazersystem.net\/#\/schema\/logo\/image\/","url":"https:\/\/lazersystem.net\/wp-content\/uploads\/2024\/04\/\u672a\u6807\u9898-1-3.jpg","contentUrl":"https:\/\/lazersystem.net\/wp-content\/uploads\/2024\/04\/\u672a\u6807\u9898-1-3.jpg","width":1920,"height":650,"caption":"BOGONG Laser Machine"},"image":{"@id":"https:\/\/lazersystem.net\/#\/schema\/logo\/image\/"}}]}},"_links":{"self":[{"href":"https:\/\/lazersystem.net\/lt\/wp-json\/wp\/v2\/product\/4865","targetHints":{"allow":["GET"]}}],"collection":[{"href":"https:\/\/lazersystem.net\/lt\/wp-json\/wp\/v2\/product"}],"about":[{"href":"https:\/\/lazersystem.net\/lt\/wp-json\/wp\/v2\/types\/product"}],"replies":[{"embeddable":true,"href":"https:\/\/lazersystem.net\/lt\/wp-json\/wp\/v2\/comments?post=4865"}],"wp:featuredmedia":[{"embeddable":true,"href":"https:\/\/lazersystem.net\/lt\/wp-json\/wp\/v2\/media\/4862"}],"wp:attachment":[{"href":"https:\/\/lazersystem.net\/lt\/wp-json\/wp\/v2\/media?parent=4865"}],"wp:term":[{"taxonomy":"product_brand","embeddable":true,"href":"https:\/\/lazersystem.net\/lt\/wp-json\/wp\/v2\/product_brand?post=4865"},{"taxonomy":"product_cat","embeddable":true,"href":"https:\/\/lazersystem.net\/lt\/wp-json\/wp\/v2\/product_cat?post=4865"},{"taxonomy":"product_tag","embeddable":true,"href":"https:\/\/lazersystem.net\/lt\/wp-json\/wp\/v2\/product_tag?post=4865"}],"curies":[{"name":"wp","href":"https:\/\/api.w.org\/{rel}","templated":true}]}}