{"id":4902,"date":"2024-04-29T03:10:22","date_gmt":"2024-04-29T03:10:22","guid":{"rendered":"https:\/\/lazersystem.net\/?post_type=product&#038;p=4902"},"modified":"2024-07-03T08:01:42","modified_gmt":"2024-07-03T08:01:42","slug":"portable-200w-300w-laser-cleaning-machine-rust-paint-cleaning-machine-for-sale","status":"publish","type":"product","link":"https:\/\/lazersystem.net\/ko_kr\/%ed%8c%8c%ec%9d%b4%eb%b2%84-%eb%a0%88%ec%9d%b4%ec%a0%80-%ed%81%b4%eb%a6%ac%eb%8b%9d-%eb%a8%b8%ec%8b%a0\/%ed%8e%84%ec%8a%a4-%eb%a0%88%ec%9d%b4%ec%a0%80-%ec%b2%ad%ec%86%8c%ea%b8%b0\/portable-200w-300w-laser-cleaning-machine-rust-paint-cleaning-machine-for-sale","title":{"rendered":"200W 300W \ud734\ub300\uc6a9 \ub808\uc774\uc800 \ub9c8\ud0b9\uae30 \ud310\ub9e4\uc6a9 \ud398\uc5b4\ub9c1\uc774 \uc788\ub294 \ud398\uc778\ud2b8 \ub9c8\ud0b9\uae30"},"content":{"rendered":"<div class=\"container section-title-container\" ><h3 class=\"section-title section-title-normal\"><b><\/b><span class=\"section-title-main\" style=\"color:rgb(237, 5, 5);\">\uc81c\ud488 \uc124\uba85<\/span><b><\/b><\/h3><\/div>\n<h2>Introdu\u00e7\u00e3o \u00e0 m\u00e1quina de limpeza a laser de pulso<\/h2>\n<p>A m\u00e1quina de limpeza a laser pulsado \u00e9 um tipo de equipamento de limpeza industrial que usa pulsos de laser de alta energia para remover contaminantes, revestimentos, ferrugem e outros materiais indesejados das superf\u00edcies. Esta tecnologia \u00e9 altamente eficaz na remo\u00e7\u00e3o de res\u00edduos teimosos sem danificar o material subjacente.<\/p>\n<div class=\"container section-title-container\" ><h3 class=\"section-title section-title-normal\"><b><\/b><span class=\"section-title-main\" style=\"color:rgb(244, 3, 3);\">\ube44\ub514\uc624 \uc804\uc2dc<\/span><b><\/b><\/h3><\/div>\n<div class=\"video video-fit mb\" style=\"padding-top:56.25%;\"><p><iframe title=\"China Portable 200W Pulse Fiber Laser Cleaner with 7 cleaning mode | Laser Rust Painting removal\" width=\"1020\" height=\"574\" src=\"https:\/\/www.youtube.com\/embed\/vKDxQGgZW4I?feature=oembed\" frameborder=\"0\" allow=\"accelerometer; autoplay; clipboard-write; encrypted-media; gyroscope; picture-in-picture; web-share\" referrerpolicy=\"strict-origin-when-cross-origin\" allowfullscreen><\/iframe><\/p>\n<\/div>\n<div class=\"container section-title-container\" ><h3 class=\"section-title section-title-normal\"><b><\/b><span class=\"section-title-main\" style=\"color:rgb(242, 14, 14);\">\uc81c\ud488 \uc138\ubd80 \uc815\ubcf4<\/span><b><\/b><\/h3><\/div>\n\t<div class=\"img has-hover x md-x lg-x y md-y lg-y\" id=\"image_1435772040\">\n\t\t\t\t\t\t\t\t<div class=\"img-inner dark\" >\n\t\t\t<img fetchpriority=\"high\" decoding=\"async\" width=\"532\" height=\"800\" src=\"https:\/\/lazersystem.net\/wp-content\/uploads\/2024\/04\/8a9419312ec161492f44320335748b5-532x800.jpg\" class=\"attachment-large size-large\" alt=\"\" srcset=\"https:\/\/lazersystem.net\/wp-content\/uploads\/2024\/04\/8a9419312ec161492f44320335748b5-532x800.jpg 532w, https:\/\/lazersystem.net\/wp-content\/uploads\/2024\/04\/8a9419312ec161492f44320335748b5-665x1000.jpg 665w, https:\/\/lazersystem.net\/wp-content\/uploads\/2024\/04\/8a9419312ec161492f44320335748b5-8x12.jpg 8w, https:\/\/lazersystem.net\/wp-content\/uploads\/2024\/04\/8a9419312ec161492f44320335748b5-300x451.jpg 300w, https:\/\/lazersystem.net\/wp-content\/uploads\/2024\/04\/8a9419312ec161492f44320335748b5-600x902.jpg 600w, https:\/\/lazersystem.net\/wp-content\/uploads\/2024\/04\/8a9419312ec161492f44320335748b5.jpg 712w\" sizes=\"(max-width: 532px) 100vw, 532px\" \/>\t\t\t\t\t\t\n\t\t\t\t\t<\/div>\n\t\t\t\t\t\t\t\t\n<style>\n#image_1435772040 {\n  width: 100%;\n}\n<\/style>\n\t<\/div>\n\t\n<div class=\"row row-collapse row-full-width\"  id=\"row-25415462\">\n\n\t<div id=\"col-1769029549\" class=\"col medium-4 large-4\"  >\n\t\t\t\t<div class=\"col-inner\"  >\n\t\t\t\n\t\t\t\n\t<div class=\"img has-hover x md-x lg-x y md-y lg-y\" id=\"image_29309326\">\n\t\t\t\t\t\t\t\t<div class=\"img-inner dark\" >\n\t\t\t<img decoding=\"async\" width=\"251\" height=\"800\" src=\"https:\/\/lazersystem.net\/wp-content\/uploads\/2024\/04\/\u5fae\u4fe1\u56fe\u7247_20240424131425_750x2394-251x800.jpg\" class=\"attachment-large size-large\" alt=\"\" srcset=\"https:\/\/lazersystem.net\/wp-content\/uploads\/2024\/04\/\u5fae\u4fe1\u56fe\u7247_20240424131425_750x2394-251x800.jpg 251w, https:\/\/lazersystem.net\/wp-content\/uploads\/2024\/04\/\u5fae\u4fe1\u56fe\u7247_20240424131425_750x2394-642x2048.jpg 642w, https:\/\/lazersystem.net\/wp-content\/uploads\/2024\/04\/\u5fae\u4fe1\u56fe\u7247_20240424131425_750x2394-4x12.jpg 4w, https:\/\/lazersystem.net\/wp-content\/uploads\/2024\/04\/\u5fae\u4fe1\u56fe\u7247_20240424131425_750x2394-600x1915.jpg 600w, https:\/\/lazersystem.net\/wp-content\/uploads\/2024\/04\/\u5fae\u4fe1\u56fe\u7247_20240424131425_750x2394.jpg 750w\" sizes=\"(max-width: 251px) 100vw, 251px\" \/>\t\t\t\t\t\t\n\t\t\t\t\t<\/div>\n\t\t\t\t\t\t\t\t\n<style>\n#image_29309326 {\n  width: 100%;\n}\n<\/style>\n\t<\/div>\n\t\n\t\t<\/div>\n\t\t\t\t\t<\/div>\n\n\t\n\n\t<div id=\"col-15153982\" class=\"col medium-4 large-4\"  >\n\t\t\t\t<div class=\"col-inner\"  >\n\t\t\t\n\t\t\t\n\t<div class=\"img has-hover x md-x lg-x y md-y lg-y\" id=\"image_1077895867\">\n\t\t\t\t\t\t\t\t<div class=\"img-inner dark\" >\n\t\t\t<img decoding=\"async\" width=\"236\" height=\"800\" src=\"https:\/\/lazersystem.net\/wp-content\/uploads\/2024\/04\/\u5fae\u4fe1\u56fe\u7247_20240424131433_750x2546-236x800.jpg\" class=\"attachment-large size-large\" alt=\"\" srcset=\"https:\/\/lazersystem.net\/wp-content\/uploads\/2024\/04\/\u5fae\u4fe1\u56fe\u7247_20240424131433_750x2546-236x800.jpg 236w, https:\/\/lazersystem.net\/wp-content\/uploads\/2024\/04\/\u5fae\u4fe1\u56fe\u7247_20240424131433_750x2546-295x1000.jpg 295w, https:\/\/lazersystem.net\/wp-content\/uploads\/2024\/04\/\u5fae\u4fe1\u56fe\u7247_20240424131433_750x2546-300x1018.jpg 300w, https:\/\/lazersystem.net\/wp-content\/uploads\/2024\/04\/\u5fae\u4fe1\u56fe\u7247_20240424131433_750x2546-600x2037.jpg 600w, https:\/\/lazersystem.net\/wp-content\/uploads\/2024\/04\/\u5fae\u4fe1\u56fe\u7247_20240424131433_750x2546.jpg 750w\" sizes=\"(max-width: 236px) 100vw, 236px\" \/>\t\t\t\t\t\t\n\t\t\t\t\t<\/div>\n\t\t\t\t\t\t\t\t\n<style>\n#image_1077895867 {\n  width: 100%;\n}\n<\/style>\n\t<\/div>\n\t\n\t\t<\/div>\n\t\t\t\t\t<\/div>\n\n\t\n\n\t<div id=\"col-2106326901\" class=\"col medium-4 large-4\"  >\n\t\t\t\t<div class=\"col-inner\"  >\n\t\t\t\n\t\t\t\n\t<div class=\"img has-hover x md-x lg-x y md-y lg-y\" id=\"image_1685967703\">\n\t\t\t\t\t\t\t\t<div class=\"img-inner dark\" >\n\t\t\t<img loading=\"lazy\" decoding=\"async\" width=\"259\" height=\"800\" src=\"https:\/\/lazersystem.net\/wp-content\/uploads\/2024\/04\/\u5fae\u4fe1\u56fe\u7247_20240424131436_750x2313-259x800.jpg\" class=\"attachment-large size-large\" alt=\"\" srcset=\"https:\/\/lazersystem.net\/wp-content\/uploads\/2024\/04\/\u5fae\u4fe1\u56fe\u7247_20240424131436_750x2313-259x800.jpg 259w, https:\/\/lazersystem.net\/wp-content\/uploads\/2024\/04\/\u5fae\u4fe1\u56fe\u7247_20240424131436_750x2313-324x1000.jpg 324w, https:\/\/lazersystem.net\/wp-content\/uploads\/2024\/04\/\u5fae\u4fe1\u56fe\u7247_20240424131436_750x2313-498x1536.jpg 498w, https:\/\/lazersystem.net\/wp-content\/uploads\/2024\/04\/\u5fae\u4fe1\u56fe\u7247_20240424131436_750x2313-664x2048.jpg 664w, https:\/\/lazersystem.net\/wp-content\/uploads\/2024\/04\/\u5fae\u4fe1\u56fe\u7247_20240424131436_750x2313-4x12.jpg 4w, https:\/\/lazersystem.net\/wp-content\/uploads\/2024\/04\/\u5fae\u4fe1\u56fe\u7247_20240424131436_750x2313-300x925.jpg 300w, https:\/\/lazersystem.net\/wp-content\/uploads\/2024\/04\/\u5fae\u4fe1\u56fe\u7247_20240424131436_750x2313-600x1850.jpg 600w, https:\/\/lazersystem.net\/wp-content\/uploads\/2024\/04\/\u5fae\u4fe1\u56fe\u7247_20240424131436_750x2313.jpg 750w\" sizes=\"(max-width: 259px) 100vw, 259px\" \/>\t\t\t\t\t\t\n\t\t\t\t\t<\/div>\n\t\t\t\t\t\t\t\t\n<style>\n#image_1685967703 {\n  width: 100%;\n}\n<\/style>\n\t<\/div>\n\t\n\t\t<\/div>\n\t\t\t\t\t<\/div>\n\n\t\n<\/div>\n<div class=\"container section-title-container\" ><h3 class=\"section-title section-title-normal\"><b><\/b><span class=\"section-title-main\" style=\"color:rgb(253, 10, 10);\">Perguntas frequentes<\/span><b><\/b><\/h3><\/div>\n<h2>Que materiais podem ser limpos com uma m\u00e1quina de limpeza a laser pulsado?<\/h2>\n<p>Os materiais que podem ser limpos com uma m\u00e1quina de limpeza a laser pulsado incluem metais (como a\u00e7o, alum\u00ednio, cobre), pl\u00e1sticos, cer\u00e2mica, vidro, pedra e madeira.<\/p>\n<p>Qu\u00e3o econ\u00f4mica \u00e9 a m\u00e1quina de limpeza a laser de pulso de onda cont\u00ednua em compara\u00e7\u00e3o com os m\u00e9todos tradicionais?<\/p>\n<p>as m\u00e1quinas de limpeza a laser pulsado s\u00e3o geralmente mais econ\u00f4micas em compara\u00e7\u00e3o com os m\u00e9todos de limpeza tradicionais no longo prazo. Embora o investimento inicial possa ser maior, a efici\u00eancia, a precis\u00e3o e a necessidade reduzida de consum\u00edveis tornam-nos uma escolha mais econ\u00f3mica ao longo do tempo.<\/p>\n<h2>Quais s\u00e3o os requisitos de treinamento para operar uma m\u00e1quina de limpeza a laser 100w?<\/h2>\n<p>Os requisitos de treinamento para operar uma m\u00e1quina de limpeza a laser, como uma m\u00e1quina de 100 W, geralmente incluem a compreens\u00e3o dos protocolos de seguran\u00e7a do laser, opera\u00e7\u00e3o da m\u00e1quina, procedimentos de manuten\u00e7\u00e3o e t\u00e9cnicas de solu\u00e7\u00e3o de problemas. O treinamento pode ser fornecido pelo fabricante ou por meio de cursos especializados em seguran\u00e7a de laser.<\/p>\n<h2>Como o laser da m\u00e1quina de limpeza de madeira a laser pulsado garante a precis\u00e3o da limpeza?<\/h2>\n<p>As m\u00e1quinas de limpeza de madeira a laser pulsado garantem a precis\u00e3o da limpeza por meio do controle preciso dos par\u00e2metros do laser, como produ\u00e7\u00e3o de energia, dura\u00e7\u00e3o do pulso e tamanho do ponto. Isso permite uma limpeza direcionada sem danificar a superf\u00edcie da madeira.<\/p>\n<h2>Que manuten\u00e7\u00e3o uma m\u00e1quina de limpeza a laser pulsado pinta?<\/h2>\n<p>A manuten\u00e7\u00e3o de uma m\u00e1quina de limpeza a laser pulsado normalmente inclui a limpeza regular da \u00f3ptica, verifica\u00e7\u00e3o e substitui\u00e7\u00e3o de pe\u00e7as consum\u00edveis (como lentes e janelas de prote\u00e7\u00e3o) e garantia do alinhamento adequado dos componentes. A manuten\u00e7\u00e3o regular ajuda a garantir o desempenho ideal e a longevidade da m\u00e1quina.<\/p>","protected":false},"excerpt":{"rendered":"<p>Palavras-chave: m\u00e1quina de limpeza a laser<\/p>\n<p>Fonte de alimenta\u00e7\u00e3o: 220V\/50\/60hz<\/p>\n<p>Pot\u00eancia do laser: 100W<\/p>\n<p>Certifica\u00e7\u00e3o: Diretor Executivo<\/p>\n<p>Fornecer servi\u00e7o p\u00f3s-venda: pe\u00e7as de reposi\u00e7\u00e3o gratuitas<\/p>\n<p>Servi\u00e7o p\u00f3s-garantia: Suporte t\u00e9cnico por v\u00eddeo<\/p>","protected":false},"featured_media":4886,"comment_status":"open","ping_status":"closed","template":"","meta":[],"product_brand":[],"product_cat":[191],"product_tag":[286,273,272,271,267,274,265,268,270,266,269,264],"class_list":{"0":"post-4902","1":"product","2":"type-product","3":"status-publish","4":"has-post-thumbnail","6":"product_cat-pulse-laser-cleaning-machine","7":"product_tag-763-5","8":"product_tag-limpeza-a-laser-200w","9":"product_tag-limpeza-a-laser-500w","10":"product_tag-maquina-de-limpeza-a-laser-300w","11":"product_tag-maquina-de-limpeza-a-laser-de-pulso-portatil","12":"product_tag-maquina-de-limpeza-a-laser-ipg","13":"product_tag-maquina-de-limpeza-a-laser-raycus","14":"product_tag-maquina-para-remover-ferrugem","15":"product_tag-pulso-de-laser-200w-300w-500w-limpeza-a-laser-de-fibra","16":"product_tag-pulso-raycus-500w","17":"product_tag-remocao-de-solda-de-ferrugem-a-laser","18":"product_tag-remover-ferrugem","20":"first","21":"instock","22":"shipping-taxable","23":"purchasable","24":"product-type-simple"},"yoast_head":"<!-- This site is optimized with the Yoast SEO Premium plugin v21.5 (Yoast SEO v25.2) - https:\/\/yoast.com\/wordpress\/plugins\/seo\/ -->\n<title>M\u00e1quina de limpeza a laser port\u00e1til 200W 300W M\u00e1quina de limpeza de pintura com ferrugem para venda - BOGONG Laser Machine<\/title>\n<meta name=\"robots\" content=\"index, follow, max-snippet:-1, max-image-preview:large, max-video-preview:-1\" \/>\n<link rel=\"canonical\" href=\"https:\/\/lazersystem.net\/ko_kr\/\ud30c\uc774\ubc84-\ub808\uc774\uc800-\ud074\ub9ac\ub2dd-\uba38\uc2e0\/\ud384\uc2a4-\ub808\uc774\uc800-\uccad\uc18c\uae30\/portable-200w-300w-laser-cleaning-machine-rust-paint-cleaning-machine-for-sale\" \/>\n<meta property=\"og:locale\" content=\"ko_KR\" \/>\n<meta property=\"og:type\" content=\"article\" \/>\n<meta property=\"og:title\" content=\"M\u00e1quina de limpeza a laser port\u00e1til 200W 300W M\u00e1quina de limpeza de pintura com ferrugem para venda\" \/>\n<meta property=\"og:description\" content=\"Palavras-chave: m\u00e1quina de limpeza a laser  Fonte de alimenta\u00e7\u00e3o: 220V\/50\/60hz  Pot\u00eancia do laser: 100W  Certifica\u00e7\u00e3o: Diretor Executivo  Fornecer servi\u00e7o p\u00f3s-venda: pe\u00e7as de reposi\u00e7\u00e3o gratuitas  Servi\u00e7o p\u00f3s-garantia: Suporte t\u00e9cnico por v\u00eddeo\" \/>\n<meta property=\"og:url\" content=\"https:\/\/lazersystem.net\/ko_kr\/\ud30c\uc774\ubc84-\ub808\uc774\uc800-\ud074\ub9ac\ub2dd-\uba38\uc2e0\/\ud384\uc2a4-\ub808\uc774\uc800-\uccad\uc18c\uae30\/portable-200w-300w-laser-cleaning-machine-rust-paint-cleaning-machine-for-sale\" \/>\n<meta property=\"og:site_name\" content=\"BOGONG Laser Machine\" \/>\n<meta property=\"article:modified_time\" content=\"2024-07-03T08:01:42+00:00\" \/>\n<meta property=\"og:image\" content=\"https:\/\/lazersystem.net\/wp-content\/uploads\/2024\/04\/\u805a\u80fd\u73af2.jpg\" \/>\n\t<meta property=\"og:image:width\" content=\"600\" \/>\n\t<meta property=\"og:image:height\" content=\"600\" \/>\n\t<meta property=\"og:image:type\" content=\"image\/jpeg\" \/>\n<meta name=\"twitter:card\" content=\"summary_large_image\" \/>\n<meta name=\"twitter:label1\" content=\"\uc608\uc0c1 \ub418\ub294 \ud310\ub3c5 \uc2dc\uac04\" \/>\n\t<meta name=\"twitter:data1\" content=\"3\ubd84\" \/>\n<script type=\"application\/ld+json\" class=\"yoast-schema-graph\">{\"@context\":\"https:\/\/schema.org\",\"@graph\":[{\"@type\":\"WebPage\",\"@id\":\"https:\/\/lazersystem.net\/fiber-laser-cleaning-machine\/pulse-laser-cleaning-machine\/portable-200w-300w-laser-cleaning-machine-rust-paint-cleaning-machine-for-sale\",\"url\":\"https:\/\/lazersystem.net\/fiber-laser-cleaning-machine\/pulse-laser-cleaning-machine\/portable-200w-300w-laser-cleaning-machine-rust-paint-cleaning-machine-for-sale\",\"name\":\"M\u00e1quina de limpeza a laser port\u00e1til 200W 300W M\u00e1quina de limpeza de pintura com ferrugem para venda - BOGONG Laser Machine\",\"isPartOf\":{\"@id\":\"https:\/\/lazersystem.net\/#website\"},\"primaryImageOfPage\":{\"@id\":\"https:\/\/lazersystem.net\/fiber-laser-cleaning-machine\/pulse-laser-cleaning-machine\/portable-200w-300w-laser-cleaning-machine-rust-paint-cleaning-machine-for-sale#primaryimage\"},\"image\":{\"@id\":\"https:\/\/lazersystem.net\/fiber-laser-cleaning-machine\/pulse-laser-cleaning-machine\/portable-200w-300w-laser-cleaning-machine-rust-paint-cleaning-machine-for-sale#primaryimage\"},\"thumbnailUrl\":\"https:\/\/lazersystem.net\/wp-content\/uploads\/2024\/04\/\u805a\u80fd\u73af2.jpg\",\"datePublished\":\"2024-04-29T03:10:22+00:00\",\"dateModified\":\"2024-07-03T08:01:42+00:00\",\"breadcrumb\":{\"@id\":\"https:\/\/lazersystem.net\/fiber-laser-cleaning-machine\/pulse-laser-cleaning-machine\/portable-200w-300w-laser-cleaning-machine-rust-paint-cleaning-machine-for-sale#breadcrumb\"},\"inLanguage\":\"ko-KR\",\"potentialAction\":[{\"@type\":\"ReadAction\",\"target\":[\"https:\/\/lazersystem.net\/fiber-laser-cleaning-machine\/pulse-laser-cleaning-machine\/portable-200w-300w-laser-cleaning-machine-rust-paint-cleaning-machine-for-sale\"]}]},{\"@type\":\"ImageObject\",\"inLanguage\":\"ko-KR\",\"@id\":\"https:\/\/lazersystem.net\/fiber-laser-cleaning-machine\/pulse-laser-cleaning-machine\/portable-200w-300w-laser-cleaning-machine-rust-paint-cleaning-machine-for-sale#primaryimage\",\"url\":\"https:\/\/lazersystem.net\/wp-content\/uploads\/2024\/04\/\u805a\u80fd\u73af2.jpg\",\"contentUrl\":\"https:\/\/lazersystem.net\/wp-content\/uploads\/2024\/04\/\u805a\u80fd\u73af2.jpg\",\"width\":600,\"height\":600},{\"@type\":\"BreadcrumbList\",\"@id\":\"https:\/\/lazersystem.net\/fiber-laser-cleaning-machine\/pulse-laser-cleaning-machine\/portable-200w-300w-laser-cleaning-machine-rust-paint-cleaning-machine-for-sale#breadcrumb\",\"itemListElement\":[{\"@type\":\"ListItem\",\"position\":1,\"name\":\"Home\",\"item\":\"https:\/\/lazersystem.net\/\"},{\"@type\":\"ListItem\",\"position\":2,\"name\":\"Product\",\"item\":\"https:\/\/lazersystem.net\/ru\/\u043f\u0440\u043e\u0434\u0443\u043a\u0442\"},{\"@type\":\"ListItem\",\"position\":3,\"name\":\"M\u00e1quina de limpeza a laser port\u00e1til 200W 300W M\u00e1quina de limpeza de pintura com ferrugem para venda\"}]},{\"@type\":\"WebSite\",\"@id\":\"https:\/\/lazersystem.net\/#website\",\"url\":\"https:\/\/lazersystem.net\/\",\"name\":\"BOGONG Laser Machine\",\"description\":\"\",\"publisher\":{\"@id\":\"https:\/\/lazersystem.net\/#organization\"},\"potentialAction\":[{\"@type\":\"SearchAction\",\"target\":{\"@type\":\"EntryPoint\",\"urlTemplate\":\"https:\/\/lazersystem.net\/?s={search_term_string}\"},\"query-input\":{\"@type\":\"PropertyValueSpecification\",\"valueRequired\":true,\"valueName\":\"search_term_string\"}}],\"inLanguage\":\"ko-KR\"},{\"@type\":\"Organization\",\"@id\":\"https:\/\/lazersystem.net\/#organization\",\"name\":\"BOGONG Laser Machine\",\"url\":\"https:\/\/lazersystem.net\/\",\"logo\":{\"@type\":\"ImageObject\",\"inLanguage\":\"ko-KR\",\"@id\":\"https:\/\/lazersystem.net\/#\/schema\/logo\/image\/\",\"url\":\"https:\/\/lazersystem.net\/wp-content\/uploads\/2024\/04\/\u672a\u6807\u9898-1-3.jpg\",\"contentUrl\":\"https:\/\/lazersystem.net\/wp-content\/uploads\/2024\/04\/\u672a\u6807\u9898-1-3.jpg\",\"width\":1920,\"height\":650,\"caption\":\"BOGONG Laser Machine\"},\"image\":{\"@id\":\"https:\/\/lazersystem.net\/#\/schema\/logo\/image\/\"}}]}<\/script>\n<!-- \/ Yoast SEO Premium plugin. -->","yoast_head_json":{"title":"M\u00e1quina de limpeza a laser port\u00e1til 200W 300W M\u00e1quina de limpeza de pintura com ferrugem para venda - BOGONG Laser Machine","robots":{"index":"index","follow":"follow","max-snippet":"max-snippet:-1","max-image-preview":"max-image-preview:large","max-video-preview":"max-video-preview:-1"},"canonical":"https:\/\/lazersystem.net\/ko_kr\/\ud30c\uc774\ubc84-\ub808\uc774\uc800-\ud074\ub9ac\ub2dd-\uba38\uc2e0\/\ud384\uc2a4-\ub808\uc774\uc800-\uccad\uc18c\uae30\/portable-200w-300w-laser-cleaning-machine-rust-paint-cleaning-machine-for-sale","og_locale":"ko_KR","og_type":"article","og_title":"M\u00e1quina de limpeza a laser port\u00e1til 200W 300W M\u00e1quina de limpeza de pintura com ferrugem para venda","og_description":"Palavras-chave: m\u00e1quina de limpeza a laser  Fonte de alimenta\u00e7\u00e3o: 220V\/50\/60hz  Pot\u00eancia do laser: 100W  Certifica\u00e7\u00e3o: Diretor Executivo  Fornecer servi\u00e7o p\u00f3s-venda: pe\u00e7as de reposi\u00e7\u00e3o gratuitas  Servi\u00e7o p\u00f3s-garantia: Suporte t\u00e9cnico por v\u00eddeo","og_url":"https:\/\/lazersystem.net\/ko_kr\/\ud30c\uc774\ubc84-\ub808\uc774\uc800-\ud074\ub9ac\ub2dd-\uba38\uc2e0\/\ud384\uc2a4-\ub808\uc774\uc800-\uccad\uc18c\uae30\/portable-200w-300w-laser-cleaning-machine-rust-paint-cleaning-machine-for-sale","og_site_name":"BOGONG Laser Machine","article_modified_time":"2024-07-03T08:01:42+00:00","og_image":[{"width":600,"height":600,"url":"https:\/\/lazersystem.net\/wp-content\/uploads\/2024\/04\/\u805a\u80fd\u73af2.jpg","type":"image\/jpeg"}],"twitter_card":"summary_large_image","twitter_misc":{"\uc608\uc0c1 \ub418\ub294 \ud310\ub3c5 \uc2dc\uac04":"3\ubd84"},"schema":{"@context":"https:\/\/schema.org","@graph":[{"@type":"WebPage","@id":"https:\/\/lazersystem.net\/fiber-laser-cleaning-machine\/pulse-laser-cleaning-machine\/portable-200w-300w-laser-cleaning-machine-rust-paint-cleaning-machine-for-sale","url":"https:\/\/lazersystem.net\/fiber-laser-cleaning-machine\/pulse-laser-cleaning-machine\/portable-200w-300w-laser-cleaning-machine-rust-paint-cleaning-machine-for-sale","name":"M\u00e1quina de limpeza a laser port\u00e1til 200W 300W M\u00e1quina de limpeza de pintura com ferrugem para venda - BOGONG Laser Machine","isPartOf":{"@id":"https:\/\/lazersystem.net\/#website"},"primaryImageOfPage":{"@id":"https:\/\/lazersystem.net\/fiber-laser-cleaning-machine\/pulse-laser-cleaning-machine\/portable-200w-300w-laser-cleaning-machine-rust-paint-cleaning-machine-for-sale#primaryimage"},"image":{"@id":"https:\/\/lazersystem.net\/fiber-laser-cleaning-machine\/pulse-laser-cleaning-machine\/portable-200w-300w-laser-cleaning-machine-rust-paint-cleaning-machine-for-sale#primaryimage"},"thumbnailUrl":"https:\/\/lazersystem.net\/wp-content\/uploads\/2024\/04\/\u805a\u80fd\u73af2.jpg","datePublished":"2024-04-29T03:10:22+00:00","dateModified":"2024-07-03T08:01:42+00:00","breadcrumb":{"@id":"https:\/\/lazersystem.net\/fiber-laser-cleaning-machine\/pulse-laser-cleaning-machine\/portable-200w-300w-laser-cleaning-machine-rust-paint-cleaning-machine-for-sale#breadcrumb"},"inLanguage":"ko-KR","potentialAction":[{"@type":"ReadAction","target":["https:\/\/lazersystem.net\/fiber-laser-cleaning-machine\/pulse-laser-cleaning-machine\/portable-200w-300w-laser-cleaning-machine-rust-paint-cleaning-machine-for-sale"]}]},{"@type":"ImageObject","inLanguage":"ko-KR","@id":"https:\/\/lazersystem.net\/fiber-laser-cleaning-machine\/pulse-laser-cleaning-machine\/portable-200w-300w-laser-cleaning-machine-rust-paint-cleaning-machine-for-sale#primaryimage","url":"https:\/\/lazersystem.net\/wp-content\/uploads\/2024\/04\/\u805a\u80fd\u73af2.jpg","contentUrl":"https:\/\/lazersystem.net\/wp-content\/uploads\/2024\/04\/\u805a\u80fd\u73af2.jpg","width":600,"height":600},{"@type":"BreadcrumbList","@id":"https:\/\/lazersystem.net\/fiber-laser-cleaning-machine\/pulse-laser-cleaning-machine\/portable-200w-300w-laser-cleaning-machine-rust-paint-cleaning-machine-for-sale#breadcrumb","itemListElement":[{"@type":"ListItem","position":1,"name":"Home","item":"https:\/\/lazersystem.net\/"},{"@type":"ListItem","position":2,"name":"Product","item":"https:\/\/lazersystem.net\/ru\/\u043f\u0440\u043e\u0434\u0443\u043a\u0442"},{"@type":"ListItem","position":3,"name":"M\u00e1quina de limpeza a laser port\u00e1til 200W 300W M\u00e1quina de limpeza de pintura com ferrugem para venda"}]},{"@type":"WebSite","@id":"https:\/\/lazersystem.net\/#website","url":"https:\/\/lazersystem.net\/","name":"BOGONG \ub808\uc774\uc800 \uae30\uacc4","description":"","publisher":{"@id":"https:\/\/lazersystem.net\/#organization"},"potentialAction":[{"@type":"SearchAction","target":{"@type":"EntryPoint","urlTemplate":"https:\/\/lazersystem.net\/?s={search_term_string}"},"query-input":{"@type":"PropertyValueSpecification","valueRequired":true,"valueName":"search_term_string"}}],"inLanguage":"ko-KR"},{"@type":"Organization","@id":"https:\/\/lazersystem.net\/#organization","name":"BOGONG \ub808\uc774\uc800 \uae30\uacc4","url":"https:\/\/lazersystem.net\/","logo":{"@type":"ImageObject","inLanguage":"ko-KR","@id":"https:\/\/lazersystem.net\/#\/schema\/logo\/image\/","url":"https:\/\/lazersystem.net\/wp-content\/uploads\/2024\/04\/\u672a\u6807\u9898-1-3.jpg","contentUrl":"https:\/\/lazersystem.net\/wp-content\/uploads\/2024\/04\/\u672a\u6807\u9898-1-3.jpg","width":1920,"height":650,"caption":"BOGONG Laser Machine"},"image":{"@id":"https:\/\/lazersystem.net\/#\/schema\/logo\/image\/"}}]}},"_links":{"self":[{"href":"https:\/\/lazersystem.net\/ko_kr\/wp-json\/wp\/v2\/product\/4902","targetHints":{"allow":["GET"]}}],"collection":[{"href":"https:\/\/lazersystem.net\/ko_kr\/wp-json\/wp\/v2\/product"}],"about":[{"href":"https:\/\/lazersystem.net\/ko_kr\/wp-json\/wp\/v2\/types\/product"}],"replies":[{"embeddable":true,"href":"https:\/\/lazersystem.net\/ko_kr\/wp-json\/wp\/v2\/comments?post=4902"}],"wp:featuredmedia":[{"embeddable":true,"href":"https:\/\/lazersystem.net\/ko_kr\/wp-json\/wp\/v2\/media\/4886"}],"wp:attachment":[{"href":"https:\/\/lazersystem.net\/ko_kr\/wp-json\/wp\/v2\/media?parent=4902"}],"wp:term":[{"taxonomy":"product_brand","embeddable":true,"href":"https:\/\/lazersystem.net\/ko_kr\/wp-json\/wp\/v2\/product_brand?post=4902"},{"taxonomy":"product_cat","embeddable":true,"href":"https:\/\/lazersystem.net\/ko_kr\/wp-json\/wp\/v2\/product_cat?post=4902"},{"taxonomy":"product_tag","embeddable":true,"href":"https:\/\/lazersystem.net\/ko_kr\/wp-json\/wp\/v2\/product_tag?post=4902"}],"curies":[{"name":"wp","href":"https:\/\/api.w.org\/{rel}","templated":true}]}}