{"id":4835,"date":"2024-04-25T07:21:09","date_gmt":"2024-04-25T07:21:09","guid":{"rendered":"https:\/\/lazersystem.net\/?post_type=product&#038;p=4835"},"modified":"2024-07-03T07:28:29","modified_gmt":"2024-07-03T07:28:29","slug":"portable-fiber-laser-cleaning-machine-100w","status":"publish","type":"product","link":"https:\/\/lazersystem.net\/ko_kr\/%ed%8c%8c%ec%9d%b4%eb%b2%84-%eb%a0%88%ec%9d%b4%ec%a0%80-%ed%81%b4%eb%a6%ac%eb%8b%9d-%eb%a8%b8%ec%8b%a0\/%ed%8e%84%ec%8a%a4-%eb%a0%88%ec%9d%b4%ec%a0%80-%ec%b2%ad%ec%86%8c%ea%b8%b0\/portable-fiber-laser-cleaning-machine-100w","title":{"rendered":"100W \ud30c\uc774\ubc84 \ub808\uc774\uc800 \ud074\ub9ac\ub2dd \uba38\uc2e0"},"content":{"rendered":"<div class=\"container section-title-container\" ><h3 class=\"section-title section-title-normal\"><b><\/b><span class=\"section-title-main\" style=\"color:rgb(255, 11, 11);\">\ube44\ub514\uc624 \uc804\uc2dc<\/span><b><\/b><\/h3><\/div>\n<div class=\"video video-fit mb\" style=\"padding-top:56.25%;\"><p><iframe title=\"China Portable 200W Pulse Fiber Laser Cleaner with 7 cleaning mode | Laser Rust Painting removal\" width=\"1020\" height=\"574\" src=\"https:\/\/www.youtube.com\/embed\/vKDxQGgZW4I?feature=oembed\" frameborder=\"0\" allow=\"accelerometer; autoplay; clipboard-write; encrypted-media; gyroscope; picture-in-picture; web-share\" referrerpolicy=\"strict-origin-when-cross-origin\" allowfullscreen><\/iframe><\/p>\n<\/div>\n<div class=\"container section-title-container\" ><h3 class=\"section-title section-title-normal\"><b><\/b><span class=\"section-title-main\" style=\"color:rgb(248, 5, 5);\">\uc81c\ud488 \uc138\ubd80 \uc815\ubcf4<\/span><b><\/b><\/h3><\/div>\n\t<div class=\"img has-hover x md-x lg-x y md-y lg-y\" id=\"image_210213497\">\n\t\t\t\t\t\t\t\t<div class=\"img-inner dark\" >\n\t\t\t<img fetchpriority=\"high\" decoding=\"async\" width=\"532\" height=\"800\" src=\"https:\/\/lazersystem.net\/wp-content\/uploads\/2024\/04\/8a9419312ec161492f44320335748b5-532x800.jpg\" class=\"attachment-large size-large\" alt=\"\" srcset=\"https:\/\/lazersystem.net\/wp-content\/uploads\/2024\/04\/8a9419312ec161492f44320335748b5-532x800.jpg 532w, https:\/\/lazersystem.net\/wp-content\/uploads\/2024\/04\/8a9419312ec161492f44320335748b5-665x1000.jpg 665w, https:\/\/lazersystem.net\/wp-content\/uploads\/2024\/04\/8a9419312ec161492f44320335748b5-8x12.jpg 8w, https:\/\/lazersystem.net\/wp-content\/uploads\/2024\/04\/8a9419312ec161492f44320335748b5-300x451.jpg 300w, https:\/\/lazersystem.net\/wp-content\/uploads\/2024\/04\/8a9419312ec161492f44320335748b5-600x902.jpg 600w, https:\/\/lazersystem.net\/wp-content\/uploads\/2024\/04\/8a9419312ec161492f44320335748b5.jpg 712w\" sizes=\"(max-width: 532px) 100vw, 532px\" \/>\t\t\t\t\t\t\n\t\t\t\t\t<\/div>\n\t\t\t\t\t\t\t\t\n<style>\n#image_210213497 {\n  width: 100%;\n}\n<\/style>\n\t<\/div>\n\t\n<div class=\"container section-title-container\" ><h3 class=\"section-title section-title-normal\"><b><\/b><span class=\"section-title-main\" style=\"color:rgb(242, 10, 10);\">Exibi\u00e7\u00e3o detalhada de conte\u00fado<\/span><b><\/b><\/h3><\/div>\n<div class=\"row\"  id=\"row-961996127\">\n\n\t<div id=\"col-631631548\" class=\"col medium-4 small-12 large-4\"  >\n\t\t\t\t<div class=\"col-inner\"  >\n\t\t\t\n\t\t\t\n\t<div class=\"img has-hover x md-x lg-x y md-y lg-y\" id=\"image_1280085837\">\n\t\t\t\t\t\t\t\t<div class=\"img-inner dark\" >\n\t\t\t<img decoding=\"async\" width=\"251\" height=\"800\" src=\"https:\/\/lazersystem.net\/wp-content\/uploads\/2024\/04\/\u5fae\u4fe1\u56fe\u7247_20240424131425_750x2394-251x800.jpg\" class=\"attachment-large size-large\" alt=\"\" srcset=\"https:\/\/lazersystem.net\/wp-content\/uploads\/2024\/04\/\u5fae\u4fe1\u56fe\u7247_20240424131425_750x2394-251x800.jpg 251w, https:\/\/lazersystem.net\/wp-content\/uploads\/2024\/04\/\u5fae\u4fe1\u56fe\u7247_20240424131425_750x2394-642x2048.jpg 642w, https:\/\/lazersystem.net\/wp-content\/uploads\/2024\/04\/\u5fae\u4fe1\u56fe\u7247_20240424131425_750x2394-4x12.jpg 4w, https:\/\/lazersystem.net\/wp-content\/uploads\/2024\/04\/\u5fae\u4fe1\u56fe\u7247_20240424131425_750x2394-600x1915.jpg 600w, https:\/\/lazersystem.net\/wp-content\/uploads\/2024\/04\/\u5fae\u4fe1\u56fe\u7247_20240424131425_750x2394.jpg 750w\" sizes=\"(max-width: 251px) 100vw, 251px\" \/>\t\t\t\t\t\t\n\t\t\t\t\t<\/div>\n\t\t\t\t\t\t\t\t\n<style>\n#image_1280085837 {\n  width: 100%;\n}\n<\/style>\n\t<\/div>\n\t\n\t\t<\/div>\n\t\t\t\t\t<\/div>\n\n\t\n\n\t<div id=\"col-554046160\" class=\"col medium-4 small-12 large-4\"  >\n\t\t\t\t<div class=\"col-inner\"  >\n\t\t\t\n\t\t\t\n\t<div class=\"img has-hover x md-x lg-x y md-y lg-y\" id=\"image_697457710\">\n\t\t\t\t\t\t\t\t<div class=\"img-inner dark\" >\n\t\t\t<img decoding=\"async\" width=\"236\" height=\"800\" src=\"https:\/\/lazersystem.net\/wp-content\/uploads\/2024\/04\/\u5fae\u4fe1\u56fe\u7247_20240424131433_750x2546-236x800.jpg\" class=\"attachment-large size-large\" alt=\"\" srcset=\"https:\/\/lazersystem.net\/wp-content\/uploads\/2024\/04\/\u5fae\u4fe1\u56fe\u7247_20240424131433_750x2546-236x800.jpg 236w, https:\/\/lazersystem.net\/wp-content\/uploads\/2024\/04\/\u5fae\u4fe1\u56fe\u7247_20240424131433_750x2546-295x1000.jpg 295w, https:\/\/lazersystem.net\/wp-content\/uploads\/2024\/04\/\u5fae\u4fe1\u56fe\u7247_20240424131433_750x2546-300x1018.jpg 300w, https:\/\/lazersystem.net\/wp-content\/uploads\/2024\/04\/\u5fae\u4fe1\u56fe\u7247_20240424131433_750x2546-600x2037.jpg 600w, https:\/\/lazersystem.net\/wp-content\/uploads\/2024\/04\/\u5fae\u4fe1\u56fe\u7247_20240424131433_750x2546.jpg 750w\" sizes=\"(max-width: 236px) 100vw, 236px\" \/>\t\t\t\t\t\t\n\t\t\t\t\t<\/div>\n\t\t\t\t\t\t\t\t\n<style>\n#image_697457710 {\n  width: 100%;\n}\n<\/style>\n\t<\/div>\n\t\n\t\t<\/div>\n\t\t\t\t\t<\/div>\n\n\t\n\n\t<div id=\"col-117836406\" class=\"col medium-4 small-12 large-4\"  >\n\t\t\t\t<div class=\"col-inner\"  >\n\t\t\t\n\t\t\t\n\t<div class=\"img has-hover x md-x lg-x y md-y lg-y\" id=\"image_831957060\">\n\t\t\t\t\t\t\t\t<div class=\"img-inner dark\" >\n\t\t\t<img loading=\"lazy\" decoding=\"async\" width=\"259\" height=\"800\" src=\"https:\/\/lazersystem.net\/wp-content\/uploads\/2024\/04\/\u5fae\u4fe1\u56fe\u7247_20240424131436_750x2313-259x800.jpg\" class=\"attachment-large size-large\" alt=\"\" srcset=\"https:\/\/lazersystem.net\/wp-content\/uploads\/2024\/04\/\u5fae\u4fe1\u56fe\u7247_20240424131436_750x2313-259x800.jpg 259w, https:\/\/lazersystem.net\/wp-content\/uploads\/2024\/04\/\u5fae\u4fe1\u56fe\u7247_20240424131436_750x2313-324x1000.jpg 324w, https:\/\/lazersystem.net\/wp-content\/uploads\/2024\/04\/\u5fae\u4fe1\u56fe\u7247_20240424131436_750x2313-498x1536.jpg 498w, https:\/\/lazersystem.net\/wp-content\/uploads\/2024\/04\/\u5fae\u4fe1\u56fe\u7247_20240424131436_750x2313-664x2048.jpg 664w, https:\/\/lazersystem.net\/wp-content\/uploads\/2024\/04\/\u5fae\u4fe1\u56fe\u7247_20240424131436_750x2313-4x12.jpg 4w, https:\/\/lazersystem.net\/wp-content\/uploads\/2024\/04\/\u5fae\u4fe1\u56fe\u7247_20240424131436_750x2313-300x925.jpg 300w, https:\/\/lazersystem.net\/wp-content\/uploads\/2024\/04\/\u5fae\u4fe1\u56fe\u7247_20240424131436_750x2313-600x1850.jpg 600w, https:\/\/lazersystem.net\/wp-content\/uploads\/2024\/04\/\u5fae\u4fe1\u56fe\u7247_20240424131436_750x2313.jpg 750w\" sizes=\"(max-width: 259px) 100vw, 259px\" \/>\t\t\t\t\t\t\n\t\t\t\t\t<\/div>\n\t\t\t\t\t\t\t\t\n<style>\n#image_831957060 {\n  width: 100%;\n}\n<\/style>\n\t<\/div>\n\t\n\t\t<\/div>\n\t\t\t\t\t<\/div>\n\n\t\n<\/div>\n<div class=\"container section-title-container\" ><h3 class=\"section-title section-title-normal\"><b><\/b><span class=\"section-title-main\" style=\"color:rgb(234, 6, 6);\">Vantagens e recursos do produto<\/span><b><\/b><\/h3><\/div>\n<p>A m\u00e1quina de limpeza a laser de 100 W tem as vantagens de leveza e portabilidade, par\u00e2metros flex\u00edveis e ajust\u00e1veis \u200b\u200be controle sem fio. Ele pode remover com efici\u00eancia ferrugem, manchas, manchas de \u00f3leo, revestimentos, etc. na superf\u00edcie da pe\u00e7a de trabalho.<\/p>\n<p>A m\u00e1quina port\u00e1til de limpeza a laser de fibra 100W oferece uma solu\u00e7\u00e3o vers\u00e1til e eficaz para diversas aplica\u00e7\u00f5es de limpeza, proporcionando aos usu\u00e1rios a capacidade de obter resultados de alta qualidade com m\u00ednimo esfor\u00e7o e impacto ambiental.<\/p>\n<p>A m\u00e1quina de limpeza a laser de 100 W tem as vantagens de leveza e portabilidade, par\u00e2metros flex\u00edveis e ajust\u00e1veis \u200b\u200be controle sem fio.<\/p>\n<p>Utilizando as caracter\u00edsticas de posicionamento preciso, ele pode atender ao trabalho de limpeza de uma variedade de pe\u00e7as de modelagem e obter o efeito de limpeza de alta efici\u00eancia.<\/p>\n<p>Ele pode remover com efici\u00eancia ferrugem, manchas, manchas de \u00f3leo, revestimentos, etc. na superf\u00edcie da pe\u00e7a de trabalho. \u00c9 adequado para processamento mec\u00e2nico, restaura\u00e7\u00e3o de rel\u00edquias culturais, limpeza de moldes, processamento de alimentos e outras ind\u00fastrias.<\/p>\n<div class=\"container section-title-container\" ><h3 class=\"section-title section-title-normal\"><b><\/b><span class=\"section-title-main\" style=\"color:rgb(246, 14, 14);\">Aplica\u00e7\u00e3o do produto<\/span><b><\/b><\/h3><\/div>\n<p>A m\u00e1quina de limpeza a laser 100W tem um bom efeito de limpeza em ferro, placa de a\u00e7o carbono, placa de a\u00e7o inoxid\u00e1vel, engrenagem de a\u00e7o para molde, placa de alum\u00ednio, camada de tinta e outros materiais.<\/p>\n<p>A m\u00e1quina de limpeza a laser 100W pode ser usada para limpar a camada de \u00f3xido, tratamento de remo\u00e7\u00e3o de tinta superficial; limpe \u00f3leo, manchas e sujeira da superf\u00edcie; limpe os res\u00edduos do molde de borracha.<\/p>\n<p>Atenda aos requisitos de limpeza de equipamentos na ind\u00fastria de constru\u00e7\u00e3o naval, autope\u00e7as, moldes de borracha, m\u00e1quinas-ferramentas, ind\u00fastrias de prote\u00e7\u00e3o ambiental e outras \u00e1reas.<\/p>\n\t<div class=\"img has-hover x md-x lg-x y md-y lg-y\" id=\"image_908439926\">\n\t\t\t\t\t\t\t\t<div class=\"img-inner dark\" >\n\t\t\t<img loading=\"lazy\" decoding=\"async\" width=\"600\" height=\"600\" src=\"https:\/\/lazersystem.net\/wp-content\/uploads\/2024\/04\/\u706b\u8fa3\u8fa312.jpg\" class=\"attachment-large size-large\" alt=\"\" srcset=\"https:\/\/lazersystem.net\/wp-content\/uploads\/2024\/04\/\u706b\u8fa3\u8fa312.jpg 600w, https:\/\/lazersystem.net\/wp-content\/uploads\/2024\/04\/\u706b\u8fa3\u8fa312-400x400.jpg 400w, https:\/\/lazersystem.net\/wp-content\/uploads\/2024\/04\/\u706b\u8fa3\u8fa312-12x12.jpg 12w, https:\/\/lazersystem.net\/wp-content\/uploads\/2024\/04\/\u706b\u8fa3\u8fa312-300x300.jpg 300w, https:\/\/lazersystem.net\/wp-content\/uploads\/2024\/04\/\u706b\u8fa3\u8fa312-100x100.jpg 100w\" sizes=\"(max-width: 600px) 100vw, 600px\" \/>\t\t\t\t\t\t\n\t\t\t\t\t<\/div>\n\t\t\t\t\t\t\t\t\n<style>\n#image_908439926 {\n  width: 100%;\n}\n<\/style>\n\t<\/div>","protected":false},"excerpt":{"rendered":"<p>M\u00e9todo de trabalho de sa\u00edda: pulso\/cont\u00ednuo<\/p>\n<p>\ubc29\uc218 \ucf00\uc774\uc2a4 \uae38\uc774: 5m<\/p>\n<p>Pot\u00eancia m\u00e9dia de sa\u00edda:&gt;100w<\/p>\n<p>\ub0c9\ub3d9 \ubcf4\uad00 \ubc29\ubc95: \ub0c9\uc7a5 \ubcf4\uad00<\/p>\n<p>Tens\u00e3o de alimenta\u00e7\u00e3o: 220v<\/p>\n<p>Consumo m\u00e1ximo de energia:&lt;450<\/p>\n<p>\ubc18\uc0ac\uc728: \ub0ae\uc74c<\/p>\n<p>\uc791\ub3d9 \uc628\ub3c4 \ubc94\uc704: 0 ~ 40 \u2103<\/p>\n<p>\uc791\ub3d9 \uc628\ub3c4 \ubc94\uc704: -10 ~ 60\u00b0C<\/p>\n<p>Tamanho inteiro da m\u00e1quina: 617*469*291mm<\/p>\n<p>Peso total: 28kg<\/p>\n<p>Cabe\u00e7a do laser: 0,62 kg<\/p>","protected":false},"featured_media":4836,"comment_status":"open","ping_status":"closed","template":"","meta":[],"product_brand":[],"product_cat":[191],"product_tag":[263,273,272,271,267,274,265,268,270,266,269,264],"class_list":{"0":"post-4835","1":"product","2":"type-product","3":"status-publish","4":"has-post-thumbnail","6":"product_cat-pulse-laser-cleaning-machine","7":"product_tag-laser-de-remocao-de-ferrugem-300w","8":"product_tag-limpeza-a-laser-200w","9":"product_tag-limpeza-a-laser-500w","10":"product_tag-maquina-de-limpeza-a-laser-300w","11":"product_tag-maquina-de-limpeza-a-laser-de-pulso-portatil","12":"product_tag-maquina-de-limpeza-a-laser-ipg","13":"product_tag-maquina-de-limpeza-a-laser-raycus","14":"product_tag-maquina-para-remover-ferrugem","15":"product_tag-pulso-de-laser-200w-300w-500w-limpeza-a-laser-de-fibra","16":"product_tag-pulso-raycus-500w","17":"product_tag-remocao-de-solda-de-ferrugem-a-laser","18":"product_tag-remover-ferrugem","20":"first","21":"instock","22":"shipping-taxable","23":"purchasable","24":"product-type-simple"},"yoast_head":"<!-- This site is optimized with the Yoast SEO Premium plugin v21.5 (Yoast SEO v25.2) - https:\/\/yoast.com\/wordpress\/plugins\/seo\/ -->\n<title>M\u00e1quina port\u00e1til de limpeza a laser de fibra 100W - BOGONG Laser Machine<\/title>\n<meta name=\"robots\" content=\"index, follow, max-snippet:-1, max-image-preview:large, max-video-preview:-1\" \/>\n<link rel=\"canonical\" href=\"https:\/\/lazersystem.net\/ko_kr\/\ud30c\uc774\ubc84-\ub808\uc774\uc800-\ud074\ub9ac\ub2dd-\uba38\uc2e0\/\ud384\uc2a4-\ub808\uc774\uc800-\uccad\uc18c\uae30\/portable-fiber-laser-cleaning-machine-100w\" \/>\n<meta property=\"og:locale\" content=\"ko_KR\" \/>\n<meta property=\"og:type\" content=\"article\" \/>\n<meta property=\"og:title\" content=\"M\u00e1quina port\u00e1til de limpeza a laser de fibra 100W\" \/>\n<meta property=\"og:description\" content=\"M\u00e9todo de trabalho de sa\u00edda: pulso\/cont\u00ednuo  Comprimento do cabo da armadura de sa\u00edda: 5m  Pot\u00eancia m\u00e9dia de sa\u00edda:&gt;100w  m\u00e9todo de resfriamento: refrigerado a ar  Tens\u00e3o de alimenta\u00e7\u00e3o: 220v  Consumo m\u00e1ximo de energia:&lt;450  Seja anti-alta reflex\u00e3o: sim  faixa de temperatura de trabalho: 0 ~ 40 \u2103  Faixa de temperatura de armazenamento: -10 ~ 60 \u2103  Tamanho inteiro da m\u00e1quina: 617*469*291mm  Peso total: 28kg  Cabe\u00e7a do laser: 0,62 kg\" \/>\n<meta property=\"og:url\" content=\"https:\/\/lazersystem.net\/ko_kr\/\ud30c\uc774\ubc84-\ub808\uc774\uc800-\ud074\ub9ac\ub2dd-\uba38\uc2e0\/\ud384\uc2a4-\ub808\uc774\uc800-\uccad\uc18c\uae30\/portable-fiber-laser-cleaning-machine-100w\" \/>\n<meta property=\"og:site_name\" content=\"BOGONG Laser Machine\" \/>\n<meta property=\"article:modified_time\" content=\"2024-07-03T07:28:29+00:00\" \/>\n<meta property=\"og:image\" content=\"https:\/\/lazersystem.net\/wp-content\/uploads\/2024\/04\/\u706b\u8fa3\u8fa32.jpg\" \/>\n\t<meta property=\"og:image:width\" content=\"600\" \/>\n\t<meta property=\"og:image:height\" content=\"600\" \/>\n\t<meta property=\"og:image:type\" content=\"image\/jpeg\" \/>\n<meta name=\"twitter:card\" content=\"summary_large_image\" \/>\n<meta name=\"twitter:label1\" content=\"\uc608\uc0c1 \ub418\ub294 \ud310\ub3c5 \uc2dc\uac04\" \/>\n\t<meta name=\"twitter:data1\" content=\"3\ubd84\" \/>\n<script type=\"application\/ld+json\" class=\"yoast-schema-graph\">{\"@context\":\"https:\/\/schema.org\",\"@graph\":[{\"@type\":\"WebPage\",\"@id\":\"https:\/\/lazersystem.net\/fiber-laser-cleaning-machine\/pulse-laser-cleaning-machine\/portable-fiber-laser-cleaning-machine-100w\",\"url\":\"https:\/\/lazersystem.net\/fiber-laser-cleaning-machine\/pulse-laser-cleaning-machine\/portable-fiber-laser-cleaning-machine-100w\",\"name\":\"M\u00e1quina port\u00e1til de limpeza a laser de fibra 100W - BOGONG Laser Machine\",\"isPartOf\":{\"@id\":\"https:\/\/lazersystem.net\/#website\"},\"primaryImageOfPage\":{\"@id\":\"https:\/\/lazersystem.net\/fiber-laser-cleaning-machine\/pulse-laser-cleaning-machine\/portable-fiber-laser-cleaning-machine-100w#primaryimage\"},\"image\":{\"@id\":\"https:\/\/lazersystem.net\/fiber-laser-cleaning-machine\/pulse-laser-cleaning-machine\/portable-fiber-laser-cleaning-machine-100w#primaryimage\"},\"thumbnailUrl\":\"https:\/\/lazersystem.net\/wp-content\/uploads\/2024\/04\/\u706b\u8fa3\u8fa32.jpg\",\"datePublished\":\"2024-04-25T07:21:09+00:00\",\"dateModified\":\"2024-07-03T07:28:29+00:00\",\"breadcrumb\":{\"@id\":\"https:\/\/lazersystem.net\/fiber-laser-cleaning-machine\/pulse-laser-cleaning-machine\/portable-fiber-laser-cleaning-machine-100w#breadcrumb\"},\"inLanguage\":\"ko-KR\",\"potentialAction\":[{\"@type\":\"ReadAction\",\"target\":[\"https:\/\/lazersystem.net\/fiber-laser-cleaning-machine\/pulse-laser-cleaning-machine\/portable-fiber-laser-cleaning-machine-100w\"]}]},{\"@type\":\"ImageObject\",\"inLanguage\":\"ko-KR\",\"@id\":\"https:\/\/lazersystem.net\/fiber-laser-cleaning-machine\/pulse-laser-cleaning-machine\/portable-fiber-laser-cleaning-machine-100w#primaryimage\",\"url\":\"https:\/\/lazersystem.net\/wp-content\/uploads\/2024\/04\/\u706b\u8fa3\u8fa32.jpg\",\"contentUrl\":\"https:\/\/lazersystem.net\/wp-content\/uploads\/2024\/04\/\u706b\u8fa3\u8fa32.jpg\",\"width\":600,\"height\":600},{\"@type\":\"BreadcrumbList\",\"@id\":\"https:\/\/lazersystem.net\/fiber-laser-cleaning-machine\/pulse-laser-cleaning-machine\/portable-fiber-laser-cleaning-machine-100w#breadcrumb\",\"itemListElement\":[{\"@type\":\"ListItem\",\"position\":1,\"name\":\"Home\",\"item\":\"https:\/\/lazersystem.net\/\"},{\"@type\":\"ListItem\",\"position\":2,\"name\":\"Product\",\"item\":\"https:\/\/lazersystem.net\/ru\/\u043f\u0440\u043e\u0434\u0443\u043a\u0442\"},{\"@type\":\"ListItem\",\"position\":3,\"name\":\"M\u00e1quina port\u00e1til de limpeza a laser de fibra 100W\"}]},{\"@type\":\"WebSite\",\"@id\":\"https:\/\/lazersystem.net\/#website\",\"url\":\"https:\/\/lazersystem.net\/\",\"name\":\"BOGONG Laser Machine\",\"description\":\"\",\"publisher\":{\"@id\":\"https:\/\/lazersystem.net\/#organization\"},\"potentialAction\":[{\"@type\":\"SearchAction\",\"target\":{\"@type\":\"EntryPoint\",\"urlTemplate\":\"https:\/\/lazersystem.net\/?s={search_term_string}\"},\"query-input\":{\"@type\":\"PropertyValueSpecification\",\"valueRequired\":true,\"valueName\":\"search_term_string\"}}],\"inLanguage\":\"ko-KR\"},{\"@type\":\"Organization\",\"@id\":\"https:\/\/lazersystem.net\/#organization\",\"name\":\"BOGONG Laser Machine\",\"url\":\"https:\/\/lazersystem.net\/\",\"logo\":{\"@type\":\"ImageObject\",\"inLanguage\":\"ko-KR\",\"@id\":\"https:\/\/lazersystem.net\/#\/schema\/logo\/image\/\",\"url\":\"https:\/\/lazersystem.net\/wp-content\/uploads\/2024\/04\/\u672a\u6807\u9898-1-3.jpg\",\"contentUrl\":\"https:\/\/lazersystem.net\/wp-content\/uploads\/2024\/04\/\u672a\u6807\u9898-1-3.jpg\",\"width\":1920,\"height\":650,\"caption\":\"BOGONG Laser Machine\"},\"image\":{\"@id\":\"https:\/\/lazersystem.net\/#\/schema\/logo\/image\/\"}}]}<\/script>\n<!-- \/ Yoast SEO Premium plugin. -->","yoast_head_json":{"title":"M\u00e1quina port\u00e1til de limpeza a laser de fibra 100W - BOGONG Laser Machine","robots":{"index":"index","follow":"follow","max-snippet":"max-snippet:-1","max-image-preview":"max-image-preview:large","max-video-preview":"max-video-preview:-1"},"canonical":"https:\/\/lazersystem.net\/ko_kr\/\ud30c\uc774\ubc84-\ub808\uc774\uc800-\ud074\ub9ac\ub2dd-\uba38\uc2e0\/\ud384\uc2a4-\ub808\uc774\uc800-\uccad\uc18c\uae30\/portable-fiber-laser-cleaning-machine-100w","og_locale":"ko_KR","og_type":"article","og_title":"M\u00e1quina port\u00e1til de limpeza a laser de fibra 100W","og_description":"M\u00e9todo de trabalho de sa\u00edda: pulso\/cont\u00ednuo  Comprimento do cabo da armadura de sa\u00edda: 5m  Pot\u00eancia m\u00e9dia de sa\u00edda:&gt;100w  m\u00e9todo de resfriamento: refrigerado a ar  Tens\u00e3o de alimenta\u00e7\u00e3o: 220v  Consumo m\u00e1ximo de energia:&lt;450  Seja anti-alta reflex\u00e3o: sim  faixa de temperatura de trabalho: 0 ~ 40 \u2103  Faixa de temperatura de armazenamento: -10 ~ 60 \u2103  Tamanho inteiro da m\u00e1quina: 617*469*291mm  Peso total: 28kg  Cabe\u00e7a do laser: 0,62 kg","og_url":"https:\/\/lazersystem.net\/ko_kr\/\ud30c\uc774\ubc84-\ub808\uc774\uc800-\ud074\ub9ac\ub2dd-\uba38\uc2e0\/\ud384\uc2a4-\ub808\uc774\uc800-\uccad\uc18c\uae30\/portable-fiber-laser-cleaning-machine-100w","og_site_name":"BOGONG Laser Machine","article_modified_time":"2024-07-03T07:28:29+00:00","og_image":[{"width":600,"height":600,"url":"https:\/\/lazersystem.net\/wp-content\/uploads\/2024\/04\/\u706b\u8fa3\u8fa32.jpg","type":"image\/jpeg"}],"twitter_card":"summary_large_image","twitter_misc":{"\uc608\uc0c1 \ub418\ub294 \ud310\ub3c5 \uc2dc\uac04":"3\ubd84"},"schema":{"@context":"https:\/\/schema.org","@graph":[{"@type":"WebPage","@id":"https:\/\/lazersystem.net\/fiber-laser-cleaning-machine\/pulse-laser-cleaning-machine\/portable-fiber-laser-cleaning-machine-100w","url":"https:\/\/lazersystem.net\/fiber-laser-cleaning-machine\/pulse-laser-cleaning-machine\/portable-fiber-laser-cleaning-machine-100w","name":"M\u00e1quina port\u00e1til de limpeza a laser de fibra 100W - BOGONG Laser Machine","isPartOf":{"@id":"https:\/\/lazersystem.net\/#website"},"primaryImageOfPage":{"@id":"https:\/\/lazersystem.net\/fiber-laser-cleaning-machine\/pulse-laser-cleaning-machine\/portable-fiber-laser-cleaning-machine-100w#primaryimage"},"image":{"@id":"https:\/\/lazersystem.net\/fiber-laser-cleaning-machine\/pulse-laser-cleaning-machine\/portable-fiber-laser-cleaning-machine-100w#primaryimage"},"thumbnailUrl":"https:\/\/lazersystem.net\/wp-content\/uploads\/2024\/04\/\u706b\u8fa3\u8fa32.jpg","datePublished":"2024-04-25T07:21:09+00:00","dateModified":"2024-07-03T07:28:29+00:00","breadcrumb":{"@id":"https:\/\/lazersystem.net\/fiber-laser-cleaning-machine\/pulse-laser-cleaning-machine\/portable-fiber-laser-cleaning-machine-100w#breadcrumb"},"inLanguage":"ko-KR","potentialAction":[{"@type":"ReadAction","target":["https:\/\/lazersystem.net\/fiber-laser-cleaning-machine\/pulse-laser-cleaning-machine\/portable-fiber-laser-cleaning-machine-100w"]}]},{"@type":"ImageObject","inLanguage":"ko-KR","@id":"https:\/\/lazersystem.net\/fiber-laser-cleaning-machine\/pulse-laser-cleaning-machine\/portable-fiber-laser-cleaning-machine-100w#primaryimage","url":"https:\/\/lazersystem.net\/wp-content\/uploads\/2024\/04\/\u706b\u8fa3\u8fa32.jpg","contentUrl":"https:\/\/lazersystem.net\/wp-content\/uploads\/2024\/04\/\u706b\u8fa3\u8fa32.jpg","width":600,"height":600},{"@type":"BreadcrumbList","@id":"https:\/\/lazersystem.net\/fiber-laser-cleaning-machine\/pulse-laser-cleaning-machine\/portable-fiber-laser-cleaning-machine-100w#breadcrumb","itemListElement":[{"@type":"ListItem","position":1,"name":"Home","item":"https:\/\/lazersystem.net\/"},{"@type":"ListItem","position":2,"name":"Product","item":"https:\/\/lazersystem.net\/ru\/\u043f\u0440\u043e\u0434\u0443\u043a\u0442"},{"@type":"ListItem","position":3,"name":"M\u00e1quina port\u00e1til de limpeza a laser de fibra 100W"}]},{"@type":"WebSite","@id":"https:\/\/lazersystem.net\/#website","url":"https:\/\/lazersystem.net\/","name":"BOGONG \ub808\uc774\uc800 \uae30\uacc4","description":"","publisher":{"@id":"https:\/\/lazersystem.net\/#organization"},"potentialAction":[{"@type":"SearchAction","target":{"@type":"EntryPoint","urlTemplate":"https:\/\/lazersystem.net\/?s={search_term_string}"},"query-input":{"@type":"PropertyValueSpecification","valueRequired":true,"valueName":"search_term_string"}}],"inLanguage":"ko-KR"},{"@type":"Organization","@id":"https:\/\/lazersystem.net\/#organization","name":"BOGONG \ub808\uc774\uc800 \uae30\uacc4","url":"https:\/\/lazersystem.net\/","logo":{"@type":"ImageObject","inLanguage":"ko-KR","@id":"https:\/\/lazersystem.net\/#\/schema\/logo\/image\/","url":"https:\/\/lazersystem.net\/wp-content\/uploads\/2024\/04\/\u672a\u6807\u9898-1-3.jpg","contentUrl":"https:\/\/lazersystem.net\/wp-content\/uploads\/2024\/04\/\u672a\u6807\u9898-1-3.jpg","width":1920,"height":650,"caption":"BOGONG Laser Machine"},"image":{"@id":"https:\/\/lazersystem.net\/#\/schema\/logo\/image\/"}}]}},"_links":{"self":[{"href":"https:\/\/lazersystem.net\/ko_kr\/wp-json\/wp\/v2\/product\/4835","targetHints":{"allow":["GET"]}}],"collection":[{"href":"https:\/\/lazersystem.net\/ko_kr\/wp-json\/wp\/v2\/product"}],"about":[{"href":"https:\/\/lazersystem.net\/ko_kr\/wp-json\/wp\/v2\/types\/product"}],"replies":[{"embeddable":true,"href":"https:\/\/lazersystem.net\/ko_kr\/wp-json\/wp\/v2\/comments?post=4835"}],"wp:featuredmedia":[{"embeddable":true,"href":"https:\/\/lazersystem.net\/ko_kr\/wp-json\/wp\/v2\/media\/4836"}],"wp:attachment":[{"href":"https:\/\/lazersystem.net\/ko_kr\/wp-json\/wp\/v2\/media?parent=4835"}],"wp:term":[{"taxonomy":"product_brand","embeddable":true,"href":"https:\/\/lazersystem.net\/ko_kr\/wp-json\/wp\/v2\/product_brand?post=4835"},{"taxonomy":"product_cat","embeddable":true,"href":"https:\/\/lazersystem.net\/ko_kr\/wp-json\/wp\/v2\/product_cat?post=4835"},{"taxonomy":"product_tag","embeddable":true,"href":"https:\/\/lazersystem.net\/ko_kr\/wp-json\/wp\/v2\/product_tag?post=4835"}],"curies":[{"name":"wp","href":"https:\/\/api.w.org\/{rel}","templated":true}]}}