{"id":4969,"date":"2024-07-23T08:03:57","date_gmt":"2024-07-23T08:03:57","guid":{"rendered":"https:\/\/lazersystem.net\/?post_type=product&#038;p=4969"},"modified":"2024-07-23T08:20:34","modified_gmt":"2024-07-23T08:20:34","slug":"limpeza-com-mochila-laser-maquina-de-limpeza-portatil-maquina-de-limpeza-a-laser-100w-200w-300w","status":"publish","type":"product","link":"https:\/\/lazersystem.net\/id\/mesin-pembersih-laser-serat\/mesin-pembersih-laser-pulsa\/limpeza-com-mochila-laser-maquina-de-limpeza-portatil-maquina-de-limpeza-a-laser-100w-200w-300w","title":{"rendered":"Limpeza dengan laser mochila: mesin limpeza port\u00e1til | Mesin limpeza dengan laser 100W 200W 300W"},"content":{"rendered":"<p>Kami mempersembahkan BOGONG Laser Cleaner, sebuah mesin penghilang bulu yang memiliki fitur penghilang bulu dengan laser yang sederhana dan efisien. Temukan metode tradisional penghilang bulu dengan inovasi ferramenta ini!<\/p>\n<p>Cobalah masa depan yang lebih baik dengan alat penghilang bulu mata inovatif ini dengan laser mochila! Perangkat ini dilengkapi dengan teknologi laser untuk menghilangkan bulu dengan mudah, memberikan hasil yang maksimal dan beragam. Kami menggunakan metode penghilangan bulu mata tradisional dan sangat efisien serta praktis dengan menggunakan laser mochila. Kami akan menunjukkan bagaimana revolusi ferramenta ini dapat mengubah kebiasaan Anda dalam melangsingkan tubuh dan menghadirkan aplikasi baru ke dalam kehidupan Anda.<\/p>\n<div class=\"video video-fit mb\" style=\"padding-top:56.25%;\"><p><iframe title=\"Membersihkan dengan Laser Ransel: Mesin Pembersih Portabel | Mesin Pembersih Laser 100W 200W 300W\" width=\"1020\" height=\"574\" src=\"https:\/\/www.youtube.com\/embed\/o8XO3bdZO-s?feature=oembed\" frameborder=\"0\" allow=\"accelerometer; autoplay; clipboard-write; encrypted-media; gyroscope; picture-in-picture; web-share\" referrerpolicy=\"strict-origin-when-cross-origin\" allowfullscreen><\/iframe><\/p>\n<\/div>\n<p>Mesin pemangkas rambut dengan laser 300w memiliki berbagai atribut eksklusif. Pada bagian depan, desainnya yang ringkas dan portabilitasnya memberikan fleksibilitas dan kemudahan penggunaan yang sangat baik, memungkinkan operator untuk mengangkutnya dengan mudah ke berbagai tempat untuk melakukan pemangkasan. Pada bagian kedua, dilengkapi dengan laser berdenyut dengan daya tinggi 300 W, alat ini dapat menghilangkan bentuk yang cepat dan efektif pada permukaan yang dangkal, lapisan oksida dan penelitian yang membutuhkan pelarut yang keras atau abrasif. Ini tidak hanya menjamin perlindungan lingkungan, tetapi juga meningkatkan efisiensi energi, menghasilkan operasi yang berkelanjutan untuk aplikasi yang tidak mudah rusak.<\/p>\n\t<div class=\"img has-hover x md-x lg-x y md-y lg-y\" id=\"image_1336385976\">\n\t\t\t\t\t\t\t\t<div class=\"img-inner dark\" >\n\t\t\t<img fetchpriority=\"high\" decoding=\"async\" width=\"768\" height=\"909\" src=\"https:\/\/lazersystem.net\/wp-content\/uploads\/2024\/07\/\u5fae\u4fe1\u56fe\u7247_20240723161013-768x909.png\" class=\"attachment-medium_large size-medium_large\" alt=\"\" srcset=\"https:\/\/lazersystem.net\/wp-content\/uploads\/2024\/07\/\u5fae\u4fe1\u56fe\u7247_20240723161013-768x909.png 768w, https:\/\/lazersystem.net\/wp-content\/uploads\/2024\/07\/\u5fae\u4fe1\u56fe\u7247_20240723161013-676x800.png 676w, https:\/\/lazersystem.net\/wp-content\/uploads\/2024\/07\/\u5fae\u4fe1\u56fe\u7247_20240723161013-10x12.png 10w, https:\/\/lazersystem.net\/wp-content\/uploads\/2024\/07\/\u5fae\u4fe1\u56fe\u7247_20240723161013-300x355.png 300w, https:\/\/lazersystem.net\/wp-content\/uploads\/2024\/07\/\u5fae\u4fe1\u56fe\u7247_20240723161013-600x710.png 600w, https:\/\/lazersystem.net\/wp-content\/uploads\/2024\/07\/\u5fae\u4fe1\u56fe\u7247_20240723161013.png 790w\" sizes=\"(max-width: 768px) 100vw, 768px\" \/>\t\t\t\t\t\t\n\t\t\t\t\t<\/div>\n\t\t\t\t\t\t\t\t\n<style>\n#image_1336385976 {\n  width: 100%;\n}\n<\/style>\n\t<\/div>\n\t\n<h2>Tas ransel Backpack Pulse Laser Cleaner memiliki desain yang ringkas dan ringan, dengan berat hanya 0,75 kg.<\/h2>\n<h2>Desain yang memberikan perlindungan terhadap suara dan anti-interferensi yang menjamin pengoperasian yang nyaman dan aman di berbagai lingkungan.<\/h2>\n<h2>Seorang ahli profesional yang meminjamkan laser dapat melakukan berbagai macam aplikasi laser.<\/h2>\n\t<div class=\"img has-hover x md-x lg-x y md-y lg-y\" id=\"image_1239389404\">\n\t\t\t\t\t\t\t\t<div class=\"img-inner dark\" >\n\t\t\t<img decoding=\"async\" width=\"768\" height=\"1251\" src=\"https:\/\/lazersystem.net\/wp-content\/uploads\/2024\/07\/\u5fae\u4fe1\u56fe\u7247_20240723161016-768x1251.png\" class=\"attachment-medium_large size-medium_large\" alt=\"\" srcset=\"https:\/\/lazersystem.net\/wp-content\/uploads\/2024\/07\/\u5fae\u4fe1\u56fe\u7247_20240723161016-768x1251.png 768w, https:\/\/lazersystem.net\/wp-content\/uploads\/2024\/07\/\u5fae\u4fe1\u56fe\u7247_20240723161016-614x1000.png 614w, https:\/\/lazersystem.net\/wp-content\/uploads\/2024\/07\/\u5fae\u4fe1\u56fe\u7247_20240723161016-491x800.png 491w, https:\/\/lazersystem.net\/wp-content\/uploads\/2024\/07\/\u5fae\u4fe1\u56fe\u7247_20240723161016-7x12.png 7w, https:\/\/lazersystem.net\/wp-content\/uploads\/2024\/07\/\u5fae\u4fe1\u56fe\u7247_20240723161016-300x489.png 300w, https:\/\/lazersystem.net\/wp-content\/uploads\/2024\/07\/\u5fae\u4fe1\u56fe\u7247_20240723161016-600x977.png 600w, https:\/\/lazersystem.net\/wp-content\/uploads\/2024\/07\/\u5fae\u4fe1\u56fe\u7247_20240723161016.png 790w\" sizes=\"(max-width: 768px) 100vw, 768px\" \/>\t\t\t\t\t\t\n\t\t\t\t\t<\/div>\n\t\t\t\t\t\t\t\t\n<style>\n#image_1239389404 {\n  width: 100%;\n}\n<\/style>\n\t<\/div>\n\t\n\t<div class=\"img has-hover x md-x lg-x y md-y lg-y\" id=\"image_543410380\">\n\t\t\t\t\t\t\t\t<div class=\"img-inner dark\" >\n\t\t\t<img decoding=\"async\" width=\"565\" height=\"800\" src=\"https:\/\/lazersystem.net\/wp-content\/uploads\/2024\/07\/\u5fae\u4fe1\u56fe\u7247_20240723161019-565x800.png\" class=\"attachment-large size-large\" alt=\"\" srcset=\"https:\/\/lazersystem.net\/wp-content\/uploads\/2024\/07\/\u5fae\u4fe1\u56fe\u7247_20240723161019-565x800.png 565w, https:\/\/lazersystem.net\/wp-content\/uploads\/2024\/07\/\u5fae\u4fe1\u56fe\u7247_20240723161019-706x1000.png 706w, https:\/\/lazersystem.net\/wp-content\/uploads\/2024\/07\/\u5fae\u4fe1\u56fe\u7247_20240723161019-768x1088.png 768w, https:\/\/lazersystem.net\/wp-content\/uploads\/2024\/07\/\u5fae\u4fe1\u56fe\u7247_20240723161019-8x12.png 8w, https:\/\/lazersystem.net\/wp-content\/uploads\/2024\/07\/\u5fae\u4fe1\u56fe\u7247_20240723161019-300x425.png 300w, https:\/\/lazersystem.net\/wp-content\/uploads\/2024\/07\/\u5fae\u4fe1\u56fe\u7247_20240723161019-600x850.png 600w, https:\/\/lazersystem.net\/wp-content\/uploads\/2024\/07\/\u5fae\u4fe1\u56fe\u7247_20240723161019.png 790w\" sizes=\"(max-width: 565px) 100vw, 565px\" \/>\t\t\t\t\t\t\n\t\t\t\t\t<\/div>\n\t\t\t\t\t\t\t\t\n<style>\n#image_543410380 {\n  width: 100%;\n}\n<\/style>\n\t<\/div>\n\t\n<h2>Berfungsi sebagai pengikat laser berdenyut 300 W<\/h2>\n<p>1. Hentikan kegiatan makan dan minum:<br \/>\nLetakkan di atas meja dengan daya listrik yang memadai, untuk memastikan bahwa spesifikasi jenis makanan sesuai dengan kebutuhan perangkat.<br \/>\n2. Ligue a chave de igni\u00e7\u00e3o:<br \/>\nGunakan interruptor untuk menghentikan mesin. Ini akan mengaktifkan sistem laser dan mempersiapkannya untuk berfungsi.<br \/>\n3. Gunakan pelindung mata:<br \/>\nPastikan bahwa Anda menggunakan pelindung mata yang memadai untuk menghindari paparan yang tidak disengaja.<br \/>\n4. Lepaskan alat kontrol dan sesuaikan parameternya:<br \/>\nMenyesuaikan parameter fungsi dengan jenis kelambanan tertentu. Anda dapat memasukkan definisi durasi impuls, frekuensi dan intensitas laser, tergantung pada jenis superfisiensi dan kontinuitas.<br \/>\n5. Tekan tombol pada bagian bawah tabung laser dan hentikan tempo limpahannya:<br \/>\nColokkan sinar laser pada area yang berpura-pura lemas.<br \/>\nTingkatkan daya tahan tubuh Anda pada bagian depan laser untuk memulai proses pelemahan.<br \/>\nGerakkan kabel laser dengan bentuk yang konstan di atas benda kerja untuk menjamin kelenturan yang sempurna. Anda dapat memantau kemajuannya dan menyesuaikan kecepatan sesuai kebutuhan.<\/p>\n\t<div class=\"img has-hover x md-x lg-x y md-y lg-y\" id=\"image_1178745462\">\n\t\t\t\t\t\t\t\t<div class=\"img-inner dark\" >\n\t\t\t<img loading=\"lazy\" decoding=\"async\" width=\"768\" height=\"1284\" src=\"https:\/\/lazersystem.net\/wp-content\/uploads\/2024\/07\/\u5fae\u4fe1\u56fe\u7247_20240723161022-768x1284.png\" class=\"attachment-medium_large size-medium_large\" alt=\"\" srcset=\"https:\/\/lazersystem.net\/wp-content\/uploads\/2024\/07\/\u5fae\u4fe1\u56fe\u7247_20240723161022-768x1284.png 768w, https:\/\/lazersystem.net\/wp-content\/uploads\/2024\/07\/\u5fae\u4fe1\u56fe\u7247_20240723161022-598x1000.png 598w, https:\/\/lazersystem.net\/wp-content\/uploads\/2024\/07\/\u5fae\u4fe1\u56fe\u7247_20240723161022-478x800.png 478w, https:\/\/lazersystem.net\/wp-content\/uploads\/2024\/07\/\u5fae\u4fe1\u56fe\u7247_20240723161022-7x12.png 7w, https:\/\/lazersystem.net\/wp-content\/uploads\/2024\/07\/\u5fae\u4fe1\u56fe\u7247_20240723161022-300x502.png 300w, https:\/\/lazersystem.net\/wp-content\/uploads\/2024\/07\/\u5fae\u4fe1\u56fe\u7247_20240723161022-600x1003.png 600w, https:\/\/lazersystem.net\/wp-content\/uploads\/2024\/07\/\u5fae\u4fe1\u56fe\u7247_20240723161022.png 790w\" sizes=\"(max-width: 768px) 100vw, 768px\" \/>\t\t\t\t\t\t\n\t\t\t\t\t<\/div>\n\t\t\t\t\t\t\t\t\n<style>\n#image_1178745462 {\n  width: 100%;\n}\n<\/style>\n\t<\/div>\n\t\n<h2>Aplicativo:<\/h2>\n<h2>industria autom\u00f3vel:<\/h2>\n<p>Dalam pembuatan dan reparasi mobil, Anda dapat menghilangkan residu oli secara efektif, menjaga kebersihan dan tinta pada bodi mobil untuk menjamin kelenturan dan kerusakan bodi.<br \/>\nPengoperasian dengan kontrol jarak jauh memiliki proses yang lebih fleksibel dan dapat menutup dengan berbagai format yang rumit.<\/p>\n<h2>Aeroespacial:<\/h2>\n<p>Untuk pelumasan motor aeroespace dan komponen penting lainnya, mesin pelumasan laser ini dapat menghilangkan kerak oksida dan debu, meningkatkan keamanan dan keawetan komponen.<br \/>\nBahan-bahan aeroespaciais yang sensitif dapat terlindungi dari bahaya yang diakibatkan oleh laser.<\/p>\n<h2>pengolahan logam:<\/h2>\n<p>Amplemen yang digunakan dalam industri pengolahan logam, dapat menghilangkan ferrugem, minyak, dan residu logam pada permukaan logam secara efektif, meningkatkan kualitas permukaan dan hasil yang diperoleh setelah pengolahan.<br \/>\nProses pelemahan laser adalah teman bagi lingkungan dan tidak menggunakan produk yang berbahaya, mengurangi dampak pada lingkungan.<\/p>\n<h2>Perlindungan terhadap warisan budaya:<\/h2>\n<p>Dalam melindungi warisan budaya dan karya seni, dapat menghilangkan rasa takut dan kekhawatiran yang berlebihan, memperlambat efektivitas pengembangan dan pengembangan budaya.<br \/>\nCukup memadai untuk memproses karya seni dengan baik, melindungi sejarah yang relevan dan mempertahankan cita rasa aslinya.<\/p>\n<h2>Problema Comum<\/h2>\n<h2>T1: Jika kami tidak memiliki informasi lebih lanjut mengenai laser, apa yang bisa kami dapatkan?<\/h2>\n<p>A1: Apa yang kami tawarkan akan memberikan solusi aplikasi yang disesuaikan dengan kebutuhan Anda, dengan menginformasikan materi, tekanan materi, rekening bank, email, atau ID Whatsapp Anda.<\/p>\n<h2>T2: Ketika saya menggunakan mesin ini, saya tidak tahu, bagaimana cara menggunakannya. apa yang saya rasakan?<\/h2>\n<p>A2: Kami melakukan pemasangan, penyimpanan, dan pelatihan untuk pengguna teknis yang paling penting untuk memastikan bahwa pengguna telah terbiasa dengan metode pengoperasian dan menempatkan mesin pada penggunaan yang lebih cepat;<\/p>\n<h2>T3: Apa yang harus Anda lakukan jika ada masalah dengan mesin tanpa bahasa lokal?<\/h2>\n<p>A3: Sesuai dengan panduan penggunaan, umumnya tidak ada masalah dalam \"penggunaan normal\". Selain itu, jika Anda tidak memiliki waktu luang, peralatan servis profesional kami selalu tersedia untuk memberikan semua dukungan yang diperlukan!<\/p>\n<h2>T4: Model ini tidak memadai bagi saya, Anda memiliki lebih banyak model?<\/h2>\n<p>A4: Claro, untuk memenuhi kebutuhan klien yang berbeda-beda, kami mempelajari banyak model lain yang berbeda<\/p>","protected":false},"excerpt":{"rendered":"<p>Potensi daya laser:&gt; 100 W<br \/>\nJenis makanan tingkat lanjut: kurang dari 5%<br \/>\nMetode penggunaan laser: pulsa<br \/>\nLargura de pulso: 150-190ns<br \/>\nEnergi maksimum denyut jantung: 1,7mJ<br \/>\nGama pengaturan potensi (%): 10-100 (tingkat bertahap)<br \/>\nTaksa pengulangan (kHz): 20-200 (secara bertahap)<br \/>\nPanjang serat: 1,5 m<br \/>\nMetode perbaikan: perbaikan kerusakan<br \/>\nKonsumsi energi: &lt;600W<br \/>\nSuhu pengoperasian: 5\u00b0C ~ 40\u00b0C<\/p>","protected":false},"featured_media":4972,"comment_status":"open","ping_status":"closed","template":"","meta":[],"product_brand":[],"product_cat":[191],"product_tag":[314,263,309,308,271,313,311,310,312,315],"class_list":{"0":"post-4969","1":"product","2":"type-product","3":"status-publish","4":"has-post-thumbnail","6":"product_cat-pulse-laser-cleaning-machine","7":"product_tag-300w-pulse-laser-cleaning-machine-wood","8":"product_tag-laser-de-remocao-de-ferrugem-300w","9":"product_tag-limpador-a-laser-de-pulso-de-300-w","10":"product_tag-limpeza-a-laser-300w","11":"product_tag-maquina-de-limpeza-a-laser-300w","12":"product_tag-maquina-de-limpeza-a-laser-de-fibra-pulso-300w","13":"product_tag-maquina-de-limpeza-a-laser-de-pulso-300w","14":"product_tag-maquina-de-limpeza-a-laser-de-pulso-300w-maxcool","15":"product_tag-maquina-de-limpeza-a-laser-pulso-300w","16":"product_tag-narran-da-maquina-de-limpeza-a-laser-de-pulso-de-300-w","18":"first","19":"instock","20":"shipping-taxable","21":"purchasable","22":"product-type-simple"},"yoast_head":"<!-- This site is optimized with the Yoast SEO Premium plugin v21.5 (Yoast SEO v25.2) - https:\/\/yoast.com\/wordpress\/plugins\/seo\/ -->\n<title>Limpeza com mochila laser: m\u00e1quina de limpeza port\u00e1til | M\u00e1quina de limpeza a laser 100W 200W 300W - BOGONG Laser Machine<\/title>\n<meta name=\"robots\" content=\"index, follow, max-snippet:-1, max-image-preview:large, max-video-preview:-1\" \/>\n<link rel=\"canonical\" href=\"https:\/\/lazersystem.net\/id\/mesin-pembersih-laser-serat\/mesin-pembersih-laser-pulsa\/limpeza-com-mochila-laser-maquina-de-limpeza-portatil-maquina-de-limpeza-a-laser-100w-200w-300w\" \/>\n<meta property=\"og:locale\" content=\"id_ID\" \/>\n<meta property=\"og:type\" content=\"article\" \/>\n<meta property=\"og:title\" content=\"Limpeza com mochila laser: m\u00e1quina de limpeza port\u00e1til | M\u00e1quina de limpeza a laser 100W 200W 300W\" \/>\n<meta property=\"og:description\" content=\"Pot\u00eancia m\u00e9dia do laser:&gt; 100 W Fonte de alimenta\u00e7\u00e3o inst\u00e1vel: menos de 5% M\u00e9todo de trabalho a laser: pulso Largura de pulso: 150-190ns Energia m\u00e1xima de pulso \u00fanico: 1,7mJ Gama de regula\u00e7\u00e3o da pot\u00eancia (%):10-100 (ajust\u00e1vel gradualmente) Taxa de repeti\u00e7\u00e3o (kHz):20-200 (ajust\u00e1vel gradualmente) Comprimento da fibra: 1,5 m M\u00e9todo de arrefecimento: arrefecimento de ar Consumo de energia:&lt;600W Temperatura de funcionamento: 5\u00b0C ~ 40\u00b0C\" \/>\n<meta property=\"og:url\" content=\"https:\/\/lazersystem.net\/id\/mesin-pembersih-laser-serat\/mesin-pembersih-laser-pulsa\/limpeza-com-mochila-laser-maquina-de-limpeza-portatil-maquina-de-limpeza-a-laser-100w-200w-300w\" \/>\n<meta property=\"og:site_name\" content=\"BOGONG Laser Machine\" \/>\n<meta property=\"article:modified_time\" content=\"2024-07-23T08:20:34+00:00\" \/>\n<meta property=\"og:image\" content=\"https:\/\/lazersystem.net\/wp-content\/uploads\/2024\/07\/\u5fae\u4fe1\u56fe\u7247_20240723160205.png\" \/>\n\t<meta property=\"og:image:width\" content=\"800\" \/>\n\t<meta property=\"og:image:height\" content=\"800\" \/>\n\t<meta property=\"og:image:type\" content=\"image\/png\" \/>\n<meta name=\"twitter:card\" content=\"summary_large_image\" \/>\n<meta name=\"twitter:label1\" content=\"Estimasi waktu membaca\" \/>\n\t<meta name=\"twitter:data1\" content=\"5 menit\" \/>\n<script type=\"application\/ld+json\" class=\"yoast-schema-graph\">{\"@context\":\"https:\/\/schema.org\",\"@graph\":[{\"@type\":\"WebPage\",\"@id\":\"https:\/\/lazersystem.net\/fiber-laser-cleaning-machine\/pulse-laser-cleaning-machine\/limpeza-com-mochila-laser-maquina-de-limpeza-portatil-maquina-de-limpeza-a-laser-100w-200w-300w\",\"url\":\"https:\/\/lazersystem.net\/fiber-laser-cleaning-machine\/pulse-laser-cleaning-machine\/limpeza-com-mochila-laser-maquina-de-limpeza-portatil-maquina-de-limpeza-a-laser-100w-200w-300w\",\"name\":\"Limpeza com mochila laser: m\u00e1quina de limpeza port\u00e1til | M\u00e1quina de limpeza a laser 100W 200W 300W - BOGONG Laser Machine\",\"isPartOf\":{\"@id\":\"https:\/\/lazersystem.net\/#website\"},\"primaryImageOfPage\":{\"@id\":\"https:\/\/lazersystem.net\/fiber-laser-cleaning-machine\/pulse-laser-cleaning-machine\/limpeza-com-mochila-laser-maquina-de-limpeza-portatil-maquina-de-limpeza-a-laser-100w-200w-300w#primaryimage\"},\"image\":{\"@id\":\"https:\/\/lazersystem.net\/fiber-laser-cleaning-machine\/pulse-laser-cleaning-machine\/limpeza-com-mochila-laser-maquina-de-limpeza-portatil-maquina-de-limpeza-a-laser-100w-200w-300w#primaryimage\"},\"thumbnailUrl\":\"https:\/\/lazersystem.net\/wp-content\/uploads\/2024\/07\/\u5fae\u4fe1\u56fe\u7247_20240723160205.png\",\"datePublished\":\"2024-07-23T08:03:57+00:00\",\"dateModified\":\"2024-07-23T08:20:34+00:00\",\"breadcrumb\":{\"@id\":\"https:\/\/lazersystem.net\/fiber-laser-cleaning-machine\/pulse-laser-cleaning-machine\/limpeza-com-mochila-laser-maquina-de-limpeza-portatil-maquina-de-limpeza-a-laser-100w-200w-300w#breadcrumb\"},\"inLanguage\":\"id\",\"potentialAction\":[{\"@type\":\"ReadAction\",\"target\":[\"https:\/\/lazersystem.net\/fiber-laser-cleaning-machine\/pulse-laser-cleaning-machine\/limpeza-com-mochila-laser-maquina-de-limpeza-portatil-maquina-de-limpeza-a-laser-100w-200w-300w\"]}]},{\"@type\":\"ImageObject\",\"inLanguage\":\"id\",\"@id\":\"https:\/\/lazersystem.net\/fiber-laser-cleaning-machine\/pulse-laser-cleaning-machine\/limpeza-com-mochila-laser-maquina-de-limpeza-portatil-maquina-de-limpeza-a-laser-100w-200w-300w#primaryimage\",\"url\":\"https:\/\/lazersystem.net\/wp-content\/uploads\/2024\/07\/\u5fae\u4fe1\u56fe\u7247_20240723160205.png\",\"contentUrl\":\"https:\/\/lazersystem.net\/wp-content\/uploads\/2024\/07\/\u5fae\u4fe1\u56fe\u7247_20240723160205.png\",\"width\":800,\"height\":800},{\"@type\":\"BreadcrumbList\",\"@id\":\"https:\/\/lazersystem.net\/fiber-laser-cleaning-machine\/pulse-laser-cleaning-machine\/limpeza-com-mochila-laser-maquina-de-limpeza-portatil-maquina-de-limpeza-a-laser-100w-200w-300w#breadcrumb\",\"itemListElement\":[{\"@type\":\"ListItem\",\"position\":1,\"name\":\"Home\",\"item\":\"https:\/\/lazersystem.net\/\"},{\"@type\":\"ListItem\",\"position\":2,\"name\":\"Product\",\"item\":\"https:\/\/lazersystem.net\/ru\/\u043f\u0440\u043e\u0434\u0443\u043a\u0442\"},{\"@type\":\"ListItem\",\"position\":3,\"name\":\"Limpeza com mochila laser: m\u00e1quina de limpeza port\u00e1til | M\u00e1quina de limpeza a laser 100W 200W 300W\"}]},{\"@type\":\"WebSite\",\"@id\":\"https:\/\/lazersystem.net\/#website\",\"url\":\"https:\/\/lazersystem.net\/\",\"name\":\"BOGONG Laser Machine\",\"description\":\"\",\"publisher\":{\"@id\":\"https:\/\/lazersystem.net\/#organization\"},\"potentialAction\":[{\"@type\":\"SearchAction\",\"target\":{\"@type\":\"EntryPoint\",\"urlTemplate\":\"https:\/\/lazersystem.net\/?s={search_term_string}\"},\"query-input\":{\"@type\":\"PropertyValueSpecification\",\"valueRequired\":true,\"valueName\":\"search_term_string\"}}],\"inLanguage\":\"id\"},{\"@type\":\"Organization\",\"@id\":\"https:\/\/lazersystem.net\/#organization\",\"name\":\"BOGONG Laser Machine\",\"url\":\"https:\/\/lazersystem.net\/\",\"logo\":{\"@type\":\"ImageObject\",\"inLanguage\":\"id\",\"@id\":\"https:\/\/lazersystem.net\/#\/schema\/logo\/image\/\",\"url\":\"https:\/\/lazersystem.net\/wp-content\/uploads\/2024\/04\/\u672a\u6807\u9898-1-3.jpg\",\"contentUrl\":\"https:\/\/lazersystem.net\/wp-content\/uploads\/2024\/04\/\u672a\u6807\u9898-1-3.jpg\",\"width\":1920,\"height\":650,\"caption\":\"BOGONG Laser Machine\"},\"image\":{\"@id\":\"https:\/\/lazersystem.net\/#\/schema\/logo\/image\/\"}}]}<\/script>\n<!-- \/ Yoast SEO Premium plugin. -->","yoast_head_json":{"title":"Limpeza com mochila laser: mesin limpeza port\u00e1til | Mesin limpeza dengan laser 100W 200W 300W - Mesin Laser BOGONG","robots":{"index":"index","follow":"follow","max-snippet":"max-snippet:-1","max-image-preview":"max-image-preview:large","max-video-preview":"max-video-preview:-1"},"canonical":"https:\/\/lazersystem.net\/id\/mesin-pembersih-laser-serat\/mesin-pembersih-laser-pulsa\/limpeza-com-mochila-laser-maquina-de-limpeza-portatil-maquina-de-limpeza-a-laser-100w-200w-300w","og_locale":"id_ID","og_type":"article","og_title":"Limpeza com mochila laser: m\u00e1quina de limpeza port\u00e1til | M\u00e1quina de limpeza a laser 100W 200W 300W","og_description":"Pot\u00eancia m\u00e9dia do laser:&gt; 100 W Fonte de alimenta\u00e7\u00e3o inst\u00e1vel: menos de 5% M\u00e9todo de trabalho a laser: pulso Largura de pulso: 150-190ns Energia m\u00e1xima de pulso \u00fanico: 1,7mJ Gama de regula\u00e7\u00e3o da pot\u00eancia (%):10-100 (ajust\u00e1vel gradualmente) Taxa de repeti\u00e7\u00e3o (kHz):20-200 (ajust\u00e1vel gradualmente) Comprimento da fibra: 1,5 m M\u00e9todo de arrefecimento: arrefecimento de ar Consumo de energia:&lt;600W Temperatura de funcionamento: 5\u00b0C ~ 40\u00b0C","og_url":"https:\/\/lazersystem.net\/id\/mesin-pembersih-laser-serat\/mesin-pembersih-laser-pulsa\/limpeza-com-mochila-laser-maquina-de-limpeza-portatil-maquina-de-limpeza-a-laser-100w-200w-300w","og_site_name":"BOGONG Laser Machine","article_modified_time":"2024-07-23T08:20:34+00:00","og_image":[{"width":800,"height":800,"url":"https:\/\/lazersystem.net\/wp-content\/uploads\/2024\/07\/\u5fae\u4fe1\u56fe\u7247_20240723160205.png","type":"image\/png"}],"twitter_card":"summary_large_image","twitter_misc":{"Estimasi waktu membaca":"5 menit"},"schema":{"@context":"https:\/\/schema.org","@graph":[{"@type":"WebPage","@id":"https:\/\/lazersystem.net\/fiber-laser-cleaning-machine\/pulse-laser-cleaning-machine\/limpeza-com-mochila-laser-maquina-de-limpeza-portatil-maquina-de-limpeza-a-laser-100w-200w-300w","url":"https:\/\/lazersystem.net\/fiber-laser-cleaning-machine\/pulse-laser-cleaning-machine\/limpeza-com-mochila-laser-maquina-de-limpeza-portatil-maquina-de-limpeza-a-laser-100w-200w-300w","name":"Limpeza com mochila laser: mesin limpeza port\u00e1til | Mesin limpeza dengan laser 100W 200W 300W - Mesin Laser BOGONG","isPartOf":{"@id":"https:\/\/lazersystem.net\/#website"},"primaryImageOfPage":{"@id":"https:\/\/lazersystem.net\/fiber-laser-cleaning-machine\/pulse-laser-cleaning-machine\/limpeza-com-mochila-laser-maquina-de-limpeza-portatil-maquina-de-limpeza-a-laser-100w-200w-300w#primaryimage"},"image":{"@id":"https:\/\/lazersystem.net\/fiber-laser-cleaning-machine\/pulse-laser-cleaning-machine\/limpeza-com-mochila-laser-maquina-de-limpeza-portatil-maquina-de-limpeza-a-laser-100w-200w-300w#primaryimage"},"thumbnailUrl":"https:\/\/lazersystem.net\/wp-content\/uploads\/2024\/07\/\u5fae\u4fe1\u56fe\u7247_20240723160205.png","datePublished":"2024-07-23T08:03:57+00:00","dateModified":"2024-07-23T08:20:34+00:00","breadcrumb":{"@id":"https:\/\/lazersystem.net\/fiber-laser-cleaning-machine\/pulse-laser-cleaning-machine\/limpeza-com-mochila-laser-maquina-de-limpeza-portatil-maquina-de-limpeza-a-laser-100w-200w-300w#breadcrumb"},"inLanguage":"id","potentialAction":[{"@type":"ReadAction","target":["https:\/\/lazersystem.net\/fiber-laser-cleaning-machine\/pulse-laser-cleaning-machine\/limpeza-com-mochila-laser-maquina-de-limpeza-portatil-maquina-de-limpeza-a-laser-100w-200w-300w"]}]},{"@type":"ImageObject","inLanguage":"id","@id":"https:\/\/lazersystem.net\/fiber-laser-cleaning-machine\/pulse-laser-cleaning-machine\/limpeza-com-mochila-laser-maquina-de-limpeza-portatil-maquina-de-limpeza-a-laser-100w-200w-300w#primaryimage","url":"https:\/\/lazersystem.net\/wp-content\/uploads\/2024\/07\/\u5fae\u4fe1\u56fe\u7247_20240723160205.png","contentUrl":"https:\/\/lazersystem.net\/wp-content\/uploads\/2024\/07\/\u5fae\u4fe1\u56fe\u7247_20240723160205.png","width":800,"height":800},{"@type":"BreadcrumbList","@id":"https:\/\/lazersystem.net\/fiber-laser-cleaning-machine\/pulse-laser-cleaning-machine\/limpeza-com-mochila-laser-maquina-de-limpeza-portatil-maquina-de-limpeza-a-laser-100w-200w-300w#breadcrumb","itemListElement":[{"@type":"ListItem","position":1,"name":"Home","item":"https:\/\/lazersystem.net\/"},{"@type":"ListItem","position":2,"name":"Product","item":"https:\/\/lazersystem.net\/ru\/\u043f\u0440\u043e\u0434\u0443\u043a\u0442"},{"@type":"ListItem","position":3,"name":"Limpeza com mochila laser: m\u00e1quina de limpeza port\u00e1til | M\u00e1quina de limpeza a laser 100W 200W 300W"}]},{"@type":"WebSite","@id":"https:\/\/lazersystem.net\/#website","url":"https:\/\/lazersystem.net\/","name":"Mesin Laser BOGONG","description":"","publisher":{"@id":"https:\/\/lazersystem.net\/#organization"},"potentialAction":[{"@type":"SearchAction","target":{"@type":"EntryPoint","urlTemplate":"https:\/\/lazersystem.net\/?s={search_term_string}"},"query-input":{"@type":"PropertyValueSpecification","valueRequired":true,"valueName":"search_term_string"}}],"inLanguage":"id"},{"@type":"Organization","@id":"https:\/\/lazersystem.net\/#organization","name":"Mesin Laser BOGONG","url":"https:\/\/lazersystem.net\/","logo":{"@type":"ImageObject","inLanguage":"id","@id":"https:\/\/lazersystem.net\/#\/schema\/logo\/image\/","url":"https:\/\/lazersystem.net\/wp-content\/uploads\/2024\/04\/\u672a\u6807\u9898-1-3.jpg","contentUrl":"https:\/\/lazersystem.net\/wp-content\/uploads\/2024\/04\/\u672a\u6807\u9898-1-3.jpg","width":1920,"height":650,"caption":"BOGONG Laser Machine"},"image":{"@id":"https:\/\/lazersystem.net\/#\/schema\/logo\/image\/"}}]}},"_links":{"self":[{"href":"https:\/\/lazersystem.net\/id\/wp-json\/wp\/v2\/product\/4969","targetHints":{"allow":["GET"]}}],"collection":[{"href":"https:\/\/lazersystem.net\/id\/wp-json\/wp\/v2\/product"}],"about":[{"href":"https:\/\/lazersystem.net\/id\/wp-json\/wp\/v2\/types\/product"}],"replies":[{"embeddable":true,"href":"https:\/\/lazersystem.net\/id\/wp-json\/wp\/v2\/comments?post=4969"}],"wp:featuredmedia":[{"embeddable":true,"href":"https:\/\/lazersystem.net\/id\/wp-json\/wp\/v2\/media\/4972"}],"wp:attachment":[{"href":"https:\/\/lazersystem.net\/id\/wp-json\/wp\/v2\/media?parent=4969"}],"wp:term":[{"taxonomy":"product_brand","embeddable":true,"href":"https:\/\/lazersystem.net\/id\/wp-json\/wp\/v2\/product_brand?post=4969"},{"taxonomy":"product_cat","embeddable":true,"href":"https:\/\/lazersystem.net\/id\/wp-json\/wp\/v2\/product_cat?post=4969"},{"taxonomy":"product_tag","embeddable":true,"href":"https:\/\/lazersystem.net\/id\/wp-json\/wp\/v2\/product_tag?post=4969"}],"curies":[{"name":"wp","href":"https:\/\/api.w.org\/{rel}","templated":true}]}}