{"id":4902,"date":"2024-04-29T03:10:22","date_gmt":"2024-04-29T03:10:22","guid":{"rendered":"https:\/\/lazersystem.net\/?post_type=product&#038;p=4902"},"modified":"2024-07-03T08:01:42","modified_gmt":"2024-07-03T08:01:42","slug":"mesin-pembersih-laser-200w-300w-portabel-mesin-pembersih-cat-karat-untuk-dijual","status":"publish","type":"product","link":"https:\/\/lazersystem.net\/id\/mesin-pembersih-laser-serat\/mesin-pembersih-laser-pulsa\/mesin-pembersih-laser-200w-300w-portabel-mesin-pembersih-cat-karat-untuk-dijual","title":{"rendered":"Mesin pemotong kertas dengan portabilitas laser 200W 300W Mesin pemotong kertas dengan ferrugem untuk pedagang"},"content":{"rendered":"<div class=\"container section-title-container\" ><h3 class=\"section-title section-title-normal\"><b><\/b><span class=\"section-title-main\" style=\"color:rgb(237, 5, 5);\">Deskripsi produk<\/span><b><\/b><\/h3><\/div>\n<h2>Pengenalan mesin pelangsing dengan laser untuk menurunkan berat badan<\/h2>\n<p>Mesin pelumasan dengan laser berdenyut adalah jenis peralatan pelumasan industri yang menggunakan denyut laser berenergi tinggi untuk menghilangkan kontaminan, penelitian, fermentasi, dan bahan lain yang terbuat dari bahan yang sangat halus. Teknologi ini sangat efektif dalam menghilangkan residu yang dapat digunakan untuk memperbaiki bahan baku.<\/p>\n<div class=\"container section-title-container\" ><h3 class=\"section-title section-title-normal\"><b><\/b><span class=\"section-title-main\" style=\"color:rgb(244, 3, 3);\">Penayangan video<\/span><b><\/b><\/h3><\/div>\n<div class=\"video video-fit mb\" style=\"padding-top:56.25%;\"><p><iframe title=\"Pembersih Laser Serat Pulsa 200W Portabel Cina dengan 7 mode pembersihan | Penghapusan Lukisan Karat Laser\" width=\"1020\" height=\"574\" src=\"https:\/\/www.youtube.com\/embed\/vKDxQGgZW4I?feature=oembed\" frameborder=\"0\" allow=\"accelerometer; autoplay; clipboard-write; encrypted-media; gyroscope; picture-in-picture; web-share\" referrerpolicy=\"strict-origin-when-cross-origin\" allowfullscreen><\/iframe><\/p>\n<\/div>\n<div class=\"container section-title-container\" ><h3 class=\"section-title section-title-normal\"><b><\/b><span class=\"section-title-main\" style=\"color:rgb(242, 14, 14);\">Detalhes do produto<\/span><b><\/b><\/h3><\/div>\n\t<div class=\"img has-hover x md-x lg-x y md-y lg-y\" id=\"image_2106903779\">\n\t\t\t\t\t\t\t\t<div class=\"img-inner dark\" >\n\t\t\t<img fetchpriority=\"high\" decoding=\"async\" width=\"532\" height=\"800\" src=\"https:\/\/lazersystem.net\/wp-content\/uploads\/2024\/04\/8a9419312ec161492f44320335748b5-532x800.jpg\" class=\"attachment-large size-large\" alt=\"\" srcset=\"https:\/\/lazersystem.net\/wp-content\/uploads\/2024\/04\/8a9419312ec161492f44320335748b5-532x800.jpg 532w, https:\/\/lazersystem.net\/wp-content\/uploads\/2024\/04\/8a9419312ec161492f44320335748b5-665x1000.jpg 665w, https:\/\/lazersystem.net\/wp-content\/uploads\/2024\/04\/8a9419312ec161492f44320335748b5-8x12.jpg 8w, https:\/\/lazersystem.net\/wp-content\/uploads\/2024\/04\/8a9419312ec161492f44320335748b5-300x451.jpg 300w, https:\/\/lazersystem.net\/wp-content\/uploads\/2024\/04\/8a9419312ec161492f44320335748b5-600x902.jpg 600w, https:\/\/lazersystem.net\/wp-content\/uploads\/2024\/04\/8a9419312ec161492f44320335748b5.jpg 712w\" sizes=\"(max-width: 532px) 100vw, 532px\" \/>\t\t\t\t\t\t\n\t\t\t\t\t<\/div>\n\t\t\t\t\t\t\t\t\n<style>\n#image_2106903779 {\n  width: 100%;\n}\n<\/style>\n\t<\/div>\n\t\n<div class=\"row row-collapse row-full-width\"  id=\"row-1689179220\">\n\n\t<div id=\"col-732064629\" class=\"col medium-4 large-4\"  >\n\t\t\t\t<div class=\"col-inner\"  >\n\t\t\t\n\t\t\t\n\t<div class=\"img has-hover x md-x lg-x y md-y lg-y\" id=\"image_869341258\">\n\t\t\t\t\t\t\t\t<div class=\"img-inner dark\" >\n\t\t\t<img decoding=\"async\" width=\"251\" height=\"800\" src=\"https:\/\/lazersystem.net\/wp-content\/uploads\/2024\/04\/\u5fae\u4fe1\u56fe\u7247_20240424131425_750x2394-251x800.jpg\" class=\"attachment-large size-large\" alt=\"\" srcset=\"https:\/\/lazersystem.net\/wp-content\/uploads\/2024\/04\/\u5fae\u4fe1\u56fe\u7247_20240424131425_750x2394-251x800.jpg 251w, https:\/\/lazersystem.net\/wp-content\/uploads\/2024\/04\/\u5fae\u4fe1\u56fe\u7247_20240424131425_750x2394-642x2048.jpg 642w, https:\/\/lazersystem.net\/wp-content\/uploads\/2024\/04\/\u5fae\u4fe1\u56fe\u7247_20240424131425_750x2394-4x12.jpg 4w, https:\/\/lazersystem.net\/wp-content\/uploads\/2024\/04\/\u5fae\u4fe1\u56fe\u7247_20240424131425_750x2394-600x1915.jpg 600w, https:\/\/lazersystem.net\/wp-content\/uploads\/2024\/04\/\u5fae\u4fe1\u56fe\u7247_20240424131425_750x2394.jpg 750w\" sizes=\"(max-width: 251px) 100vw, 251px\" \/>\t\t\t\t\t\t\n\t\t\t\t\t<\/div>\n\t\t\t\t\t\t\t\t\n<style>\n#image_869341258 {\n  width: 100%;\n}\n<\/style>\n\t<\/div>\n\t\n\t\t<\/div>\n\t\t\t\t\t<\/div>\n\n\t\n\n\t<div id=\"col-1359919619\" class=\"col medium-4 large-4\"  >\n\t\t\t\t<div class=\"col-inner\"  >\n\t\t\t\n\t\t\t\n\t<div class=\"img has-hover x md-x lg-x y md-y lg-y\" id=\"image_1848378064\">\n\t\t\t\t\t\t\t\t<div class=\"img-inner dark\" >\n\t\t\t<img decoding=\"async\" width=\"236\" height=\"800\" src=\"https:\/\/lazersystem.net\/wp-content\/uploads\/2024\/04\/\u5fae\u4fe1\u56fe\u7247_20240424131433_750x2546-236x800.jpg\" class=\"attachment-large size-large\" alt=\"\" srcset=\"https:\/\/lazersystem.net\/wp-content\/uploads\/2024\/04\/\u5fae\u4fe1\u56fe\u7247_20240424131433_750x2546-236x800.jpg 236w, https:\/\/lazersystem.net\/wp-content\/uploads\/2024\/04\/\u5fae\u4fe1\u56fe\u7247_20240424131433_750x2546-295x1000.jpg 295w, https:\/\/lazersystem.net\/wp-content\/uploads\/2024\/04\/\u5fae\u4fe1\u56fe\u7247_20240424131433_750x2546-300x1018.jpg 300w, https:\/\/lazersystem.net\/wp-content\/uploads\/2024\/04\/\u5fae\u4fe1\u56fe\u7247_20240424131433_750x2546-600x2037.jpg 600w, https:\/\/lazersystem.net\/wp-content\/uploads\/2024\/04\/\u5fae\u4fe1\u56fe\u7247_20240424131433_750x2546.jpg 750w\" sizes=\"(max-width: 236px) 100vw, 236px\" \/>\t\t\t\t\t\t\n\t\t\t\t\t<\/div>\n\t\t\t\t\t\t\t\t\n<style>\n#image_1848378064 {\n  width: 100%;\n}\n<\/style>\n\t<\/div>\n\t\n\t\t<\/div>\n\t\t\t\t\t<\/div>\n\n\t\n\n\t<div id=\"col-1758382855\" class=\"col medium-4 large-4\"  >\n\t\t\t\t<div class=\"col-inner\"  >\n\t\t\t\n\t\t\t\n\t<div class=\"img has-hover x md-x lg-x y md-y lg-y\" id=\"image_99718746\">\n\t\t\t\t\t\t\t\t<div class=\"img-inner dark\" >\n\t\t\t<img loading=\"lazy\" decoding=\"async\" width=\"259\" height=\"800\" src=\"https:\/\/lazersystem.net\/wp-content\/uploads\/2024\/04\/\u5fae\u4fe1\u56fe\u7247_20240424131436_750x2313-259x800.jpg\" class=\"attachment-large size-large\" alt=\"\" srcset=\"https:\/\/lazersystem.net\/wp-content\/uploads\/2024\/04\/\u5fae\u4fe1\u56fe\u7247_20240424131436_750x2313-259x800.jpg 259w, https:\/\/lazersystem.net\/wp-content\/uploads\/2024\/04\/\u5fae\u4fe1\u56fe\u7247_20240424131436_750x2313-324x1000.jpg 324w, https:\/\/lazersystem.net\/wp-content\/uploads\/2024\/04\/\u5fae\u4fe1\u56fe\u7247_20240424131436_750x2313-498x1536.jpg 498w, https:\/\/lazersystem.net\/wp-content\/uploads\/2024\/04\/\u5fae\u4fe1\u56fe\u7247_20240424131436_750x2313-664x2048.jpg 664w, https:\/\/lazersystem.net\/wp-content\/uploads\/2024\/04\/\u5fae\u4fe1\u56fe\u7247_20240424131436_750x2313-4x12.jpg 4w, https:\/\/lazersystem.net\/wp-content\/uploads\/2024\/04\/\u5fae\u4fe1\u56fe\u7247_20240424131436_750x2313-300x925.jpg 300w, https:\/\/lazersystem.net\/wp-content\/uploads\/2024\/04\/\u5fae\u4fe1\u56fe\u7247_20240424131436_750x2313-600x1850.jpg 600w, https:\/\/lazersystem.net\/wp-content\/uploads\/2024\/04\/\u5fae\u4fe1\u56fe\u7247_20240424131436_750x2313.jpg 750w\" sizes=\"(max-width: 259px) 100vw, 259px\" \/>\t\t\t\t\t\t\n\t\t\t\t\t<\/div>\n\t\t\t\t\t\t\t\t\n<style>\n#image_99718746 {\n  width: 100%;\n}\n<\/style>\n\t<\/div>\n\t\n\t\t<\/div>\n\t\t\t\t\t<\/div>\n\n\t\n<\/div>\n<div class=\"container section-title-container\" ><h3 class=\"section-title section-title-normal\"><b><\/b><span class=\"section-title-main\" style=\"color:rgb(253, 10, 10);\">Perguntas sering terjadi<\/span><b><\/b><\/h3><\/div>\n<h2>Bahan apa yang bisa dipadatkan dengan mesin pelemas dengan laser berdenyut?<\/h2>\n<p>Bahan-bahan yang dapat dilumuri dengan mesin lemas laser berdenyut termasuk logam (seperti besi, aluminium, tembaga), plastik, keramik, keramik, logam, batu bara, dan batu.<\/p>\n<p>Apa yang dimaksud dengan ekonomi ekonomis adalah mesin pelangsing laser denyut nadi yang lebih murah dibandingkan dengan metode tradisional?<\/p>\n<p>mesin pelangsing dengan laser pulsado jauh lebih hemat dibandingkan dengan metode pelangsingan tradisional yang membutuhkan waktu lama. Meskipun investasi awal dapat menjadi lebih besar, efisiensi, ketepatan, dan kebutuhan reduksi konsumsi akan menjadi lebih hemat dalam jangka waktu yang lama.<\/p>\n<h2>Apa saja persyaratan yang diperlukan untuk mengoperasikan mesin pemangkas rambut dengan laser 100w?<\/h2>\n<p>Persyaratan pelatihan untuk mengoperasikan mesin laser, seperti mesin 100 W, secara umum mencakup pemeriksaan protokol keamanan laser, pengoperasian mesin, prosedur perawatan, dan teknik pemecahan masalah. Pelatihan ini dapat dipesan dari produsen atau dari beberapa perusahaan yang mengkhususkan diri pada keamanan laser.<\/p>\n<h2>Bagaimana laser dari mesin pelangsing tubuh buatan sendiri adalah laser yang berdenyut untuk menjamin ketepatan pelangsingan?<\/h2>\n<p>Mesin pengupas kulit buatan laser berdenyut menjamin ketepatan pengupasan kulit dengan kontrol presisi yang tepat dari parameter laser, seperti produksi energi, daya tahan kulit, dan ketebalan kulit. Hal ini memungkinkan pemendekan yang diarahkan untuk meningkatkan kualitas produk.<\/p>\n<h2>Apa yang harus dilakukan untuk mengoperasikan mesin limpeza dengan laser yang berdenyut kencang?<\/h2>\n<p>Perawatan mesin laser berdenyut biasanya mencakup perawatan rutin optik, verifikasi dan penggantian komponen yang digunakan (seperti pinjaman dan perlindungan) dan jaminan kecukupan komponen. Perawatan yang teratur akan menjamin hasil yang ideal dan masa pakai mesin yang lebih lama.<\/p>","protected":false},"excerpt":{"rendered":"<p>Palavras-chave: mesin de limpeza dengan laser<\/p>\n<p>Jenis makanan: 220V \/ 50\/60Hz<\/p>\n<p>Daya laser: 100W<\/p>\n<p>Sertifikasi: Direktur Eksekutif<\/p>\n<p>Fornecer servis setelah penjualan: halaman reposi gratis<\/p>\n<p>Layanan tanpa jaminan: Dukungan teknis untuk video<\/p>","protected":false},"featured_media":4886,"comment_status":"open","ping_status":"closed","template":"","meta":[],"product_brand":[],"product_cat":[191],"product_tag":[286,273,272,271,267,274,265,268,270,266,269,264],"class_list":{"0":"post-4902","1":"product","2":"type-product","3":"status-publish","4":"has-post-thumbnail","6":"product_cat-pulse-laser-cleaning-machine","7":"product_tag-763-5","8":"product_tag-limpeza-a-laser-200w","9":"product_tag-limpeza-a-laser-500w","10":"product_tag-maquina-de-limpeza-a-laser-300w","11":"product_tag-maquina-de-limpeza-a-laser-de-pulso-portatil","12":"product_tag-maquina-de-limpeza-a-laser-ipg","13":"product_tag-maquina-de-limpeza-a-laser-raycus","14":"product_tag-maquina-para-remover-ferrugem","15":"product_tag-pulso-de-laser-200w-300w-500w-limpeza-a-laser-de-fibra","16":"product_tag-pulso-raycus-500w","17":"product_tag-remocao-de-solda-de-ferrugem-a-laser","18":"product_tag-remover-ferrugem","20":"first","21":"instock","22":"shipping-taxable","23":"purchasable","24":"product-type-simple"},"yoast_head":"<!-- This site is optimized with the Yoast SEO Premium plugin v21.5 (Yoast SEO v25.2) - https:\/\/yoast.com\/wordpress\/plugins\/seo\/ -->\n<title>M\u00e1quina de limpeza a laser port\u00e1til 200W 300W M\u00e1quina de limpeza de pintura com ferrugem para venda - BOGONG Laser Machine<\/title>\n<meta name=\"robots\" content=\"index, follow, max-snippet:-1, max-image-preview:large, max-video-preview:-1\" \/>\n<link rel=\"canonical\" href=\"https:\/\/lazersystem.net\/id\/mesin-pembersih-laser-serat\/mesin-pembersih-laser-pulsa\/mesin-pembersih-laser-200w-300w-portabel-mesin-pembersih-cat-karat-untuk-dijual\" \/>\n<meta property=\"og:locale\" content=\"id_ID\" \/>\n<meta property=\"og:type\" content=\"article\" \/>\n<meta property=\"og:title\" content=\"M\u00e1quina de limpeza a laser port\u00e1til 200W 300W M\u00e1quina de limpeza de pintura com ferrugem para venda\" \/>\n<meta property=\"og:description\" content=\"Palavras-chave: m\u00e1quina de limpeza a laser  Fonte de alimenta\u00e7\u00e3o: 220V\/50\/60hz  Pot\u00eancia do laser: 100W  Certifica\u00e7\u00e3o: Diretor Executivo  Fornecer servi\u00e7o p\u00f3s-venda: pe\u00e7as de reposi\u00e7\u00e3o gratuitas  Servi\u00e7o p\u00f3s-garantia: Suporte t\u00e9cnico por v\u00eddeo\" \/>\n<meta property=\"og:url\" content=\"https:\/\/lazersystem.net\/id\/mesin-pembersih-laser-serat\/mesin-pembersih-laser-pulsa\/mesin-pembersih-laser-200w-300w-portabel-mesin-pembersih-cat-karat-untuk-dijual\" \/>\n<meta property=\"og:site_name\" content=\"BOGONG Laser Machine\" \/>\n<meta property=\"article:modified_time\" content=\"2024-07-03T08:01:42+00:00\" \/>\n<meta property=\"og:image\" content=\"https:\/\/lazersystem.net\/wp-content\/uploads\/2024\/04\/\u805a\u80fd\u73af2.jpg\" \/>\n\t<meta property=\"og:image:width\" content=\"600\" \/>\n\t<meta property=\"og:image:height\" content=\"600\" \/>\n\t<meta property=\"og:image:type\" content=\"image\/jpeg\" \/>\n<meta name=\"twitter:card\" content=\"summary_large_image\" \/>\n<meta name=\"twitter:label1\" content=\"Estimasi waktu membaca\" \/>\n\t<meta name=\"twitter:data1\" content=\"3 menit\" \/>\n<script type=\"application\/ld+json\" class=\"yoast-schema-graph\">{\"@context\":\"https:\/\/schema.org\",\"@graph\":[{\"@type\":\"WebPage\",\"@id\":\"https:\/\/lazersystem.net\/fiber-laser-cleaning-machine\/pulse-laser-cleaning-machine\/portable-200w-300w-laser-cleaning-machine-rust-paint-cleaning-machine-for-sale\",\"url\":\"https:\/\/lazersystem.net\/fiber-laser-cleaning-machine\/pulse-laser-cleaning-machine\/portable-200w-300w-laser-cleaning-machine-rust-paint-cleaning-machine-for-sale\",\"name\":\"M\u00e1quina de limpeza a laser port\u00e1til 200W 300W M\u00e1quina de limpeza de pintura com ferrugem para venda - BOGONG Laser Machine\",\"isPartOf\":{\"@id\":\"https:\/\/lazersystem.net\/#website\"},\"primaryImageOfPage\":{\"@id\":\"https:\/\/lazersystem.net\/fiber-laser-cleaning-machine\/pulse-laser-cleaning-machine\/portable-200w-300w-laser-cleaning-machine-rust-paint-cleaning-machine-for-sale#primaryimage\"},\"image\":{\"@id\":\"https:\/\/lazersystem.net\/fiber-laser-cleaning-machine\/pulse-laser-cleaning-machine\/portable-200w-300w-laser-cleaning-machine-rust-paint-cleaning-machine-for-sale#primaryimage\"},\"thumbnailUrl\":\"https:\/\/lazersystem.net\/wp-content\/uploads\/2024\/04\/\u805a\u80fd\u73af2.jpg\",\"datePublished\":\"2024-04-29T03:10:22+00:00\",\"dateModified\":\"2024-07-03T08:01:42+00:00\",\"breadcrumb\":{\"@id\":\"https:\/\/lazersystem.net\/fiber-laser-cleaning-machine\/pulse-laser-cleaning-machine\/portable-200w-300w-laser-cleaning-machine-rust-paint-cleaning-machine-for-sale#breadcrumb\"},\"inLanguage\":\"id\",\"potentialAction\":[{\"@type\":\"ReadAction\",\"target\":[\"https:\/\/lazersystem.net\/fiber-laser-cleaning-machine\/pulse-laser-cleaning-machine\/portable-200w-300w-laser-cleaning-machine-rust-paint-cleaning-machine-for-sale\"]}]},{\"@type\":\"ImageObject\",\"inLanguage\":\"id\",\"@id\":\"https:\/\/lazersystem.net\/fiber-laser-cleaning-machine\/pulse-laser-cleaning-machine\/portable-200w-300w-laser-cleaning-machine-rust-paint-cleaning-machine-for-sale#primaryimage\",\"url\":\"https:\/\/lazersystem.net\/wp-content\/uploads\/2024\/04\/\u805a\u80fd\u73af2.jpg\",\"contentUrl\":\"https:\/\/lazersystem.net\/wp-content\/uploads\/2024\/04\/\u805a\u80fd\u73af2.jpg\",\"width\":600,\"height\":600},{\"@type\":\"BreadcrumbList\",\"@id\":\"https:\/\/lazersystem.net\/fiber-laser-cleaning-machine\/pulse-laser-cleaning-machine\/portable-200w-300w-laser-cleaning-machine-rust-paint-cleaning-machine-for-sale#breadcrumb\",\"itemListElement\":[{\"@type\":\"ListItem\",\"position\":1,\"name\":\"Home\",\"item\":\"https:\/\/lazersystem.net\/\"},{\"@type\":\"ListItem\",\"position\":2,\"name\":\"Product\",\"item\":\"https:\/\/lazersystem.net\/ru\/\u043f\u0440\u043e\u0434\u0443\u043a\u0442\"},{\"@type\":\"ListItem\",\"position\":3,\"name\":\"M\u00e1quina de limpeza a laser port\u00e1til 200W 300W M\u00e1quina de limpeza de pintura com ferrugem para venda\"}]},{\"@type\":\"WebSite\",\"@id\":\"https:\/\/lazersystem.net\/#website\",\"url\":\"https:\/\/lazersystem.net\/\",\"name\":\"BOGONG Laser Machine\",\"description\":\"\",\"publisher\":{\"@id\":\"https:\/\/lazersystem.net\/#organization\"},\"potentialAction\":[{\"@type\":\"SearchAction\",\"target\":{\"@type\":\"EntryPoint\",\"urlTemplate\":\"https:\/\/lazersystem.net\/?s={search_term_string}\"},\"query-input\":{\"@type\":\"PropertyValueSpecification\",\"valueRequired\":true,\"valueName\":\"search_term_string\"}}],\"inLanguage\":\"id\"},{\"@type\":\"Organization\",\"@id\":\"https:\/\/lazersystem.net\/#organization\",\"name\":\"BOGONG Laser Machine\",\"url\":\"https:\/\/lazersystem.net\/\",\"logo\":{\"@type\":\"ImageObject\",\"inLanguage\":\"id\",\"@id\":\"https:\/\/lazersystem.net\/#\/schema\/logo\/image\/\",\"url\":\"https:\/\/lazersystem.net\/wp-content\/uploads\/2024\/04\/\u672a\u6807\u9898-1-3.jpg\",\"contentUrl\":\"https:\/\/lazersystem.net\/wp-content\/uploads\/2024\/04\/\u672a\u6807\u9898-1-3.jpg\",\"width\":1920,\"height\":650,\"caption\":\"BOGONG Laser Machine\"},\"image\":{\"@id\":\"https:\/\/lazersystem.net\/#\/schema\/logo\/image\/\"}}]}<\/script>\n<!-- \/ Yoast SEO Premium plugin. -->","yoast_head_json":{"title":"Mesin pelangsing dengan portabilitas laser 200W 300W Mesin pelangsing dengan cat tembok untuk pedagang - Mesin Laser BOGONG","robots":{"index":"index","follow":"follow","max-snippet":"max-snippet:-1","max-image-preview":"max-image-preview:large","max-video-preview":"max-video-preview:-1"},"canonical":"https:\/\/lazersystem.net\/id\/mesin-pembersih-laser-serat\/mesin-pembersih-laser-pulsa\/mesin-pembersih-laser-200w-300w-portabel-mesin-pembersih-cat-karat-untuk-dijual","og_locale":"id_ID","og_type":"article","og_title":"M\u00e1quina de limpeza a laser port\u00e1til 200W 300W M\u00e1quina de limpeza de pintura com ferrugem para venda","og_description":"Palavras-chave: m\u00e1quina de limpeza a laser  Fonte de alimenta\u00e7\u00e3o: 220V\/50\/60hz  Pot\u00eancia do laser: 100W  Certifica\u00e7\u00e3o: Diretor Executivo  Fornecer servi\u00e7o p\u00f3s-venda: pe\u00e7as de reposi\u00e7\u00e3o gratuitas  Servi\u00e7o p\u00f3s-garantia: Suporte t\u00e9cnico por v\u00eddeo","og_url":"https:\/\/lazersystem.net\/id\/mesin-pembersih-laser-serat\/mesin-pembersih-laser-pulsa\/mesin-pembersih-laser-200w-300w-portabel-mesin-pembersih-cat-karat-untuk-dijual","og_site_name":"BOGONG Laser Machine","article_modified_time":"2024-07-03T08:01:42+00:00","og_image":[{"width":600,"height":600,"url":"https:\/\/lazersystem.net\/wp-content\/uploads\/2024\/04\/\u805a\u80fd\u73af2.jpg","type":"image\/jpeg"}],"twitter_card":"summary_large_image","twitter_misc":{"Estimasi waktu membaca":"3 menit"},"schema":{"@context":"https:\/\/schema.org","@graph":[{"@type":"WebPage","@id":"https:\/\/lazersystem.net\/fiber-laser-cleaning-machine\/pulse-laser-cleaning-machine\/portable-200w-300w-laser-cleaning-machine-rust-paint-cleaning-machine-for-sale","url":"https:\/\/lazersystem.net\/fiber-laser-cleaning-machine\/pulse-laser-cleaning-machine\/portable-200w-300w-laser-cleaning-machine-rust-paint-cleaning-machine-for-sale","name":"Mesin pelangsing dengan portabilitas laser 200W 300W Mesin pelangsing dengan cat tembok untuk pedagang - Mesin Laser BOGONG","isPartOf":{"@id":"https:\/\/lazersystem.net\/#website"},"primaryImageOfPage":{"@id":"https:\/\/lazersystem.net\/fiber-laser-cleaning-machine\/pulse-laser-cleaning-machine\/portable-200w-300w-laser-cleaning-machine-rust-paint-cleaning-machine-for-sale#primaryimage"},"image":{"@id":"https:\/\/lazersystem.net\/fiber-laser-cleaning-machine\/pulse-laser-cleaning-machine\/portable-200w-300w-laser-cleaning-machine-rust-paint-cleaning-machine-for-sale#primaryimage"},"thumbnailUrl":"https:\/\/lazersystem.net\/wp-content\/uploads\/2024\/04\/\u805a\u80fd\u73af2.jpg","datePublished":"2024-04-29T03:10:22+00:00","dateModified":"2024-07-03T08:01:42+00:00","breadcrumb":{"@id":"https:\/\/lazersystem.net\/fiber-laser-cleaning-machine\/pulse-laser-cleaning-machine\/portable-200w-300w-laser-cleaning-machine-rust-paint-cleaning-machine-for-sale#breadcrumb"},"inLanguage":"id","potentialAction":[{"@type":"ReadAction","target":["https:\/\/lazersystem.net\/fiber-laser-cleaning-machine\/pulse-laser-cleaning-machine\/portable-200w-300w-laser-cleaning-machine-rust-paint-cleaning-machine-for-sale"]}]},{"@type":"ImageObject","inLanguage":"id","@id":"https:\/\/lazersystem.net\/fiber-laser-cleaning-machine\/pulse-laser-cleaning-machine\/portable-200w-300w-laser-cleaning-machine-rust-paint-cleaning-machine-for-sale#primaryimage","url":"https:\/\/lazersystem.net\/wp-content\/uploads\/2024\/04\/\u805a\u80fd\u73af2.jpg","contentUrl":"https:\/\/lazersystem.net\/wp-content\/uploads\/2024\/04\/\u805a\u80fd\u73af2.jpg","width":600,"height":600},{"@type":"BreadcrumbList","@id":"https:\/\/lazersystem.net\/fiber-laser-cleaning-machine\/pulse-laser-cleaning-machine\/portable-200w-300w-laser-cleaning-machine-rust-paint-cleaning-machine-for-sale#breadcrumb","itemListElement":[{"@type":"ListItem","position":1,"name":"Home","item":"https:\/\/lazersystem.net\/"},{"@type":"ListItem","position":2,"name":"Product","item":"https:\/\/lazersystem.net\/ru\/\u043f\u0440\u043e\u0434\u0443\u043a\u0442"},{"@type":"ListItem","position":3,"name":"M\u00e1quina de limpeza a laser port\u00e1til 200W 300W M\u00e1quina de limpeza de pintura com ferrugem para venda"}]},{"@type":"WebSite","@id":"https:\/\/lazersystem.net\/#website","url":"https:\/\/lazersystem.net\/","name":"Mesin Laser BOGONG","description":"","publisher":{"@id":"https:\/\/lazersystem.net\/#organization"},"potentialAction":[{"@type":"SearchAction","target":{"@type":"EntryPoint","urlTemplate":"https:\/\/lazersystem.net\/?s={search_term_string}"},"query-input":{"@type":"PropertyValueSpecification","valueRequired":true,"valueName":"search_term_string"}}],"inLanguage":"id"},{"@type":"Organization","@id":"https:\/\/lazersystem.net\/#organization","name":"Mesin Laser BOGONG","url":"https:\/\/lazersystem.net\/","logo":{"@type":"ImageObject","inLanguage":"id","@id":"https:\/\/lazersystem.net\/#\/schema\/logo\/image\/","url":"https:\/\/lazersystem.net\/wp-content\/uploads\/2024\/04\/\u672a\u6807\u9898-1-3.jpg","contentUrl":"https:\/\/lazersystem.net\/wp-content\/uploads\/2024\/04\/\u672a\u6807\u9898-1-3.jpg","width":1920,"height":650,"caption":"BOGONG Laser Machine"},"image":{"@id":"https:\/\/lazersystem.net\/#\/schema\/logo\/image\/"}}]}},"_links":{"self":[{"href":"https:\/\/lazersystem.net\/id\/wp-json\/wp\/v2\/product\/4902","targetHints":{"allow":["GET"]}}],"collection":[{"href":"https:\/\/lazersystem.net\/id\/wp-json\/wp\/v2\/product"}],"about":[{"href":"https:\/\/lazersystem.net\/id\/wp-json\/wp\/v2\/types\/product"}],"replies":[{"embeddable":true,"href":"https:\/\/lazersystem.net\/id\/wp-json\/wp\/v2\/comments?post=4902"}],"wp:featuredmedia":[{"embeddable":true,"href":"https:\/\/lazersystem.net\/id\/wp-json\/wp\/v2\/media\/4886"}],"wp:attachment":[{"href":"https:\/\/lazersystem.net\/id\/wp-json\/wp\/v2\/media?parent=4902"}],"wp:term":[{"taxonomy":"product_brand","embeddable":true,"href":"https:\/\/lazersystem.net\/id\/wp-json\/wp\/v2\/product_brand?post=4902"},{"taxonomy":"product_cat","embeddable":true,"href":"https:\/\/lazersystem.net\/id\/wp-json\/wp\/v2\/product_cat?post=4902"},{"taxonomy":"product_tag","embeddable":true,"href":"https:\/\/lazersystem.net\/id\/wp-json\/wp\/v2\/product_tag?post=4902"}],"curies":[{"name":"wp","href":"https:\/\/api.w.org\/{rel}","templated":true}]}}