{"id":4758,"date":"2024-04-22T06:41:21","date_gmt":"2024-04-22T06:41:21","guid":{"rendered":"https:\/\/lazersystem.net\/?post_type=product&#038;p=4758"},"modified":"2024-07-03T06:28:37","modified_gmt":"2024-07-03T06:28:37","slug":"500w-pulse-laser-cleaning-machine","status":"publish","type":"product","link":"https:\/\/lazersystem.net\/id\/mesin-pembersih-laser-serat\/mesin-pembersih-laser-pulsa\/500w-pulse-laser-cleaning-machine","title":{"rendered":"Mesin penghilang lemas dengan laser pulsa 500w"},"content":{"rendered":"<div class=\"container section-title-container\" ><h3 class=\"section-title section-title-normal\"><b><\/b><span class=\"section-title-main\" style=\"color:rgb(248, 18, 18);\">Penayangan video<\/span><b><\/b><\/h3><\/div>\n<div class=\"video video-fit mb\" style=\"padding-top:56.25%;\"><p><iframe title=\"Pembersih Laser Pulsa 500W ini jauh lebih baik daripada Mesin Pembersih Laser Berkelanjutan 2000W\" width=\"1020\" height=\"574\" src=\"https:\/\/www.youtube.com\/embed\/J4Tq2wi9w-s?feature=oembed\" frameborder=\"0\" allow=\"accelerometer; autoplay; clipboard-write; encrypted-media; gyroscope; picture-in-picture; web-share\" referrerpolicy=\"strict-origin-when-cross-origin\" allowfullscreen><\/iframe><\/p>\n<\/div>\n<div class=\"container section-title-container\" ><h3 class=\"section-title section-title-normal\"><b><\/b><span class=\"section-title-main\" style=\"color:rgb(242, 1, 1);\">Penampilan yang luar biasa<\/span><b><\/b><\/h3><\/div>\n\t<div class=\"img has-hover x md-x lg-x y md-y lg-y\" id=\"image_2085362771\">\n\t\t\t\t\t\t\t\t<div class=\"img-inner dark\" >\n\t\t\t<img fetchpriority=\"high\" decoding=\"async\" width=\"411\" height=\"800\" src=\"https:\/\/lazersystem.net\/wp-content\/uploads\/2024\/04\/photobank_790x1539-411x800.jpg\" class=\"attachment-large size-large\" alt=\"\" srcset=\"https:\/\/lazersystem.net\/wp-content\/uploads\/2024\/04\/photobank_790x1539-411x800.jpg 411w, https:\/\/lazersystem.net\/wp-content\/uploads\/2024\/04\/photobank_790x1539-513x1000.jpg 513w, https:\/\/lazersystem.net\/wp-content\/uploads\/2024\/04\/photobank_790x1539-768x1496.jpg 768w, https:\/\/lazersystem.net\/wp-content\/uploads\/2024\/04\/photobank_790x1539-788x1536.jpg 788w, https:\/\/lazersystem.net\/wp-content\/uploads\/2024\/04\/photobank_790x1539-6x12.jpg 6w, https:\/\/lazersystem.net\/wp-content\/uploads\/2024\/04\/photobank_790x1539-300x584.jpg 300w, https:\/\/lazersystem.net\/wp-content\/uploads\/2024\/04\/photobank_790x1539-600x1169.jpg 600w, https:\/\/lazersystem.net\/wp-content\/uploads\/2024\/04\/photobank_790x1539.jpg 790w\" sizes=\"(max-width: 411px) 100vw, 411px\" \/>\t\t\t\t\t\t\n\t\t\t\t\t<\/div>\n\t\t\t\t\t\t\t\t\n<style>\n#image_2085362771 {\n  width: 100%;\n}\n<\/style>\n\t<\/div>\n\t\n<div class=\"container section-title-container\" ><h3 class=\"section-title section-title-normal\"><b><\/b><span class=\"section-title-main\" style=\"color:rgb(242, 0, 0);\">problema comum<\/span><b><\/b><\/h3><\/div>\n<h2>O que \u00e9 uma m\u00e1quina de limpeza a laser pulsado de 500 W?<\/h2>\n<p>Uma m\u00e1quina de limpeza a laser pulsado de 500 W \u00e9 uma ferramenta de limpeza industrial que utiliza um laser de alta pot\u00eancia com pot\u00eancia de 500 watts para remover contaminantes e subst\u00e2ncias indesejadas de v\u00e1rias superf\u00edcies. Esta m\u00e1quina emite rajadas curtas de luz laser de alta intensidade que aquece e vaporiza rapidamente o material da superf\u00edcie, limpando e preparando eficazmente a superf\u00edcie sem causar danos ao material subjacente. A maior pot\u00eancia de uma m\u00e1quina de limpeza a laser pulsado de 500 W permite uma limpeza mais r\u00e1pida e eficiente de \u00e1reas maiores e contaminantes mais resistentes, como ferrugem, tinta, \u00f3leo e outros materiais teimosos. Essas m\u00e1quinas s\u00e3o comumente usadas em ind\u00fastrias como automotiva, aeroespacial, manufatura e restaura\u00e7\u00e3o para tarefas como prepara\u00e7\u00e3o de superf\u00edcie, remo\u00e7\u00e3o de tinta, remo\u00e7\u00e3o de ferrugem e limpeza de equipamentos e m\u00e1quinas industriais.<\/p>\n<h2>Quanto custa uma m\u00e1quina de limpeza a laser pulsado?<\/h2>\n<p>M\u00e1quina de limpeza a laser de pulso de fibra 100w 200w 300w Nossa tend\u00eancia de pre\u00e7o: BGW200: $ 11.159,00, BGW300: US$ 14.200,00, BGW500: US$ 29.800,00.<\/p>\n<h2>Por que escolher nossas vantagens da m\u00e1quina de limpeza a laser de pulso de fibra 100w 200w 300w?<\/h2>\n<p>1.Limpeza de precis\u00e3o: As m\u00e1quinas de limpeza a laser de pulso de fibra s\u00e3o altamente precisas e podem atingir \u00e1reas espec\u00edficas sem danificar o material circundante.<\/p>\n<p>2. Versatilidade: Essas m\u00e1quinas podem ser usadas para uma ampla gama de aplica\u00e7\u00f5es, incluindo remo\u00e7\u00e3o de ferrugem, decapagem de tinta, prepara\u00e7\u00e3o de superf\u00edcie e muito mais.<\/p>\n<p>3.Efici\u00eancia: As m\u00e1quinas de limpeza a laser de pulso de fibra s\u00e3o r\u00e1pidas e eficientes, permitindo uma limpeza r\u00e1pida de superf\u00edcies sem a necessidade de produtos qu\u00edmicos ou abrasivos.<\/p>\n<p>4. Ecologicamente correto: a limpeza a laser \u00e9 um processo sem contato e n\u00e3o abrasivo, tornando-o ecologicamente correto em compara\u00e7\u00e3o com os m\u00e9todos de limpeza tradicionais que podem produzir res\u00edduos ou exigir o uso de produtos qu\u00edmicos nocivos.<\/p>\n<p>5. Baixa manuten\u00e7\u00e3o: As m\u00e1quinas de limpeza a laser de pulso de fibra t\u00eam menos pe\u00e7as m\u00f3veis em compara\u00e7\u00e3o com outros m\u00e9todos de limpeza, resultando em menores requisitos de manuten\u00e7\u00e3o e maior vida \u00fatil da m\u00e1quina.<\/p>\n<h2>Qual \u00e9 a nossa situa\u00e7\u00e3o de pr\u00e9-venda e p\u00f3s-venda?<\/h2>\n<p>Pr\u00e9-vendas: 1. Fornecemos aos clientes apresenta\u00e7\u00f5es detalhadas de produtos ou servi\u00e7os 24 horas por dia on-line, incluindo fun\u00e7\u00f5es, recursos, vantagens e outras informa\u00e7\u00f5es para ajudar os clientes a entender os produtos ou servi\u00e7os que voc\u00ea fornece.<\/p>\n<p>Tamb\u00e9m fornecemos testes de amostra gr\u00e1tis. {Tamb\u00e9m arquivos de grava\u00e7\u00e3o gratuitos BOGONG, alguns arquivos STL (para grava\u00e7\u00e3o 3D) e arquivos DXF PLT (gr\u00e1ficos vetoriais 2D gratuitos)}<\/p>\n<p>P\u00f3s-venda: 1. Instru\u00e7\u00f5es de uso: Forne\u00e7a manuais ou documentos de instru\u00e7\u00f5es do produto para ajudar os clientes a compreender os m\u00e9todos de uso e procedimentos operacionais do produto.<\/p>\n<p>Suporte online: Fornece servi\u00e7os de suporte online aos clientes, incluindo suporte por telefone, suporte por e-mail, suporte por chat online, etc., para responder a perguntas que eles encontram ao usar produtos ou servi\u00e7os.<br \/>\nManuten\u00e7\u00e3o e manuten\u00e7\u00e3o: Fornece orienta\u00e7\u00e3o sobre manuten\u00e7\u00e3o e manuten\u00e7\u00e3o do produto, incluindo inspe\u00e7\u00e3o regular, limpeza, reparo, etc., para garantir que o produto possa continuar a operar normalmente.<\/p>","protected":false},"excerpt":{"rendered":"<p>TEMPERATURA DO AMBIENTE DE TRABALHO:0\u2103\u2103~40\u2103C<\/p>\n<p>UMIDADE DO AMBIENTE DE TRABALHO:\u226480%<\/p>\n<p>M\u00c9TODO DE MOVIMENTO: Polia<\/p>\n<p>PESO DA CABE\u00c7A DE DIGITALIZA\u00c7\u00c3O: 200W&lt;0,75Kg 300W&lt;1,25500W&lt;1,5 KG<\/p>\n<p>OPCIONAL:Sistema de exaust\u00e3o<\/p>\n<p>m\u00e1quina de limpeza a laser de pulso de fibra 100w 200w 300w, m\u00e1quina de limpeza a laser de pulso de 500w, m\u00e1quina de limpeza a laser remo\u00e7\u00e3o de ferrugem, removedor de ferrugem de m\u00e1quina a laser, melhor m\u00e1quina de remo\u00e7\u00e3o de ferrugem a laser, m\u00e1quina port\u00e1til de remo\u00e7\u00e3o de ferrugem a laser<\/p>","protected":false},"featured_media":4744,"comment_status":"open","ping_status":"closed","template":"","meta":[],"product_brand":[],"product_cat":[191],"product_tag":[286,273,272,271,267,274,265,268,270,266,269,264],"class_list":{"0":"post-4758","1":"product","2":"type-product","3":"status-publish","4":"has-post-thumbnail","6":"product_cat-pulse-laser-cleaning-machine","7":"product_tag-763-5","8":"product_tag-limpeza-a-laser-200w","9":"product_tag-limpeza-a-laser-500w","10":"product_tag-maquina-de-limpeza-a-laser-300w","11":"product_tag-maquina-de-limpeza-a-laser-de-pulso-portatil","12":"product_tag-maquina-de-limpeza-a-laser-ipg","13":"product_tag-maquina-de-limpeza-a-laser-raycus","14":"product_tag-maquina-para-remover-ferrugem","15":"product_tag-pulso-de-laser-200w-300w-500w-limpeza-a-laser-de-fibra","16":"product_tag-pulso-raycus-500w","17":"product_tag-remocao-de-solda-de-ferrugem-a-laser","18":"product_tag-remover-ferrugem","20":"first","21":"instock","22":"shipping-taxable","23":"purchasable","24":"product-type-simple"},"yoast_head":"<!-- This site is optimized with the Yoast SEO Premium plugin v21.5 (Yoast SEO v25.2) - https:\/\/yoast.com\/wordpress\/plugins\/seo\/ -->\n<title>M\u00e1quina de limpeza a laser de pulso 500w - BOGONG Laser Machine<\/title>\n<meta name=\"robots\" content=\"index, follow, max-snippet:-1, max-image-preview:large, max-video-preview:-1\" \/>\n<link rel=\"canonical\" href=\"https:\/\/lazersystem.net\/id\/mesin-pembersih-laser-serat\/mesin-pembersih-laser-pulsa\/500w-pulse-laser-cleaning-machine\" \/>\n<meta property=\"og:locale\" content=\"id_ID\" \/>\n<meta property=\"og:type\" content=\"article\" \/>\n<meta property=\"og:title\" content=\"M\u00e1quina de limpeza a laser de pulso 500w\" \/>\n<meta property=\"og:description\" content=\"TEMPERATURA DO AMBIENTE DE TRABALHO:0\u2103\u2103~40\u2103C  UMIDADE DO AMBIENTE DE TRABALHO:\u226480%  M\u00c9TODO DE MOVIMENTO: Polia  PESO DA CABE\u00c7A DE DIGITALIZA\u00c7\u00c3O: 200W&lt;0,75Kg 300W&lt;1,25500W&lt;1,5 KG  OPCIONAL:Sistema de exaust\u00e3o  m\u00e1quina de limpeza a laser de pulso de fibra 100w 200w 300w, m\u00e1quina de limpeza a laser de pulso de 500w, m\u00e1quina de limpeza a laser remo\u00e7\u00e3o de ferrugem, removedor de ferrugem de m\u00e1quina a laser, melhor m\u00e1quina de remo\u00e7\u00e3o de ferrugem a laser, m\u00e1quina port\u00e1til de remo\u00e7\u00e3o de ferrugem a laser\" \/>\n<meta property=\"og:url\" content=\"https:\/\/lazersystem.net\/id\/mesin-pembersih-laser-serat\/mesin-pembersih-laser-pulsa\/500w-pulse-laser-cleaning-machine\" \/>\n<meta property=\"og:site_name\" content=\"BOGONG Laser Machine\" \/>\n<meta property=\"article:modified_time\" content=\"2024-07-03T06:28:37+00:00\" \/>\n<meta property=\"og:image\" content=\"https:\/\/lazersystem.net\/wp-content\/uploads\/2024\/04\/\u767d\u8272\u6e05\u6d17\u673a5.jpg\" \/>\n\t<meta property=\"og:image:width\" content=\"600\" \/>\n\t<meta property=\"og:image:height\" content=\"600\" \/>\n\t<meta property=\"og:image:type\" content=\"image\/jpeg\" \/>\n<meta name=\"twitter:card\" content=\"summary_large_image\" \/>\n<meta name=\"twitter:label1\" content=\"Estimasi waktu membaca\" \/>\n\t<meta name=\"twitter:data1\" content=\"3 menit\" \/>\n<script type=\"application\/ld+json\" class=\"yoast-schema-graph\">{\"@context\":\"https:\/\/schema.org\",\"@graph\":[{\"@type\":\"WebPage\",\"@id\":\"https:\/\/lazersystem.net\/fiber-laser-cleaning-machine\/pulse-laser-cleaning-machine\/500w-pulse-laser-cleaning-machine\",\"url\":\"https:\/\/lazersystem.net\/fiber-laser-cleaning-machine\/pulse-laser-cleaning-machine\/500w-pulse-laser-cleaning-machine\",\"name\":\"M\u00e1quina de limpeza a laser de pulso 500w - BOGONG Laser Machine\",\"isPartOf\":{\"@id\":\"https:\/\/lazersystem.net\/#website\"},\"primaryImageOfPage\":{\"@id\":\"https:\/\/lazersystem.net\/fiber-laser-cleaning-machine\/pulse-laser-cleaning-machine\/500w-pulse-laser-cleaning-machine#primaryimage\"},\"image\":{\"@id\":\"https:\/\/lazersystem.net\/fiber-laser-cleaning-machine\/pulse-laser-cleaning-machine\/500w-pulse-laser-cleaning-machine#primaryimage\"},\"thumbnailUrl\":\"https:\/\/lazersystem.net\/wp-content\/uploads\/2024\/04\/\u767d\u8272\u6e05\u6d17\u673a5.jpg\",\"datePublished\":\"2024-04-22T06:41:21+00:00\",\"dateModified\":\"2024-07-03T06:28:37+00:00\",\"breadcrumb\":{\"@id\":\"https:\/\/lazersystem.net\/fiber-laser-cleaning-machine\/pulse-laser-cleaning-machine\/500w-pulse-laser-cleaning-machine#breadcrumb\"},\"inLanguage\":\"id\",\"potentialAction\":[{\"@type\":\"ReadAction\",\"target\":[\"https:\/\/lazersystem.net\/fiber-laser-cleaning-machine\/pulse-laser-cleaning-machine\/500w-pulse-laser-cleaning-machine\"]}]},{\"@type\":\"ImageObject\",\"inLanguage\":\"id\",\"@id\":\"https:\/\/lazersystem.net\/fiber-laser-cleaning-machine\/pulse-laser-cleaning-machine\/500w-pulse-laser-cleaning-machine#primaryimage\",\"url\":\"https:\/\/lazersystem.net\/wp-content\/uploads\/2024\/04\/\u767d\u8272\u6e05\u6d17\u673a5.jpg\",\"contentUrl\":\"https:\/\/lazersystem.net\/wp-content\/uploads\/2024\/04\/\u767d\u8272\u6e05\u6d17\u673a5.jpg\",\"width\":600,\"height\":600},{\"@type\":\"BreadcrumbList\",\"@id\":\"https:\/\/lazersystem.net\/fiber-laser-cleaning-machine\/pulse-laser-cleaning-machine\/500w-pulse-laser-cleaning-machine#breadcrumb\",\"itemListElement\":[{\"@type\":\"ListItem\",\"position\":1,\"name\":\"Home\",\"item\":\"https:\/\/lazersystem.net\/\"},{\"@type\":\"ListItem\",\"position\":2,\"name\":\"Product\",\"item\":\"https:\/\/lazersystem.net\/ru\/\u043f\u0440\u043e\u0434\u0443\u043a\u0442\"},{\"@type\":\"ListItem\",\"position\":3,\"name\":\"M\u00e1quina de limpeza a laser de pulso 500w\"}]},{\"@type\":\"WebSite\",\"@id\":\"https:\/\/lazersystem.net\/#website\",\"url\":\"https:\/\/lazersystem.net\/\",\"name\":\"BOGONG Laser Machine\",\"description\":\"\",\"publisher\":{\"@id\":\"https:\/\/lazersystem.net\/#organization\"},\"potentialAction\":[{\"@type\":\"SearchAction\",\"target\":{\"@type\":\"EntryPoint\",\"urlTemplate\":\"https:\/\/lazersystem.net\/?s={search_term_string}\"},\"query-input\":{\"@type\":\"PropertyValueSpecification\",\"valueRequired\":true,\"valueName\":\"search_term_string\"}}],\"inLanguage\":\"id\"},{\"@type\":\"Organization\",\"@id\":\"https:\/\/lazersystem.net\/#organization\",\"name\":\"BOGONG Laser Machine\",\"url\":\"https:\/\/lazersystem.net\/\",\"logo\":{\"@type\":\"ImageObject\",\"inLanguage\":\"id\",\"@id\":\"https:\/\/lazersystem.net\/#\/schema\/logo\/image\/\",\"url\":\"https:\/\/lazersystem.net\/wp-content\/uploads\/2024\/04\/\u672a\u6807\u9898-1-3.jpg\",\"contentUrl\":\"https:\/\/lazersystem.net\/wp-content\/uploads\/2024\/04\/\u672a\u6807\u9898-1-3.jpg\",\"width\":1920,\"height\":650,\"caption\":\"BOGONG Laser Machine\"},\"image\":{\"@id\":\"https:\/\/lazersystem.net\/#\/schema\/logo\/image\/\"}}]}<\/script>\n<!-- \/ Yoast SEO Premium plugin. -->","yoast_head_json":{"title":"M\u00e1quina de limpeza a laser de pulso 500w - BOGONG Laser Machine","robots":{"index":"index","follow":"follow","max-snippet":"max-snippet:-1","max-image-preview":"max-image-preview:large","max-video-preview":"max-video-preview:-1"},"canonical":"https:\/\/lazersystem.net\/id\/mesin-pembersih-laser-serat\/mesin-pembersih-laser-pulsa\/500w-pulse-laser-cleaning-machine","og_locale":"id_ID","og_type":"article","og_title":"M\u00e1quina de limpeza a laser de pulso 500w","og_description":"TEMPERATURA DO AMBIENTE DE TRABALHO:0\u2103\u2103~40\u2103C  UMIDADE DO AMBIENTE DE TRABALHO:\u226480%  M\u00c9TODO DE MOVIMENTO: Polia  PESO DA CABE\u00c7A DE DIGITALIZA\u00c7\u00c3O: 200W&lt;0,75Kg 300W&lt;1,25500W&lt;1,5 KG  OPCIONAL:Sistema de exaust\u00e3o  m\u00e1quina de limpeza a laser de pulso de fibra 100w 200w 300w, m\u00e1quina de limpeza a laser de pulso de 500w, m\u00e1quina de limpeza a laser remo\u00e7\u00e3o de ferrugem, removedor de ferrugem de m\u00e1quina a laser, melhor m\u00e1quina de remo\u00e7\u00e3o de ferrugem a laser, m\u00e1quina port\u00e1til de remo\u00e7\u00e3o de ferrugem a laser","og_url":"https:\/\/lazersystem.net\/id\/mesin-pembersih-laser-serat\/mesin-pembersih-laser-pulsa\/500w-pulse-laser-cleaning-machine","og_site_name":"BOGONG Laser Machine","article_modified_time":"2024-07-03T06:28:37+00:00","og_image":[{"width":600,"height":600,"url":"https:\/\/lazersystem.net\/wp-content\/uploads\/2024\/04\/\u767d\u8272\u6e05\u6d17\u673a5.jpg","type":"image\/jpeg"}],"twitter_card":"summary_large_image","twitter_misc":{"Estimasi waktu membaca":"3 menit"},"schema":{"@context":"https:\/\/schema.org","@graph":[{"@type":"WebPage","@id":"https:\/\/lazersystem.net\/fiber-laser-cleaning-machine\/pulse-laser-cleaning-machine\/500w-pulse-laser-cleaning-machine","url":"https:\/\/lazersystem.net\/fiber-laser-cleaning-machine\/pulse-laser-cleaning-machine\/500w-pulse-laser-cleaning-machine","name":"M\u00e1quina de limpeza a laser de pulso 500w - BOGONG Laser Machine","isPartOf":{"@id":"https:\/\/lazersystem.net\/#website"},"primaryImageOfPage":{"@id":"https:\/\/lazersystem.net\/fiber-laser-cleaning-machine\/pulse-laser-cleaning-machine\/500w-pulse-laser-cleaning-machine#primaryimage"},"image":{"@id":"https:\/\/lazersystem.net\/fiber-laser-cleaning-machine\/pulse-laser-cleaning-machine\/500w-pulse-laser-cleaning-machine#primaryimage"},"thumbnailUrl":"https:\/\/lazersystem.net\/wp-content\/uploads\/2024\/04\/\u767d\u8272\u6e05\u6d17\u673a5.jpg","datePublished":"2024-04-22T06:41:21+00:00","dateModified":"2024-07-03T06:28:37+00:00","breadcrumb":{"@id":"https:\/\/lazersystem.net\/fiber-laser-cleaning-machine\/pulse-laser-cleaning-machine\/500w-pulse-laser-cleaning-machine#breadcrumb"},"inLanguage":"id","potentialAction":[{"@type":"ReadAction","target":["https:\/\/lazersystem.net\/fiber-laser-cleaning-machine\/pulse-laser-cleaning-machine\/500w-pulse-laser-cleaning-machine"]}]},{"@type":"ImageObject","inLanguage":"id","@id":"https:\/\/lazersystem.net\/fiber-laser-cleaning-machine\/pulse-laser-cleaning-machine\/500w-pulse-laser-cleaning-machine#primaryimage","url":"https:\/\/lazersystem.net\/wp-content\/uploads\/2024\/04\/\u767d\u8272\u6e05\u6d17\u673a5.jpg","contentUrl":"https:\/\/lazersystem.net\/wp-content\/uploads\/2024\/04\/\u767d\u8272\u6e05\u6d17\u673a5.jpg","width":600,"height":600},{"@type":"BreadcrumbList","@id":"https:\/\/lazersystem.net\/fiber-laser-cleaning-machine\/pulse-laser-cleaning-machine\/500w-pulse-laser-cleaning-machine#breadcrumb","itemListElement":[{"@type":"ListItem","position":1,"name":"Home","item":"https:\/\/lazersystem.net\/"},{"@type":"ListItem","position":2,"name":"Product","item":"https:\/\/lazersystem.net\/ru\/\u043f\u0440\u043e\u0434\u0443\u043a\u0442"},{"@type":"ListItem","position":3,"name":"M\u00e1quina de limpeza a laser de pulso 500w"}]},{"@type":"WebSite","@id":"https:\/\/lazersystem.net\/#website","url":"https:\/\/lazersystem.net\/","name":"Mesin Laser BOGONG","description":"","publisher":{"@id":"https:\/\/lazersystem.net\/#organization"},"potentialAction":[{"@type":"SearchAction","target":{"@type":"EntryPoint","urlTemplate":"https:\/\/lazersystem.net\/?s={search_term_string}"},"query-input":{"@type":"PropertyValueSpecification","valueRequired":true,"valueName":"search_term_string"}}],"inLanguage":"id"},{"@type":"Organization","@id":"https:\/\/lazersystem.net\/#organization","name":"Mesin Laser BOGONG","url":"https:\/\/lazersystem.net\/","logo":{"@type":"ImageObject","inLanguage":"id","@id":"https:\/\/lazersystem.net\/#\/schema\/logo\/image\/","url":"https:\/\/lazersystem.net\/wp-content\/uploads\/2024\/04\/\u672a\u6807\u9898-1-3.jpg","contentUrl":"https:\/\/lazersystem.net\/wp-content\/uploads\/2024\/04\/\u672a\u6807\u9898-1-3.jpg","width":1920,"height":650,"caption":"BOGONG Laser Machine"},"image":{"@id":"https:\/\/lazersystem.net\/#\/schema\/logo\/image\/"}}]}},"_links":{"self":[{"href":"https:\/\/lazersystem.net\/id\/wp-json\/wp\/v2\/product\/4758","targetHints":{"allow":["GET"]}}],"collection":[{"href":"https:\/\/lazersystem.net\/id\/wp-json\/wp\/v2\/product"}],"about":[{"href":"https:\/\/lazersystem.net\/id\/wp-json\/wp\/v2\/types\/product"}],"replies":[{"embeddable":true,"href":"https:\/\/lazersystem.net\/id\/wp-json\/wp\/v2\/comments?post=4758"}],"wp:featuredmedia":[{"embeddable":true,"href":"https:\/\/lazersystem.net\/id\/wp-json\/wp\/v2\/media\/4744"}],"wp:attachment":[{"href":"https:\/\/lazersystem.net\/id\/wp-json\/wp\/v2\/media?parent=4758"}],"wp:term":[{"taxonomy":"product_brand","embeddable":true,"href":"https:\/\/lazersystem.net\/id\/wp-json\/wp\/v2\/product_brand?post=4758"},{"taxonomy":"product_cat","embeddable":true,"href":"https:\/\/lazersystem.net\/id\/wp-json\/wp\/v2\/product_cat?post=4758"},{"taxonomy":"product_tag","embeddable":true,"href":"https:\/\/lazersystem.net\/id\/wp-json\/wp\/v2\/product_tag?post=4758"}],"curies":[{"name":"wp","href":"https:\/\/api.w.org\/{rel}","templated":true}]}}