{"id":4738,"date":"2024-04-18T07:47:22","date_gmt":"2024-04-18T07:47:22","guid":{"rendered":"https:\/\/lazersystem.net\/?post_type=product&#038;p=4738"},"modified":"2024-07-03T06:15:43","modified_gmt":"2024-07-03T06:15:43","slug":"why-we-choose-handheld-laser-cleaning-machine","status":"publish","type":"product","link":"https:\/\/lazersystem.net\/id\/mesin-pembersih-laser-serat\/mesin-pembersih-laser-pulsa\/why-we-choose-handheld-laser-cleaning-machine","title":{"rendered":"Mengapa kita harus menggunakan mesin pengukur jarak dengan laser?"},"content":{"rendered":"<div class=\"container section-title-container\" ><h3 class=\"section-title section-title-normal\"><b><\/b><span class=\"section-title-main\" style=\"color:rgb(249, 8, 8);\">Detalhes do produto<\/span><b><\/b><\/h3><\/div>\n<p>A escolha de uma m\u00e1quina de limpeza a laser port\u00e1til oferece vantagens como portabilidade, versatilidade, precis\u00e3o, limpeza sem contato, prote\u00e7\u00e3o ambiental, efici\u00eancia e economia, tornando-a uma solu\u00e7\u00e3o atraente para uma variedade de aplica\u00e7\u00f5es de limpeza em diferentes setores.<\/p>\n<div class=\"container section-title-container\" ><h3 class=\"section-title section-title-normal\"><b><\/b><span class=\"section-title-main\" style=\"color:rgb(241, 1, 1);\">Penayangan video<\/span><b><\/b><\/h3><\/div>\n<div class=\"video video-fit mb\" style=\"padding-top:56.25%;\"><p><iframe title=\"Pembersih Laser Serat Pulsa 200W Portabel Cina dengan 7 mode pembersihan | Penghapusan Lukisan Karat Laser\" width=\"1020\" height=\"574\" src=\"https:\/\/www.youtube.com\/embed\/vKDxQGgZW4I?feature=oembed\" frameborder=\"0\" allow=\"accelerometer; autoplay; clipboard-write; encrypted-media; gyroscope; picture-in-picture; web-share\" referrerpolicy=\"strict-origin-when-cross-origin\" allowfullscreen><\/iframe><\/p>\n<\/div>\n<div class=\"container section-title-container\" ><h3 class=\"section-title section-title-normal\"><b><\/b><span class=\"section-title-main\" style=\"color:rgb(249, 1, 1);\">Akses utama<\/span><b><\/b><\/h3><\/div>\n\t<div class=\"img has-hover x md-x lg-x y md-y lg-y\" id=\"image_1329053028\">\n\t\t\t\t\t\t\t\t<div class=\"img-inner dark\" >\n\t\t\t<img fetchpriority=\"high\" decoding=\"async\" width=\"800\" height=\"800\" src=\"https:\/\/lazersystem.net\/wp-content\/uploads\/2023\/09\/1\u6e05\u6d17\u673a-\u62f7\u8d1d.jpg\" class=\"attachment-large size-large\" alt=\"\" srcset=\"https:\/\/lazersystem.net\/wp-content\/uploads\/2023\/09\/1\u6e05\u6d17\u673a-\u62f7\u8d1d.jpg 800w, https:\/\/lazersystem.net\/wp-content\/uploads\/2023\/09\/1\u6e05\u6d17\u673a-\u62f7\u8d1d-400x400.jpg 400w, https:\/\/lazersystem.net\/wp-content\/uploads\/2023\/09\/1\u6e05\u6d17\u673a-\u62f7\u8d1d-768x768.jpg 768w, https:\/\/lazersystem.net\/wp-content\/uploads\/2023\/09\/1\u6e05\u6d17\u673a-\u62f7\u8d1d-12x12.jpg 12w, https:\/\/lazersystem.net\/wp-content\/uploads\/2023\/09\/1\u6e05\u6d17\u673a-\u62f7\u8d1d-300x300.jpg 300w, https:\/\/lazersystem.net\/wp-content\/uploads\/2023\/09\/1\u6e05\u6d17\u673a-\u62f7\u8d1d-600x600.jpg 600w, https:\/\/lazersystem.net\/wp-content\/uploads\/2023\/09\/1\u6e05\u6d17\u673a-\u62f7\u8d1d-100x100.jpg 100w\" sizes=\"(max-width: 800px) 100vw, 800px\" \/>\t\t\t\t\t\t\n\t\t\t\t\t<\/div>\n\t\t\t\t\t\t\t\t\n<style>\n#image_1329053028 {\n  width: 100%;\n}\n<\/style>\n\t<\/div>\n\t\n<div class=\"container section-title-container\" ><h3 class=\"section-title section-title-normal\"><b><\/b><span class=\"section-title-main\" style=\"color:rgb(242, 1, 1);\">Caracter\u00edsticas do produto<\/span><b><\/b><\/h3><\/div>\n<p>1.Portabilidade: As m\u00e1quinas de limpeza a laser port\u00e1teis s\u00e3o normalmente leves e f\u00e1ceis de transportar, permitindo maior mobilidade e flexibilidade na limpeza de v\u00e1rias superf\u00edcies. Esta portabilidade \u00e9 especialmente \u00fatil para aplica\u00e7\u00f5es onde a pe\u00e7a de trabalho n\u00e3o pode ser facilmente movida ou para tarefas de limpeza no local.<\/p>\n<p>2.Versatilidade: Os limpadores a laser port\u00e1teis podem ser usados \u200b\u200bem uma ampla variedade de superf\u00edcies e materiais, incluindo metal, pedra, concreto, madeira, pl\u00e1sticos e muito mais. Eles s\u00e3o eficazes para remover ferrugem, tintas, revestimentos, contaminantes e outras subst\u00e2ncias indesejadas de diferentes tipos de superf\u00edcies.<\/p>\n<p>3.Precis\u00e3o: A tecnologia de limpeza a laser fornece limpeza precisa e controlada, permitindo que os operadores atinjam \u00e1reas espec\u00edficas com precis\u00e3o. Esta precis\u00e3o minimiza o risco de danificar o substrato, garantindo resultados de limpeza consistentes e de alta qualidade.<\/p>\n<p>4.Limpeza sem contato: A limpeza a laser \u00e9 um processo sem contato, o que significa que n\u00e3o h\u00e1 contato mec\u00e2nico entre a ferramenta de limpeza e a superf\u00edcie que est\u00e1 sendo limpa. Isso elimina o risco de abras\u00e3o, arranh\u00f5es ou deforma\u00e7\u00e3o superficial, tornando-o adequado para materiais delicados ou sens\u00edveis.<\/p>\n<p>5. Ecologicamente correto: a limpeza a laser \u00e9 uma tecnologia verde que n\u00e3o envolve o uso de produtos qu\u00edmicos, solventes ou materiais abrasivos. Produz res\u00edduos m\u00ednimos e n\u00e3o gera fumos ou emiss\u00f5es prejudiciais, contribuindo para um processo de limpeza mais seguro e ecol\u00f3gico.<\/p>\n<p>6.Efici\u00eancia: As m\u00e1quinas de limpeza a laser port\u00e1teis podem remover com efici\u00eancia contaminantes e revestimentos de superf\u00edcies em um per\u00edodo de tempo relativamente curto. Em compara\u00e7\u00e3o com os m\u00e9todos de limpeza tradicionais, como jateamento abrasivo ou limpeza qu\u00edmica, a limpeza a laser muitas vezes pode atingir velocidades de limpeza mais r\u00e1pidas e maior produtividade.<\/p>\n<p>7. Custo-benef\u00edcio: Embora o investimento inicial em uma m\u00e1quina port\u00e1til de limpeza a laser possa ser maior do que o equipamento de limpeza tradicional, os custos operacionais a longo prazo s\u00e3o frequentemente mais baixos. A limpeza a laser elimina a necessidade de consum\u00edveis, como meios abrasivos ou agentes qu\u00edmicos de limpeza, reduzindo despesas cont\u00ednuas e requisitos de manuten\u00e7\u00e3o.<\/p>\n<div class=\"container section-title-container\" ><h3 class=\"section-title section-title-normal\"><b><\/b><span class=\"section-title-main\" style=\"color:rgb(248, 3, 3);\">Penampilan yang luar biasa<\/span><b><\/b><\/h3><\/div>\n\t<div class=\"img has-hover x md-x lg-x y md-y lg-y\" id=\"image_1076284498\">\n\t\t\t\t\t\t\t\t<div class=\"img-inner dark\" >\n\t\t\t<img decoding=\"async\" width=\"600\" height=\"600\" src=\"https:\/\/lazersystem.net\/wp-content\/uploads\/2024\/04\/\u7070\u767d\u5927\u529f\u7387\u6e05\u6d17\u673a7_600x600.jpg\" class=\"attachment-large size-large\" alt=\"\" srcset=\"https:\/\/lazersystem.net\/wp-content\/uploads\/2024\/04\/\u7070\u767d\u5927\u529f\u7387\u6e05\u6d17\u673a7_600x600.jpg 600w, https:\/\/lazersystem.net\/wp-content\/uploads\/2024\/04\/\u7070\u767d\u5927\u529f\u7387\u6e05\u6d17\u673a7_600x600-400x400.jpg 400w, https:\/\/lazersystem.net\/wp-content\/uploads\/2024\/04\/\u7070\u767d\u5927\u529f\u7387\u6e05\u6d17\u673a7_600x600-12x12.jpg 12w, https:\/\/lazersystem.net\/wp-content\/uploads\/2024\/04\/\u7070\u767d\u5927\u529f\u7387\u6e05\u6d17\u673a7_600x600-300x300.jpg 300w, https:\/\/lazersystem.net\/wp-content\/uploads\/2024\/04\/\u7070\u767d\u5927\u529f\u7387\u6e05\u6d17\u673a7_600x600-100x100.jpg 100w\" sizes=\"(max-width: 600px) 100vw, 600px\" \/>\t\t\t\t\t\t\n\t\t\t\t\t<\/div>\n\t\t\t\t\t\t\t\t\n<style>\n#image_1076284498 {\n  width: 100%;\n}\n<\/style>\n\t<\/div>\n\t\n<div class=\"container section-title-container\" ><h3 class=\"section-title section-title-normal\"><b><\/b><span class=\"section-title-main\" style=\"color:rgb(244, 1, 1);\">problema comum<\/span><b><\/b><\/h3><\/div>\n<h2>Quais s\u00e3o os principais motivos para escolher uma m\u00e1quina port\u00e1til de limpeza a laser?<\/h2>\n<p>Os principais motivos para escolher uma m\u00e1quina de limpeza a laser port\u00e1til s\u00e3o sua portabilidade, versatilidade e efici\u00eancia. Por exemplo, ele pode alcan\u00e7ar facilmente espa\u00e7os apertados onde os m\u00e9todos de limpeza tradicionais n\u00e3o conseguem, tornando-o ideal para ind\u00fastrias como automotiva, aeroespacial e eletr\u00f4nica.<\/p>\n<h2>Como uma m\u00e1quina port\u00e1til de limpeza a laser se compara a outros m\u00e9todos de limpeza?<\/h2>\n<p>Uma m\u00e1quina de limpeza a laser port\u00e1til \u00e9 mais precisa e ecologicamente correta em compara\u00e7\u00e3o com outros m\u00e9todos de limpeza, como jato de areia ou limpeza qu\u00edmica. Requer menos trabalho manual e pode remover com efic\u00e1cia ferrugem, tinta e sujeira de v\u00e1rias superf\u00edcies sem deixar nenhum res\u00edduo.<\/p>\n<h2>Quais s\u00e3o os principais recursos que voc\u00ea deve procurar em uma m\u00e1quina port\u00e1til de limpeza a laser?<\/h2>\n<p>Os principais recursos a serem procurados em uma m\u00e1quina de limpeza a laser port\u00e1til incluem configura\u00e7\u00f5es de energia ajust\u00e1veis, lentes intercambi\u00e1veis \u200b\u200bpara diferentes aplica\u00e7\u00f5es, portabilidade e recursos de seguran\u00e7a, como um gatilho de seguran\u00e7a. Considere modelos como o Laserax HandHeld Laser Cleaner para uso vers\u00e1til.<\/p>\n<h2>Como o tamanho e o peso de uma m\u00e1quina port\u00e1til de limpeza a laser afetam sua usabilidade?<\/h2>\n<p>O tamanho e o peso de uma m\u00e1quina port\u00e1til de limpeza a laser podem afetar sua usabilidade, afetando o conforto e a manobrabilidade do usu\u00e1rio. Uma m\u00e1quina mais leve e compacta seria mais f\u00e1cil de manusear por per\u00edodos mais longos e em espa\u00e7os mais apertados, melhorando a usabilidade geral.<\/p>\n<h2>As m\u00e1quinas port\u00e1teis de limpeza a laser s\u00e3o adequadas para uso em v\u00e1rios setores?<\/h2>\n<p>Sim, as m\u00e1quinas port\u00e1teis de limpeza a laser s\u00e3o adequadas para uso em v\u00e1rios setores, como automotivo, aeroespacial, restaura\u00e7\u00e3o e manufatura. Eles s\u00e3o vers\u00e1teis, eficientes e port\u00e1teis, o que os torna ideais para atender a uma ampla gama de necessidades de limpeza em diferentes ambientes.<\/p>","protected":false},"excerpt":{"rendered":"<p>Jarak bebas dari permukaan tanah: 5m<\/p>\n<p>Pot\u00eancia m\u00e9dia de sa\u00edda:&gt;200w<\/p>\n<p>Cara penyimpanan: disimpan di lemari es<\/p>\n<p>Tens\u00e3o de alimenta\u00e7\u00e3o: 100-240V<\/p>\n<p>Consumo m\u00e1ximo de energia:&lt;1000w<\/p>\n<p>Refleks anti-alta: sim<\/p>\n<p>suhu ruangan: 0 ~ 40 \u2103<\/p>\n<p>Suhu pemanasan yang tidak sesuai: -10 ~ 60 \u2103<\/p>\n<p>Tamanho inteiro da m\u00e1quina: 520*431*237mm<\/p>","protected":false},"featured_media":4740,"comment_status":"open","ping_status":"closed","template":"","meta":[],"product_brand":[],"product_cat":[191],"product_tag":[286,273,272,271,267,274,265,268,270,266,269,264],"class_list":{"0":"post-4738","1":"product","2":"type-product","3":"status-publish","4":"has-post-thumbnail","6":"product_cat-pulse-laser-cleaning-machine","7":"product_tag-763-5","8":"product_tag-limpeza-a-laser-200w","9":"product_tag-limpeza-a-laser-500w","10":"product_tag-maquina-de-limpeza-a-laser-300w","11":"product_tag-maquina-de-limpeza-a-laser-de-pulso-portatil","12":"product_tag-maquina-de-limpeza-a-laser-ipg","13":"product_tag-maquina-de-limpeza-a-laser-raycus","14":"product_tag-maquina-para-remover-ferrugem","15":"product_tag-pulso-de-laser-200w-300w-500w-limpeza-a-laser-de-fibra","16":"product_tag-pulso-raycus-500w","17":"product_tag-remocao-de-solda-de-ferrugem-a-laser","18":"product_tag-remover-ferrugem","20":"first","21":"instock","22":"shipping-taxable","23":"purchasable","24":"product-type-simple"},"yoast_head":"<!-- This site is optimized with the Yoast SEO Premium plugin v21.5 (Yoast SEO v25.2) - https:\/\/yoast.com\/wordpress\/plugins\/seo\/ -->\n<title>Por que escolhemos a m\u00e1quina port\u00e1til de limpeza a laser? - BOGONG Laser Machine<\/title>\n<meta name=\"robots\" content=\"index, follow, max-snippet:-1, max-image-preview:large, max-video-preview:-1\" \/>\n<link rel=\"canonical\" href=\"https:\/\/lazersystem.net\/id\/mesin-pembersih-laser-serat\/mesin-pembersih-laser-pulsa\/why-we-choose-handheld-laser-cleaning-machine\" \/>\n<meta property=\"og:locale\" content=\"id_ID\" \/>\n<meta property=\"og:type\" content=\"article\" \/>\n<meta property=\"og:title\" content=\"Por que escolhemos a m\u00e1quina port\u00e1til de limpeza a laser?\" \/>\n<meta property=\"og:description\" content=\"Comprimento do cabo da armadura de sa\u00edda: 5m  Pot\u00eancia m\u00e9dia de sa\u00edda:&gt;200w  m\u00e9todo de resfriamento: refrigerado a ar  Tens\u00e3o de alimenta\u00e7\u00e3o: 100-240V  Consumo m\u00e1ximo de energia:&lt;1000w  Seja anti-alta reflex\u00e3o: sim  faixa de temperatura de trabalho: 0 ~ 40 \u2103  Faixa de temperatura de armazenamento: -10 ~ 60 \u2103  Tamanho inteiro da m\u00e1quina: 520*431*237mm\" \/>\n<meta property=\"og:url\" content=\"https:\/\/lazersystem.net\/id\/mesin-pembersih-laser-serat\/mesin-pembersih-laser-pulsa\/why-we-choose-handheld-laser-cleaning-machine\" \/>\n<meta property=\"og:site_name\" content=\"BOGONG Laser Machine\" \/>\n<meta property=\"article:modified_time\" content=\"2024-07-03T06:15:43+00:00\" \/>\n<meta property=\"og:image\" content=\"https:\/\/lazersystem.net\/wp-content\/uploads\/2024\/04\/\u5fae\u4fe1\u56fe\u7247_20240418154529.png\" \/>\n\t<meta property=\"og:image:width\" content=\"800\" \/>\n\t<meta property=\"og:image:height\" content=\"800\" \/>\n\t<meta property=\"og:image:type\" content=\"image\/png\" \/>\n<meta name=\"twitter:card\" content=\"summary_large_image\" \/>\n<meta name=\"twitter:label1\" content=\"Estimasi waktu membaca\" \/>\n\t<meta name=\"twitter:data1\" content=\"5 menit\" \/>\n<script type=\"application\/ld+json\" class=\"yoast-schema-graph\">{\"@context\":\"https:\/\/schema.org\",\"@graph\":[{\"@type\":\"WebPage\",\"@id\":\"https:\/\/lazersystem.net\/fiber-laser-cleaning-machine\/pulse-laser-cleaning-machine\/why-we-choose-handheld-laser-cleaning-machine\",\"url\":\"https:\/\/lazersystem.net\/fiber-laser-cleaning-machine\/pulse-laser-cleaning-machine\/why-we-choose-handheld-laser-cleaning-machine\",\"name\":\"Por que escolhemos a m\u00e1quina port\u00e1til de limpeza a laser? - BOGONG Laser Machine\",\"isPartOf\":{\"@id\":\"https:\/\/lazersystem.net\/#website\"},\"primaryImageOfPage\":{\"@id\":\"https:\/\/lazersystem.net\/fiber-laser-cleaning-machine\/pulse-laser-cleaning-machine\/why-we-choose-handheld-laser-cleaning-machine#primaryimage\"},\"image\":{\"@id\":\"https:\/\/lazersystem.net\/fiber-laser-cleaning-machine\/pulse-laser-cleaning-machine\/why-we-choose-handheld-laser-cleaning-machine#primaryimage\"},\"thumbnailUrl\":\"https:\/\/lazersystem.net\/wp-content\/uploads\/2024\/04\/\u5fae\u4fe1\u56fe\u7247_20240418154529.png\",\"datePublished\":\"2024-04-18T07:47:22+00:00\",\"dateModified\":\"2024-07-03T06:15:43+00:00\",\"breadcrumb\":{\"@id\":\"https:\/\/lazersystem.net\/fiber-laser-cleaning-machine\/pulse-laser-cleaning-machine\/why-we-choose-handheld-laser-cleaning-machine#breadcrumb\"},\"inLanguage\":\"id\",\"potentialAction\":[{\"@type\":\"ReadAction\",\"target\":[\"https:\/\/lazersystem.net\/fiber-laser-cleaning-machine\/pulse-laser-cleaning-machine\/why-we-choose-handheld-laser-cleaning-machine\"]}]},{\"@type\":\"ImageObject\",\"inLanguage\":\"id\",\"@id\":\"https:\/\/lazersystem.net\/fiber-laser-cleaning-machine\/pulse-laser-cleaning-machine\/why-we-choose-handheld-laser-cleaning-machine#primaryimage\",\"url\":\"https:\/\/lazersystem.net\/wp-content\/uploads\/2024\/04\/\u5fae\u4fe1\u56fe\u7247_20240418154529.png\",\"contentUrl\":\"https:\/\/lazersystem.net\/wp-content\/uploads\/2024\/04\/\u5fae\u4fe1\u56fe\u7247_20240418154529.png\",\"width\":800,\"height\":800},{\"@type\":\"BreadcrumbList\",\"@id\":\"https:\/\/lazersystem.net\/fiber-laser-cleaning-machine\/pulse-laser-cleaning-machine\/why-we-choose-handheld-laser-cleaning-machine#breadcrumb\",\"itemListElement\":[{\"@type\":\"ListItem\",\"position\":1,\"name\":\"Home\",\"item\":\"https:\/\/lazersystem.net\/\"},{\"@type\":\"ListItem\",\"position\":2,\"name\":\"Product\",\"item\":\"https:\/\/lazersystem.net\/ru\/\u043f\u0440\u043e\u0434\u0443\u043a\u0442\"},{\"@type\":\"ListItem\",\"position\":3,\"name\":\"Por que escolhemos a m\u00e1quina port\u00e1til de limpeza a laser?\"}]},{\"@type\":\"WebSite\",\"@id\":\"https:\/\/lazersystem.net\/#website\",\"url\":\"https:\/\/lazersystem.net\/\",\"name\":\"BOGONG Laser Machine\",\"description\":\"\",\"publisher\":{\"@id\":\"https:\/\/lazersystem.net\/#organization\"},\"potentialAction\":[{\"@type\":\"SearchAction\",\"target\":{\"@type\":\"EntryPoint\",\"urlTemplate\":\"https:\/\/lazersystem.net\/?s={search_term_string}\"},\"query-input\":{\"@type\":\"PropertyValueSpecification\",\"valueRequired\":true,\"valueName\":\"search_term_string\"}}],\"inLanguage\":\"id\"},{\"@type\":\"Organization\",\"@id\":\"https:\/\/lazersystem.net\/#organization\",\"name\":\"BOGONG Laser Machine\",\"url\":\"https:\/\/lazersystem.net\/\",\"logo\":{\"@type\":\"ImageObject\",\"inLanguage\":\"id\",\"@id\":\"https:\/\/lazersystem.net\/#\/schema\/logo\/image\/\",\"url\":\"https:\/\/lazersystem.net\/wp-content\/uploads\/2024\/04\/\u672a\u6807\u9898-1-3.jpg\",\"contentUrl\":\"https:\/\/lazersystem.net\/wp-content\/uploads\/2024\/04\/\u672a\u6807\u9898-1-3.jpg\",\"width\":1920,\"height\":650,\"caption\":\"BOGONG Laser Machine\"},\"image\":{\"@id\":\"https:\/\/lazersystem.net\/#\/schema\/logo\/image\/\"}}]}<\/script>\n<!-- \/ Yoast SEO Premium plugin. -->","yoast_head_json":{"title":"Por que escolhemos a m\u00e1quina port\u00e1til de limpeza a laser? - BOGONG Laser Machine","robots":{"index":"index","follow":"follow","max-snippet":"max-snippet:-1","max-image-preview":"max-image-preview:large","max-video-preview":"max-video-preview:-1"},"canonical":"https:\/\/lazersystem.net\/id\/mesin-pembersih-laser-serat\/mesin-pembersih-laser-pulsa\/why-we-choose-handheld-laser-cleaning-machine","og_locale":"id_ID","og_type":"article","og_title":"Por que escolhemos a m\u00e1quina port\u00e1til de limpeza a laser?","og_description":"Comprimento do cabo da armadura de sa\u00edda: 5m  Pot\u00eancia m\u00e9dia de sa\u00edda:&gt;200w  m\u00e9todo de resfriamento: refrigerado a ar  Tens\u00e3o de alimenta\u00e7\u00e3o: 100-240V  Consumo m\u00e1ximo de energia:&lt;1000w  Seja anti-alta reflex\u00e3o: sim  faixa de temperatura de trabalho: 0 ~ 40 \u2103  Faixa de temperatura de armazenamento: -10 ~ 60 \u2103  Tamanho inteiro da m\u00e1quina: 520*431*237mm","og_url":"https:\/\/lazersystem.net\/id\/mesin-pembersih-laser-serat\/mesin-pembersih-laser-pulsa\/why-we-choose-handheld-laser-cleaning-machine","og_site_name":"BOGONG Laser Machine","article_modified_time":"2024-07-03T06:15:43+00:00","og_image":[{"width":800,"height":800,"url":"https:\/\/lazersystem.net\/wp-content\/uploads\/2024\/04\/\u5fae\u4fe1\u56fe\u7247_20240418154529.png","type":"image\/png"}],"twitter_card":"summary_large_image","twitter_misc":{"Estimasi waktu membaca":"5 menit"},"schema":{"@context":"https:\/\/schema.org","@graph":[{"@type":"WebPage","@id":"https:\/\/lazersystem.net\/fiber-laser-cleaning-machine\/pulse-laser-cleaning-machine\/why-we-choose-handheld-laser-cleaning-machine","url":"https:\/\/lazersystem.net\/fiber-laser-cleaning-machine\/pulse-laser-cleaning-machine\/why-we-choose-handheld-laser-cleaning-machine","name":"Por que escolhemos a m\u00e1quina port\u00e1til de limpeza a laser? - BOGONG Laser Machine","isPartOf":{"@id":"https:\/\/lazersystem.net\/#website"},"primaryImageOfPage":{"@id":"https:\/\/lazersystem.net\/fiber-laser-cleaning-machine\/pulse-laser-cleaning-machine\/why-we-choose-handheld-laser-cleaning-machine#primaryimage"},"image":{"@id":"https:\/\/lazersystem.net\/fiber-laser-cleaning-machine\/pulse-laser-cleaning-machine\/why-we-choose-handheld-laser-cleaning-machine#primaryimage"},"thumbnailUrl":"https:\/\/lazersystem.net\/wp-content\/uploads\/2024\/04\/\u5fae\u4fe1\u56fe\u7247_20240418154529.png","datePublished":"2024-04-18T07:47:22+00:00","dateModified":"2024-07-03T06:15:43+00:00","breadcrumb":{"@id":"https:\/\/lazersystem.net\/fiber-laser-cleaning-machine\/pulse-laser-cleaning-machine\/why-we-choose-handheld-laser-cleaning-machine#breadcrumb"},"inLanguage":"id","potentialAction":[{"@type":"ReadAction","target":["https:\/\/lazersystem.net\/fiber-laser-cleaning-machine\/pulse-laser-cleaning-machine\/why-we-choose-handheld-laser-cleaning-machine"]}]},{"@type":"ImageObject","inLanguage":"id","@id":"https:\/\/lazersystem.net\/fiber-laser-cleaning-machine\/pulse-laser-cleaning-machine\/why-we-choose-handheld-laser-cleaning-machine#primaryimage","url":"https:\/\/lazersystem.net\/wp-content\/uploads\/2024\/04\/\u5fae\u4fe1\u56fe\u7247_20240418154529.png","contentUrl":"https:\/\/lazersystem.net\/wp-content\/uploads\/2024\/04\/\u5fae\u4fe1\u56fe\u7247_20240418154529.png","width":800,"height":800},{"@type":"BreadcrumbList","@id":"https:\/\/lazersystem.net\/fiber-laser-cleaning-machine\/pulse-laser-cleaning-machine\/why-we-choose-handheld-laser-cleaning-machine#breadcrumb","itemListElement":[{"@type":"ListItem","position":1,"name":"Home","item":"https:\/\/lazersystem.net\/"},{"@type":"ListItem","position":2,"name":"Product","item":"https:\/\/lazersystem.net\/ru\/\u043f\u0440\u043e\u0434\u0443\u043a\u0442"},{"@type":"ListItem","position":3,"name":"Por que escolhemos a m\u00e1quina port\u00e1til de limpeza a laser?"}]},{"@type":"WebSite","@id":"https:\/\/lazersystem.net\/#website","url":"https:\/\/lazersystem.net\/","name":"Mesin Laser BOGONG","description":"","publisher":{"@id":"https:\/\/lazersystem.net\/#organization"},"potentialAction":[{"@type":"SearchAction","target":{"@type":"EntryPoint","urlTemplate":"https:\/\/lazersystem.net\/?s={search_term_string}"},"query-input":{"@type":"PropertyValueSpecification","valueRequired":true,"valueName":"search_term_string"}}],"inLanguage":"id"},{"@type":"Organization","@id":"https:\/\/lazersystem.net\/#organization","name":"Mesin Laser BOGONG","url":"https:\/\/lazersystem.net\/","logo":{"@type":"ImageObject","inLanguage":"id","@id":"https:\/\/lazersystem.net\/#\/schema\/logo\/image\/","url":"https:\/\/lazersystem.net\/wp-content\/uploads\/2024\/04\/\u672a\u6807\u9898-1-3.jpg","contentUrl":"https:\/\/lazersystem.net\/wp-content\/uploads\/2024\/04\/\u672a\u6807\u9898-1-3.jpg","width":1920,"height":650,"caption":"BOGONG Laser Machine"},"image":{"@id":"https:\/\/lazersystem.net\/#\/schema\/logo\/image\/"}}]}},"_links":{"self":[{"href":"https:\/\/lazersystem.net\/id\/wp-json\/wp\/v2\/product\/4738","targetHints":{"allow":["GET"]}}],"collection":[{"href":"https:\/\/lazersystem.net\/id\/wp-json\/wp\/v2\/product"}],"about":[{"href":"https:\/\/lazersystem.net\/id\/wp-json\/wp\/v2\/types\/product"}],"replies":[{"embeddable":true,"href":"https:\/\/lazersystem.net\/id\/wp-json\/wp\/v2\/comments?post=4738"}],"wp:featuredmedia":[{"embeddable":true,"href":"https:\/\/lazersystem.net\/id\/wp-json\/wp\/v2\/media\/4740"}],"wp:attachment":[{"href":"https:\/\/lazersystem.net\/id\/wp-json\/wp\/v2\/media?parent=4738"}],"wp:term":[{"taxonomy":"product_brand","embeddable":true,"href":"https:\/\/lazersystem.net\/id\/wp-json\/wp\/v2\/product_brand?post=4738"},{"taxonomy":"product_cat","embeddable":true,"href":"https:\/\/lazersystem.net\/id\/wp-json\/wp\/v2\/product_cat?post=4738"},{"taxonomy":"product_tag","embeddable":true,"href":"https:\/\/lazersystem.net\/id\/wp-json\/wp\/v2\/product_tag?post=4738"}],"curies":[{"name":"wp","href":"https:\/\/api.w.org\/{rel}","templated":true}]}}