{"id":5301,"date":"2024-12-20T06:28:34","date_gmt":"2024-12-20T06:28:34","guid":{"rendered":"https:\/\/lazersystem.net\/?post_type=product&#038;p=5301"},"modified":"2024-12-20T06:44:00","modified_gmt":"2024-12-20T06:44:00","slug":"20w-all-in-one-laser-marking-machine-for-sale-special-price","status":"publish","type":"product","link":"https:\/\/lazersystem.net\/hu\/szalas-lezeres-jelologep\/20w-all-in-one-laser-marking-machine-for-sale-special-price","title":{"rendered":"20W all-in-one laser marking machine for sale | Special price!"},"content":{"rendered":"<p>BOGONGCNC portable laser marking machine is small in size and light in weight, with the lightest model weighing only 20.5 kg. Due to its compact and space-saving structure, fiber laser marking machines are ideal for home or office use.<\/p>\n<p>Regarding finding focus, our portable laser marking machines have an autofocus system that eliminates the need for testing and saves you setup time. You can also manually adjust the XY axis for precise marking and fine-tuning easily. We can customize your cabinet name and logo to your liking. BOGONGCNC aims to provide customers with simple, efficient and flexible laser marking solutions.<\/p>\n<p>BOGONGCNC portable laser marking machine is suitable for integrated circuit chips, computer accessories, industrial bearings, watches, electronic and communication products, aerospace equipment, various auto parts, home appliances, hardware tools, molds, wires and cables, food packaging, jewelry , tobacco and military, etc.<\/p>\n<div class=\"container section-title-container\" ><h3 class=\"section-title section-title-normal\"><b><\/b><span class=\"section-title-main\" >Portable laser marking machine demonstration video<\/span><b><\/b><\/h3><\/div>\n<div class=\"video video-fit mb\" style=\"padding-top:56.25%;\"><p><iframe title=\"Small All-in-one Laser Marking Machine for Sale\" width=\"1020\" height=\"574\" src=\"https:\/\/www.youtube.com\/embed\/znNbIXDhuHE?feature=oembed\" frameborder=\"0\" allow=\"accelerometer; autoplay; clipboard-write; encrypted-media; gyroscope; picture-in-picture; web-share\" referrerpolicy=\"strict-origin-when-cross-origin\" allowfullscreen><\/iframe><\/p>\n<\/div>\n<div class=\"container section-title-container\" ><h3 class=\"section-title section-title-normal\"><b><\/b><span class=\"section-title-main\" >Portable laser marking machine display<\/span><b><\/b><\/h3><\/div>\n\t<div class=\"img has-hover x md-x lg-x y md-y lg-y\" id=\"image_80763995\">\n\t\t\t\t\t\t\t\t<div class=\"img-inner dark\" >\n\t\t\t<img fetchpriority=\"high\" decoding=\"async\" width=\"768\" height=\"768\" src=\"https:\/\/lazersystem.net\/wp-content\/uploads\/2024\/12\/\u673a\u5668\u5c3a\u5bf8\u4e00\u4f53\u6253\u6807\u673a-768x768.jpg\" class=\"attachment-medium_large size-medium_large\" alt=\"\" srcset=\"https:\/\/lazersystem.net\/wp-content\/uploads\/2024\/12\/\u673a\u5668\u5c3a\u5bf8\u4e00\u4f53\u6253\u6807\u673a-768x768.jpg 768w, https:\/\/lazersystem.net\/wp-content\/uploads\/2024\/12\/\u673a\u5668\u5c3a\u5bf8\u4e00\u4f53\u6253\u6807\u673a-800x800.jpg 800w, https:\/\/lazersystem.net\/wp-content\/uploads\/2024\/12\/\u673a\u5668\u5c3a\u5bf8\u4e00\u4f53\u6253\u6807\u673a-400x400.jpg 400w, https:\/\/lazersystem.net\/wp-content\/uploads\/2024\/12\/\u673a\u5668\u5c3a\u5bf8\u4e00\u4f53\u6253\u6807\u673a-12x12.jpg 12w, https:\/\/lazersystem.net\/wp-content\/uploads\/2024\/12\/\u673a\u5668\u5c3a\u5bf8\u4e00\u4f53\u6253\u6807\u673a-300x300.jpg 300w, https:\/\/lazersystem.net\/wp-content\/uploads\/2024\/12\/\u673a\u5668\u5c3a\u5bf8\u4e00\u4f53\u6253\u6807\u673a-600x600.jpg 600w, https:\/\/lazersystem.net\/wp-content\/uploads\/2024\/12\/\u673a\u5668\u5c3a\u5bf8\u4e00\u4f53\u6253\u6807\u673a-100x100.jpg 100w, https:\/\/lazersystem.net\/wp-content\/uploads\/2024\/12\/\u673a\u5668\u5c3a\u5bf8\u4e00\u4f53\u6253\u6807\u673a.jpg 1000w\" sizes=\"(max-width: 768px) 100vw, 768px\" \/>\t\t\t\t\t\t\n\t\t\t\t\t<\/div>\n\t\t\t\t\t\t\t\t\n<style>\n#image_80763995 {\n  width: 100%;\n}\n<\/style>\n\t<\/div>\n\t\n<div class=\"container section-title-container\" ><h3 class=\"section-title section-title-normal\"><b><\/b><span class=\"section-title-main\" >Portable laser marking machine parameters<\/span><b><\/b><\/h3><\/div>\n<table>\n<tbody>\n<tr>\n<td style=\"text-align: center;\">Product name<\/td>\n<td style=\"text-align: center;\">Lazer Marking Machine<\/td>\n<\/tr>\n<tr>\n<td style=\"text-align: center;\">Laser Power<\/td>\n<td style=\"text-align: center;\">20W\/30W<\/td>\n<\/tr>\n<tr>\n<td style=\"text-align: center;\">Laser source<\/td>\n<td style=\"text-align: center;\">IPG Raycus Max JPT<\/td>\n<\/tr>\n<tr>\n<td style=\"text-align: center;\">Applicable Material<\/td>\n<td style=\"text-align: center;\">Metal Materials<\/td>\n<\/tr>\n<tr>\n<td style=\"text-align: center;\">After-sales Service Provided<\/td>\n<td style=\"text-align: center;\">Online Support<\/td>\n<\/tr>\n<tr>\n<td style=\"text-align: center;\">Laser head<\/td>\n<td style=\"text-align: center;\">Sino-Galvo Scanning Head<\/td>\n<\/tr>\n<tr>\n<td style=\"text-align: center;\">Machine type<\/td>\n<td style=\"text-align: center;\">MachineMachine type type<\/td>\n<\/tr>\n<tr>\n<td style=\"text-align: center;\">L\u00e9zer hull\u00e1mhossz<\/td>\n<td style=\"text-align: center;\">1064nm<\/td>\n<\/tr>\n<tr>\n<td style=\"text-align: center;\">Working area<\/td>\n<td style=\"text-align: center;\">110*110mm \/175*175mm\/ 200*200mm\/300*300mm<\/td>\n<\/tr>\n<tr>\n<td style=\"text-align: center;\">Color<\/td>\n<td style=\"text-align: center;\">White<\/td>\n<\/tr>\n<\/tbody>\n<\/table>\n<div class=\"container section-title-container\" ><h3 class=\"section-title section-title-normal\"><b><\/b><span class=\"section-title-main\" >Portable laser marking machine parts details display<\/span><b><\/b><\/h3><\/div>\n\t<div class=\"img has-hover x md-x lg-x y md-y lg-y\" id=\"image_203440498\">\n\t\t\t\t\t\t\t\t<div class=\"img-inner dark\" >\n\t\t\t<img decoding=\"async\" width=\"750\" height=\"896\" src=\"https:\/\/lazersystem.net\/wp-content\/uploads\/2024\/12\/\u5fae\u4fe1\u56fe\u7247_20241220143638.png\" class=\"attachment-medium_large size-medium_large\" alt=\"\" srcset=\"https:\/\/lazersystem.net\/wp-content\/uploads\/2024\/12\/\u5fae\u4fe1\u56fe\u7247_20241220143638.png 750w, https:\/\/lazersystem.net\/wp-content\/uploads\/2024\/12\/\u5fae\u4fe1\u56fe\u7247_20241220143638-670x800.png 670w, https:\/\/lazersystem.net\/wp-content\/uploads\/2024\/12\/\u5fae\u4fe1\u56fe\u7247_20241220143638-10x12.png 10w, https:\/\/lazersystem.net\/wp-content\/uploads\/2024\/12\/\u5fae\u4fe1\u56fe\u7247_20241220143638-300x358.png 300w, https:\/\/lazersystem.net\/wp-content\/uploads\/2024\/12\/\u5fae\u4fe1\u56fe\u7247_20241220143638-600x717.png 600w\" sizes=\"(max-width: 750px) 100vw, 750px\" \/>\t\t\t\t\t\t\n\t\t\t\t\t<\/div>\n\t\t\t\t\t\t\t\t\n<style>\n#image_203440498 {\n  width: 100%;\n}\n<\/style>\n\t<\/div>\n\t\n<div class=\"container section-title-container\" ><h3 class=\"section-title section-title-normal\"><b><\/b><span class=\"section-title-main\" >Portable laser marking machine sample display<\/span><b><\/b><\/h3><\/div>\n\t<div class=\"img has-hover x md-x lg-x y md-y lg-y\" id=\"image_2059561562\">\n\t\t\t\t\t\t\t\t<div class=\"img-inner dark\" >\n\t\t\t<img decoding=\"async\" width=\"750\" height=\"826\" src=\"https:\/\/lazersystem.net\/wp-content\/uploads\/2024\/12\/\u5fae\u4fe1\u56fe\u7247_20241220142744.png\" class=\"attachment-medium_large size-medium_large\" alt=\"\" srcset=\"https:\/\/lazersystem.net\/wp-content\/uploads\/2024\/12\/\u5fae\u4fe1\u56fe\u7247_20241220142744.png 750w, https:\/\/lazersystem.net\/wp-content\/uploads\/2024\/12\/\u5fae\u4fe1\u56fe\u7247_20241220142744-726x800.png 726w, https:\/\/lazersystem.net\/wp-content\/uploads\/2024\/12\/\u5fae\u4fe1\u56fe\u7247_20241220142744-11x12.png 11w, https:\/\/lazersystem.net\/wp-content\/uploads\/2024\/12\/\u5fae\u4fe1\u56fe\u7247_20241220142744-300x330.png 300w, https:\/\/lazersystem.net\/wp-content\/uploads\/2024\/12\/\u5fae\u4fe1\u56fe\u7247_20241220142744-600x661.png 600w\" sizes=\"(max-width: 750px) 100vw, 750px\" \/>\t\t\t\t\t\t\n\t\t\t\t\t<\/div>\n\t\t\t\t\t\t\t\t\n<style>\n#image_2059561562 {\n  width: 100%;\n}\n<\/style>\n\t<\/div>\n\t\n<div class=\"container section-title-container\" ><h3 class=\"section-title section-title-normal\"><b><\/b><span class=\"section-title-main\" >Customer visit<\/span><b><\/b><\/h3><\/div>\n\t<div class=\"img has-hover x md-x lg-x y md-y lg-y\" id=\"image_1802446747\">\n\t\t\t\t\t\t\t\t<div class=\"img-inner dark\" >\n\t\t\t<img loading=\"lazy\" decoding=\"async\" width=\"750\" height=\"1233\" src=\"https:\/\/lazersystem.net\/wp-content\/uploads\/2024\/12\/\u5fae\u4fe1\u56fe\u7247_20241220143855.png\" class=\"attachment-medium_large size-medium_large\" alt=\"\" srcset=\"https:\/\/lazersystem.net\/wp-content\/uploads\/2024\/12\/\u5fae\u4fe1\u56fe\u7247_20241220143855.png 750w, https:\/\/lazersystem.net\/wp-content\/uploads\/2024\/12\/\u5fae\u4fe1\u56fe\u7247_20241220143855-608x1000.png 608w, https:\/\/lazersystem.net\/wp-content\/uploads\/2024\/12\/\u5fae\u4fe1\u56fe\u7247_20241220143855-487x800.png 487w, https:\/\/lazersystem.net\/wp-content\/uploads\/2024\/12\/\u5fae\u4fe1\u56fe\u7247_20241220143855-7x12.png 7w, https:\/\/lazersystem.net\/wp-content\/uploads\/2024\/12\/\u5fae\u4fe1\u56fe\u7247_20241220143855-300x493.png 300w, https:\/\/lazersystem.net\/wp-content\/uploads\/2024\/12\/\u5fae\u4fe1\u56fe\u7247_20241220143855-600x986.png 600w\" sizes=\"(max-width: 750px) 100vw, 750px\" \/>\t\t\t\t\t\t\n\t\t\t\t\t<\/div>\n\t\t\t\t\t\t\t\t\n<style>\n#image_1802446747 {\n  width: 100%;\n}\n<\/style>\n\t<\/div>\n\t\n<div class=\"container section-title-container\" ><h3 class=\"section-title section-title-normal\"><b><\/b><span class=\"section-title-main\" >Customer testimonials<\/span><b><\/b><\/h3><\/div>\n\t<div class=\"img has-hover x md-x lg-x y md-y lg-y\" id=\"image_876680423\">\n\t\t\t\t\t\t\t\t<div class=\"img-inner dark\" >\n\t\t\t<img loading=\"lazy\" decoding=\"async\" width=\"750\" height=\"1957\" src=\"https:\/\/lazersystem.net\/wp-content\/uploads\/2024\/12\/\u5fae\u4fe1\u56fe\u7247_20241220143944.png\" class=\"attachment-medium_large size-medium_large\" alt=\"\" srcset=\"https:\/\/lazersystem.net\/wp-content\/uploads\/2024\/12\/\u5fae\u4fe1\u56fe\u7247_20241220143944.png 750w, https:\/\/lazersystem.net\/wp-content\/uploads\/2024\/12\/\u5fae\u4fe1\u56fe\u7247_20241220143944-383x1000.png 383w, https:\/\/lazersystem.net\/wp-content\/uploads\/2024\/12\/\u5fae\u4fe1\u56fe\u7247_20241220143944-307x800.png 307w, https:\/\/lazersystem.net\/wp-content\/uploads\/2024\/12\/\u5fae\u4fe1\u56fe\u7247_20241220143944-589x1536.png 589w, https:\/\/lazersystem.net\/wp-content\/uploads\/2024\/12\/\u5fae\u4fe1\u56fe\u7247_20241220143944-5x12.png 5w, https:\/\/lazersystem.net\/wp-content\/uploads\/2024\/12\/\u5fae\u4fe1\u56fe\u7247_20241220143944-300x783.png 300w, https:\/\/lazersystem.net\/wp-content\/uploads\/2024\/12\/\u5fae\u4fe1\u56fe\u7247_20241220143944-600x1566.png 600w\" sizes=\"(max-width: 750px) 100vw, 750px\" \/>\t\t\t\t\t\t\n\t\t\t\t\t<\/div>\n\t\t\t\t\t\t\t\t\n<style>\n#image_876680423 {\n  width: 100%;\n}\n<\/style>\n\t<\/div>\n\t\n<div class=\"container section-title-container\" ><h3 class=\"section-title section-title-normal\"><b><\/b><span class=\"section-title-main\" >CHOOSE BOCONC ,CHOOSE SAFETY.WELCOMETO CONTACT US<\/span><b><\/b><\/h3><\/div>","protected":false},"excerpt":{"rendered":"<p>BOGONGCNC all-in-one laser marking machine is light and compact; it weighs only 20.5 kg.<\/p>\n<p>The one-piece fiber laser marking machine requires no consumables or maintenance. Power consumption is 0.35kw per hour, energy saving and environmental protection.<\/p>","protected":false},"featured_media":5299,"comment_status":"open","ping_status":"closed","template":"","meta":[],"product_brand":[],"product_cat":[248,327],"product_tag":[381,382,384,385,377,378,383,379,380],"class_list":{"0":"post-5301","1":"product","2":"type-product","3":"status-publish","4":"has-post-thumbnail","6":"product_cat-fiber-laser-marking-machine","7":"product_cat-fiber-laser-marking-machine-fiber-laser-marking-machine","8":"product_tag-20w-jpt-fiber-laser","9":"product_tag-30w-fiber-laser","10":"product_tag-best-fiber-laser-engraver","11":"product_tag-desktop-fiber-laser","12":"product_tag-fiber-laser-engraver","13":"product_tag-fiber-laser-marking-machine","14":"product_tag-galvo-fiber-laser","15":"product_tag-jpt-fiber-laser","16":"product_tag-laser-marking-machine-for-metal","18":"first","19":"instock","20":"shipping-taxable","21":"purchasable","22":"product-type-simple"},"yoast_head":"<!-- This site is optimized with the Yoast SEO Premium plugin v21.5 (Yoast SEO v25.2) - https:\/\/yoast.com\/wordpress\/plugins\/seo\/ -->\n<title>20W all-in-one laser marking machine for sale | Special price! - BOGONG Laser Machine<\/title>\n<meta name=\"robots\" content=\"index, follow, max-snippet:-1, max-image-preview:large, max-video-preview:-1\" \/>\n<link rel=\"canonical\" href=\"https:\/\/lazersystem.net\/hu\/szalas-lezeres-jelologep\/20w-all-in-one-laser-marking-machine-for-sale-special-price\" \/>\n<meta property=\"og:locale\" content=\"hu_HU\" \/>\n<meta property=\"og:type\" content=\"article\" \/>\n<meta property=\"og:title\" content=\"20W all-in-one laser marking machine for sale | Special price!\" \/>\n<meta property=\"og:description\" content=\"BOGONGCNC all-in-one laser marking machine is light and compact; it weighs only 20.5 kg.  The one-piece fiber laser marking machine requires no consumables or maintenance. Power consumption is 0.35kw per hour, energy saving and environmental protection.\" \/>\n<meta property=\"og:url\" content=\"https:\/\/lazersystem.net\/hu\/szalas-lezeres-jelologep\/20w-all-in-one-laser-marking-machine-for-sale-special-price\" \/>\n<meta property=\"og:site_name\" content=\"BOGONG Laser Machine\" \/>\n<meta property=\"article:modified_time\" content=\"2024-12-20T06:44:00+00:00\" \/>\n<meta property=\"og:image\" content=\"https:\/\/lazersystem.net\/wp-content\/uploads\/2024\/12\/\u5fae\u4fe1\u56fe\u7247_20241220141329.png\" \/>\n\t<meta property=\"og:image:width\" content=\"800\" \/>\n\t<meta property=\"og:image:height\" content=\"800\" \/>\n\t<meta property=\"og:image:type\" content=\"image\/png\" \/>\n<meta name=\"twitter:card\" content=\"summary_large_image\" \/>\n<meta name=\"twitter:label1\" content=\"Becs\u00fclt olvas\u00e1si id\u0151\" \/>\n\t<meta name=\"twitter:data1\" content=\"2 perc\" \/>\n<script type=\"application\/ld+json\" class=\"yoast-schema-graph\">{\"@context\":\"https:\/\/schema.org\",\"@graph\":[{\"@type\":\"WebPage\",\"@id\":\"https:\/\/lazersystem.net\/fiber-laser-marking-machine\/20w-all-in-one-laser-marking-machine-for-sale-special-price\",\"url\":\"https:\/\/lazersystem.net\/fiber-laser-marking-machine\/20w-all-in-one-laser-marking-machine-for-sale-special-price\",\"name\":\"20W all-in-one laser marking machine for sale | Special price! - BOGONG Laser Machine\",\"isPartOf\":{\"@id\":\"https:\/\/lazersystem.net\/#website\"},\"primaryImageOfPage\":{\"@id\":\"https:\/\/lazersystem.net\/fiber-laser-marking-machine\/20w-all-in-one-laser-marking-machine-for-sale-special-price#primaryimage\"},\"image\":{\"@id\":\"https:\/\/lazersystem.net\/fiber-laser-marking-machine\/20w-all-in-one-laser-marking-machine-for-sale-special-price#primaryimage\"},\"thumbnailUrl\":\"https:\/\/lazersystem.net\/wp-content\/uploads\/2024\/12\/\u5fae\u4fe1\u56fe\u7247_20241220141329.png\",\"datePublished\":\"2024-12-20T06:28:34+00:00\",\"dateModified\":\"2024-12-20T06:44:00+00:00\",\"breadcrumb\":{\"@id\":\"https:\/\/lazersystem.net\/fiber-laser-marking-machine\/20w-all-in-one-laser-marking-machine-for-sale-special-price#breadcrumb\"},\"inLanguage\":\"hu\",\"potentialAction\":[{\"@type\":\"ReadAction\",\"target\":[\"https:\/\/lazersystem.net\/fiber-laser-marking-machine\/20w-all-in-one-laser-marking-machine-for-sale-special-price\"]}]},{\"@type\":\"ImageObject\",\"inLanguage\":\"hu\",\"@id\":\"https:\/\/lazersystem.net\/fiber-laser-marking-machine\/20w-all-in-one-laser-marking-machine-for-sale-special-price#primaryimage\",\"url\":\"https:\/\/lazersystem.net\/wp-content\/uploads\/2024\/12\/\u5fae\u4fe1\u56fe\u7247_20241220141329.png\",\"contentUrl\":\"https:\/\/lazersystem.net\/wp-content\/uploads\/2024\/12\/\u5fae\u4fe1\u56fe\u7247_20241220141329.png\",\"width\":800,\"height\":800},{\"@type\":\"BreadcrumbList\",\"@id\":\"https:\/\/lazersystem.net\/fiber-laser-marking-machine\/20w-all-in-one-laser-marking-machine-for-sale-special-price#breadcrumb\",\"itemListElement\":[{\"@type\":\"ListItem\",\"position\":1,\"name\":\"Home\",\"item\":\"https:\/\/lazersystem.net\/\"},{\"@type\":\"ListItem\",\"position\":2,\"name\":\"Product\",\"item\":\"https:\/\/lazersystem.net\/ru\/\u043f\u0440\u043e\u0434\u0443\u043a\u0442\"},{\"@type\":\"ListItem\",\"position\":3,\"name\":\"20W all-in-one laser marking machine for sale | Special price!\"}]},{\"@type\":\"WebSite\",\"@id\":\"https:\/\/lazersystem.net\/#website\",\"url\":\"https:\/\/lazersystem.net\/\",\"name\":\"BOGONG Laser Machine\",\"description\":\"\",\"publisher\":{\"@id\":\"https:\/\/lazersystem.net\/#organization\"},\"potentialAction\":[{\"@type\":\"SearchAction\",\"target\":{\"@type\":\"EntryPoint\",\"urlTemplate\":\"https:\/\/lazersystem.net\/?s={search_term_string}\"},\"query-input\":{\"@type\":\"PropertyValueSpecification\",\"valueRequired\":true,\"valueName\":\"search_term_string\"}}],\"inLanguage\":\"hu\"},{\"@type\":\"Organization\",\"@id\":\"https:\/\/lazersystem.net\/#organization\",\"name\":\"BOGONG Laser Machine\",\"url\":\"https:\/\/lazersystem.net\/\",\"logo\":{\"@type\":\"ImageObject\",\"inLanguage\":\"hu\",\"@id\":\"https:\/\/lazersystem.net\/#\/schema\/logo\/image\/\",\"url\":\"https:\/\/lazersystem.net\/wp-content\/uploads\/2024\/04\/\u672a\u6807\u9898-1-3.jpg\",\"contentUrl\":\"https:\/\/lazersystem.net\/wp-content\/uploads\/2024\/04\/\u672a\u6807\u9898-1-3.jpg\",\"width\":1920,\"height\":650,\"caption\":\"BOGONG Laser Machine\"},\"image\":{\"@id\":\"https:\/\/lazersystem.net\/#\/schema\/logo\/image\/\"}}]}<\/script>\n<!-- \/ Yoast SEO Premium plugin. -->","yoast_head_json":{"title":"20W all-in-one laser marking machine for sale | Special price! - BOGONG Laser Machine","robots":{"index":"index","follow":"follow","max-snippet":"max-snippet:-1","max-image-preview":"max-image-preview:large","max-video-preview":"max-video-preview:-1"},"canonical":"https:\/\/lazersystem.net\/hu\/szalas-lezeres-jelologep\/20w-all-in-one-laser-marking-machine-for-sale-special-price","og_locale":"hu_HU","og_type":"article","og_title":"20W all-in-one laser marking machine for sale | Special price!","og_description":"BOGONGCNC all-in-one laser marking machine is light and compact; it weighs only 20.5 kg.  The one-piece fiber laser marking machine requires no consumables or maintenance. Power consumption is 0.35kw per hour, energy saving and environmental protection.","og_url":"https:\/\/lazersystem.net\/hu\/szalas-lezeres-jelologep\/20w-all-in-one-laser-marking-machine-for-sale-special-price","og_site_name":"BOGONG Laser Machine","article_modified_time":"2024-12-20T06:44:00+00:00","og_image":[{"width":800,"height":800,"url":"https:\/\/lazersystem.net\/wp-content\/uploads\/2024\/12\/\u5fae\u4fe1\u56fe\u7247_20241220141329.png","type":"image\/png"}],"twitter_card":"summary_large_image","twitter_misc":{"Becs\u00fclt olvas\u00e1si id\u0151":"2 perc"},"schema":{"@context":"https:\/\/schema.org","@graph":[{"@type":"WebPage","@id":"https:\/\/lazersystem.net\/fiber-laser-marking-machine\/20w-all-in-one-laser-marking-machine-for-sale-special-price","url":"https:\/\/lazersystem.net\/fiber-laser-marking-machine\/20w-all-in-one-laser-marking-machine-for-sale-special-price","name":"20W all-in-one laser marking machine for sale | Special price! - BOGONG Laser Machine","isPartOf":{"@id":"https:\/\/lazersystem.net\/#website"},"primaryImageOfPage":{"@id":"https:\/\/lazersystem.net\/fiber-laser-marking-machine\/20w-all-in-one-laser-marking-machine-for-sale-special-price#primaryimage"},"image":{"@id":"https:\/\/lazersystem.net\/fiber-laser-marking-machine\/20w-all-in-one-laser-marking-machine-for-sale-special-price#primaryimage"},"thumbnailUrl":"https:\/\/lazersystem.net\/wp-content\/uploads\/2024\/12\/\u5fae\u4fe1\u56fe\u7247_20241220141329.png","datePublished":"2024-12-20T06:28:34+00:00","dateModified":"2024-12-20T06:44:00+00:00","breadcrumb":{"@id":"https:\/\/lazersystem.net\/fiber-laser-marking-machine\/20w-all-in-one-laser-marking-machine-for-sale-special-price#breadcrumb"},"inLanguage":"hu","potentialAction":[{"@type":"ReadAction","target":["https:\/\/lazersystem.net\/fiber-laser-marking-machine\/20w-all-in-one-laser-marking-machine-for-sale-special-price"]}]},{"@type":"ImageObject","inLanguage":"hu","@id":"https:\/\/lazersystem.net\/fiber-laser-marking-machine\/20w-all-in-one-laser-marking-machine-for-sale-special-price#primaryimage","url":"https:\/\/lazersystem.net\/wp-content\/uploads\/2024\/12\/\u5fae\u4fe1\u56fe\u7247_20241220141329.png","contentUrl":"https:\/\/lazersystem.net\/wp-content\/uploads\/2024\/12\/\u5fae\u4fe1\u56fe\u7247_20241220141329.png","width":800,"height":800},{"@type":"BreadcrumbList","@id":"https:\/\/lazersystem.net\/fiber-laser-marking-machine\/20w-all-in-one-laser-marking-machine-for-sale-special-price#breadcrumb","itemListElement":[{"@type":"ListItem","position":1,"name":"Home","item":"https:\/\/lazersystem.net\/"},{"@type":"ListItem","position":2,"name":"Product","item":"https:\/\/lazersystem.net\/ru\/\u043f\u0440\u043e\u0434\u0443\u043a\u0442"},{"@type":"ListItem","position":3,"name":"20W all-in-one laser marking machine for sale | Special price!"}]},{"@type":"WebSite","@id":"https:\/\/lazersystem.net\/#website","url":"https:\/\/lazersystem.net\/","name":"BOGONG l\u00e9zer g\u00e9p","description":"","publisher":{"@id":"https:\/\/lazersystem.net\/#organization"},"potentialAction":[{"@type":"SearchAction","target":{"@type":"EntryPoint","urlTemplate":"https:\/\/lazersystem.net\/?s={search_term_string}"},"query-input":{"@type":"PropertyValueSpecification","valueRequired":true,"valueName":"search_term_string"}}],"inLanguage":"hu"},{"@type":"Organization","@id":"https:\/\/lazersystem.net\/#organization","name":"BOGONG l\u00e9zer g\u00e9p","url":"https:\/\/lazersystem.net\/","logo":{"@type":"ImageObject","inLanguage":"hu","@id":"https:\/\/lazersystem.net\/#\/schema\/logo\/image\/","url":"https:\/\/lazersystem.net\/wp-content\/uploads\/2024\/04\/\u672a\u6807\u9898-1-3.jpg","contentUrl":"https:\/\/lazersystem.net\/wp-content\/uploads\/2024\/04\/\u672a\u6807\u9898-1-3.jpg","width":1920,"height":650,"caption":"BOGONG Laser Machine"},"image":{"@id":"https:\/\/lazersystem.net\/#\/schema\/logo\/image\/"}}]}},"_links":{"self":[{"href":"https:\/\/lazersystem.net\/hu\/wp-json\/wp\/v2\/product\/5301","targetHints":{"allow":["GET"]}}],"collection":[{"href":"https:\/\/lazersystem.net\/hu\/wp-json\/wp\/v2\/product"}],"about":[{"href":"https:\/\/lazersystem.net\/hu\/wp-json\/wp\/v2\/types\/product"}],"replies":[{"embeddable":true,"href":"https:\/\/lazersystem.net\/hu\/wp-json\/wp\/v2\/comments?post=5301"}],"wp:featuredmedia":[{"embeddable":true,"href":"https:\/\/lazersystem.net\/hu\/wp-json\/wp\/v2\/media\/5299"}],"wp:attachment":[{"href":"https:\/\/lazersystem.net\/hu\/wp-json\/wp\/v2\/media?parent=5301"}],"wp:term":[{"taxonomy":"product_brand","embeddable":true,"href":"https:\/\/lazersystem.net\/hu\/wp-json\/wp\/v2\/product_brand?post=5301"},{"taxonomy":"product_cat","embeddable":true,"href":"https:\/\/lazersystem.net\/hu\/wp-json\/wp\/v2\/product_cat?post=5301"},{"taxonomy":"product_tag","embeddable":true,"href":"https:\/\/lazersystem.net\/hu\/wp-json\/wp\/v2\/product_tag?post=5301"}],"curies":[{"name":"wp","href":"https:\/\/api.w.org\/{rel}","templated":true}]}}