{"id":5126,"date":"2024-11-20T06:32:50","date_gmt":"2024-11-20T06:32:50","guid":{"rendered":"https:\/\/lazersystem.net\/?post_type=product&#038;p=5126"},"modified":"2024-11-20T06:49:16","modified_gmt":"2024-11-20T06:49:16","slug":"2-5d-szalas-lezergravirozo-fem-dombormu-gravirozashoz","status":"publish","type":"product","link":"https:\/\/lazersystem.net\/hu\/szalas-lezeres-jelologep\/2-5d-szalas-lezergravirozo-fem-dombormu-gravirozashoz","title":{"rendered":"2.5D sz\u00e1las l\u00e9zergrav\u00edroz\u00f3 f\u00e9m relief grav\u00edroz\u00e1shoz"},"content":{"rendered":"<p>1.200 k\u00e9szlet \/ h\u00f3 Elad\u00e1sra v\u00e1r\u00f3 k\u00e9szleten<br \/>\n2.Meet CE szabv\u00e1nyok min\u0151s\u00e9g \u00e9s biztons\u00e1g szempontj\u00e1b\u00f3l<br \/>\n3.K\u00e9t (2) \u00e9v korl\u00e1tozott garancia az eg\u00e9sz g\u00e9pre<br \/>\n4.1-2 napos kezel\u00e9s \u00e9s 7-30 napos sz\u00e1ll\u00edt\u00e1s<br \/>\n5.30-napos p\u00e9nzvisszafizet\u00e9si garancia a v\u00e1s\u00e1rl\u00e1sra<br \/>\n6.Free \u00e9lethosszig tart\u00f3 m\u0171szaki t\u00e1mogat\u00e1s a v\u00e9gfelhaszn\u00e1l\u00f3k \u00e9s a keresked\u0151k sz\u00e1m\u00e1ra<br \/>\n7.Online (PayPal, Trade Assurance) \/ Offline (T\/T, bet\u00e9ti \u00e9s hitelk\u00e1rty\u00e1k)<\/p>\n<div class=\"video video-fit mb\" style=\"padding-top:56.25%;\"><p><iframe title=\"Mi az az EZCAD3 2.5D l\u00e9zergrav\u00edroz\u00f3 g\u00e9p? | 2.5D l\u00e9zergrav\u00edroz\u00f3 v\u00e1g\u00f3g\u00e9p?\" width=\"1020\" height=\"574\" src=\"https:\/\/www.youtube.com\/embed\/rVs-mnArtnk?feature=oembed\" frameborder=\"0\" allow=\"accelerometer; autoplay; clipboard-write; encrypted-media; gyroscope; picture-in-picture; web-share\" referrerpolicy=\"strict-origin-when-cross-origin\" allowfullscreen><\/iframe><\/p>\n<\/div>\n<p>A sz\u00e1las l\u00e9zergrav\u00edroz\u00f3k ide\u00e1lisak a f\u00e9m dombornyom\u00e1sos grav\u00edroz\u00e1shoz, mivel nagy pontoss\u00e1ggal \u00e9s nagy felbont\u00e1s\u00fa r\u00e9szleteket tudnak el\u0151\u00e1ll\u00edtani a k\u00fcl\u00f6nb\u00f6z\u0151 f\u00e9mfel\u00fcleteken. A sz\u00e1las l\u00e9zerrel m\u00e9lyebb \u00e9s tiszt\u00e1bb v\u00e9s\u00e9sek k\u00e9sz\u00edthet\u0151k olyan f\u00e9meken, mint a rozsdamentes ac\u00e9l, tit\u00e1n, alum\u00ednium, s\u00e1rgar\u00e9z \u00e9s r\u00e9z. Nagy pontoss\u00e1guk, nagy sebess\u00e9g\u00fck, valamint alacsony haszn\u00e1lati \u00e9s karbantart\u00e1si k\u00f6lts\u00e9g\u00fck miatt alkalmasak ipari \u00e9s m\u0171v\u00e9szeti alkalmaz\u00e1sokhoz. Ha sz\u00e1las l\u00e9zeres f\u00e9m dombornyom\u00e1sos grav\u00edroz\u00f3g\u00e9pet v\u00e1laszt, olyan dolgokat kell figyelembe vennie, mint a teljes\u00edtm\u00e9ny, a grav\u00edroz\u00e1si m\u00e9lys\u00e9g \u00e9s sebess\u00e9g, valamint a m\u00e9ret, hogy megfeleljen v\u00e1llalkoz\u00e1sa egyedi ig\u00e9nyeinek.<\/p>\n\t<div class=\"img has-hover x md-x lg-x y md-y lg-y\" id=\"image_1503461820\">\n\t\t\t\t\t\t\t\t<div class=\"img-inner dark\" >\n\t\t\t<img fetchpriority=\"high\" decoding=\"async\" width=\"768\" height=\"768\" src=\"https:\/\/lazersystem.net\/wp-content\/uploads\/2024\/06\/\u5fae\u4fe1\u56fe\u7247_20240625151134-768x768.png\" class=\"attachment-medium_large size-medium_large\" alt=\"\" srcset=\"https:\/\/lazersystem.net\/wp-content\/uploads\/2024\/06\/\u5fae\u4fe1\u56fe\u7247_20240625151134-768x768.png 768w, https:\/\/lazersystem.net\/wp-content\/uploads\/2024\/06\/\u5fae\u4fe1\u56fe\u7247_20240625151134-400x400.png 400w, https:\/\/lazersystem.net\/wp-content\/uploads\/2024\/06\/\u5fae\u4fe1\u56fe\u7247_20240625151134-12x12.png 12w, https:\/\/lazersystem.net\/wp-content\/uploads\/2024\/06\/\u5fae\u4fe1\u56fe\u7247_20240625151134-300x300.png 300w, https:\/\/lazersystem.net\/wp-content\/uploads\/2024\/06\/\u5fae\u4fe1\u56fe\u7247_20240625151134-600x600.png 600w, https:\/\/lazersystem.net\/wp-content\/uploads\/2024\/06\/\u5fae\u4fe1\u56fe\u7247_20240625151134-100x100.png 100w, https:\/\/lazersystem.net\/wp-content\/uploads\/2024\/06\/\u5fae\u4fe1\u56fe\u7247_20240625151134.png 800w\" sizes=\"(max-width: 768px) 100vw, 768px\" \/>\t\t\t\t\t\t\n\t\t\t\t\t<\/div>\n\t\t\t\t\t\t\t\t\n<style>\n#image_1503461820 {\n  width: 70%;\n}\n<\/style>\n\t<\/div>\n\t\n<div class=\"container section-title-container\" ><h3 class=\"section-title section-title-normal\"><b><\/b><span class=\"section-title-main\" >A 2.5D sz\u00e1las l\u00e9zergrav\u00edroz\u00f3 m\u0171szaki param\u00e9terei a f\u00e9m relief grav\u00edroz\u00e1shoz<\/span><b><\/b><\/h3><\/div>\n<table>\n<tbody>\n<tr>\n<td width=\"284\">\n<p style=\"text-align: center;\">Optikai maszer<\/p>\n<\/td>\n<td style=\"text-align: center;\" width=\"284\">Sz\u00e1las l\u00e9zer<\/td>\n<\/tr>\n<tr>\n<td width=\"284\">\n<p style=\"text-align: center;\">L\u00e9zer hull\u00e1mhossz<\/p>\n<\/td>\n<td style=\"text-align: center;\" width=\"284\">1064 nm<\/td>\n<\/tr>\n<tr>\n<td width=\"284\">\n<p style=\"text-align: center;\">\u00c1tlagos kimeneti teljes\u00edtm\u00e9ny<\/p>\n<\/td>\n<td style=\"text-align: center;\" width=\"284\">50W\/60W\/80W\/100W<\/td>\n<\/tr>\n<tr>\n<td width=\"284\">\n<p style=\"text-align: center;\">Biztos\u00edtja az optikai szigetel\u00e9st?<\/p>\n<\/td>\n<td style=\"text-align: center;\" width=\"284\">hozd a<\/td>\n<\/tr>\n<tr>\n<td width=\"284\">\n<p style=\"text-align: center;\">Modul\u00e1ci\u00f3s frekvenciatartom\u00e1ny<\/p>\n<\/td>\n<td width=\"284\">\n<p style=\"text-align: center;\">50W: 1-600 kHz<\/p>\n<p style=\"text-align: center;\">60-100W: 1-4000khz<\/p>\n<\/td>\n<\/tr>\n<tr>\n<td style=\"text-align: center;\" width=\"284\">L\u00e9zerenergia<\/td>\n<td width=\"284\">\n<p style=\"text-align: center;\">50W: 1.25mj<\/p>\n<p style=\"text-align: center;\">60W-100W: 1.5MJ<\/p>\n<\/td>\n<\/tr>\n<tr>\n<td style=\"text-align: center;\" width=\"284\">Impulzussz\u00e9less\u00e9g<\/td>\n<td width=\"284\">\n<p style=\"text-align: center;\">50W: Nem<\/p>\n<p style=\"text-align: center;\">60-100W: 2-500ns<\/p>\n<\/td>\n<\/tr>\n<tr>\n<td style=\"text-align: center;\" width=\"284\">Maxim\u00e1lis sebess\u00e9g<\/td>\n<td width=\"284\">\n<p style=\"text-align: center;\">7000 mm\/s<\/p>\n<\/td>\n<\/tr>\n<tr>\n<td style=\"text-align: center;\" width=\"284\">\u00e1ll\u00e1sfoglal\u00e1s<\/td>\n<td width=\"284\">\n<p style=\"text-align: center;\">0,001 mm<\/p>\n<\/td>\n<\/tr>\n<tr>\n<td width=\"284\">\n<p style=\"text-align: center;\">\u00dajrapoz\u00edcion\u00e1l\u00e1si pontoss\u00e1g<\/p>\n<\/td>\n<td style=\"text-align: center;\" width=\"284\">0,003 mm<\/td>\n<\/tr>\n<tr>\n<td width=\"284\">\n<p style=\"text-align: center;\">Jel\u00f6l\u00e9si tartom\u00e1ny<\/p>\n<\/td>\n<td style=\"text-align: center;\" width=\"284\">110*110mm<\/td>\n<\/tr>\n<tr>\n<td width=\"284\">\n<p style=\"text-align: center;\">Minim\u00e1lis vonalsz\u00e9less\u00e9g<\/p>\n<\/td>\n<td style=\"text-align: center;\" width=\"284\">0,01 mm<\/td>\n<\/tr>\n<tr>\n<td width=\"284\">\n<p style=\"text-align: center;\">Minim\u00e1lis karaktermagass\u00e1g<\/p>\n<\/td>\n<td width=\"284\">\n<p style=\"text-align: center;\">0,2 mm<\/p>\n<\/td>\n<\/tr>\n<tr>\n<td style=\"text-align: center;\" width=\"284\">H\u0171t\u00e9si m\u00f3dszer<\/td>\n<td width=\"284\">\n<p style=\"text-align: center;\">Leveg\u0151 h\u0171t\u00e9s<\/p>\n<\/td>\n<\/tr>\n<tr>\n<td style=\"text-align: center;\" width=\"284\">L\u00e9zer t\u00e1pegys\u00e9g<\/td>\n<td width=\"284\">\n<p style=\"text-align: center;\">0.8kw\/AC110\/220V\/50Hz<\/p>\n<\/td>\n<\/tr>\n<tr>\n<td style=\"text-align: center;\" width=\"284\">K\u00f6rnyezeti k\u00f6vetelm\u00e9nyek<\/td>\n<td width=\"284\">\n<p style=\"text-align: center;\">0 ~ 35 \u2103, 90% vagy p\u00e1ratartalom<\/p>\n<\/td>\n<\/tr>\n<\/tbody>\n<\/table>\n<h2>A 2.5D sz\u00e1las l\u00e9zergrav\u00edroz\u00f3 alkalmaz\u00e1sa f\u00e9m relief grav\u00edroz\u00e1shoz<\/h2>\n<p>A 2.5D sz\u00e1las l\u00e9zeres jel\u00f6l\u0151g\u00e9p a legt\u00f6bb f\u00e9mjel\u00f6l\u00e9si alkalmaz\u00e1ssal, p\u00e9ld\u00e1ul log\u00f3k k\u00e9sz\u00edt\u00e9s\u00e9vel, sorozatsz\u00e1mokkal, m\u0171szaki specifik\u00e1ci\u00f3kkal \u00e9s egy\u00e9b tervekkel dolgozhat f\u00e9meken (r\u00e9z, vas, ac\u00e9l, rozsdamentes ac\u00e9l, tit\u00e1n, alum\u00ednium, arany, ez\u00fcst, s\u00e1rgar\u00e9z, \u00f6tv\u00f6zetek) \u00e9s ABS-en.<\/p>\n<p>A 2.5D sz\u00e1las l\u00e9zeres mar\u00f3g\u00e9p k\u00e9pes befejezni az \u00f6sszes 2D l\u00e9zermunk\u00e1t, \u00e9s 3D domborzatgrav\u00edroz\u00e1st is v\u00e9gezhet a s\u00edk lemezen, de nem tud 3D grav\u00edroz\u00e1st k\u00e9sz\u00edteni az \u00edvelt r\u00e9szen. Ha a felhaszn\u00e1l\u00f3nak csak n\u00e9h\u00e1ny domborzatv\u00e9s\u00e9st kell v\u00e9geznie, akkor ez sokkal gazdas\u00e1gosabb k\u00f6lts\u00e9g, mint a 3D l\u00e9zergrav\u00edroz\u00f3 g\u00e9p. A MOPA l\u00e9zerforr\u00e1ssal k\u00fcl\u00f6nb\u00f6z\u0151 sz\u00edneket is jel\u00f6lhet rozsdamentes ac\u00e9lon \u00e9s tit\u00e1non.<\/p>\n<h2>2.5D sz\u00e1las l\u00e9zer f\u00e9m relief grav\u00edroz\u00f3 g\u00e9p projektjei az EZCAD3 szoftverrel<\/h2>\n\t<div class=\"img has-hover x md-x lg-x y md-y lg-y\" id=\"image_1186171582\">\n\t\t\t\t\t\t\t\t<div class=\"img-inner dark\" >\n\t\t\t<img decoding=\"async\" width=\"768\" height=\"980\" src=\"https:\/\/lazersystem.net\/wp-content\/uploads\/2024\/06\/\u5fae\u4fe1\u56fe\u7247_20240625151747-768x980.png\" class=\"attachment-medium_large size-medium_large\" alt=\"\" srcset=\"https:\/\/lazersystem.net\/wp-content\/uploads\/2024\/06\/\u5fae\u4fe1\u56fe\u7247_20240625151747-768x980.png 768w, https:\/\/lazersystem.net\/wp-content\/uploads\/2024\/06\/\u5fae\u4fe1\u56fe\u7247_20240625151747-784x1000.png 784w, https:\/\/lazersystem.net\/wp-content\/uploads\/2024\/06\/\u5fae\u4fe1\u56fe\u7247_20240625151747-627x800.png 627w, https:\/\/lazersystem.net\/wp-content\/uploads\/2024\/06\/\u5fae\u4fe1\u56fe\u7247_20240625151747-9x12.png 9w, https:\/\/lazersystem.net\/wp-content\/uploads\/2024\/06\/\u5fae\u4fe1\u56fe\u7247_20240625151747-300x383.png 300w, https:\/\/lazersystem.net\/wp-content\/uploads\/2024\/06\/\u5fae\u4fe1\u56fe\u7247_20240625151747-600x766.png 600w, https:\/\/lazersystem.net\/wp-content\/uploads\/2024\/06\/\u5fae\u4fe1\u56fe\u7247_20240625151747.png 790w\" sizes=\"(max-width: 768px) 100vw, 768px\" \/>\t\t\t\t\t\t\n\t\t\t\t\t<\/div>\n\t\t\t\t\t\t\t\t\n<style>\n#image_1186171582 {\n  width: 70%;\n}\n<\/style>\n\t<\/div>\n\t\n\t<div class=\"img has-hover x md-x lg-x y md-y lg-y\" id=\"image_1653684003\">\n\t\t\t\t\t\t\t\t<div class=\"img-inner dark\" >\n\t\t\t<img decoding=\"async\" width=\"768\" height=\"768\" src=\"https:\/\/lazersystem.net\/wp-content\/uploads\/2024\/06\/\u5fae\u4fe1\u56fe\u7247_20240625151140-768x768.png\" class=\"attachment-medium_large size-medium_large\" alt=\"\" srcset=\"https:\/\/lazersystem.net\/wp-content\/uploads\/2024\/06\/\u5fae\u4fe1\u56fe\u7247_20240625151140-768x768.png 768w, https:\/\/lazersystem.net\/wp-content\/uploads\/2024\/06\/\u5fae\u4fe1\u56fe\u7247_20240625151140-400x400.png 400w, https:\/\/lazersystem.net\/wp-content\/uploads\/2024\/06\/\u5fae\u4fe1\u56fe\u7247_20240625151140-12x12.png 12w, https:\/\/lazersystem.net\/wp-content\/uploads\/2024\/06\/\u5fae\u4fe1\u56fe\u7247_20240625151140-300x300.png 300w, https:\/\/lazersystem.net\/wp-content\/uploads\/2024\/06\/\u5fae\u4fe1\u56fe\u7247_20240625151140-600x600.png 600w, https:\/\/lazersystem.net\/wp-content\/uploads\/2024\/06\/\u5fae\u4fe1\u56fe\u7247_20240625151140-100x100.png 100w, https:\/\/lazersystem.net\/wp-content\/uploads\/2024\/06\/\u5fae\u4fe1\u56fe\u7247_20240625151140.png 800w\" sizes=\"(max-width: 768px) 100vw, 768px\" \/>\t\t\t\t\t\t\n\t\t\t\t\t<\/div>\n\t\t\t\t\t\t\t\t\n<style>\n#image_1653684003 {\n  width: 70%;\n}\n<\/style>\n\t<\/div>\n\t\n<h2 class=\"magic-10\" data-spm-anchor-id=\"a2700.details.0.i87.f2db63d9hjDDKO\"><strong><span class=\"magic-11\" style=\"font-family: Arial;\">2.5D osztott sz\u00e1las l\u00e9zeres jel\u00f6l\u0151g\u00e9p f\u00e9mterm\u00e9kekhez<\/span><\/strong><\/h2>\n<div class=\"magic-12\">\n<div class=\"magic-13\">\n<div class=\"magic-14\"><span class=\"magic-15\" style=\"font-family: Arial;\">G\u00e9pi st\u00edlus: Hossz\u00fa \u00e9lettartam: el\u00e9rheti a 100 000 \u00f3r\u00e1t. Kompakt t\u00edpus: High-tech term\u00e9k, amely egyes\u00edti a l\u00e9zerberendez\u00e9st, a sz\u00e1m\u00edt\u00f3g\u00e9pet, az automatikus vez\u00e9rl\u0151t \u00e9s a prec\u00edzi\u00f3s g\u00e9peket. Nagy pontoss\u00e1g: \u00dajrapoz\u00edcion\u00e1l\u00e1si pontoss\u00e1g 0,003 mm Nagy sebess\u00e9g: Az import\u00e1lt szkennel\u00e9si rendszer ak\u00e1r 7000 mm\/s szkennel\u00e9si sebess\u00e9get is lehet\u0151v\u00e9 tesz K\u00f6nnyen kezelhet\u0151: Windows-alap\u00fa speci\u00e1lis jel\u00f6l\u0151szoftvert biztos\u00edt, amely val\u00f3s id\u0151ben k\u00e9pes be\u00e1ll\u00edtani a l\u00e9zerteljes\u00edtm\u00e9nyt \u00e9s az impulzusfrekvenci\u00e1t. A sz\u00e1m\u00edt\u00f3g\u00e9pen kereszt\u00fcl a specifikus jel\u00f6l\u0151szoftverben \u00e9s a grafikai szoftverben (p\u00e9ld\u00e1ul AutoCAD, CorelDRAW vagy Photoshop) t\u00f6rt\u00e9n\u0151 szerkeszt\u00e9snek megfelel\u0151en be- \u00e9s kimenetet adhat. Energiatakar\u00e9koss\u00e1g: A fotoelektromos \u00e1talak\u00edt\u00e1s hat\u00e9konys\u00e1ga ak\u00e1r 70% Alacsony \u00fczemeltet\u00e9si k\u00f6lts\u00e9g: Nincsenek kop\u00f3 alkatr\u00e9szek. Ingyenes karbantart\u00e1s, nincs sz\u00fcks\u00e9g a l\u00e9zer\u00fat be\u00e1ll\u00edt\u00e1s\u00e1ra.<\/span><\/div>\n<\/div>\n<\/div>\n<h2>Szerviz \u00e9s t\u00e1mogat\u00e1s a 2.5D sz\u00e1las l\u00e9zer f\u00e9m relief grav\u00edroz\u00f3 g\u00e9phez<\/h2>\n<p>1. A BOGONG CNC-technikusai telefonon \u00e9s e-mailen kereszt\u00fcl \u00e9lethosszig tart\u00f3 m\u0171szaki t\u00e1mogat\u00e1st ny\u00fajtanak ehhez a g\u00e9phez.<\/p>\n<p>2. A BOGONG CNC technikusai t\u00e1voli szoftver telep\u00edt\u00e9st, hibakeres\u00e9st \u00e9s haszn\u00e1lati \u00fatmutat\u00e1st biztos\u00edtanak \u00d6nnek online.<\/p>\n<p>3. A BOGONG CNC k\u00e9pes \u00fczemeltet\u00e9si utas\u00edt\u00e1sokat tartalmaz\u00f3 vide\u00f3kat biztos\u00edtani ehhez a g\u00e9phez.<\/p>\n<p>4. A BOGONG CNC gy\u00e1rt\u00f3\u00fczem ingyenes tanfolyamokat biztos\u00edt.<\/p>\n<p>5. A BOGONG CNC tengerent\u00fali helysz\u00edni \u00e9rt\u00e9kes\u00edt\u00e9s ut\u00e1ni szolg\u00e1ltat\u00e1st \u00e9s t\u00e1mogat\u00e1st tud ny\u00fajtani (fizet\u0151s).<\/p>\n<p>6. A g\u00e9pet a sz\u00e1ll\u00edt\u00e1s el\u0151tt hibakeres\u00e9ssel tesztelj\u00fck, hogy megfelel\u0151en m\u0171k\u00f6dj\u00f6n, \u00e9s haszn\u00e1lati utas\u00edt\u00e1ssal egy\u00fctt \u00e9rkezik.<\/p>\n<p>7. A 2,5D l\u00e9zergrav\u00edroz\u00f3 g\u00e9p 3 \u00e9v korl\u00e1tozott garanci\u00e1t biztos\u00edt.<\/p>","protected":false},"excerpt":{"rendered":"<p>A 2.5D sz\u00e1las l\u00e9zergrav\u00edroz\u00f3 egy 2D l\u00e9zeres jel\u00f6l\u0151rendszeren alapul\u00f3 l\u00e9zeres f\u00e9m domborzatv\u00e9s\u0151 g\u00e9p, amely az EZCAD3 szoftverrel f\u00e9m domborzatv\u00e9s\u00e9seket k\u00e9sz\u00edt.<\/p>","protected":false},"featured_media":4927,"comment_status":"open","ping_status":"closed","template":"","meta":[],"product_brand":[],"product_cat":[248],"product_tag":[129,142],"class_list":{"0":"post-5126","1":"product","2":"type-product","3":"status-publish","4":"has-post-thumbnail","6":"product_cat-fiber-laser-marking-machine","7":"product_tag-2d-desktop-fiber-laser-engraving-machine2d-desktop-marking-machinelaser-fiber-marking-machinecolour-fiber-laser-marking-machinesmopa-fiber-laser-marking-machine","8":"product_tag-fiber-laser-markers2d-fiber-laser-engraving-machinelazer-marking-machine","10":"first","11":"instock","12":"shipping-taxable","13":"purchasable","14":"product-type-simple"},"yoast_head":"<!-- This site is optimized with the Yoast SEO Premium plugin v21.5 (Yoast SEO v25.2) - https:\/\/yoast.com\/wordpress\/plugins\/seo\/ -->\n<title>2.5D Fiber Laser Engraver for Metal Relief Engraving - BOGONG Laser Machine<\/title>\n<meta name=\"robots\" content=\"index, follow, max-snippet:-1, max-image-preview:large, max-video-preview:-1\" \/>\n<link rel=\"canonical\" href=\"https:\/\/lazersystem.net\/hu\/szalas-lezeres-jelologep\/2-5d-szalas-lezergravirozo-fem-dombormu-gravirozashoz\" \/>\n<meta property=\"og:locale\" content=\"hu_HU\" \/>\n<meta property=\"og:type\" content=\"article\" \/>\n<meta property=\"og:title\" content=\"2.5D Fiber Laser Engraver for Metal Relief Engraving\" \/>\n<meta property=\"og:description\" content=\"2.5D fiber laser engraver is a laser metal relief engraving machine based on 2D laser marking system with EZCAD3 software to create metal relief engravings.\" \/>\n<meta property=\"og:url\" content=\"https:\/\/lazersystem.net\/hu\/szalas-lezeres-jelologep\/2-5d-szalas-lezergravirozo-fem-dombormu-gravirozashoz\" \/>\n<meta property=\"og:site_name\" content=\"BOGONG Laser Machine\" \/>\n<meta property=\"article:modified_time\" content=\"2024-11-20T06:49:16+00:00\" \/>\n<meta property=\"og:image\" content=\"https:\/\/lazersystem.net\/wp-content\/uploads\/2024\/06\/\u5fae\u4fe1\u56fe\u7247_20240625151127.png\" \/>\n\t<meta property=\"og:image:width\" content=\"800\" \/>\n\t<meta property=\"og:image:height\" content=\"800\" \/>\n\t<meta property=\"og:image:type\" content=\"image\/png\" \/>\n<meta name=\"twitter:card\" content=\"summary_large_image\" \/>\n<meta name=\"twitter:label1\" content=\"Becs\u00fclt olvas\u00e1si id\u0151\" \/>\n\t<meta name=\"twitter:data1\" content=\"4 perc\" \/>\n<script type=\"application\/ld+json\" class=\"yoast-schema-graph\">{\"@context\":\"https:\/\/schema.org\",\"@graph\":[{\"@type\":\"WebPage\",\"@id\":\"https:\/\/lazersystem.net\/fiber-laser-marking-machine\/2-5d-fiber-laser-engraver-for-metal-relief-engraving\",\"url\":\"https:\/\/lazersystem.net\/fiber-laser-marking-machine\/2-5d-fiber-laser-engraver-for-metal-relief-engraving\",\"name\":\"2.5D Fiber Laser Engraver for Metal Relief Engraving - BOGONG Laser Machine\",\"isPartOf\":{\"@id\":\"https:\/\/lazersystem.net\/#website\"},\"primaryImageOfPage\":{\"@id\":\"https:\/\/lazersystem.net\/fiber-laser-marking-machine\/2-5d-fiber-laser-engraver-for-metal-relief-engraving#primaryimage\"},\"image\":{\"@id\":\"https:\/\/lazersystem.net\/fiber-laser-marking-machine\/2-5d-fiber-laser-engraver-for-metal-relief-engraving#primaryimage\"},\"thumbnailUrl\":\"https:\/\/lazersystem.net\/wp-content\/uploads\/2024\/06\/\u5fae\u4fe1\u56fe\u7247_20240625151127.png\",\"datePublished\":\"2024-11-20T06:32:50+00:00\",\"dateModified\":\"2024-11-20T06:49:16+00:00\",\"breadcrumb\":{\"@id\":\"https:\/\/lazersystem.net\/fiber-laser-marking-machine\/2-5d-fiber-laser-engraver-for-metal-relief-engraving#breadcrumb\"},\"inLanguage\":\"hu\",\"potentialAction\":[{\"@type\":\"ReadAction\",\"target\":[\"https:\/\/lazersystem.net\/fiber-laser-marking-machine\/2-5d-fiber-laser-engraver-for-metal-relief-engraving\"]}]},{\"@type\":\"ImageObject\",\"inLanguage\":\"hu\",\"@id\":\"https:\/\/lazersystem.net\/fiber-laser-marking-machine\/2-5d-fiber-laser-engraver-for-metal-relief-engraving#primaryimage\",\"url\":\"https:\/\/lazersystem.net\/wp-content\/uploads\/2024\/06\/\u5fae\u4fe1\u56fe\u7247_20240625151127.png\",\"contentUrl\":\"https:\/\/lazersystem.net\/wp-content\/uploads\/2024\/06\/\u5fae\u4fe1\u56fe\u7247_20240625151127.png\",\"width\":800,\"height\":800},{\"@type\":\"BreadcrumbList\",\"@id\":\"https:\/\/lazersystem.net\/fiber-laser-marking-machine\/2-5d-fiber-laser-engraver-for-metal-relief-engraving#breadcrumb\",\"itemListElement\":[{\"@type\":\"ListItem\",\"position\":1,\"name\":\"Home\",\"item\":\"https:\/\/lazersystem.net\/\"},{\"@type\":\"ListItem\",\"position\":2,\"name\":\"Product\",\"item\":\"https:\/\/lazersystem.net\/ru\/\u043f\u0440\u043e\u0434\u0443\u043a\u0442\"},{\"@type\":\"ListItem\",\"position\":3,\"name\":\"2.5D Fiber Laser Engraver for Metal Relief Engraving\"}]},{\"@type\":\"WebSite\",\"@id\":\"https:\/\/lazersystem.net\/#website\",\"url\":\"https:\/\/lazersystem.net\/\",\"name\":\"BOGONG Laser Machine\",\"description\":\"\",\"publisher\":{\"@id\":\"https:\/\/lazersystem.net\/#organization\"},\"potentialAction\":[{\"@type\":\"SearchAction\",\"target\":{\"@type\":\"EntryPoint\",\"urlTemplate\":\"https:\/\/lazersystem.net\/?s={search_term_string}\"},\"query-input\":{\"@type\":\"PropertyValueSpecification\",\"valueRequired\":true,\"valueName\":\"search_term_string\"}}],\"inLanguage\":\"hu\"},{\"@type\":\"Organization\",\"@id\":\"https:\/\/lazersystem.net\/#organization\",\"name\":\"BOGONG Laser Machine\",\"url\":\"https:\/\/lazersystem.net\/\",\"logo\":{\"@type\":\"ImageObject\",\"inLanguage\":\"hu\",\"@id\":\"https:\/\/lazersystem.net\/#\/schema\/logo\/image\/\",\"url\":\"https:\/\/lazersystem.net\/wp-content\/uploads\/2024\/04\/\u672a\u6807\u9898-1-3.jpg\",\"contentUrl\":\"https:\/\/lazersystem.net\/wp-content\/uploads\/2024\/04\/\u672a\u6807\u9898-1-3.jpg\",\"width\":1920,\"height\":650,\"caption\":\"BOGONG Laser Machine\"},\"image\":{\"@id\":\"https:\/\/lazersystem.net\/#\/schema\/logo\/image\/\"}}]}<\/script>\n<!-- \/ Yoast SEO Premium plugin. -->","yoast_head_json":{"title":"2.5D sz\u00e1las l\u00e9zergrav\u00edroz\u00f3 a f\u00e9m relief grav\u00edroz\u00e1shoz - BOGONG l\u00e9zerg\u00e9p","robots":{"index":"index","follow":"follow","max-snippet":"max-snippet:-1","max-image-preview":"max-image-preview:large","max-video-preview":"max-video-preview:-1"},"canonical":"https:\/\/lazersystem.net\/hu\/szalas-lezeres-jelologep\/2-5d-szalas-lezergravirozo-fem-dombormu-gravirozashoz","og_locale":"hu_HU","og_type":"article","og_title":"2.5D Fiber Laser Engraver for Metal Relief Engraving","og_description":"2.5D fiber laser engraver is a laser metal relief engraving machine based on 2D laser marking system with EZCAD3 software to create metal relief engravings.","og_url":"https:\/\/lazersystem.net\/hu\/szalas-lezeres-jelologep\/2-5d-szalas-lezergravirozo-fem-dombormu-gravirozashoz","og_site_name":"BOGONG Laser Machine","article_modified_time":"2024-11-20T06:49:16+00:00","og_image":[{"width":800,"height":800,"url":"https:\/\/lazersystem.net\/wp-content\/uploads\/2024\/06\/\u5fae\u4fe1\u56fe\u7247_20240625151127.png","type":"image\/png"}],"twitter_card":"summary_large_image","twitter_misc":{"Becs\u00fclt olvas\u00e1si id\u0151":"4 perc"},"schema":{"@context":"https:\/\/schema.org","@graph":[{"@type":"WebPage","@id":"https:\/\/lazersystem.net\/fiber-laser-marking-machine\/2-5d-fiber-laser-engraver-for-metal-relief-engraving","url":"https:\/\/lazersystem.net\/fiber-laser-marking-machine\/2-5d-fiber-laser-engraver-for-metal-relief-engraving","name":"2.5D sz\u00e1las l\u00e9zergrav\u00edroz\u00f3 a f\u00e9m relief grav\u00edroz\u00e1shoz - BOGONG l\u00e9zerg\u00e9p","isPartOf":{"@id":"https:\/\/lazersystem.net\/#website"},"primaryImageOfPage":{"@id":"https:\/\/lazersystem.net\/fiber-laser-marking-machine\/2-5d-fiber-laser-engraver-for-metal-relief-engraving#primaryimage"},"image":{"@id":"https:\/\/lazersystem.net\/fiber-laser-marking-machine\/2-5d-fiber-laser-engraver-for-metal-relief-engraving#primaryimage"},"thumbnailUrl":"https:\/\/lazersystem.net\/wp-content\/uploads\/2024\/06\/\u5fae\u4fe1\u56fe\u7247_20240625151127.png","datePublished":"2024-11-20T06:32:50+00:00","dateModified":"2024-11-20T06:49:16+00:00","breadcrumb":{"@id":"https:\/\/lazersystem.net\/fiber-laser-marking-machine\/2-5d-fiber-laser-engraver-for-metal-relief-engraving#breadcrumb"},"inLanguage":"hu","potentialAction":[{"@type":"ReadAction","target":["https:\/\/lazersystem.net\/fiber-laser-marking-machine\/2-5d-fiber-laser-engraver-for-metal-relief-engraving"]}]},{"@type":"ImageObject","inLanguage":"hu","@id":"https:\/\/lazersystem.net\/fiber-laser-marking-machine\/2-5d-fiber-laser-engraver-for-metal-relief-engraving#primaryimage","url":"https:\/\/lazersystem.net\/wp-content\/uploads\/2024\/06\/\u5fae\u4fe1\u56fe\u7247_20240625151127.png","contentUrl":"https:\/\/lazersystem.net\/wp-content\/uploads\/2024\/06\/\u5fae\u4fe1\u56fe\u7247_20240625151127.png","width":800,"height":800},{"@type":"BreadcrumbList","@id":"https:\/\/lazersystem.net\/fiber-laser-marking-machine\/2-5d-fiber-laser-engraver-for-metal-relief-engraving#breadcrumb","itemListElement":[{"@type":"ListItem","position":1,"name":"Home","item":"https:\/\/lazersystem.net\/"},{"@type":"ListItem","position":2,"name":"Product","item":"https:\/\/lazersystem.net\/ru\/\u043f\u0440\u043e\u0434\u0443\u043a\u0442"},{"@type":"ListItem","position":3,"name":"2.5D Fiber Laser Engraver for Metal Relief Engraving"}]},{"@type":"WebSite","@id":"https:\/\/lazersystem.net\/#website","url":"https:\/\/lazersystem.net\/","name":"BOGONG l\u00e9zer g\u00e9p","description":"","publisher":{"@id":"https:\/\/lazersystem.net\/#organization"},"potentialAction":[{"@type":"SearchAction","target":{"@type":"EntryPoint","urlTemplate":"https:\/\/lazersystem.net\/?s={search_term_string}"},"query-input":{"@type":"PropertyValueSpecification","valueRequired":true,"valueName":"search_term_string"}}],"inLanguage":"hu"},{"@type":"Organization","@id":"https:\/\/lazersystem.net\/#organization","name":"BOGONG l\u00e9zer g\u00e9p","url":"https:\/\/lazersystem.net\/","logo":{"@type":"ImageObject","inLanguage":"hu","@id":"https:\/\/lazersystem.net\/#\/schema\/logo\/image\/","url":"https:\/\/lazersystem.net\/wp-content\/uploads\/2024\/04\/\u672a\u6807\u9898-1-3.jpg","contentUrl":"https:\/\/lazersystem.net\/wp-content\/uploads\/2024\/04\/\u672a\u6807\u9898-1-3.jpg","width":1920,"height":650,"caption":"BOGONG Laser Machine"},"image":{"@id":"https:\/\/lazersystem.net\/#\/schema\/logo\/image\/"}}]}},"_links":{"self":[{"href":"https:\/\/lazersystem.net\/hu\/wp-json\/wp\/v2\/product\/5126","targetHints":{"allow":["GET"]}}],"collection":[{"href":"https:\/\/lazersystem.net\/hu\/wp-json\/wp\/v2\/product"}],"about":[{"href":"https:\/\/lazersystem.net\/hu\/wp-json\/wp\/v2\/types\/product"}],"replies":[{"embeddable":true,"href":"https:\/\/lazersystem.net\/hu\/wp-json\/wp\/v2\/comments?post=5126"}],"wp:featuredmedia":[{"embeddable":true,"href":"https:\/\/lazersystem.net\/hu\/wp-json\/wp\/v2\/media\/4927"}],"wp:attachment":[{"href":"https:\/\/lazersystem.net\/hu\/wp-json\/wp\/v2\/media?parent=5126"}],"wp:term":[{"taxonomy":"product_brand","embeddable":true,"href":"https:\/\/lazersystem.net\/hu\/wp-json\/wp\/v2\/product_brand?post=5126"},{"taxonomy":"product_cat","embeddable":true,"href":"https:\/\/lazersystem.net\/hu\/wp-json\/wp\/v2\/product_cat?post=5126"},{"taxonomy":"product_tag","embeddable":true,"href":"https:\/\/lazersystem.net\/hu\/wp-json\/wp\/v2\/product_tag?post=5126"}],"curies":[{"name":"wp","href":"https:\/\/api.w.org\/{rel}","templated":true}]}}