{"id":4784,"date":"2024-04-23T06:32:35","date_gmt":"2024-04-23T06:32:35","guid":{"rendered":"https:\/\/lazersystem.net\/?post_type=product&#038;p=4784"},"modified":"2024-07-03T06:53:29","modified_gmt":"2024-07-03T06:53:29","slug":"portable-mopa-100w-200w-500w-laser-cleaning-machine-handheld-rust-removal-oil","status":"publish","type":"product","link":"https:\/\/lazersystem.net\/fur\/fiber-laser-cleaning-machine\/pulse-laser-cleaning-machine\/portable-mopa-100w-200w-500w-laser-cleaning-machine-handheld-rust-removal-oil","title":{"rendered":"\u00d3leo port\u00e1til da remo\u00e7\u00e3o de oxida\u00e7\u00e3o da m\u00e1quina port\u00e1til da limpeza do laser de Mopa 100w 200w 500w"},"content":{"rendered":"<div class=\"container section-title-container\" ><h3 class=\"section-title section-title-normal\"><b><\/b><span class=\"section-title-main\" style=\"color:rgb(241, 10, 10);\">Detalhes do produto<\/span><b><\/b><\/h3><\/div>\n<h2>M\u00e1quina de limpeza a laser BGC-500W ind\u00fastrias aplic\u00e1veis:<\/h2>\n<p>Remo\u00e7\u00e3o de ferrugem de superf\u00edcies met\u00e1licas B Tratamento de remo\u00e7\u00e3o de tinta de superf\u00edcie C Limpeza de \u00f3leo, manchas e sujeira de superf\u00edcie D Revestimento de superf\u00edcie, remo\u00e7\u00e3o de revestimento E Pr\u00e9-tratamento de superf\u00edcie de soldagem\/spray F Remo\u00e7\u00e3o de poeira de superf\u00edcie de pedra e acess\u00f3rios G Limpeza de res\u00edduos de molde de borracha<\/p>\n<div class=\"container section-title-container\" ><h3 class=\"section-title section-title-normal\"><b><\/b><span class=\"section-title-main\" style=\"color:rgb(246, 7, 7);\">Exibi\u00e7\u00e3o de v\u00eddeo<\/span><b><\/b><\/h3><\/div>\n<div class=\"video video-fit mb\" style=\"padding-top:56.25%;\"><p><iframe title=\"Handheld laser cleaning machine\" width=\"1020\" height=\"574\" src=\"https:\/\/www.youtube.com\/embed\/eeoVXQXsJL0?feature=oembed\" frameborder=\"0\" allow=\"accelerometer; autoplay; clipboard-write; encrypted-media; gyroscope; picture-in-picture; web-share\" referrerpolicy=\"strict-origin-when-cross-origin\" allowfullscreen><\/iframe><\/p>\n<\/div>\n<div class=\"container section-title-container\" ><h3 class=\"section-title section-title-normal\"><b><\/b><span class=\"section-title-main\" style=\"color:rgb(246, 0, 0);\">Caracter\u00edsticas do produto<\/span><b><\/b><\/h3><\/div>\n<h2>Principais caracter\u00edsticas da m\u00e1quina de limpeza a laser<\/h2>\n<p>\uff081\uff09 Nenhum dano \u00e0 base do material devido ao desempenho de limpeza da superf\u00edcie sem toque.<\/p>\n<p>\uff082\uff09T\u00e9cnica de limpeza precisa para a \u00e1rea espec\u00edfica em uma \u00e1rea selecionada.<\/p>\n<p>\uff083\uff09N\u00e3o h\u00e1 necessidade de produtos qu\u00edmicos ou outros suprimentos adicionais.<\/p>\n<p>\uff084\uff09 F\u00e1cil de operar, pode ser port\u00e1til ou limpo automaticamente instalando um bra\u00e7o rob\u00f3tico.<\/p>\n<p>\uff085\uff09 Pequeno consumo de tempo de limpeza e resultado de acabamento de alta qualidade.<\/p>\n<p>\uff086\uff09 Design integrado est\u00e1vel e impactado que n\u00e3o resulta em manuten\u00e7\u00e3o extra.<\/p>\n<div class=\"container section-title-container\" ><h3 class=\"section-title section-title-normal\"><b><\/b><span class=\"section-title-main\" style=\"color:rgb(255, 3, 3);\">estrutura<\/span><b><\/b><\/h3><\/div>\n\t<div class=\"img has-hover x md-x lg-x y md-y lg-y\" id=\"image_584855617\">\n\t\t\t\t\t\t\t\t<div class=\"img-inner dark\" >\n\t\t\t<img fetchpriority=\"high\" decoding=\"async\" width=\"421\" height=\"800\" src=\"https:\/\/lazersystem.net\/wp-content\/uploads\/2024\/04\/\u5fae\u4fe1\u56fe\u7247_20240423142902_790x1500-421x800.jpg\" class=\"attachment-large size-large\" alt=\"\" srcset=\"https:\/\/lazersystem.net\/wp-content\/uploads\/2024\/04\/\u5fae\u4fe1\u56fe\u7247_20240423142902_790x1500-421x800.jpg 421w, https:\/\/lazersystem.net\/wp-content\/uploads\/2024\/04\/\u5fae\u4fe1\u56fe\u7247_20240423142902_790x1500-527x1000.jpg 527w, https:\/\/lazersystem.net\/wp-content\/uploads\/2024\/04\/\u5fae\u4fe1\u56fe\u7247_20240423142902_790x1500-768x1458.jpg 768w, https:\/\/lazersystem.net\/wp-content\/uploads\/2024\/04\/\u5fae\u4fe1\u56fe\u7247_20240423142902_790x1500-6x12.jpg 6w, https:\/\/lazersystem.net\/wp-content\/uploads\/2024\/04\/\u5fae\u4fe1\u56fe\u7247_20240423142902_790x1500-300x570.jpg 300w, https:\/\/lazersystem.net\/wp-content\/uploads\/2024\/04\/\u5fae\u4fe1\u56fe\u7247_20240423142902_790x1500-600x1139.jpg 600w, https:\/\/lazersystem.net\/wp-content\/uploads\/2024\/04\/\u5fae\u4fe1\u56fe\u7247_20240423142902_790x1500.jpg 790w\" sizes=\"(max-width: 421px) 100vw, 421px\" \/>\t\t\t\t\t\t\n\t\t\t\t\t<\/div>\n\t\t\t\t\t\t\t\t\n<style>\n#image_584855617 {\n  width: 100%;\n}\n<\/style>\n\t<\/div>\n\t\n<div class=\"container section-title-container\" ><h3 class=\"section-title section-title-normal\"><b><\/b><span class=\"section-title-main\" style=\"color:rgb(253, 3, 3);\">Exibi\u00e7\u00e3o de amostra<\/span><b><\/b><\/h3><\/div>\n\t<div class=\"img has-hover x md-x lg-x y md-y lg-y\" id=\"image_1547379162\">\n\t\t\t\t\t\t\t\t<div class=\"img-inner dark\" >\n\t\t\t<img decoding=\"async\" width=\"411\" height=\"800\" src=\"https:\/\/lazersystem.net\/wp-content\/uploads\/2024\/04\/photobank_790x1539-411x800.jpg\" class=\"attachment-large size-large\" alt=\"\" srcset=\"https:\/\/lazersystem.net\/wp-content\/uploads\/2024\/04\/photobank_790x1539-411x800.jpg 411w, https:\/\/lazersystem.net\/wp-content\/uploads\/2024\/04\/photobank_790x1539-513x1000.jpg 513w, https:\/\/lazersystem.net\/wp-content\/uploads\/2024\/04\/photobank_790x1539-768x1496.jpg 768w, https:\/\/lazersystem.net\/wp-content\/uploads\/2024\/04\/photobank_790x1539-788x1536.jpg 788w, https:\/\/lazersystem.net\/wp-content\/uploads\/2024\/04\/photobank_790x1539-6x12.jpg 6w, https:\/\/lazersystem.net\/wp-content\/uploads\/2024\/04\/photobank_790x1539-300x584.jpg 300w, https:\/\/lazersystem.net\/wp-content\/uploads\/2024\/04\/photobank_790x1539-600x1169.jpg 600w, https:\/\/lazersystem.net\/wp-content\/uploads\/2024\/04\/photobank_790x1539.jpg 790w\" sizes=\"(max-width: 411px) 100vw, 411px\" \/>\t\t\t\t\t\t\n\t\t\t\t\t<\/div>\n\t\t\t\t\t\t\t\t\n<style>\n#image_1547379162 {\n  width: 100%;\n}\n<\/style>\n\t<\/div>\n\t\n<div class=\"container section-title-container\" ><h3 class=\"section-title section-title-normal\"><b><\/b><span class=\"section-title-main\" style=\"color:rgb(248, 7, 7);\">problema comum<\/span><b><\/b><\/h3><\/div>\n<h2>O que voc\u00ea deve prestar aten\u00e7\u00e3o ao usar a m\u00e1quina de limpeza a laser pulsado?<\/h2>\n<p>1. Precau\u00e7\u00f5es de seguran\u00e7a: Certifique-se de usar equipamento de prote\u00e7\u00e3o individual adequado, como \u00f3culos e luvas de seguran\u00e7a, para se proteger de perigos potenciais associados \u00e0 limpeza a laser.<\/p>\n<p>2. Compatibilidade do material: Certifique-se de que o material que voc\u00ea est\u00e1 limpando \u00e9 compat\u00edvel com o processo de limpeza a laser. Alguns materiais podem ser sens\u00edveis ao calor e podem ser danificados pelo laser.<\/p>\n<p>3.Configura\u00e7\u00f5es de energia: Ajuste as configura\u00e7\u00f5es de pot\u00eancia do laser de acordo com o material que est\u00e1 sendo limpo e o n\u00edvel de contamina\u00e7\u00e3o. Usar muita energia pode danificar o material, enquanto usar pouca energia pode n\u00e3o limpar a superf\u00edcie com efic\u00e1cia.<\/p>\n<p>4.Dist\u00e2ncia e \u00e2ngulo: Mantenha a dist\u00e2ncia e o \u00e2ngulo corretos entre o laser e a superf\u00edcie que est\u00e1 sendo limpa para garantir resultados de limpeza ideais. Experimente diferentes dist\u00e2ncias e \u00e2ngulos para encontrar o m\u00e9todo de limpeza mais eficaz.<\/p>\n<p>5. Efici\u00eancia de limpeza: Monitore a efici\u00eancia de limpeza da m\u00e1quina a laser e fa\u00e7a os ajustes necess\u00e1rios para melhorar o processo de limpeza. Verifique regularmente a limpeza da superf\u00edcie para garantir que todos os contaminantes foram removidos.<\/p>\n<p>6. Manuten\u00e7\u00e3o: Limpe e mantenha regularmente a m\u00e1quina de limpeza a laser para garantir seu desempenho ideal. Siga as instru\u00e7\u00f5es do fabricante para procedimentos de limpeza e manuten\u00e7\u00e3o.<\/p>\n<p>7.Treinamento: Certifique-se de que os operadores sejam devidamente treinados no uso da m\u00e1quina de limpeza a laser pulsado para evitar acidentes e garantir uma opera\u00e7\u00e3o eficiente. Fornecer treinamento e supervis\u00e3o cont\u00ednuos para garantir uma opera\u00e7\u00e3o segura e eficaz.<\/p>","protected":false},"excerpt":{"rendered":"<p>tipo: BGC-200\/300\/500<\/p>\n<p>Opcional: Sistema de exaust\u00e3o<\/p>\n<p>Peso da cabe\u00e7a de digitaliza\u00e7\u00e3o: 200W&lt;0,75kg 300W&lt;1,25 500W&lt;1,5Kg<\/p>\n<p>M\u00e9todo m\u00f3vel: polia<\/p>\n<p>Umidade do ambiente de trabalho:\u226480%<\/p>\n<p>Temperatura de trabalho:0\u2103~40\u2103<\/p>\n<p>peso l\u00edquido: 210kg<\/p>\n<p>Dimens\u00f5es (mm3):1130*770*1340mm<\/p>\n<p>Consumo de energia (W):2700W\/3900W<\/p>\n<p>pot\u00eancia de entrada: 220V, 50\/60Hz<\/p>\n<p>tipo de resfriamento: resfriamento a \u00e1gua<\/p>","protected":false},"featured_media":4777,"comment_status":"open","ping_status":"closed","template":"","meta":[],"product_brand":[],"product_cat":[191],"product_tag":[263,273,272,271,267,274,265,268,270,266,269,264],"class_list":{"0":"post-4784","1":"product","2":"type-product","3":"status-publish","4":"has-post-thumbnail","6":"product_cat-pulse-laser-cleaning-machine","7":"product_tag-laser-de-remocao-de-ferrugem-300w","8":"product_tag-limpeza-a-laser-200w","9":"product_tag-limpeza-a-laser-500w","10":"product_tag-maquina-de-limpeza-a-laser-300w","11":"product_tag-maquina-de-limpeza-a-laser-de-pulso-portatil","12":"product_tag-maquina-de-limpeza-a-laser-ipg","13":"product_tag-maquina-de-limpeza-a-laser-raycus","14":"product_tag-maquina-para-remover-ferrugem","15":"product_tag-pulso-de-laser-200w-300w-500w-limpeza-a-laser-de-fibra","16":"product_tag-pulso-raycus-500w","17":"product_tag-remocao-de-solda-de-ferrugem-a-laser","18":"product_tag-remover-ferrugem","20":"first","21":"instock","22":"shipping-taxable","23":"purchasable","24":"product-type-simple"},"yoast_head":"<!-- This site is optimized with the Yoast SEO Premium plugin v21.5 (Yoast SEO v25.2) - https:\/\/yoast.com\/wordpress\/plugins\/seo\/ -->\n<title>\u00d3leo port\u00e1til da remo\u00e7\u00e3o de oxida\u00e7\u00e3o da m\u00e1quina port\u00e1til da limpeza do laser de Mopa 100w 200w 500w - BOGONG Laser Machine<\/title>\n<meta name=\"robots\" content=\"index, follow, max-snippet:-1, max-image-preview:large, max-video-preview:-1\" \/>\n<link rel=\"canonical\" href=\"https:\/\/lazersystem.net\/fur\/fiber-laser-cleaning-machine\/pulse-laser-cleaning-machine\/portable-mopa-100w-200w-500w-laser-cleaning-machine-handheld-rust-removal-oil\" \/>\n<meta property=\"og:locale\" content=\"en_US\" \/>\n<meta property=\"og:type\" content=\"article\" \/>\n<meta property=\"og:title\" content=\"\u00d3leo port\u00e1til da remo\u00e7\u00e3o de oxida\u00e7\u00e3o da m\u00e1quina port\u00e1til da limpeza do laser de Mopa 100w 200w 500w\" \/>\n<meta property=\"og:description\" content=\"tipo: BGC-200\/300\/500  Opcional: Sistema de exaust\u00e3o  Peso da cabe\u00e7a de digitaliza\u00e7\u00e3o: 200W&lt;0,75kg 300W&lt;1,25 500W&lt;1,5Kg  M\u00e9todo m\u00f3vel: polia  Umidade do ambiente de trabalho:\u226480%  Temperatura de trabalho:0\u2103~40\u2103  peso l\u00edquido: 210kg  Dimens\u00f5es (mm3):1130*770*1340mm  Consumo de energia (W):2700W\/3900W  pot\u00eancia de entrada: 220V, 50\/60Hz  tipo de resfriamento: resfriamento a \u00e1gua\" \/>\n<meta property=\"og:url\" content=\"https:\/\/lazersystem.net\/fur\/fiber-laser-cleaning-machine\/pulse-laser-cleaning-machine\/portable-mopa-100w-200w-500w-laser-cleaning-machine-handheld-rust-removal-oil\" \/>\n<meta property=\"og:site_name\" content=\"BOGONG Laser Machine\" \/>\n<meta property=\"article:modified_time\" content=\"2024-07-03T06:53:29+00:00\" \/>\n<meta property=\"og:image\" content=\"https:\/\/lazersystem.net\/wp-content\/uploads\/2024\/04\/\u5de6\u4e0a\u89d211.jpg\" \/>\n\t<meta property=\"og:image:width\" content=\"600\" \/>\n\t<meta property=\"og:image:height\" content=\"600\" \/>\n\t<meta property=\"og:image:type\" content=\"image\/jpeg\" \/>\n<meta name=\"twitter:card\" content=\"summary_large_image\" \/>\n<meta name=\"twitter:label1\" content=\"Est. reading time\" \/>\n\t<meta name=\"twitter:data1\" content=\"3 minutes\" \/>\n<script type=\"application\/ld+json\" class=\"yoast-schema-graph\">{\"@context\":\"https:\/\/schema.org\",\"@graph\":[{\"@type\":\"WebPage\",\"@id\":\"https:\/\/lazersystem.net\/fiber-laser-cleaning-machine\/pulse-laser-cleaning-machine\/portable-mopa-100w-200w-500w-laser-cleaning-machine-handheld-rust-removal-oil\",\"url\":\"https:\/\/lazersystem.net\/fiber-laser-cleaning-machine\/pulse-laser-cleaning-machine\/portable-mopa-100w-200w-500w-laser-cleaning-machine-handheld-rust-removal-oil\",\"name\":\"\u00d3leo port\u00e1til da remo\u00e7\u00e3o de oxida\u00e7\u00e3o da m\u00e1quina port\u00e1til da limpeza do laser de Mopa 100w 200w 500w - BOGONG Laser Machine\",\"isPartOf\":{\"@id\":\"https:\/\/lazersystem.net\/#website\"},\"primaryImageOfPage\":{\"@id\":\"https:\/\/lazersystem.net\/fiber-laser-cleaning-machine\/pulse-laser-cleaning-machine\/portable-mopa-100w-200w-500w-laser-cleaning-machine-handheld-rust-removal-oil#primaryimage\"},\"image\":{\"@id\":\"https:\/\/lazersystem.net\/fiber-laser-cleaning-machine\/pulse-laser-cleaning-machine\/portable-mopa-100w-200w-500w-laser-cleaning-machine-handheld-rust-removal-oil#primaryimage\"},\"thumbnailUrl\":\"https:\/\/lazersystem.net\/wp-content\/uploads\/2024\/04\/\u5de6\u4e0a\u89d211.jpg\",\"datePublished\":\"2024-04-23T06:32:35+00:00\",\"dateModified\":\"2024-07-03T06:53:29+00:00\",\"breadcrumb\":{\"@id\":\"https:\/\/lazersystem.net\/fiber-laser-cleaning-machine\/pulse-laser-cleaning-machine\/portable-mopa-100w-200w-500w-laser-cleaning-machine-handheld-rust-removal-oil#breadcrumb\"},\"inLanguage\":\"fur\",\"potentialAction\":[{\"@type\":\"ReadAction\",\"target\":[\"https:\/\/lazersystem.net\/fiber-laser-cleaning-machine\/pulse-laser-cleaning-machine\/portable-mopa-100w-200w-500w-laser-cleaning-machine-handheld-rust-removal-oil\"]}]},{\"@type\":\"ImageObject\",\"inLanguage\":\"fur\",\"@id\":\"https:\/\/lazersystem.net\/fiber-laser-cleaning-machine\/pulse-laser-cleaning-machine\/portable-mopa-100w-200w-500w-laser-cleaning-machine-handheld-rust-removal-oil#primaryimage\",\"url\":\"https:\/\/lazersystem.net\/wp-content\/uploads\/2024\/04\/\u5de6\u4e0a\u89d211.jpg\",\"contentUrl\":\"https:\/\/lazersystem.net\/wp-content\/uploads\/2024\/04\/\u5de6\u4e0a\u89d211.jpg\",\"width\":600,\"height\":600},{\"@type\":\"BreadcrumbList\",\"@id\":\"https:\/\/lazersystem.net\/fiber-laser-cleaning-machine\/pulse-laser-cleaning-machine\/portable-mopa-100w-200w-500w-laser-cleaning-machine-handheld-rust-removal-oil#breadcrumb\",\"itemListElement\":[{\"@type\":\"ListItem\",\"position\":1,\"name\":\"Home\",\"item\":\"https:\/\/lazersystem.net\/\"},{\"@type\":\"ListItem\",\"position\":2,\"name\":\"Product\",\"item\":\"https:\/\/lazersystem.net\/ru\/\u043f\u0440\u043e\u0434\u0443\u043a\u0442\"},{\"@type\":\"ListItem\",\"position\":3,\"name\":\"\u00d3leo port\u00e1til da remo\u00e7\u00e3o de oxida\u00e7\u00e3o da m\u00e1quina port\u00e1til da limpeza do laser de Mopa 100w 200w 500w\"}]},{\"@type\":\"WebSite\",\"@id\":\"https:\/\/lazersystem.net\/#website\",\"url\":\"https:\/\/lazersystem.net\/\",\"name\":\"BOGONG Laser Machine\",\"description\":\"\",\"publisher\":{\"@id\":\"https:\/\/lazersystem.net\/#organization\"},\"potentialAction\":[{\"@type\":\"SearchAction\",\"target\":{\"@type\":\"EntryPoint\",\"urlTemplate\":\"https:\/\/lazersystem.net\/?s={search_term_string}\"},\"query-input\":{\"@type\":\"PropertyValueSpecification\",\"valueRequired\":true,\"valueName\":\"search_term_string\"}}],\"inLanguage\":\"fur\"},{\"@type\":\"Organization\",\"@id\":\"https:\/\/lazersystem.net\/#organization\",\"name\":\"BOGONG Laser Machine\",\"url\":\"https:\/\/lazersystem.net\/\",\"logo\":{\"@type\":\"ImageObject\",\"inLanguage\":\"fur\",\"@id\":\"https:\/\/lazersystem.net\/#\/schema\/logo\/image\/\",\"url\":\"https:\/\/lazersystem.net\/wp-content\/uploads\/2024\/04\/\u672a\u6807\u9898-1-3.jpg\",\"contentUrl\":\"https:\/\/lazersystem.net\/wp-content\/uploads\/2024\/04\/\u672a\u6807\u9898-1-3.jpg\",\"width\":1920,\"height\":650,\"caption\":\"BOGONG Laser Machine\"},\"image\":{\"@id\":\"https:\/\/lazersystem.net\/#\/schema\/logo\/image\/\"}}]}<\/script>\n<!-- \/ Yoast SEO Premium plugin. -->","yoast_head_json":{"title":"\u00d3leo port\u00e1til da remo\u00e7\u00e3o de oxida\u00e7\u00e3o da m\u00e1quina port\u00e1til da limpeza do laser de Mopa 100w 200w 500w - BOGONG Laser Machine","robots":{"index":"index","follow":"follow","max-snippet":"max-snippet:-1","max-image-preview":"max-image-preview:large","max-video-preview":"max-video-preview:-1"},"canonical":"https:\/\/lazersystem.net\/fur\/fiber-laser-cleaning-machine\/pulse-laser-cleaning-machine\/portable-mopa-100w-200w-500w-laser-cleaning-machine-handheld-rust-removal-oil","og_locale":"en_US","og_type":"article","og_title":"\u00d3leo port\u00e1til da remo\u00e7\u00e3o de oxida\u00e7\u00e3o da m\u00e1quina port\u00e1til da limpeza do laser de Mopa 100w 200w 500w","og_description":"tipo: BGC-200\/300\/500  Opcional: Sistema de exaust\u00e3o  Peso da cabe\u00e7a de digitaliza\u00e7\u00e3o: 200W&lt;0,75kg 300W&lt;1,25 500W&lt;1,5Kg  M\u00e9todo m\u00f3vel: polia  Umidade do ambiente de trabalho:\u226480%  Temperatura de trabalho:0\u2103~40\u2103  peso l\u00edquido: 210kg  Dimens\u00f5es (mm3):1130*770*1340mm  Consumo de energia (W):2700W\/3900W  pot\u00eancia de entrada: 220V, 50\/60Hz  tipo de resfriamento: resfriamento a \u00e1gua","og_url":"https:\/\/lazersystem.net\/fur\/fiber-laser-cleaning-machine\/pulse-laser-cleaning-machine\/portable-mopa-100w-200w-500w-laser-cleaning-machine-handheld-rust-removal-oil","og_site_name":"BOGONG Laser Machine","article_modified_time":"2024-07-03T06:53:29+00:00","og_image":[{"width":600,"height":600,"url":"https:\/\/lazersystem.net\/wp-content\/uploads\/2024\/04\/\u5de6\u4e0a\u89d211.jpg","type":"image\/jpeg"}],"twitter_card":"summary_large_image","twitter_misc":{"Est. reading time":"3 minutes"},"schema":{"@context":"https:\/\/schema.org","@graph":[{"@type":"WebPage","@id":"https:\/\/lazersystem.net\/fiber-laser-cleaning-machine\/pulse-laser-cleaning-machine\/portable-mopa-100w-200w-500w-laser-cleaning-machine-handheld-rust-removal-oil","url":"https:\/\/lazersystem.net\/fiber-laser-cleaning-machine\/pulse-laser-cleaning-machine\/portable-mopa-100w-200w-500w-laser-cleaning-machine-handheld-rust-removal-oil","name":"\u00d3leo port\u00e1til da remo\u00e7\u00e3o de oxida\u00e7\u00e3o da m\u00e1quina port\u00e1til da limpeza do laser de Mopa 100w 200w 500w - BOGONG Laser Machine","isPartOf":{"@id":"https:\/\/lazersystem.net\/#website"},"primaryImageOfPage":{"@id":"https:\/\/lazersystem.net\/fiber-laser-cleaning-machine\/pulse-laser-cleaning-machine\/portable-mopa-100w-200w-500w-laser-cleaning-machine-handheld-rust-removal-oil#primaryimage"},"image":{"@id":"https:\/\/lazersystem.net\/fiber-laser-cleaning-machine\/pulse-laser-cleaning-machine\/portable-mopa-100w-200w-500w-laser-cleaning-machine-handheld-rust-removal-oil#primaryimage"},"thumbnailUrl":"https:\/\/lazersystem.net\/wp-content\/uploads\/2024\/04\/\u5de6\u4e0a\u89d211.jpg","datePublished":"2024-04-23T06:32:35+00:00","dateModified":"2024-07-03T06:53:29+00:00","breadcrumb":{"@id":"https:\/\/lazersystem.net\/fiber-laser-cleaning-machine\/pulse-laser-cleaning-machine\/portable-mopa-100w-200w-500w-laser-cleaning-machine-handheld-rust-removal-oil#breadcrumb"},"inLanguage":"fur","potentialAction":[{"@type":"ReadAction","target":["https:\/\/lazersystem.net\/fiber-laser-cleaning-machine\/pulse-laser-cleaning-machine\/portable-mopa-100w-200w-500w-laser-cleaning-machine-handheld-rust-removal-oil"]}]},{"@type":"ImageObject","inLanguage":"fur","@id":"https:\/\/lazersystem.net\/fiber-laser-cleaning-machine\/pulse-laser-cleaning-machine\/portable-mopa-100w-200w-500w-laser-cleaning-machine-handheld-rust-removal-oil#primaryimage","url":"https:\/\/lazersystem.net\/wp-content\/uploads\/2024\/04\/\u5de6\u4e0a\u89d211.jpg","contentUrl":"https:\/\/lazersystem.net\/wp-content\/uploads\/2024\/04\/\u5de6\u4e0a\u89d211.jpg","width":600,"height":600},{"@type":"BreadcrumbList","@id":"https:\/\/lazersystem.net\/fiber-laser-cleaning-machine\/pulse-laser-cleaning-machine\/portable-mopa-100w-200w-500w-laser-cleaning-machine-handheld-rust-removal-oil#breadcrumb","itemListElement":[{"@type":"ListItem","position":1,"name":"Home","item":"https:\/\/lazersystem.net\/"},{"@type":"ListItem","position":2,"name":"Product","item":"https:\/\/lazersystem.net\/ru\/\u043f\u0440\u043e\u0434\u0443\u043a\u0442"},{"@type":"ListItem","position":3,"name":"\u00d3leo port\u00e1til da remo\u00e7\u00e3o de oxida\u00e7\u00e3o da m\u00e1quina port\u00e1til da limpeza do laser de Mopa 100w 200w 500w"}]},{"@type":"WebSite","@id":"https:\/\/lazersystem.net\/#website","url":"https:\/\/lazersystem.net\/","name":"BOGONG Laser Machine","description":"","publisher":{"@id":"https:\/\/lazersystem.net\/#organization"},"potentialAction":[{"@type":"SearchAction","target":{"@type":"EntryPoint","urlTemplate":"https:\/\/lazersystem.net\/?s={search_term_string}"},"query-input":{"@type":"PropertyValueSpecification","valueRequired":true,"valueName":"search_term_string"}}],"inLanguage":"fur"},{"@type":"Organization","@id":"https:\/\/lazersystem.net\/#organization","name":"BOGONG Laser Machine","url":"https:\/\/lazersystem.net\/","logo":{"@type":"ImageObject","inLanguage":"fur","@id":"https:\/\/lazersystem.net\/#\/schema\/logo\/image\/","url":"https:\/\/lazersystem.net\/wp-content\/uploads\/2024\/04\/\u672a\u6807\u9898-1-3.jpg","contentUrl":"https:\/\/lazersystem.net\/wp-content\/uploads\/2024\/04\/\u672a\u6807\u9898-1-3.jpg","width":1920,"height":650,"caption":"BOGONG Laser Machine"},"image":{"@id":"https:\/\/lazersystem.net\/#\/schema\/logo\/image\/"}}]}},"_links":{"self":[{"href":"https:\/\/lazersystem.net\/fur\/wp-json\/wp\/v2\/product\/4784","targetHints":{"allow":["GET"]}}],"collection":[{"href":"https:\/\/lazersystem.net\/fur\/wp-json\/wp\/v2\/product"}],"about":[{"href":"https:\/\/lazersystem.net\/fur\/wp-json\/wp\/v2\/types\/product"}],"replies":[{"embeddable":true,"href":"https:\/\/lazersystem.net\/fur\/wp-json\/wp\/v2\/comments?post=4784"}],"wp:featuredmedia":[{"embeddable":true,"href":"https:\/\/lazersystem.net\/fur\/wp-json\/wp\/v2\/media\/4777"}],"wp:attachment":[{"href":"https:\/\/lazersystem.net\/fur\/wp-json\/wp\/v2\/media?parent=4784"}],"wp:term":[{"taxonomy":"product_brand","embeddable":true,"href":"https:\/\/lazersystem.net\/fur\/wp-json\/wp\/v2\/product_brand?post=4784"},{"taxonomy":"product_cat","embeddable":true,"href":"https:\/\/lazersystem.net\/fur\/wp-json\/wp\/v2\/product_cat?post=4784"},{"taxonomy":"product_tag","embeddable":true,"href":"https:\/\/lazersystem.net\/fur\/wp-json\/wp\/v2\/product_tag?post=4784"}],"curies":[{"name":"wp","href":"https:\/\/api.w.org\/{rel}","templated":true}]}}