{"id":4757,"date":"2024-04-22T06:27:08","date_gmt":"2024-04-22T06:27:08","guid":{"rendered":"https:\/\/lazersystem.net\/?post_type=product&#038;p=4757"},"modified":"2024-07-03T06:25:12","modified_gmt":"2024-07-03T06:25:12","slug":"200w-portable-laser-paint-removal-cleaning-machine-for-sale","status":"publish","type":"product","link":"https:\/\/lazersystem.net\/fr\/machine-de-nettoyage-par-laser-a-fibre\/pulse-laser-cleaning-machine\/200w-portable-laser-paint-removal-cleaning-machine-for-sale","title":{"rendered":"Appareil portatif de nettoyage pour la remise en \u00e9tat de l'\u00e9tain au laser 200W \u00e0 vendre"},"content":{"rendered":"<div class=\"container section-title-container\" ><h3 class=\"section-title section-title-normal\"><b><\/b><span class=\"section-title-main\" style=\"color:rgb(242, 8, 8);\">Pr\u00e9sentation d'un film<\/span><b><\/b><\/h3><\/div>\n<div class=\"video video-fit mb\" style=\"padding-top:56.25%;\"><p><iframe title=\"Portable Industrial Laser Cleaning Machine for Rust removal | BOGONG Rust Remover Price\" width=\"1020\" height=\"574\" src=\"https:\/\/www.youtube.com\/embed\/C6h3BcDvERk?feature=oembed\" frameborder=\"0\" allow=\"accelerometer; autoplay; clipboard-write; encrypted-media; gyroscope; picture-in-picture; web-share\" referrerpolicy=\"strict-origin-when-cross-origin\" allowfullscreen><\/iframe><\/p>\n<\/div>\n<div class=\"container section-title-container\" ><h3 class=\"section-title section-title-normal\"><b><\/b><span class=\"section-title-main\" style=\"color:rgb(246, 3, 3);\">Exibi\u00e7\u00e3o de amostra<\/span><b><\/b><\/h3><\/div>\n\t<div class=\"img has-hover x md-x lg-x y md-y lg-y\" id=\"image_1039967939\">\n\t\t\t\t\t\t\t\t<div class=\"img-inner dark\" >\n\t\t\t<img fetchpriority=\"high\" decoding=\"async\" width=\"600\" height=\"600\" src=\"https:\/\/lazersystem.net\/wp-content\/uploads\/2024\/04\/\u7070\u767d\u6e05\u6d17\u673a1.jpg\" class=\"attachment-large size-large\" alt=\"\" srcset=\"https:\/\/lazersystem.net\/wp-content\/uploads\/2024\/04\/\u7070\u767d\u6e05\u6d17\u673a1.jpg 600w, https:\/\/lazersystem.net\/wp-content\/uploads\/2024\/04\/\u7070\u767d\u6e05\u6d17\u673a1-400x400.jpg 400w, https:\/\/lazersystem.net\/wp-content\/uploads\/2024\/04\/\u7070\u767d\u6e05\u6d17\u673a1-12x12.jpg 12w, https:\/\/lazersystem.net\/wp-content\/uploads\/2024\/04\/\u7070\u767d\u6e05\u6d17\u673a1-300x300.jpg 300w, https:\/\/lazersystem.net\/wp-content\/uploads\/2024\/04\/\u7070\u767d\u6e05\u6d17\u673a1-100x100.jpg 100w\" sizes=\"(max-width: 600px) 100vw, 600px\" \/>\t\t\t\t\t\t\n\t\t\t\t\t<\/div>\n\t\t\t\t\t\t\t\t\n<style>\n#image_1039967939 {\n  width: 100%;\n}\n<\/style>\n\t<\/div>\n\t\n<div class=\"container section-title-container\" ><h3 class=\"section-title section-title-normal\"><b><\/b><span class=\"section-title-main\" style=\"color:rgb(242, 0, 0);\">Exibi\u00e7\u00e3o de amostra<\/span><b><\/b><\/h3><\/div>\n\t<div class=\"img has-hover x md-x lg-x y md-y lg-y\" id=\"image_1520797216\">\n\t\t\t\t\t\t\t\t<div class=\"img-inner dark\" >\n\t\t\t<img decoding=\"async\" width=\"800\" height=\"800\" src=\"https:\/\/lazersystem.net\/wp-content\/uploads\/2024\/04\/\u5fae\u4fe1\u56fe\u7247_20240415135047_800x800.jpg\" class=\"attachment-large size-large\" alt=\"\" srcset=\"https:\/\/lazersystem.net\/wp-content\/uploads\/2024\/04\/\u5fae\u4fe1\u56fe\u7247_20240415135047_800x800.jpg 800w, https:\/\/lazersystem.net\/wp-content\/uploads\/2024\/04\/\u5fae\u4fe1\u56fe\u7247_20240415135047_800x800-400x400.jpg 400w, https:\/\/lazersystem.net\/wp-content\/uploads\/2024\/04\/\u5fae\u4fe1\u56fe\u7247_20240415135047_800x800-768x768.jpg 768w, https:\/\/lazersystem.net\/wp-content\/uploads\/2024\/04\/\u5fae\u4fe1\u56fe\u7247_20240415135047_800x800-12x12.jpg 12w, https:\/\/lazersystem.net\/wp-content\/uploads\/2024\/04\/\u5fae\u4fe1\u56fe\u7247_20240415135047_800x800-300x300.jpg 300w, https:\/\/lazersystem.net\/wp-content\/uploads\/2024\/04\/\u5fae\u4fe1\u56fe\u7247_20240415135047_800x800-600x600.jpg 600w, https:\/\/lazersystem.net\/wp-content\/uploads\/2024\/04\/\u5fae\u4fe1\u56fe\u7247_20240415135047_800x800-100x100.jpg 100w\" sizes=\"(max-width: 800px) 100vw, 800px\" \/>\t\t\t\t\t\t\n\t\t\t\t\t<\/div>\n\t\t\t\t\t\t\t\t\n<style>\n#image_1520797216 {\n  width: 100%;\n}\n<\/style>\n\t<\/div>\n\t\n<div class=\"container section-title-container\" ><h3 class=\"section-title section-title-normal\"><b><\/b><span class=\"section-title-main\" style=\"color:rgb(246, 17, 17);\">Principaux acc\u00e8s<\/span><b><\/b><\/h3><\/div>\n\t<div class=\"img has-hover x md-x lg-x y md-y lg-y\" id=\"image_1194921619\">\n\t\t\t\t\t\t\t\t<div class=\"img-inner dark\" >\n\t\t\t<img decoding=\"async\" width=\"800\" height=\"800\" src=\"https:\/\/lazersystem.net\/wp-content\/uploads\/2023\/09\/2\u6e05\u6d17\u673a-\u62f7\u8d1d.jpg\" class=\"attachment-large size-large\" alt=\"\" srcset=\"https:\/\/lazersystem.net\/wp-content\/uploads\/2023\/09\/2\u6e05\u6d17\u673a-\u62f7\u8d1d.jpg 800w, https:\/\/lazersystem.net\/wp-content\/uploads\/2023\/09\/2\u6e05\u6d17\u673a-\u62f7\u8d1d-400x400.jpg 400w, https:\/\/lazersystem.net\/wp-content\/uploads\/2023\/09\/2\u6e05\u6d17\u673a-\u62f7\u8d1d-768x768.jpg 768w, https:\/\/lazersystem.net\/wp-content\/uploads\/2023\/09\/2\u6e05\u6d17\u673a-\u62f7\u8d1d-12x12.jpg 12w, https:\/\/lazersystem.net\/wp-content\/uploads\/2023\/09\/2\u6e05\u6d17\u673a-\u62f7\u8d1d-300x300.jpg 300w, https:\/\/lazersystem.net\/wp-content\/uploads\/2023\/09\/2\u6e05\u6d17\u673a-\u62f7\u8d1d-600x600.jpg 600w, https:\/\/lazersystem.net\/wp-content\/uploads\/2023\/09\/2\u6e05\u6d17\u673a-\u62f7\u8d1d-100x100.jpg 100w\" sizes=\"(max-width: 800px) 100vw, 800px\" \/>\t\t\t\t\t\t\n\t\t\t\t\t<\/div>\n\t\t\t\t\t\t\t\t\n<style>\n#image_1194921619 {\n  width: 100%;\n}\n<\/style>\n\t<\/div>\n\t\n\t<div class=\"img has-hover x md-x lg-x y md-y lg-y\" id=\"image_2069183415\">\n\t\t\t\t\t\t\t\t<div class=\"img-inner dark\" >\n\t\t\t<img loading=\"lazy\" decoding=\"async\" width=\"800\" height=\"800\" src=\"https:\/\/lazersystem.net\/wp-content\/uploads\/2023\/09\/1\u6e05\u6d17\u673a-\u62f7\u8d1d.jpg\" class=\"attachment-large size-large\" alt=\"\" srcset=\"https:\/\/lazersystem.net\/wp-content\/uploads\/2023\/09\/1\u6e05\u6d17\u673a-\u62f7\u8d1d.jpg 800w, https:\/\/lazersystem.net\/wp-content\/uploads\/2023\/09\/1\u6e05\u6d17\u673a-\u62f7\u8d1d-400x400.jpg 400w, https:\/\/lazersystem.net\/wp-content\/uploads\/2023\/09\/1\u6e05\u6d17\u673a-\u62f7\u8d1d-768x768.jpg 768w, https:\/\/lazersystem.net\/wp-content\/uploads\/2023\/09\/1\u6e05\u6d17\u673a-\u62f7\u8d1d-12x12.jpg 12w, https:\/\/lazersystem.net\/wp-content\/uploads\/2023\/09\/1\u6e05\u6d17\u673a-\u62f7\u8d1d-300x300.jpg 300w, https:\/\/lazersystem.net\/wp-content\/uploads\/2023\/09\/1\u6e05\u6d17\u673a-\u62f7\u8d1d-600x600.jpg 600w, https:\/\/lazersystem.net\/wp-content\/uploads\/2023\/09\/1\u6e05\u6d17\u673a-\u62f7\u8d1d-100x100.jpg 100w\" sizes=\"(max-width: 800px) 100vw, 800px\" \/>\t\t\t\t\t\t\n\t\t\t\t\t<\/div>\n\t\t\t\t\t\t\t\t\n<style>\n#image_2069183415 {\n  width: 100%;\n}\n<\/style>\n\t<\/div>\n\t\n<div class=\"container section-title-container\" ><h3 class=\"section-title section-title-normal\"><b><\/b><span class=\"section-title-main\" style=\"color:rgb(242, 10, 10);\">problema comum<\/span><b><\/b><\/h3><\/div>\n<h2>O que \u00e9 uma m\u00e1quina port\u00e1til de limpeza para remo\u00e7\u00e3o de tinta a laser de 200 W?<\/h2>\n<p>O limpador port\u00e1til para remo\u00e7\u00e3o de tinta a laser de 200 W \u00e9 um dispositivo port\u00e1til que usa um feixe de laser de 200 W para remover tinta e revestimentos de uma variedade de superf\u00edcies. Esta m\u00e1quina compacta e leve foi projetada para f\u00e1cil transporte e uso em v\u00e1rios locais.<\/p>\n<h2>Como funciona uma m\u00e1quina port\u00e1til de limpeza para remo\u00e7\u00e3o de tinta a laser?<\/h2>\n<p>Um feixe de laser de alta energia \u00e9 direcionado para a superf\u00edcie do material, fazendo com que a tinta ou revestimento aque\u00e7a e evapore, removendo-o efetivamente sem danificar o material subjacente. Este tipo de m\u00e1quina \u00e9 comumente usado para remover tinta de forma r\u00e1pida, eficiente e precisa em aplica\u00e7\u00f5es como retoque automotivo, remo\u00e7\u00e3o de graffiti, prepara\u00e7\u00e3o de superf\u00edcie e projetos de restaura\u00e7\u00e3o.<\/p>\n<h2>Quais s\u00e3o as vantagens de usar uma m\u00e1quina port\u00e1til de limpeza para remo\u00e7\u00e3o de tinta a laser?<\/h2>\n<p>1. Processo de remo\u00e7\u00e3o de tinta r\u00e1pido e eficiente<\/p>\n<p>2. M\u00e9todo de limpeza sem contato<\/p>\n<p>3. Ecologicamente correto &#8211; nenhum produto qu\u00edmico ou material abrasivo \u00e9 usado<\/p>\n<p>4. Port\u00e1til e f\u00e1cil de usar em v\u00e1rios locais<\/p>\n<p>5. Capacidades de limpeza precisas e seletivas<\/p>\n<h2>Quais s\u00e3o as aplica\u00e7\u00f5es t\u00edpicas de uma m\u00e1quina port\u00e1til de limpeza para remo\u00e7\u00e3o de tinta a laser?<\/h2>\n<p>1.Remo\u00e7\u00e3o de tinta de superf\u00edcies met\u00e1licas, como carros, navios e m\u00e1quinas<\/p>\n<p>2.Limpar graffiti de paredes e edif\u00edcios<\/p>\n<p>3.Remo\u00e7\u00e3o de revestimentos de superf\u00edcies de madeira e concreto<\/p>\n<p>4. Restaura\u00e7\u00e3o de artefatos e monumentos hist\u00f3ricos<\/p>\n<p>5. Prepara\u00e7\u00e3o de superf\u00edcies para repintura ou novo revestimento<\/p>\n<h2>Que precau\u00e7\u00f5es de seguran\u00e7a devem ser tomadas ao usar uma m\u00e1quina port\u00e1til de limpeza para remo\u00e7\u00e3o de tinta a laser?<\/h2>\n<p>Use equipamento de prote\u00e7\u00e3o individual adequado, como 1. \u00f3culos de seguran\u00e7a e luvas, para prote\u00e7\u00e3o contra radia\u00e7\u00e3o laser e detritos.<\/p>\n<p>2.Garantir ventila\u00e7\u00e3o adequada na \u00e1rea de trabalho para evitar 3.o ac\u00famulo de fumos e vapores provenientes do processo de remo\u00e7\u00e3o de tinta.<\/p>\n<p>4.Siga as instru\u00e7\u00f5es do fabricante para operar a m\u00e1quina e ajustar as configura\u00e7\u00f5es de energia.<\/p>\n<p>5.Mantenha o feixe de laser longe de materiais inflam\u00e1veis \u200b\u200bpara evitar riscos de inc\u00eandio.<\/p>\n<p>6.N\u00e3o aponte o feixe de laser para pessoas ou animais para evitar ferimentos.<\/p>","protected":false},"excerpt":{"rendered":"<p>M\u00e9todo de trabalho de sa\u00edda: Pulso\/cont\u00ednuo<\/p>\n<p>Comprimento do cabo da armadura de sa\u00edda : 5m<\/p>\n<p>Pot\u00eancia m\u00e9dia de sa\u00edda:&gt;200<\/p>\n<p>m\u00e9todo de resfriamento : refrigerado a ar<\/p>\n<p>Tens\u00e3o de alimenta\u00e7\u00e3o: 100-240V<\/p>\n<p>Consumo m\u00e1ximo de energia:&lt;1000W<\/p>\n<p>Seja anti-alta reflex\u00e3o : sim<\/p>\n<p>faixa de temperatura de trabalho : 0 ~ 40 \u2103<\/p>\n<p>Temp\u00e9rature d'entreposage : -10 ~ 60 \u2103<\/p>\n<p>Tamanho inteiro da m\u00e1quina: 520*431*237mm<\/p>\n<p>Peso total: 20,2 kg<\/p>\n<p>Cabe\u00e7a do laser: 0,75 kg<\/p>","protected":false},"featured_media":4752,"comment_status":"open","ping_status":"closed","template":"","meta":[],"product_brand":[],"product_cat":[191],"product_tag":[286,273,272,271,267,274,265,268,270,266,269,264],"class_list":{"0":"post-4757","1":"product","2":"type-product","3":"status-publish","4":"has-post-thumbnail","6":"product_cat-pulse-laser-cleaning-machine","7":"product_tag-763-5","8":"product_tag-limpeza-a-laser-200w","9":"product_tag-limpeza-a-laser-500w","10":"product_tag-maquina-de-limpeza-a-laser-300w","11":"product_tag-maquina-de-limpeza-a-laser-de-pulso-portatil","12":"product_tag-maquina-de-limpeza-a-laser-ipg","13":"product_tag-maquina-de-limpeza-a-laser-raycus","14":"product_tag-maquina-para-remover-ferrugem","15":"product_tag-pulso-de-laser-200w-300w-500w-limpeza-a-laser-de-fibra","16":"product_tag-pulso-raycus-500w","17":"product_tag-remocao-de-solda-de-ferrugem-a-laser","18":"product_tag-remover-ferrugem","20":"first","21":"instock","22":"shipping-taxable","23":"purchasable","24":"product-type-simple"},"yoast_head":"<!-- This site is optimized with the Yoast SEO Premium plugin v21.5 (Yoast SEO v25.2) - https:\/\/yoast.com\/wordpress\/plugins\/seo\/ -->\n<title>M\u00e1quina port\u00e1til de limpeza para remo\u00e7\u00e3o de tinta a laser 200W para venda - BOGONG Laser Machine<\/title>\n<meta name=\"robots\" content=\"index, follow, max-snippet:-1, max-image-preview:large, max-video-preview:-1\" \/>\n<link rel=\"canonical\" href=\"https:\/\/lazersystem.net\/fr\/machine-de-nettoyage-par-laser-a-fibre\/pulse-laser-cleaning-machine\/200w-portable-laser-paint-removal-cleaning-machine-for-sale\" \/>\n<meta property=\"og:locale\" content=\"fr_FR\" \/>\n<meta property=\"og:type\" content=\"article\" \/>\n<meta property=\"og:title\" content=\"M\u00e1quina port\u00e1til de limpeza para remo\u00e7\u00e3o de tinta a laser 200W para venda\" \/>\n<meta property=\"og:description\" content=\"M\u00e9todo de trabalho de sa\u00edda: Pulso\/cont\u00ednuo  Comprimento do cabo da armadura de sa\u00edda: 5m  Pot\u00eancia m\u00e9dia de sa\u00edda:&gt;200  m\u00e9todo de resfriamento: refrigerado a ar  Tens\u00e3o de alimenta\u00e7\u00e3o: 100-240V  Consumo m\u00e1ximo de energia:&lt;1000W  Seja anti-alta reflex\u00e3o: sim  faixa de temperatura de trabalho: 0 ~ 40 \u2103  Faixa de temperatura de armazenamento: -10 ~ 60 \u2103  Tamanho inteiro da m\u00e1quina: 520*431*237mm  Peso total: 20,2 kg  Cabe\u00e7a do laser: 0,75 kg\" \/>\n<meta property=\"og:url\" content=\"https:\/\/lazersystem.net\/fr\/machine-de-nettoyage-par-laser-a-fibre\/pulse-laser-cleaning-machine\/200w-portable-laser-paint-removal-cleaning-machine-for-sale\" \/>\n<meta property=\"og:site_name\" content=\"BOGONG Laser Machine\" \/>\n<meta property=\"article:modified_time\" content=\"2024-07-03T06:25:12+00:00\" \/>\n<meta property=\"og:image\" content=\"https:\/\/lazersystem.net\/wp-content\/uploads\/2024\/04\/\u62c9\u6746\u7bb1\u6e05\u6d17\u673a4.jpg\" \/>\n\t<meta property=\"og:image:width\" content=\"600\" \/>\n\t<meta property=\"og:image:height\" content=\"600\" \/>\n\t<meta property=\"og:image:type\" content=\"image\/jpeg\" \/>\n<meta name=\"twitter:card\" content=\"summary_large_image\" \/>\n<meta name=\"twitter:label1\" content=\"Dur\u00e9e de lecture estim\u00e9e\" \/>\n\t<meta name=\"twitter:data1\" content=\"3 minutes\" \/>\n<script type=\"application\/ld+json\" class=\"yoast-schema-graph\">{\"@context\":\"https:\/\/schema.org\",\"@graph\":[{\"@type\":\"WebPage\",\"@id\":\"https:\/\/lazersystem.net\/fiber-laser-cleaning-machine\/pulse-laser-cleaning-machine\/200w-portable-laser-paint-removal-cleaning-machine-for-sale\",\"url\":\"https:\/\/lazersystem.net\/fiber-laser-cleaning-machine\/pulse-laser-cleaning-machine\/200w-portable-laser-paint-removal-cleaning-machine-for-sale\",\"name\":\"M\u00e1quina port\u00e1til de limpeza para remo\u00e7\u00e3o de tinta a laser 200W para venda - BOGONG Laser Machine\",\"isPartOf\":{\"@id\":\"https:\/\/lazersystem.net\/#website\"},\"primaryImageOfPage\":{\"@id\":\"https:\/\/lazersystem.net\/fiber-laser-cleaning-machine\/pulse-laser-cleaning-machine\/200w-portable-laser-paint-removal-cleaning-machine-for-sale#primaryimage\"},\"image\":{\"@id\":\"https:\/\/lazersystem.net\/fiber-laser-cleaning-machine\/pulse-laser-cleaning-machine\/200w-portable-laser-paint-removal-cleaning-machine-for-sale#primaryimage\"},\"thumbnailUrl\":\"https:\/\/lazersystem.net\/wp-content\/uploads\/2024\/04\/\u62c9\u6746\u7bb1\u6e05\u6d17\u673a4.jpg\",\"datePublished\":\"2024-04-22T06:27:08+00:00\",\"dateModified\":\"2024-07-03T06:25:12+00:00\",\"breadcrumb\":{\"@id\":\"https:\/\/lazersystem.net\/fiber-laser-cleaning-machine\/pulse-laser-cleaning-machine\/200w-portable-laser-paint-removal-cleaning-machine-for-sale#breadcrumb\"},\"inLanguage\":\"fr-FR\",\"potentialAction\":[{\"@type\":\"ReadAction\",\"target\":[\"https:\/\/lazersystem.net\/fiber-laser-cleaning-machine\/pulse-laser-cleaning-machine\/200w-portable-laser-paint-removal-cleaning-machine-for-sale\"]}]},{\"@type\":\"ImageObject\",\"inLanguage\":\"fr-FR\",\"@id\":\"https:\/\/lazersystem.net\/fiber-laser-cleaning-machine\/pulse-laser-cleaning-machine\/200w-portable-laser-paint-removal-cleaning-machine-for-sale#primaryimage\",\"url\":\"https:\/\/lazersystem.net\/wp-content\/uploads\/2024\/04\/\u62c9\u6746\u7bb1\u6e05\u6d17\u673a4.jpg\",\"contentUrl\":\"https:\/\/lazersystem.net\/wp-content\/uploads\/2024\/04\/\u62c9\u6746\u7bb1\u6e05\u6d17\u673a4.jpg\",\"width\":600,\"height\":600},{\"@type\":\"BreadcrumbList\",\"@id\":\"https:\/\/lazersystem.net\/fiber-laser-cleaning-machine\/pulse-laser-cleaning-machine\/200w-portable-laser-paint-removal-cleaning-machine-for-sale#breadcrumb\",\"itemListElement\":[{\"@type\":\"ListItem\",\"position\":1,\"name\":\"Home\",\"item\":\"https:\/\/lazersystem.net\/\"},{\"@type\":\"ListItem\",\"position\":2,\"name\":\"Product\",\"item\":\"https:\/\/lazersystem.net\/ru\/\u043f\u0440\u043e\u0434\u0443\u043a\u0442\"},{\"@type\":\"ListItem\",\"position\":3,\"name\":\"M\u00e1quina port\u00e1til de limpeza para remo\u00e7\u00e3o de tinta a laser 200W para venda\"}]},{\"@type\":\"WebSite\",\"@id\":\"https:\/\/lazersystem.net\/#website\",\"url\":\"https:\/\/lazersystem.net\/\",\"name\":\"BOGONG Laser Machine\",\"description\":\"\",\"publisher\":{\"@id\":\"https:\/\/lazersystem.net\/#organization\"},\"potentialAction\":[{\"@type\":\"SearchAction\",\"target\":{\"@type\":\"EntryPoint\",\"urlTemplate\":\"https:\/\/lazersystem.net\/?s={search_term_string}\"},\"query-input\":{\"@type\":\"PropertyValueSpecification\",\"valueRequired\":true,\"valueName\":\"search_term_string\"}}],\"inLanguage\":\"fr-FR\"},{\"@type\":\"Organization\",\"@id\":\"https:\/\/lazersystem.net\/#organization\",\"name\":\"BOGONG Laser Machine\",\"url\":\"https:\/\/lazersystem.net\/\",\"logo\":{\"@type\":\"ImageObject\",\"inLanguage\":\"fr-FR\",\"@id\":\"https:\/\/lazersystem.net\/#\/schema\/logo\/image\/\",\"url\":\"https:\/\/lazersystem.net\/wp-content\/uploads\/2024\/04\/\u672a\u6807\u9898-1-3.jpg\",\"contentUrl\":\"https:\/\/lazersystem.net\/wp-content\/uploads\/2024\/04\/\u672a\u6807\u9898-1-3.jpg\",\"width\":1920,\"height\":650,\"caption\":\"BOGONG Laser Machine\"},\"image\":{\"@id\":\"https:\/\/lazersystem.net\/#\/schema\/logo\/image\/\"}}]}<\/script>\n<!-- \/ Yoast SEO Premium plugin. -->","yoast_head_json":{"title":"M\u00e1quina port\u00e1til de limpeza para remo\u00e7\u00e3o de tinta a laser 200W para venda - BOGONG Laser Machine","robots":{"index":"index","follow":"follow","max-snippet":"max-snippet:-1","max-image-preview":"max-image-preview:large","max-video-preview":"max-video-preview:-1"},"canonical":"https:\/\/lazersystem.net\/fr\/machine-de-nettoyage-par-laser-a-fibre\/pulse-laser-cleaning-machine\/200w-portable-laser-paint-removal-cleaning-machine-for-sale","og_locale":"fr_FR","og_type":"article","og_title":"M\u00e1quina port\u00e1til de limpeza para remo\u00e7\u00e3o de tinta a laser 200W para venda","og_description":"M\u00e9todo de trabalho de sa\u00edda: Pulso\/cont\u00ednuo  Comprimento do cabo da armadura de sa\u00edda: 5m  Pot\u00eancia m\u00e9dia de sa\u00edda:&gt;200  m\u00e9todo de resfriamento: refrigerado a ar  Tens\u00e3o de alimenta\u00e7\u00e3o: 100-240V  Consumo m\u00e1ximo de energia:&lt;1000W  Seja anti-alta reflex\u00e3o: sim  faixa de temperatura de trabalho: 0 ~ 40 \u2103  Faixa de temperatura de armazenamento: -10 ~ 60 \u2103  Tamanho inteiro da m\u00e1quina: 520*431*237mm  Peso total: 20,2 kg  Cabe\u00e7a do laser: 0,75 kg","og_url":"https:\/\/lazersystem.net\/fr\/machine-de-nettoyage-par-laser-a-fibre\/pulse-laser-cleaning-machine\/200w-portable-laser-paint-removal-cleaning-machine-for-sale","og_site_name":"BOGONG Laser Machine","article_modified_time":"2024-07-03T06:25:12+00:00","og_image":[{"width":600,"height":600,"url":"https:\/\/lazersystem.net\/wp-content\/uploads\/2024\/04\/\u62c9\u6746\u7bb1\u6e05\u6d17\u673a4.jpg","type":"image\/jpeg"}],"twitter_card":"summary_large_image","twitter_misc":{"Dur\u00e9e de lecture estim\u00e9e":"3 minutes"},"schema":{"@context":"https:\/\/schema.org","@graph":[{"@type":"WebPage","@id":"https:\/\/lazersystem.net\/fiber-laser-cleaning-machine\/pulse-laser-cleaning-machine\/200w-portable-laser-paint-removal-cleaning-machine-for-sale","url":"https:\/\/lazersystem.net\/fiber-laser-cleaning-machine\/pulse-laser-cleaning-machine\/200w-portable-laser-paint-removal-cleaning-machine-for-sale","name":"M\u00e1quina port\u00e1til de limpeza para remo\u00e7\u00e3o de tinta a laser 200W para venda - BOGONG Laser Machine","isPartOf":{"@id":"https:\/\/lazersystem.net\/#website"},"primaryImageOfPage":{"@id":"https:\/\/lazersystem.net\/fiber-laser-cleaning-machine\/pulse-laser-cleaning-machine\/200w-portable-laser-paint-removal-cleaning-machine-for-sale#primaryimage"},"image":{"@id":"https:\/\/lazersystem.net\/fiber-laser-cleaning-machine\/pulse-laser-cleaning-machine\/200w-portable-laser-paint-removal-cleaning-machine-for-sale#primaryimage"},"thumbnailUrl":"https:\/\/lazersystem.net\/wp-content\/uploads\/2024\/04\/\u62c9\u6746\u7bb1\u6e05\u6d17\u673a4.jpg","datePublished":"2024-04-22T06:27:08+00:00","dateModified":"2024-07-03T06:25:12+00:00","breadcrumb":{"@id":"https:\/\/lazersystem.net\/fiber-laser-cleaning-machine\/pulse-laser-cleaning-machine\/200w-portable-laser-paint-removal-cleaning-machine-for-sale#breadcrumb"},"inLanguage":"fr-FR","potentialAction":[{"@type":"ReadAction","target":["https:\/\/lazersystem.net\/fiber-laser-cleaning-machine\/pulse-laser-cleaning-machine\/200w-portable-laser-paint-removal-cleaning-machine-for-sale"]}]},{"@type":"ImageObject","inLanguage":"fr-FR","@id":"https:\/\/lazersystem.net\/fiber-laser-cleaning-machine\/pulse-laser-cleaning-machine\/200w-portable-laser-paint-removal-cleaning-machine-for-sale#primaryimage","url":"https:\/\/lazersystem.net\/wp-content\/uploads\/2024\/04\/\u62c9\u6746\u7bb1\u6e05\u6d17\u673a4.jpg","contentUrl":"https:\/\/lazersystem.net\/wp-content\/uploads\/2024\/04\/\u62c9\u6746\u7bb1\u6e05\u6d17\u673a4.jpg","width":600,"height":600},{"@type":"BreadcrumbList","@id":"https:\/\/lazersystem.net\/fiber-laser-cleaning-machine\/pulse-laser-cleaning-machine\/200w-portable-laser-paint-removal-cleaning-machine-for-sale#breadcrumb","itemListElement":[{"@type":"ListItem","position":1,"name":"Home","item":"https:\/\/lazersystem.net\/"},{"@type":"ListItem","position":2,"name":"Product","item":"https:\/\/lazersystem.net\/ru\/\u043f\u0440\u043e\u0434\u0443\u043a\u0442"},{"@type":"ListItem","position":3,"name":"M\u00e1quina port\u00e1til de limpeza para remo\u00e7\u00e3o de tinta a laser 200W para venda"}]},{"@type":"WebSite","@id":"https:\/\/lazersystem.net\/#website","url":"https:\/\/lazersystem.net\/","name":"Machine laser BOGONG","description":"","publisher":{"@id":"https:\/\/lazersystem.net\/#organization"},"potentialAction":[{"@type":"SearchAction","target":{"@type":"EntryPoint","urlTemplate":"https:\/\/lazersystem.net\/?s={search_term_string}"},"query-input":{"@type":"PropertyValueSpecification","valueRequired":true,"valueName":"search_term_string"}}],"inLanguage":"fr-FR"},{"@type":"Organization","@id":"https:\/\/lazersystem.net\/#organization","name":"Machine laser BOGONG","url":"https:\/\/lazersystem.net\/","logo":{"@type":"ImageObject","inLanguage":"fr-FR","@id":"https:\/\/lazersystem.net\/#\/schema\/logo\/image\/","url":"https:\/\/lazersystem.net\/wp-content\/uploads\/2024\/04\/\u672a\u6807\u9898-1-3.jpg","contentUrl":"https:\/\/lazersystem.net\/wp-content\/uploads\/2024\/04\/\u672a\u6807\u9898-1-3.jpg","width":1920,"height":650,"caption":"BOGONG Laser Machine"},"image":{"@id":"https:\/\/lazersystem.net\/#\/schema\/logo\/image\/"}}]}},"_links":{"self":[{"href":"https:\/\/lazersystem.net\/fr\/wp-json\/wp\/v2\/product\/4757","targetHints":{"allow":["GET"]}}],"collection":[{"href":"https:\/\/lazersystem.net\/fr\/wp-json\/wp\/v2\/product"}],"about":[{"href":"https:\/\/lazersystem.net\/fr\/wp-json\/wp\/v2\/types\/product"}],"replies":[{"embeddable":true,"href":"https:\/\/lazersystem.net\/fr\/wp-json\/wp\/v2\/comments?post=4757"}],"wp:featuredmedia":[{"embeddable":true,"href":"https:\/\/lazersystem.net\/fr\/wp-json\/wp\/v2\/media\/4752"}],"wp:attachment":[{"href":"https:\/\/lazersystem.net\/fr\/wp-json\/wp\/v2\/media?parent=4757"}],"wp:term":[{"taxonomy":"product_brand","embeddable":true,"href":"https:\/\/lazersystem.net\/fr\/wp-json\/wp\/v2\/product_brand?post=4757"},{"taxonomy":"product_cat","embeddable":true,"href":"https:\/\/lazersystem.net\/fr\/wp-json\/wp\/v2\/product_cat?post=4757"},{"taxonomy":"product_tag","embeddable":true,"href":"https:\/\/lazersystem.net\/fr\/wp-json\/wp\/v2\/product_tag?post=4757"}],"curies":[{"name":"wp","href":"https:\/\/api.w.org\/{rel}","templated":true}]}}