{"id":5120,"date":"2024-11-18T06:20:36","date_gmt":"2024-11-18T06:20:36","guid":{"rendered":"https:\/\/lazersystem.net\/?post_type=product&#038;p=5120"},"modified":"2024-11-18T06:50:05","modified_gmt":"2024-11-18T06:50:05","slug":"desktop-uv-laser-marking-machine-for-plastic-silicon-glass-ceramic","status":"publish","type":"product","link":"https:\/\/lazersystem.net\/fi\/fiber-laser-marking-machine\/desktop-uv-laser-marking-machine-for-plastic-silicon-glass-ceramic","title":{"rendered":"Ty\u00f6p\u00f6yd\u00e4n UV-lasermerkint\u00e4kone muoville, piille, lasille, keraamiselle"},"content":{"rendered":"<p>1.200Sets \/ Month Waiting for Sale In Stock.<\/p>\n<p>2.Standard &#8211; Meet CE Standards in Terms of Quality &amp; Safety.<\/p>\n<p>3.Warranting &#8211; Two (2) Year Limited Warranty for Entire Machine.<\/p>\n<p>4.1-2 Days Handling and 7-30 Days Shipping.<\/p>\n<p>5.30-Day Money Back Guarantee for Your Purchase.<\/p>\n<p>6.Free Lifetime Technical Support for End-Users &amp; Dealers.<\/p>\n<p>7.Online (PayPal, Trade Assurance) \/ Offline (T\/T, Debit &amp; Credit Cards).<\/p>\n\t<div class=\"img has-hover x md-x lg-x y md-y lg-y\" id=\"image_1114683339\">\n\t\t\t\t\t\t\t\t<div class=\"img-inner dark\" >\n\t\t\t<img fetchpriority=\"high\" decoding=\"async\" width=\"768\" height=\"768\" src=\"https:\/\/lazersystem.net\/wp-content\/uploads\/2024\/11\/18edfdd26ea2054a302cdc112635f8e-768x768.webp\" class=\"attachment-medium_large size-medium_large\" alt=\"\" srcset=\"https:\/\/lazersystem.net\/wp-content\/uploads\/2024\/11\/18edfdd26ea2054a302cdc112635f8e-768x768.webp 768w, https:\/\/lazersystem.net\/wp-content\/uploads\/2024\/11\/18edfdd26ea2054a302cdc112635f8e-400x400.webp 400w, https:\/\/lazersystem.net\/wp-content\/uploads\/2024\/11\/18edfdd26ea2054a302cdc112635f8e-12x12.webp 12w, https:\/\/lazersystem.net\/wp-content\/uploads\/2024\/11\/18edfdd26ea2054a302cdc112635f8e-300x300.webp 300w, https:\/\/lazersystem.net\/wp-content\/uploads\/2024\/11\/18edfdd26ea2054a302cdc112635f8e-600x600.webp 600w, https:\/\/lazersystem.net\/wp-content\/uploads\/2024\/11\/18edfdd26ea2054a302cdc112635f8e-100x100.webp 100w, https:\/\/lazersystem.net\/wp-content\/uploads\/2024\/11\/18edfdd26ea2054a302cdc112635f8e.webp 800w\" sizes=\"(max-width: 768px) 100vw, 768px\" \/>\t\t\t\t\t\t\n\t\t\t\t\t<\/div>\n\t\t\t\t\t\t\t\t\n<style>\n#image_1114683339 {\n  width: 70%;\n}\n<\/style>\n\t<\/div>\n\t\n<h2>What Is UV Laser Marking Machine?<\/h2>\n<p>UV laser marking machine is developed with 355nm Ultraviolet laser source for plastic, silicon, glass, ceramic, which adopts a third-order intracavity frequency doubling technology. Compared with infrared lasers, 355nm UV laser has a very small focus spot, which can greatly reduce the material mechanical deformation and processing heat influence is small. UV laser marking machine are mainly used for ultra-fine marking and engraving. It is especially suitable for food and medical packaging materials, marking, micro-holes, high-speed division of glass materials, and complex pattern cutting of silicon wafers.<\/p>\n<p>Ultraviolet laser marking machines are widely used in some high-end markets for fine processing. For example, some high-molecular materials for cosmetics, marking of flexible PCB boards, micro-controlling of silicon wafers, and 2D code marking of LCD liquid crystal glass, various metals, plastics, building materials, communication equipment (mobile phone screens, mobile phone cases, iPhone cases, Huawei mobile phone cases, samsung mobile phone cases, OPPO mobile phone cases, XIAOMI mobile phone cases).<\/p>\n<h2>How Does UV Laser Marking Machine Work?<\/h2>\n<p>The principle of UV laser marking system is similar to the most common laser marking machines, which use laser beams to make permanent marks on the surface of various materials. The effect of marking is to directly break the molecular chain of the substance through the short-wave laser (different from the evaporation of the surface substance produced by the long-wave laser to expose the deep substance) to reveal the pattern and text to be etched.<\/p>\n<p>Ultraviolet laser marking is a type of cold engraving method. The engraving process is called the &#8220;photoetching&#8221; effect. &#8220;cold processing&#8221; has a very high load of energy (ultraviolet) photons, which can break the chemical bond in the material (especially organic material) or the surrounding medium. To cause the material to undergo non-thermal process damage. There is no heating or thermal deformation on the inner layer and nearby areas of the processed surface. The high-energy molecules of ultraviolet photons directly detach the molecules on the metal or non-metal materials that need to be processed. However, this detachment causes the molecules to separate from the material. This way of working does not generate heat, because it does not generate heat. As a result, the method of UV laser processing has become cold processing, which is the source of the difference from traditional fiber laser marking systems.<\/p>\n<div class=\"video video-fit mb\" style=\"padding-top:56.25%;\"><p><iframe title=\"Best UV Laser Marking Machine for Plastic ID \/ Tags \/ Security Seals Engraving and Printing\" width=\"1020\" height=\"765\" src=\"https:\/\/www.youtube.com\/embed\/5JD5G6TIoVA?feature=oembed\" frameborder=\"0\" allow=\"accelerometer; autoplay; clipboard-write; encrypted-media; gyroscope; picture-in-picture; web-share\" referrerpolicy=\"strict-origin-when-cross-origin\" allowfullscreen><\/iframe><\/p>\n<\/div>\n<h2>Why Choose UV Laser Marking Machine for Plastic, Silicon, Glass, Ceramic<\/h2>\n<p>The UV laser marking machine is based on its unique low-power laser beam, so it can perform ultra-fine marking and special material marking. It is the first choice for customers who have higher requirements for marking effects. It is especially suitable for the high-end market of ultra-fine processing, with fine effects and clear and firm markings.<\/p>\n<p>Ultraviolet laser marking machine has high beam quality and small focused spot, which makes marking finer and higher definition; and the heat-affected area is small, no thermal effect is generated, and the deformation or scorching of the processed material is avoided. The applicable materials are particularly wide, which solves the problems of insufficient detail and poor effect of fiber laser marking for many materials. The marking speed is fast and the efficiency is high. The function of online flying marking can be realized on the assembly line.<\/p>\n<h3>Features &amp; Advantages of Desktop UV Laser Marking System for Plastic, Silicon, Glass, Ceramic<\/h3>\n<ol>\n<li>UV laser marking machine adopts 355nm pumped UV laser device, so as to get smaller diameter of focusing spot and fine marking effect.<\/li>\n<li>The metal absorb UV higher than infrared and therefore more suitable for UV laser marker marking on metal and glass materials compared with infrared pump machine.<\/li>\n<li>Narrower pulse width of UV laser makes a shorter time of processing on materials, thus the materials avoid being deformed or burnt due to thermal.<\/li>\n<li>With smaller heat affected area and more beautiful marking effect, our products UV laser marking system can meet customer with higher marking requirements.<\/li>\n<li>The UV laser machine is equipped with safety shield, which can effectively isolate the purple radiation, to ensure the safety of UV laser marker operators.<\/li>\n<li>UV laser machine is equipped with a professional water cooling machine, air-cooled water circulation cooling, with water-cooled high efficiency and air-cooled small size.<\/li>\n<li>Low energy consumption, environmentally friendly, no consumables. Little affect area, no heat effect, without material burned problem.<\/li>\n<\/ol>\n<h3>Technical Parameters of Desktop UV Laser Marking Machine for Plastic, Silicon, Glass, Ceramic<\/h3>\n<table>\n<tbody>\n<tr>\n<td width=\"284\">\n<p style=\"text-align: center;\">optcal maser<\/p>\n<\/td>\n<td style=\"text-align: center;\" width=\"284\">Uy laser(JPT and Huaray are available)<\/td>\n<\/tr>\n<tr>\n<td width=\"284\">\n<p style=\"text-align: center;\">Laserin aallonpituus<\/p>\n<\/td>\n<td style=\"text-align: center;\" width=\"284\">3550m<\/td>\n<\/tr>\n<tr>\n<td width=\"284\">\n<p style=\"text-align: center;\">Average output porwer<\/p>\n<\/td>\n<td style=\"text-align: center;\" width=\"284\">&gt;15W@6CkHZ<\/td>\n<\/tr>\n<tr>\n<td width=\"284\">\n<p style=\"text-align: center;\">Repetition frequency<\/p>\n<\/td>\n<td style=\"text-align: center;\" width=\"284\">40kHz-300kHZ<\/td>\n<\/tr>\n<tr>\n<td width=\"284\">\n<p style=\"text-align: center;\">Pulse width<\/p>\n<\/td>\n<td style=\"text-align: center;\" width=\"284\">&lt;18ns@60kHz<\/td>\n<\/tr>\n<tr>\n<td width=\"284\">\n<p style=\"text-align: center;\">Maximum spced<\/p>\n<\/td>\n<td style=\"text-align: center;\" width=\"284\">7000mm&#8217;s<\/td>\n<\/tr>\n<tr>\n<td style=\"text-align: center;\" width=\"284\">p\u00e4\u00e4t\u00f6slauselma<\/td>\n<td width=\"284\">\n<p style=\"text-align: center;\">0.01mm<\/p>\n<\/td>\n<\/tr>\n<tr>\n<td style=\"text-align: center;\" width=\"284\">Re pasiticning precision<\/td>\n<td width=\"284\">\n<p style=\"text-align: center;\">0.03mm<\/p>\n<\/td>\n<\/tr>\n<tr>\n<td style=\"text-align: center;\" width=\"284\">Merkint\u00e4alue<\/td>\n<td width=\"284\">\n<p style=\"text-align: center;\">110*110mmm<\/p>\n<\/td>\n<\/tr>\n<tr>\n<td style=\"text-align: center;\" width=\"284\">Minimam line widzh<\/td>\n<td width=\"284\">\n<p style=\"text-align: center;\">0.01mm<\/p>\n<\/td>\n<\/tr>\n<tr>\n<td style=\"text-align: center;\" width=\"284\">Minimum height of characters<\/td>\n<td width=\"284\">\n<p style=\"text-align: center;\">0.2mm<\/p>\n<\/td>\n<\/tr>\n<\/tbody>\n<\/table>\n<h2>Desktop UV Laser Marking System Applications<\/h2>\n<h3>Applicable Industries:<\/h3>\n<ol>\n<li>Electronic components, battery chargers, electric wire, computer accessories, mobile phone accessories (mobile phone screen, LCD screen) and communication products.<\/li>\n<li>Automobile and motorcycle spare parts, auto glass, instrument appliance, optical device, aerospace, military industry products, hardware machinery, tools, measuring tools, cutting tools, sanitary ware.<\/li>\n<li>Pharmaceutical, food, beverage and cosmetics industry.<\/li>\n<li>Plastic, glass, crystal, arts and crafts of surface and internal thin film etching, ceramic cutting or engraving, clocks and watches and glasses.<\/li>\n<li>Polymer material, majority of the metal and non-metallic materials for surface processing and coating film processing, previous to light polymer materials, plastic, fire prevention materials, etc.<\/li>\n<\/ol>\n<h4>Applicable Materials:<\/h4>\n<p>PP (polypropylene), PC (polycarbonate), PE (polyethylene), ABS, PA, PMMA, Silicon, Glass, and Ceramics.<\/p>\n<p>Types of Plastics You can Engrave with UV Laser Marking System<\/p>\n<p>Silicone.<\/p>\n<p>Polyamide (PA).<\/p>\n<p>Polyimide (PI).<\/p>\n<p>Polyester (PES).<\/p>\n<p>Polystyrene (PS).<\/p>\n<p>Polyethylene (PE).<\/p>\n<p>Polypropylene (PP).<\/p>\n<p>Polycarbonate (PC).<\/p>\n<p>Polyoxymethylene (POM).<\/p>\n<p>Poly ether ketone (PEEK).<\/p>\n<p>Polyarylsulfone (PSU, PPSU).<\/p>\n<p>Polymethylmetacrylate (PMMA).<\/p>\n<p>Polyethylene terephthalate (PET).<\/p>\n<p>Acrylonitrile butadiene styrene copolymer (ABS).<\/p>\n<h2>Details of UV Laser Marking Machine for Plastic, Silicon, Glass, Ceramic<\/h2>\n\t<div class=\"img has-hover x md-x lg-x y md-y lg-y\" id=\"image_1951186611\">\n\t\t\t\t\t\t\t\t<div class=\"img-inner dark\" >\n\t\t\t<img decoding=\"async\" width=\"768\" height=\"768\" src=\"https:\/\/lazersystem.net\/wp-content\/uploads\/2024\/11\/547b27ff9f2b4bca9d302f86eaf835b-768x768.webp\" class=\"attachment-medium_large size-medium_large\" alt=\"\" srcset=\"https:\/\/lazersystem.net\/wp-content\/uploads\/2024\/11\/547b27ff9f2b4bca9d302f86eaf835b-768x768.webp 768w, https:\/\/lazersystem.net\/wp-content\/uploads\/2024\/11\/547b27ff9f2b4bca9d302f86eaf835b-400x400.webp 400w, https:\/\/lazersystem.net\/wp-content\/uploads\/2024\/11\/547b27ff9f2b4bca9d302f86eaf835b-12x12.webp 12w, https:\/\/lazersystem.net\/wp-content\/uploads\/2024\/11\/547b27ff9f2b4bca9d302f86eaf835b-300x300.webp 300w, https:\/\/lazersystem.net\/wp-content\/uploads\/2024\/11\/547b27ff9f2b4bca9d302f86eaf835b-600x600.webp 600w, https:\/\/lazersystem.net\/wp-content\/uploads\/2024\/11\/547b27ff9f2b4bca9d302f86eaf835b-100x100.webp 100w, https:\/\/lazersystem.net\/wp-content\/uploads\/2024\/11\/547b27ff9f2b4bca9d302f86eaf835b.webp 800w\" sizes=\"(max-width: 768px) 100vw, 768px\" \/>\t\t\t\t\t\t\n\t\t\t\t\t<\/div>\n\t\t\t\t\t\t\t\t\n<style>\n#image_1951186611 {\n  width: 70%;\n}\n<\/style>\n\t<\/div>\n\t\n<div class=\"container section-title-container\" ><h3 class=\"section-title section-title-normal\"><b><\/b><span class=\"section-title-main\" >UV Laser Marking Machine for Plastic, Silicon, Glass, Ceramic Projects<\/span><b><\/b><\/h3><\/div>\n\t<div class=\"img has-hover x md-x lg-x y md-y lg-y\" id=\"image_434667663\">\n\t\t\t\t\t\t\t\t<div class=\"img-inner dark\" >\n\t\t\t<img decoding=\"async\" width=\"768\" height=\"768\" src=\"https:\/\/lazersystem.net\/wp-content\/uploads\/2024\/11\/\u5fae\u4fe1\u56fe\u7247_20241118144320-768x768.png\" class=\"attachment-medium_large size-medium_large\" alt=\"\" srcset=\"https:\/\/lazersystem.net\/wp-content\/uploads\/2024\/11\/\u5fae\u4fe1\u56fe\u7247_20241118144320-768x768.png 768w, https:\/\/lazersystem.net\/wp-content\/uploads\/2024\/11\/\u5fae\u4fe1\u56fe\u7247_20241118144320-400x400.png 400w, https:\/\/lazersystem.net\/wp-content\/uploads\/2024\/11\/\u5fae\u4fe1\u56fe\u7247_20241118144320-12x12.png 12w, https:\/\/lazersystem.net\/wp-content\/uploads\/2024\/11\/\u5fae\u4fe1\u56fe\u7247_20241118144320-300x300.png 300w, https:\/\/lazersystem.net\/wp-content\/uploads\/2024\/11\/\u5fae\u4fe1\u56fe\u7247_20241118144320-600x600.png 600w, https:\/\/lazersystem.net\/wp-content\/uploads\/2024\/11\/\u5fae\u4fe1\u56fe\u7247_20241118144320-100x100.png 100w, https:\/\/lazersystem.net\/wp-content\/uploads\/2024\/11\/\u5fae\u4fe1\u56fe\u7247_20241118144320.png 800w\" sizes=\"(max-width: 768px) 100vw, 768px\" \/>\t\t\t\t\t\t\n\t\t\t\t\t<\/div>\n\t\t\t\t\t\t\t\t\n<style>\n#image_434667663 {\n  width: 70%;\n}\n<\/style>\n\t<\/div>","protected":false},"excerpt":{"rendered":"<p>Desktop UV laser marking machine is a type of cold laser engraving system with Ultraviolet laser source for plastics, including PP (polypropylene), PC (polycarbonate), PE (polyethylene), ABS, PA, PMMA, silicon, glass and ceramics.<\/p>","protected":false},"featured_media":5122,"comment_status":"open","ping_status":"closed","template":"","meta":[],"product_brand":[],"product_cat":[248],"product_tag":[338,341,334,339,337,335,333,342,336,340],"class_list":{"0":"post-5120","1":"product","2":"type-product","3":"status-publish","4":"has-post-thumbnail","6":"product_cat-fiber-laser-marking-machine","7":"product_tag-uv-galvo-laser","8":"product_tag-uv-laser-cutter","9":"product_tag-uv-laser-engraver","10":"product_tag-uv-laser-engraving-machine","11":"product_tag-uv-laser-machine","12":"product_tag-uv-laser-marking","13":"product_tag-uv-laser-marking-machine","14":"product_tag-uv-laser-marking-machine-for-plastic","15":"product_tag-uv-laser-marking-machine-price","16":"product_tag-uv-laser-printing-machine","18":"first","19":"instock","20":"shipping-taxable","21":"purchasable","22":"product-type-simple"},"yoast_head":"<!-- This site is optimized with the Yoast SEO Premium plugin v21.5 (Yoast SEO v25.2) - https:\/\/yoast.com\/wordpress\/plugins\/seo\/ -->\n<title>Desktop UV Laser Marking Machine for Plastic, Silicon, Glass, Ceramic - BOGONG Laser Machine<\/title>\n<meta name=\"robots\" content=\"index, follow, max-snippet:-1, max-image-preview:large, max-video-preview:-1\" \/>\n<link rel=\"canonical\" href=\"https:\/\/lazersystem.net\/fi\/fiber-laser-marking-machine\/desktop-uv-laser-marking-machine-for-plastic-silicon-glass-ceramic\" \/>\n<meta property=\"og:locale\" content=\"fi_FI\" \/>\n<meta property=\"og:type\" content=\"article\" \/>\n<meta property=\"og:title\" content=\"Desktop UV Laser Marking Machine for Plastic, Silicon, Glass, Ceramic\" \/>\n<meta property=\"og:description\" content=\"Desktop UV laser marking machine is a type of cold laser engraving system with Ultraviolet laser source for plastics, including PP (polypropylene), PC (polycarbonate), PE (polyethylene), ABS, PA, PMMA, silicon, glass and ceramics.\" \/>\n<meta property=\"og:url\" content=\"https:\/\/lazersystem.net\/fi\/fiber-laser-marking-machine\/desktop-uv-laser-marking-machine-for-plastic-silicon-glass-ceramic\" \/>\n<meta property=\"og:site_name\" content=\"BOGONG Laser Machine\" \/>\n<meta property=\"article:modified_time\" content=\"2024-11-18T06:50:05+00:00\" \/>\n<meta property=\"og:image\" content=\"https:\/\/lazersystem.net\/wp-content\/uploads\/2024\/11\/547b27ff9f2b4bca9d302f86eaf835b.webp\" \/>\n\t<meta property=\"og:image:width\" content=\"800\" \/>\n\t<meta property=\"og:image:height\" content=\"800\" \/>\n\t<meta property=\"og:image:type\" content=\"image\/webp\" \/>\n<meta name=\"twitter:card\" content=\"summary_large_image\" \/>\n<meta name=\"twitter:label1\" content=\"Arvioitu lukuaika\" \/>\n\t<meta name=\"twitter:data1\" content=\"6 minuuttia\" \/>\n<script type=\"application\/ld+json\" class=\"yoast-schema-graph\">{\"@context\":\"https:\/\/schema.org\",\"@graph\":[{\"@type\":\"WebPage\",\"@id\":\"https:\/\/lazersystem.net\/fiber-laser-marking-machine\/desktop-uv-laser-marking-machine-for-plastic-silicon-glass-ceramic\",\"url\":\"https:\/\/lazersystem.net\/fiber-laser-marking-machine\/desktop-uv-laser-marking-machine-for-plastic-silicon-glass-ceramic\",\"name\":\"Desktop UV Laser Marking Machine for Plastic, Silicon, Glass, Ceramic - BOGONG Laser Machine\",\"isPartOf\":{\"@id\":\"https:\/\/lazersystem.net\/#website\"},\"primaryImageOfPage\":{\"@id\":\"https:\/\/lazersystem.net\/fiber-laser-marking-machine\/desktop-uv-laser-marking-machine-for-plastic-silicon-glass-ceramic#primaryimage\"},\"image\":{\"@id\":\"https:\/\/lazersystem.net\/fiber-laser-marking-machine\/desktop-uv-laser-marking-machine-for-plastic-silicon-glass-ceramic#primaryimage\"},\"thumbnailUrl\":\"https:\/\/lazersystem.net\/wp-content\/uploads\/2024\/11\/547b27ff9f2b4bca9d302f86eaf835b.webp\",\"datePublished\":\"2024-11-18T06:20:36+00:00\",\"dateModified\":\"2024-11-18T06:50:05+00:00\",\"breadcrumb\":{\"@id\":\"https:\/\/lazersystem.net\/fiber-laser-marking-machine\/desktop-uv-laser-marking-machine-for-plastic-silicon-glass-ceramic#breadcrumb\"},\"inLanguage\":\"fi\",\"potentialAction\":[{\"@type\":\"ReadAction\",\"target\":[\"https:\/\/lazersystem.net\/fiber-laser-marking-machine\/desktop-uv-laser-marking-machine-for-plastic-silicon-glass-ceramic\"]}]},{\"@type\":\"ImageObject\",\"inLanguage\":\"fi\",\"@id\":\"https:\/\/lazersystem.net\/fiber-laser-marking-machine\/desktop-uv-laser-marking-machine-for-plastic-silicon-glass-ceramic#primaryimage\",\"url\":\"https:\/\/lazersystem.net\/wp-content\/uploads\/2024\/11\/547b27ff9f2b4bca9d302f86eaf835b.webp\",\"contentUrl\":\"https:\/\/lazersystem.net\/wp-content\/uploads\/2024\/11\/547b27ff9f2b4bca9d302f86eaf835b.webp\",\"width\":800,\"height\":800},{\"@type\":\"BreadcrumbList\",\"@id\":\"https:\/\/lazersystem.net\/fiber-laser-marking-machine\/desktop-uv-laser-marking-machine-for-plastic-silicon-glass-ceramic#breadcrumb\",\"itemListElement\":[{\"@type\":\"ListItem\",\"position\":1,\"name\":\"Home\",\"item\":\"https:\/\/lazersystem.net\/\"},{\"@type\":\"ListItem\",\"position\":2,\"name\":\"Product\",\"item\":\"https:\/\/lazersystem.net\/ru\/\u043f\u0440\u043e\u0434\u0443\u043a\u0442\"},{\"@type\":\"ListItem\",\"position\":3,\"name\":\"Desktop UV Laser Marking Machine for Plastic, Silicon, Glass, Ceramic\"}]},{\"@type\":\"WebSite\",\"@id\":\"https:\/\/lazersystem.net\/#website\",\"url\":\"https:\/\/lazersystem.net\/\",\"name\":\"BOGONG Laser Machine\",\"description\":\"\",\"publisher\":{\"@id\":\"https:\/\/lazersystem.net\/#organization\"},\"potentialAction\":[{\"@type\":\"SearchAction\",\"target\":{\"@type\":\"EntryPoint\",\"urlTemplate\":\"https:\/\/lazersystem.net\/?s={search_term_string}\"},\"query-input\":{\"@type\":\"PropertyValueSpecification\",\"valueRequired\":true,\"valueName\":\"search_term_string\"}}],\"inLanguage\":\"fi\"},{\"@type\":\"Organization\",\"@id\":\"https:\/\/lazersystem.net\/#organization\",\"name\":\"BOGONG Laser Machine\",\"url\":\"https:\/\/lazersystem.net\/\",\"logo\":{\"@type\":\"ImageObject\",\"inLanguage\":\"fi\",\"@id\":\"https:\/\/lazersystem.net\/#\/schema\/logo\/image\/\",\"url\":\"https:\/\/lazersystem.net\/wp-content\/uploads\/2024\/04\/\u672a\u6807\u9898-1-3.jpg\",\"contentUrl\":\"https:\/\/lazersystem.net\/wp-content\/uploads\/2024\/04\/\u672a\u6807\u9898-1-3.jpg\",\"width\":1920,\"height\":650,\"caption\":\"BOGONG Laser Machine\"},\"image\":{\"@id\":\"https:\/\/lazersystem.net\/#\/schema\/logo\/image\/\"}}]}<\/script>\n<!-- \/ Yoast SEO Premium plugin. -->","yoast_head_json":{"title":"Desktop UV Laser Marking Machine for Plastic, Silicon, Glass, Ceramic - BOGONG Laser Machine","robots":{"index":"index","follow":"follow","max-snippet":"max-snippet:-1","max-image-preview":"max-image-preview:large","max-video-preview":"max-video-preview:-1"},"canonical":"https:\/\/lazersystem.net\/fi\/fiber-laser-marking-machine\/desktop-uv-laser-marking-machine-for-plastic-silicon-glass-ceramic","og_locale":"fi_FI","og_type":"article","og_title":"Desktop UV Laser Marking Machine for Plastic, Silicon, Glass, Ceramic","og_description":"Desktop UV laser marking machine is a type of cold laser engraving system with Ultraviolet laser source for plastics, including PP (polypropylene), PC (polycarbonate), PE (polyethylene), ABS, PA, PMMA, silicon, glass and ceramics.","og_url":"https:\/\/lazersystem.net\/fi\/fiber-laser-marking-machine\/desktop-uv-laser-marking-machine-for-plastic-silicon-glass-ceramic","og_site_name":"BOGONG Laser Machine","article_modified_time":"2024-11-18T06:50:05+00:00","og_image":[{"width":800,"height":800,"url":"https:\/\/lazersystem.net\/wp-content\/uploads\/2024\/11\/547b27ff9f2b4bca9d302f86eaf835b.webp","type":"image\/webp"}],"twitter_card":"summary_large_image","twitter_misc":{"Arvioitu lukuaika":"6 minuuttia"},"schema":{"@context":"https:\/\/schema.org","@graph":[{"@type":"WebPage","@id":"https:\/\/lazersystem.net\/fiber-laser-marking-machine\/desktop-uv-laser-marking-machine-for-plastic-silicon-glass-ceramic","url":"https:\/\/lazersystem.net\/fiber-laser-marking-machine\/desktop-uv-laser-marking-machine-for-plastic-silicon-glass-ceramic","name":"Desktop UV Laser Marking Machine for Plastic, Silicon, Glass, Ceramic - BOGONG Laser Machine","isPartOf":{"@id":"https:\/\/lazersystem.net\/#website"},"primaryImageOfPage":{"@id":"https:\/\/lazersystem.net\/fiber-laser-marking-machine\/desktop-uv-laser-marking-machine-for-plastic-silicon-glass-ceramic#primaryimage"},"image":{"@id":"https:\/\/lazersystem.net\/fiber-laser-marking-machine\/desktop-uv-laser-marking-machine-for-plastic-silicon-glass-ceramic#primaryimage"},"thumbnailUrl":"https:\/\/lazersystem.net\/wp-content\/uploads\/2024\/11\/547b27ff9f2b4bca9d302f86eaf835b.webp","datePublished":"2024-11-18T06:20:36+00:00","dateModified":"2024-11-18T06:50:05+00:00","breadcrumb":{"@id":"https:\/\/lazersystem.net\/fiber-laser-marking-machine\/desktop-uv-laser-marking-machine-for-plastic-silicon-glass-ceramic#breadcrumb"},"inLanguage":"fi","potentialAction":[{"@type":"ReadAction","target":["https:\/\/lazersystem.net\/fiber-laser-marking-machine\/desktop-uv-laser-marking-machine-for-plastic-silicon-glass-ceramic"]}]},{"@type":"ImageObject","inLanguage":"fi","@id":"https:\/\/lazersystem.net\/fiber-laser-marking-machine\/desktop-uv-laser-marking-machine-for-plastic-silicon-glass-ceramic#primaryimage","url":"https:\/\/lazersystem.net\/wp-content\/uploads\/2024\/11\/547b27ff9f2b4bca9d302f86eaf835b.webp","contentUrl":"https:\/\/lazersystem.net\/wp-content\/uploads\/2024\/11\/547b27ff9f2b4bca9d302f86eaf835b.webp","width":800,"height":800},{"@type":"BreadcrumbList","@id":"https:\/\/lazersystem.net\/fiber-laser-marking-machine\/desktop-uv-laser-marking-machine-for-plastic-silicon-glass-ceramic#breadcrumb","itemListElement":[{"@type":"ListItem","position":1,"name":"Home","item":"https:\/\/lazersystem.net\/"},{"@type":"ListItem","position":2,"name":"Product","item":"https:\/\/lazersystem.net\/ru\/\u043f\u0440\u043e\u0434\u0443\u043a\u0442"},{"@type":"ListItem","position":3,"name":"Desktop UV Laser Marking Machine for Plastic, Silicon, Glass, Ceramic"}]},{"@type":"WebSite","@id":"https:\/\/lazersystem.net\/#website","url":"https:\/\/lazersystem.net\/","name":"BOGONG Laser Machine","description":"","publisher":{"@id":"https:\/\/lazersystem.net\/#organization"},"potentialAction":[{"@type":"SearchAction","target":{"@type":"EntryPoint","urlTemplate":"https:\/\/lazersystem.net\/?s={search_term_string}"},"query-input":{"@type":"PropertyValueSpecification","valueRequired":true,"valueName":"search_term_string"}}],"inLanguage":"fi"},{"@type":"Organization","@id":"https:\/\/lazersystem.net\/#organization","name":"BOGONG Laser Machine","url":"https:\/\/lazersystem.net\/","logo":{"@type":"ImageObject","inLanguage":"fi","@id":"https:\/\/lazersystem.net\/#\/schema\/logo\/image\/","url":"https:\/\/lazersystem.net\/wp-content\/uploads\/2024\/04\/\u672a\u6807\u9898-1-3.jpg","contentUrl":"https:\/\/lazersystem.net\/wp-content\/uploads\/2024\/04\/\u672a\u6807\u9898-1-3.jpg","width":1920,"height":650,"caption":"BOGONG Laser Machine"},"image":{"@id":"https:\/\/lazersystem.net\/#\/schema\/logo\/image\/"}}]}},"_links":{"self":[{"href":"https:\/\/lazersystem.net\/fi\/wp-json\/wp\/v2\/product\/5120","targetHints":{"allow":["GET"]}}],"collection":[{"href":"https:\/\/lazersystem.net\/fi\/wp-json\/wp\/v2\/product"}],"about":[{"href":"https:\/\/lazersystem.net\/fi\/wp-json\/wp\/v2\/types\/product"}],"replies":[{"embeddable":true,"href":"https:\/\/lazersystem.net\/fi\/wp-json\/wp\/v2\/comments?post=5120"}],"wp:featuredmedia":[{"embeddable":true,"href":"https:\/\/lazersystem.net\/fi\/wp-json\/wp\/v2\/media\/5122"}],"wp:attachment":[{"href":"https:\/\/lazersystem.net\/fi\/wp-json\/wp\/v2\/media?parent=5120"}],"wp:term":[{"taxonomy":"product_brand","embeddable":true,"href":"https:\/\/lazersystem.net\/fi\/wp-json\/wp\/v2\/product_brand?post=5120"},{"taxonomy":"product_cat","embeddable":true,"href":"https:\/\/lazersystem.net\/fi\/wp-json\/wp\/v2\/product_cat?post=5120"},{"taxonomy":"product_tag","embeddable":true,"href":"https:\/\/lazersystem.net\/fi\/wp-json\/wp\/v2\/product_tag?post=5120"}],"curies":[{"name":"wp","href":"https:\/\/api.w.org\/{rel}","templated":true}]}}