{"id":4831,"date":"2024-04-25T06:51:05","date_gmt":"2024-04-25T06:51:05","guid":{"rendered":"https:\/\/lazersystem.net\/?post_type=product&#038;p=4831"},"modified":"2024-07-03T07:26:11","modified_gmt":"2024-07-03T07:26:11","slug":"portable-cleaner-fiber-laser-cleaning-machine-small-oil-rust-removal-laser","status":"publish","type":"product","link":"https:\/\/lazersystem.net\/fi\/kuitulaser-puhdistus-kone\/pulssi-laser-puhdistus-kone\/portable-cleaner-fiber-laser-cleaning-machine-small-oil-rust-removal-laser","title":{"rendered":"M\u00e1quina de limpeza port\u00e1til a laser de fibra, pequeno laser para remo\u00e7\u00e3o de ferrugem de \u00f3leo"},"content":{"rendered":"<div class=\"container section-title-container\" ><h3 class=\"section-title section-title-normal\"><b><\/b><span class=\"section-title-main\" style=\"color:rgb(248, 3, 3);\">Videon esitt\u00e4minen<\/span><b><\/b><\/h3><\/div>\n<div class=\"video video-fit mb\" style=\"padding-top:56.25%;\"><p><iframe title=\"500W Pulse Laser Cleaning Machine for Sale #lasercleaningmachine #lasercleaner  #500Wlasercleaner\" width=\"1020\" height=\"574\" src=\"https:\/\/www.youtube.com\/embed\/Elmhrfdsogg?feature=oembed\" frameborder=\"0\" allow=\"accelerometer; autoplay; clipboard-write; encrypted-media; gyroscope; picture-in-picture; web-share\" referrerpolicy=\"strict-origin-when-cross-origin\" allowfullscreen><\/iframe><\/p>\n<\/div>\n<div class=\"container section-title-container\" ><h3 class=\"section-title section-title-normal\"><b><\/b><span class=\"section-title-main\" style=\"color:rgb(239, 3, 3);\">Tuotteen yksityiskohdat<\/span><b><\/b><\/h3><\/div>\n\t<div class=\"img has-hover x md-x lg-x y md-y lg-y\" id=\"image_1335388989\">\n\t\t\t\t\t\t\t\t<div class=\"img-inner dark\" >\n\t\t\t<img fetchpriority=\"high\" decoding=\"async\" width=\"358\" height=\"800\" src=\"https:\/\/lazersystem.net\/wp-content\/uploads\/2024\/04\/\u5fae\u4fe1\u56fe\u7247_20240425145200-358x800.png\" class=\"attachment-large size-large\" alt=\"\" srcset=\"https:\/\/lazersystem.net\/wp-content\/uploads\/2024\/04\/\u5fae\u4fe1\u56fe\u7247_20240425145200-358x800.png 358w, https:\/\/lazersystem.net\/wp-content\/uploads\/2024\/04\/\u5fae\u4fe1\u56fe\u7247_20240425145200-448x1000.png 448w, https:\/\/lazersystem.net\/wp-content\/uploads\/2024\/04\/\u5fae\u4fe1\u56fe\u7247_20240425145200-688x1536.png 688w, https:\/\/lazersystem.net\/wp-content\/uploads\/2024\/04\/\u5fae\u4fe1\u56fe\u7247_20240425145200-5x12.png 5w, https:\/\/lazersystem.net\/wp-content\/uploads\/2024\/04\/\u5fae\u4fe1\u56fe\u7247_20240425145200-300x670.png 300w, https:\/\/lazersystem.net\/wp-content\/uploads\/2024\/04\/\u5fae\u4fe1\u56fe\u7247_20240425145200-600x1339.png 600w, https:\/\/lazersystem.net\/wp-content\/uploads\/2024\/04\/\u5fae\u4fe1\u56fe\u7247_20240425145200.png 750w\" sizes=\"(max-width: 358px) 100vw, 358px\" \/>\t\t\t\t\t\t\n\t\t\t\t\t<\/div>\n\t\t\t\t\t\t\t\t\n<style>\n#image_1335388989 {\n  width: 100%;\n}\n<\/style>\n\t<\/div>\n\t\n\t<div class=\"img has-hover x md-x lg-x y md-y lg-y\" id=\"image_114336233\">\n\t\t\t\t\t\t\t\t<div class=\"img-inner dark\" >\n\t\t\t<img decoding=\"async\" width=\"222\" height=\"800\" src=\"https:\/\/lazersystem.net\/wp-content\/uploads\/2024\/04\/\u5fae\u4fe1\u56fe\u7247_20240425145206_750x2705-222x800.jpg\" class=\"attachment-large size-large\" alt=\"\" srcset=\"https:\/\/lazersystem.net\/wp-content\/uploads\/2024\/04\/\u5fae\u4fe1\u56fe\u7247_20240425145206_750x2705-222x800.jpg 222w, https:\/\/lazersystem.net\/wp-content\/uploads\/2024\/04\/\u5fae\u4fe1\u56fe\u7247_20240425145206_750x2705-277x1000.jpg 277w, https:\/\/lazersystem.net\/wp-content\/uploads\/2024\/04\/\u5fae\u4fe1\u56fe\u7247_20240425145206_750x2705-426x1536.jpg 426w, https:\/\/lazersystem.net\/wp-content\/uploads\/2024\/04\/\u5fae\u4fe1\u56fe\u7247_20240425145206_750x2705-568x2048.jpg 568w, https:\/\/lazersystem.net\/wp-content\/uploads\/2024\/04\/\u5fae\u4fe1\u56fe\u7247_20240425145206_750x2705-3x12.jpg 3w, https:\/\/lazersystem.net\/wp-content\/uploads\/2024\/04\/\u5fae\u4fe1\u56fe\u7247_20240425145206_750x2705-300x1082.jpg 300w, https:\/\/lazersystem.net\/wp-content\/uploads\/2024\/04\/\u5fae\u4fe1\u56fe\u7247_20240425145206_750x2705-600x2164.jpg 600w, https:\/\/lazersystem.net\/wp-content\/uploads\/2024\/04\/\u5fae\u4fe1\u56fe\u7247_20240425145206_750x2705-scaled.jpg 710w\" sizes=\"(max-width: 222px) 100vw, 222px\" \/>\t\t\t\t\t\t\n\t\t\t\t\t<\/div>\n\t\t\t\t\t\t\t\t\n<style>\n#image_114336233 {\n  width: 100%;\n}\n<\/style>\n\t<\/div>\n\t\n\t<div class=\"img has-hover x md-x lg-x y md-y lg-y\" id=\"image_253352419\">\n\t\t\t\t\t\t\t\t<div class=\"img-inner dark\" >\n\t\t\t<img decoding=\"async\" width=\"495\" height=\"800\" src=\"https:\/\/lazersystem.net\/wp-content\/uploads\/2024\/04\/\u5fae\u4fe1\u56fe\u7247_20240425145210-495x800.png\" class=\"attachment-large size-large\" alt=\"\" srcset=\"https:\/\/lazersystem.net\/wp-content\/uploads\/2024\/04\/\u5fae\u4fe1\u56fe\u7247_20240425145210-495x800.png 495w, https:\/\/lazersystem.net\/wp-content\/uploads\/2024\/04\/\u5fae\u4fe1\u56fe\u7247_20240425145210-619x1000.png 619w, https:\/\/lazersystem.net\/wp-content\/uploads\/2024\/04\/\u5fae\u4fe1\u56fe\u7247_20240425145210-7x12.png 7w, https:\/\/lazersystem.net\/wp-content\/uploads\/2024\/04\/\u5fae\u4fe1\u56fe\u7247_20240425145210-300x485.png 300w, https:\/\/lazersystem.net\/wp-content\/uploads\/2024\/04\/\u5fae\u4fe1\u56fe\u7247_20240425145210-600x970.png 600w, https:\/\/lazersystem.net\/wp-content\/uploads\/2024\/04\/\u5fae\u4fe1\u56fe\u7247_20240425145210.png 750w\" sizes=\"(max-width: 495px) 100vw, 495px\" \/>\t\t\t\t\t\t\n\t\t\t\t\t<\/div>\n\t\t\t\t\t\t\t\t\n<style>\n#image_253352419 {\n  width: 100%;\n}\n<\/style>\n\t<\/div>\n\t\n<div class=\"container section-title-container\" ><h3 class=\"section-title section-title-normal\"><b><\/b><span class=\"section-title-main\" style=\"color:rgb(241, 8, 8);\">Vantagem<\/span><b><\/b><\/h3><\/div>\n<p>A m\u00e1quina de limpeza a laser de fibra pulsada de 100 W tem muitas vantagens, como par\u00e2metros port\u00e1teis e leves, flex\u00edveis e ajust\u00e1veis, controle sem fio, etc., que podem remover com efici\u00eancia ferrugem, manchas e \u00f3leo na superf\u00edcie da pe\u00e7a de trabalho. , Chapeamento, etc., podem ser aplicados em processamento mec\u00e2nico, restaura\u00e7\u00e3o de rel\u00edquias culturais, limpeza de moldes, processamento de alimentos, circuitos eletr\u00f4nicos e outras ind\u00fastrias. Com as caracter\u00edsticas de posicionamento preciso, pode atender ao processamento de uma variedade de pe\u00e7as de modelagem e obter uma limpeza eficiente.<\/p>","protected":false},"excerpt":{"rendered":"<p>Pot\u00eancia: 50W, 100W<\/p>\n<p>Materiais aplic\u00e1veis: PVC, UPVC, pl\u00e1stico<\/p>\n<p>Sa\u00edda de v\u00eddeo &#8211; Verifique: Fornecido<\/p>\n<p>Relat\u00f3rio de teste mec\u00e2nico: fornecido<\/p>\n<p>Tipo de marketing: produtos comuns<\/p>\n<p>Garantia do componente principal: 2 anos<\/p>\n<p>Componente principal: bomba<\/p>\n<p>Tipo de laser: laser de fibra<\/p>","protected":false},"featured_media":4847,"comment_status":"open","ping_status":"closed","template":"","meta":[],"product_brand":[],"product_cat":[191],"product_tag":[263,273,272,271,267,274,265,268,270,266,269,264],"class_list":{"0":"post-4831","1":"product","2":"type-product","3":"status-publish","4":"has-post-thumbnail","6":"product_cat-pulse-laser-cleaning-machine","7":"product_tag-laser-de-remocao-de-ferrugem-300w","8":"product_tag-limpeza-a-laser-200w","9":"product_tag-limpeza-a-laser-500w","10":"product_tag-maquina-de-limpeza-a-laser-300w","11":"product_tag-maquina-de-limpeza-a-laser-de-pulso-portatil","12":"product_tag-maquina-de-limpeza-a-laser-ipg","13":"product_tag-maquina-de-limpeza-a-laser-raycus","14":"product_tag-maquina-para-remover-ferrugem","15":"product_tag-pulso-de-laser-200w-300w-500w-limpeza-a-laser-de-fibra","16":"product_tag-pulso-raycus-500w","17":"product_tag-remocao-de-solda-de-ferrugem-a-laser","18":"product_tag-remover-ferrugem","20":"first","21":"instock","22":"shipping-taxable","23":"purchasable","24":"product-type-simple"},"yoast_head":"<!-- This site is optimized with the Yoast SEO Premium plugin v21.5 (Yoast SEO v25.2) - https:\/\/yoast.com\/wordpress\/plugins\/seo\/ -->\n<title>M\u00e1quina de limpeza port\u00e1til a laser de fibra, pequeno laser para remo\u00e7\u00e3o de ferrugem de \u00f3leo - BOGONG Laser Machine<\/title>\n<meta name=\"robots\" content=\"index, follow, max-snippet:-1, max-image-preview:large, max-video-preview:-1\" \/>\n<link rel=\"canonical\" href=\"https:\/\/lazersystem.net\/fi\/kuitulaser-puhdistus-kone\/pulssi-laser-puhdistus-kone\/portable-cleaner-fiber-laser-cleaning-machine-small-oil-rust-removal-laser\" \/>\n<meta property=\"og:locale\" content=\"fi_FI\" \/>\n<meta property=\"og:type\" content=\"article\" \/>\n<meta property=\"og:title\" content=\"M\u00e1quina de limpeza port\u00e1til a laser de fibra, pequeno laser para remo\u00e7\u00e3o de ferrugem de \u00f3leo\" \/>\n<meta property=\"og:description\" content=\"Pot\u00eancia: 50W, 100W  Materiais aplic\u00e1veis: PVC, UPVC, pl\u00e1stico  Sa\u00edda de v\u00eddeo - Verifique: Fornecido  Relat\u00f3rio de teste mec\u00e2nico: fornecido  Tipo de marketing: produtos comuns  Garantia do componente principal: 2 anos  Componente principal: bomba  Tipo de laser: laser de fibra\" \/>\n<meta property=\"og:url\" content=\"https:\/\/lazersystem.net\/fi\/kuitulaser-puhdistus-kone\/pulssi-laser-puhdistus-kone\/portable-cleaner-fiber-laser-cleaning-machine-small-oil-rust-removal-laser\" \/>\n<meta property=\"og:site_name\" content=\"BOGONG Laser Machine\" \/>\n<meta property=\"article:modified_time\" content=\"2024-07-03T07:26:11+00:00\" \/>\n<meta property=\"og:image\" content=\"https:\/\/lazersystem.net\/wp-content\/uploads\/2024\/04\/\u706b\u8fa3\u8fa31.jpg\" \/>\n\t<meta property=\"og:image:width\" content=\"600\" \/>\n\t<meta property=\"og:image:height\" content=\"600\" \/>\n\t<meta property=\"og:image:type\" content=\"image\/jpeg\" \/>\n<meta name=\"twitter:card\" content=\"summary_large_image\" \/>\n<meta name=\"twitter:label1\" content=\"Arvioitu lukuaika\" \/>\n\t<meta name=\"twitter:data1\" content=\"1 minuutti\" \/>\n<script type=\"application\/ld+json\" class=\"yoast-schema-graph\">{\"@context\":\"https:\/\/schema.org\",\"@graph\":[{\"@type\":\"WebPage\",\"@id\":\"https:\/\/lazersystem.net\/fiber-laser-cleaning-machine\/pulse-laser-cleaning-machine\/portable-cleaner-fiber-laser-cleaning-machine-small-oil-rust-removal-laser\",\"url\":\"https:\/\/lazersystem.net\/fiber-laser-cleaning-machine\/pulse-laser-cleaning-machine\/portable-cleaner-fiber-laser-cleaning-machine-small-oil-rust-removal-laser\",\"name\":\"M\u00e1quina de limpeza port\u00e1til a laser de fibra, pequeno laser para remo\u00e7\u00e3o de ferrugem de \u00f3leo - BOGONG Laser Machine\",\"isPartOf\":{\"@id\":\"https:\/\/lazersystem.net\/#website\"},\"primaryImageOfPage\":{\"@id\":\"https:\/\/lazersystem.net\/fiber-laser-cleaning-machine\/pulse-laser-cleaning-machine\/portable-cleaner-fiber-laser-cleaning-machine-small-oil-rust-removal-laser#primaryimage\"},\"image\":{\"@id\":\"https:\/\/lazersystem.net\/fiber-laser-cleaning-machine\/pulse-laser-cleaning-machine\/portable-cleaner-fiber-laser-cleaning-machine-small-oil-rust-removal-laser#primaryimage\"},\"thumbnailUrl\":\"https:\/\/lazersystem.net\/wp-content\/uploads\/2024\/04\/\u706b\u8fa3\u8fa31.jpg\",\"datePublished\":\"2024-04-25T06:51:05+00:00\",\"dateModified\":\"2024-07-03T07:26:11+00:00\",\"breadcrumb\":{\"@id\":\"https:\/\/lazersystem.net\/fiber-laser-cleaning-machine\/pulse-laser-cleaning-machine\/portable-cleaner-fiber-laser-cleaning-machine-small-oil-rust-removal-laser#breadcrumb\"},\"inLanguage\":\"fi\",\"potentialAction\":[{\"@type\":\"ReadAction\",\"target\":[\"https:\/\/lazersystem.net\/fiber-laser-cleaning-machine\/pulse-laser-cleaning-machine\/portable-cleaner-fiber-laser-cleaning-machine-small-oil-rust-removal-laser\"]}]},{\"@type\":\"ImageObject\",\"inLanguage\":\"fi\",\"@id\":\"https:\/\/lazersystem.net\/fiber-laser-cleaning-machine\/pulse-laser-cleaning-machine\/portable-cleaner-fiber-laser-cleaning-machine-small-oil-rust-removal-laser#primaryimage\",\"url\":\"https:\/\/lazersystem.net\/wp-content\/uploads\/2024\/04\/\u706b\u8fa3\u8fa31.jpg\",\"contentUrl\":\"https:\/\/lazersystem.net\/wp-content\/uploads\/2024\/04\/\u706b\u8fa3\u8fa31.jpg\",\"width\":600,\"height\":600},{\"@type\":\"BreadcrumbList\",\"@id\":\"https:\/\/lazersystem.net\/fiber-laser-cleaning-machine\/pulse-laser-cleaning-machine\/portable-cleaner-fiber-laser-cleaning-machine-small-oil-rust-removal-laser#breadcrumb\",\"itemListElement\":[{\"@type\":\"ListItem\",\"position\":1,\"name\":\"Home\",\"item\":\"https:\/\/lazersystem.net\/\"},{\"@type\":\"ListItem\",\"position\":2,\"name\":\"Product\",\"item\":\"https:\/\/lazersystem.net\/ru\/\u043f\u0440\u043e\u0434\u0443\u043a\u0442\"},{\"@type\":\"ListItem\",\"position\":3,\"name\":\"M\u00e1quina de limpeza port\u00e1til a laser de fibra, pequeno laser para remo\u00e7\u00e3o de ferrugem de \u00f3leo\"}]},{\"@type\":\"WebSite\",\"@id\":\"https:\/\/lazersystem.net\/#website\",\"url\":\"https:\/\/lazersystem.net\/\",\"name\":\"BOGONG Laser Machine\",\"description\":\"\",\"publisher\":{\"@id\":\"https:\/\/lazersystem.net\/#organization\"},\"potentialAction\":[{\"@type\":\"SearchAction\",\"target\":{\"@type\":\"EntryPoint\",\"urlTemplate\":\"https:\/\/lazersystem.net\/?s={search_term_string}\"},\"query-input\":{\"@type\":\"PropertyValueSpecification\",\"valueRequired\":true,\"valueName\":\"search_term_string\"}}],\"inLanguage\":\"fi\"},{\"@type\":\"Organization\",\"@id\":\"https:\/\/lazersystem.net\/#organization\",\"name\":\"BOGONG Laser Machine\",\"url\":\"https:\/\/lazersystem.net\/\",\"logo\":{\"@type\":\"ImageObject\",\"inLanguage\":\"fi\",\"@id\":\"https:\/\/lazersystem.net\/#\/schema\/logo\/image\/\",\"url\":\"https:\/\/lazersystem.net\/wp-content\/uploads\/2024\/04\/\u672a\u6807\u9898-1-3.jpg\",\"contentUrl\":\"https:\/\/lazersystem.net\/wp-content\/uploads\/2024\/04\/\u672a\u6807\u9898-1-3.jpg\",\"width\":1920,\"height\":650,\"caption\":\"BOGONG Laser Machine\"},\"image\":{\"@id\":\"https:\/\/lazersystem.net\/#\/schema\/logo\/image\/\"}}]}<\/script>\n<!-- \/ Yoast SEO Premium plugin. -->","yoast_head_json":{"title":"M\u00e1quina de limpeza port\u00e1til a laser de fibra, pequeno laser para remo\u00e7\u00e3o de ferrugem de \u00f3leo - BOGONG Laser Machine","robots":{"index":"index","follow":"follow","max-snippet":"max-snippet:-1","max-image-preview":"max-image-preview:large","max-video-preview":"max-video-preview:-1"},"canonical":"https:\/\/lazersystem.net\/fi\/kuitulaser-puhdistus-kone\/pulssi-laser-puhdistus-kone\/portable-cleaner-fiber-laser-cleaning-machine-small-oil-rust-removal-laser","og_locale":"fi_FI","og_type":"article","og_title":"M\u00e1quina de limpeza port\u00e1til a laser de fibra, pequeno laser para remo\u00e7\u00e3o de ferrugem de \u00f3leo","og_description":"Pot\u00eancia: 50W, 100W  Materiais aplic\u00e1veis: PVC, UPVC, pl\u00e1stico  Sa\u00edda de v\u00eddeo - Verifique: Fornecido  Relat\u00f3rio de teste mec\u00e2nico: fornecido  Tipo de marketing: produtos comuns  Garantia do componente principal: 2 anos  Componente principal: bomba  Tipo de laser: laser de fibra","og_url":"https:\/\/lazersystem.net\/fi\/kuitulaser-puhdistus-kone\/pulssi-laser-puhdistus-kone\/portable-cleaner-fiber-laser-cleaning-machine-small-oil-rust-removal-laser","og_site_name":"BOGONG Laser Machine","article_modified_time":"2024-07-03T07:26:11+00:00","og_image":[{"width":600,"height":600,"url":"https:\/\/lazersystem.net\/wp-content\/uploads\/2024\/04\/\u706b\u8fa3\u8fa31.jpg","type":"image\/jpeg"}],"twitter_card":"summary_large_image","twitter_misc":{"Arvioitu lukuaika":"1 minuutti"},"schema":{"@context":"https:\/\/schema.org","@graph":[{"@type":"WebPage","@id":"https:\/\/lazersystem.net\/fiber-laser-cleaning-machine\/pulse-laser-cleaning-machine\/portable-cleaner-fiber-laser-cleaning-machine-small-oil-rust-removal-laser","url":"https:\/\/lazersystem.net\/fiber-laser-cleaning-machine\/pulse-laser-cleaning-machine\/portable-cleaner-fiber-laser-cleaning-machine-small-oil-rust-removal-laser","name":"M\u00e1quina de limpeza port\u00e1til a laser de fibra, pequeno laser para remo\u00e7\u00e3o de ferrugem de \u00f3leo - BOGONG Laser Machine","isPartOf":{"@id":"https:\/\/lazersystem.net\/#website"},"primaryImageOfPage":{"@id":"https:\/\/lazersystem.net\/fiber-laser-cleaning-machine\/pulse-laser-cleaning-machine\/portable-cleaner-fiber-laser-cleaning-machine-small-oil-rust-removal-laser#primaryimage"},"image":{"@id":"https:\/\/lazersystem.net\/fiber-laser-cleaning-machine\/pulse-laser-cleaning-machine\/portable-cleaner-fiber-laser-cleaning-machine-small-oil-rust-removal-laser#primaryimage"},"thumbnailUrl":"https:\/\/lazersystem.net\/wp-content\/uploads\/2024\/04\/\u706b\u8fa3\u8fa31.jpg","datePublished":"2024-04-25T06:51:05+00:00","dateModified":"2024-07-03T07:26:11+00:00","breadcrumb":{"@id":"https:\/\/lazersystem.net\/fiber-laser-cleaning-machine\/pulse-laser-cleaning-machine\/portable-cleaner-fiber-laser-cleaning-machine-small-oil-rust-removal-laser#breadcrumb"},"inLanguage":"fi","potentialAction":[{"@type":"ReadAction","target":["https:\/\/lazersystem.net\/fiber-laser-cleaning-machine\/pulse-laser-cleaning-machine\/portable-cleaner-fiber-laser-cleaning-machine-small-oil-rust-removal-laser"]}]},{"@type":"ImageObject","inLanguage":"fi","@id":"https:\/\/lazersystem.net\/fiber-laser-cleaning-machine\/pulse-laser-cleaning-machine\/portable-cleaner-fiber-laser-cleaning-machine-small-oil-rust-removal-laser#primaryimage","url":"https:\/\/lazersystem.net\/wp-content\/uploads\/2024\/04\/\u706b\u8fa3\u8fa31.jpg","contentUrl":"https:\/\/lazersystem.net\/wp-content\/uploads\/2024\/04\/\u706b\u8fa3\u8fa31.jpg","width":600,"height":600},{"@type":"BreadcrumbList","@id":"https:\/\/lazersystem.net\/fiber-laser-cleaning-machine\/pulse-laser-cleaning-machine\/portable-cleaner-fiber-laser-cleaning-machine-small-oil-rust-removal-laser#breadcrumb","itemListElement":[{"@type":"ListItem","position":1,"name":"Home","item":"https:\/\/lazersystem.net\/"},{"@type":"ListItem","position":2,"name":"Product","item":"https:\/\/lazersystem.net\/ru\/\u043f\u0440\u043e\u0434\u0443\u043a\u0442"},{"@type":"ListItem","position":3,"name":"M\u00e1quina de limpeza port\u00e1til a laser de fibra, pequeno laser para remo\u00e7\u00e3o de ferrugem de \u00f3leo"}]},{"@type":"WebSite","@id":"https:\/\/lazersystem.net\/#website","url":"https:\/\/lazersystem.net\/","name":"BOGONG Laser Machine","description":"","publisher":{"@id":"https:\/\/lazersystem.net\/#organization"},"potentialAction":[{"@type":"SearchAction","target":{"@type":"EntryPoint","urlTemplate":"https:\/\/lazersystem.net\/?s={search_term_string}"},"query-input":{"@type":"PropertyValueSpecification","valueRequired":true,"valueName":"search_term_string"}}],"inLanguage":"fi"},{"@type":"Organization","@id":"https:\/\/lazersystem.net\/#organization","name":"BOGONG Laser Machine","url":"https:\/\/lazersystem.net\/","logo":{"@type":"ImageObject","inLanguage":"fi","@id":"https:\/\/lazersystem.net\/#\/schema\/logo\/image\/","url":"https:\/\/lazersystem.net\/wp-content\/uploads\/2024\/04\/\u672a\u6807\u9898-1-3.jpg","contentUrl":"https:\/\/lazersystem.net\/wp-content\/uploads\/2024\/04\/\u672a\u6807\u9898-1-3.jpg","width":1920,"height":650,"caption":"BOGONG Laser Machine"},"image":{"@id":"https:\/\/lazersystem.net\/#\/schema\/logo\/image\/"}}]}},"_links":{"self":[{"href":"https:\/\/lazersystem.net\/fi\/wp-json\/wp\/v2\/product\/4831","targetHints":{"allow":["GET"]}}],"collection":[{"href":"https:\/\/lazersystem.net\/fi\/wp-json\/wp\/v2\/product"}],"about":[{"href":"https:\/\/lazersystem.net\/fi\/wp-json\/wp\/v2\/types\/product"}],"replies":[{"embeddable":true,"href":"https:\/\/lazersystem.net\/fi\/wp-json\/wp\/v2\/comments?post=4831"}],"wp:featuredmedia":[{"embeddable":true,"href":"https:\/\/lazersystem.net\/fi\/wp-json\/wp\/v2\/media\/4847"}],"wp:attachment":[{"href":"https:\/\/lazersystem.net\/fi\/wp-json\/wp\/v2\/media?parent=4831"}],"wp:term":[{"taxonomy":"product_brand","embeddable":true,"href":"https:\/\/lazersystem.net\/fi\/wp-json\/wp\/v2\/product_brand?post=4831"},{"taxonomy":"product_cat","embeddable":true,"href":"https:\/\/lazersystem.net\/fi\/wp-json\/wp\/v2\/product_cat?post=4831"},{"taxonomy":"product_tag","embeddable":true,"href":"https:\/\/lazersystem.net\/fi\/wp-json\/wp\/v2\/product_tag?post=4831"}],"curies":[{"name":"wp","href":"https:\/\/api.w.org\/{rel}","templated":true}]}}