{"id":4792,"date":"2024-04-24T05:16:35","date_gmt":"2024-04-24T05:16:35","guid":{"rendered":"https:\/\/lazersystem.net\/?post_type=product&#038;p=4792"},"modified":"2024-07-03T07:04:02","modified_gmt":"2024-07-03T07:04:02","slug":"salida-metodo-de-trabajo%ef%bc%9apulso-continuo-salida-armadura-longitud-del-cable%ef%bc%9a5m-potencia-media-de-salida100w-metodo-de-refrigeracionenfriado-por-aire-tension-de-alimentacion220v-consumo","status":"publish","type":"product","link":"https:\/\/lazersystem.net\/es\/maquina-de-limpieza-laser-de-fibra\/maquina-de-limpieza-por-laser-pulsado\/salida-metodo-de-trabajo%ef%bc%9apulso-continuo-salida-armadura-longitud-del-cable%ef%bc%9a5m-potencia-media-de-salida100w-metodo-de-refrigeracionenfriado-por-aire-tension-de-alimentacion220v-consumo","title":{"rendered":"M\u00e1quina de limpieza l\u00e1ser de fibra pulsada port\u00e1til de 100 W para la eliminaci\u00f3n de residuos de superficies met\u00e1licas"},"content":{"rendered":"<div class=\"container section-title-container\" ><h3 class=\"section-title section-title-normal\"><b><\/b><span class=\"section-title-main\" style=\"color:rgb(249, 7, 7);\">Exhibici\u00f3n de v\u00eddeo<\/span><b><\/b><\/h3><\/div>\n<div class=\"video video-fit mb\" style=\"padding-top:56.25%;\"><p><iframe title=\"M\u00e1quina de limpieza l\u00e1ser industrial port\u00e1til para la eliminaci\u00f3n de \u00f3xido | BOGONG Removedor de \u00d3xido Precio\" width=\"1020\" height=\"574\" src=\"https:\/\/www.youtube.com\/embed\/C6h3BcDvERk?start=1&#038;feature=oembed\" frameborder=\"0\" allow=\"accelerometer; autoplay; clipboard-write; encrypted-media; gyroscope; picture-in-picture; web-share\" referrerpolicy=\"strict-origin-when-cross-origin\" allowfullscreen><\/iframe><\/p>\n<\/div>\n<div class=\"container section-title-container\" ><h3 class=\"section-title section-title-normal\"><b><\/b><span class=\"section-title-main\" style=\"color:rgb(249, 1, 1);\">Detalles del producto y presentaci\u00f3n de la amostra<\/span><b><\/b><\/h3><\/div>\n  <div class=\"banner-grid-wrapper\">\n  <div id=\"banner-grid-1735586091\" class=\"banner-grid row row-grid row-small\" data-packery-options=\"\">\n                      \n<p>&nbsp;<\/p>\n<p>&nbsp;<\/p>\n<div class=\"col grid-col large-6 grid-col-1\" ><div class=\"col-inner\">\n<p>&nbsp;<\/p>\n<p>&nbsp;<\/p>\n\t<div class=\"img has-hover x md-x lg-x y md-y lg-y\" id=\"image_1995364481\">\n\t\t\t\t\t\t\t\t<div class=\"img-inner dark\" >\n\t\t\t<img fetchpriority=\"high\" decoding=\"async\" width=\"556\" height=\"800\" src=\"https:\/\/lazersystem.net\/wp-content\/uploads\/2024\/04\/8a9419312ec161492f44320335748b5-1-556x800.jpg\" class=\"attachment-large size-large\" alt=\"\" srcset=\"https:\/\/lazersystem.net\/wp-content\/uploads\/2024\/04\/8a9419312ec161492f44320335748b5-1-556x800.jpg 556w, https:\/\/lazersystem.net\/wp-content\/uploads\/2024\/04\/8a9419312ec161492f44320335748b5-1-695x1000.jpg 695w, https:\/\/lazersystem.net\/wp-content\/uploads\/2024\/04\/8a9419312ec161492f44320335748b5-1-8x12.jpg 8w, https:\/\/lazersystem.net\/wp-content\/uploads\/2024\/04\/8a9419312ec161492f44320335748b5-1-300x432.jpg 300w, https:\/\/lazersystem.net\/wp-content\/uploads\/2024\/04\/8a9419312ec161492f44320335748b5-1-600x864.jpg 600w, https:\/\/lazersystem.net\/wp-content\/uploads\/2024\/04\/8a9419312ec161492f44320335748b5-1.jpg 712w\" sizes=\"(max-width: 556px) 100vw, 556px\" \/>\t\t\t\t\t\t\n\t\t\t\t\t<\/div>\n\t\t\t\t\t\t\t\t\n<style>\n#image_1995364481 {\n  width: 100%;\n}\n<\/style>\n\t<\/div>\n\t\n<p>&nbsp;<\/p>\n<p>&nbsp;<\/p>\n<\/div><\/div>\n<p>&nbsp;<\/p>\n<div class=\"col grid-col large-3 grid-col-1\" ><div class=\"col-inner\">\n<p>&nbsp;<\/p>\n<p>&nbsp;<\/p>\n\t<div class=\"img has-hover x md-x lg-x y md-y lg-y\" id=\"image_1907105827\">\n\t\t\t\t\t\t\t\t<div class=\"img-inner dark\" >\n\t\t\t<img decoding=\"async\" width=\"236\" height=\"800\" src=\"https:\/\/lazersystem.net\/wp-content\/uploads\/2024\/04\/\u5fae\u4fe1\u56fe\u7247_20240424131433_750x2546-236x800.jpg\" class=\"attachment-large size-large\" alt=\"\" srcset=\"https:\/\/lazersystem.net\/wp-content\/uploads\/2024\/04\/\u5fae\u4fe1\u56fe\u7247_20240424131433_750x2546-236x800.jpg 236w, https:\/\/lazersystem.net\/wp-content\/uploads\/2024\/04\/\u5fae\u4fe1\u56fe\u7247_20240424131433_750x2546-295x1000.jpg 295w, https:\/\/lazersystem.net\/wp-content\/uploads\/2024\/04\/\u5fae\u4fe1\u56fe\u7247_20240424131433_750x2546-300x1018.jpg 300w, https:\/\/lazersystem.net\/wp-content\/uploads\/2024\/04\/\u5fae\u4fe1\u56fe\u7247_20240424131433_750x2546-600x2037.jpg 600w, https:\/\/lazersystem.net\/wp-content\/uploads\/2024\/04\/\u5fae\u4fe1\u56fe\u7247_20240424131433_750x2546.jpg 750w\" sizes=\"(max-width: 236px) 100vw, 236px\" \/>\t\t\t\t\t\t\n\t\t\t\t\t<\/div>\n\t\t\t\t\t\t\t\t\n<style>\n#image_1907105827 {\n  width: 100%;\n}\n<\/style>\n\t<\/div>\n\t\n<p>&nbsp;<\/p>\n<p>&nbsp;<\/p>\n<\/div><\/div>\n<p>&nbsp;<\/p>\n<div class=\"col grid-col large-3 grid-col-1-2\" ><div class=\"col-inner\">\n<p>&nbsp;<\/p>\n<p>&nbsp;<\/p>\n\t<div class=\"img has-hover x md-x lg-x y md-y lg-y\" id=\"image_1804588838\">\n\t\t\t\t\t\t\t\t<div class=\"img-inner dark\" >\n\t\t\t<img decoding=\"async\" width=\"259\" height=\"800\" src=\"https:\/\/lazersystem.net\/wp-content\/uploads\/2024\/04\/\u5fae\u4fe1\u56fe\u7247_20240424131436_750x2313-259x800.jpg\" class=\"attachment-large size-large\" alt=\"\" srcset=\"https:\/\/lazersystem.net\/wp-content\/uploads\/2024\/04\/\u5fae\u4fe1\u56fe\u7247_20240424131436_750x2313-259x800.jpg 259w, https:\/\/lazersystem.net\/wp-content\/uploads\/2024\/04\/\u5fae\u4fe1\u56fe\u7247_20240424131436_750x2313-324x1000.jpg 324w, https:\/\/lazersystem.net\/wp-content\/uploads\/2024\/04\/\u5fae\u4fe1\u56fe\u7247_20240424131436_750x2313-498x1536.jpg 498w, https:\/\/lazersystem.net\/wp-content\/uploads\/2024\/04\/\u5fae\u4fe1\u56fe\u7247_20240424131436_750x2313-664x2048.jpg 664w, https:\/\/lazersystem.net\/wp-content\/uploads\/2024\/04\/\u5fae\u4fe1\u56fe\u7247_20240424131436_750x2313-4x12.jpg 4w, https:\/\/lazersystem.net\/wp-content\/uploads\/2024\/04\/\u5fae\u4fe1\u56fe\u7247_20240424131436_750x2313-300x925.jpg 300w, https:\/\/lazersystem.net\/wp-content\/uploads\/2024\/04\/\u5fae\u4fe1\u56fe\u7247_20240424131436_750x2313-600x1850.jpg 600w, https:\/\/lazersystem.net\/wp-content\/uploads\/2024\/04\/\u5fae\u4fe1\u56fe\u7247_20240424131436_750x2313.jpg 750w\" sizes=\"(max-width: 259px) 100vw, 259px\" \/>\t\t\t\t\t\t\n\t\t\t\t\t<\/div>\n\t\t\t\t\t\t\t\t\n<style>\n#image_1804588838 {\n  width: 100%;\n}\n<\/style>\n\t<\/div>\n\t\n<p>&nbsp;<\/p>\n<p>&nbsp;<\/p>\n<\/div><\/div>\n<p>&nbsp;<\/p>\n<div class=\"col grid-col large-3 grid-col-1-2\" ><div class=\"col-inner\">\n<p>&nbsp;<\/p>\n<p>&nbsp;<\/p>\n\t<div class=\"img has-hover x md-x lg-x y md-y lg-y\" id=\"image_1931198338\">\n\t\t\t\t\t\t\t\t<div class=\"img-inner dark\" >\n\t\t\t<img loading=\"lazy\" decoding=\"async\" width=\"411\" height=\"800\" src=\"https:\/\/lazersystem.net\/wp-content\/uploads\/2024\/04\/photobank_790x1539-411x800.jpg\" class=\"attachment-large size-large\" alt=\"\" srcset=\"https:\/\/lazersystem.net\/wp-content\/uploads\/2024\/04\/photobank_790x1539-411x800.jpg 411w, https:\/\/lazersystem.net\/wp-content\/uploads\/2024\/04\/photobank_790x1539-513x1000.jpg 513w, https:\/\/lazersystem.net\/wp-content\/uploads\/2024\/04\/photobank_790x1539-768x1496.jpg 768w, https:\/\/lazersystem.net\/wp-content\/uploads\/2024\/04\/photobank_790x1539-788x1536.jpg 788w, https:\/\/lazersystem.net\/wp-content\/uploads\/2024\/04\/photobank_790x1539-6x12.jpg 6w, https:\/\/lazersystem.net\/wp-content\/uploads\/2024\/04\/photobank_790x1539-300x584.jpg 300w, https:\/\/lazersystem.net\/wp-content\/uploads\/2024\/04\/photobank_790x1539-600x1169.jpg 600w, https:\/\/lazersystem.net\/wp-content\/uploads\/2024\/04\/photobank_790x1539.jpg 790w\" sizes=\"(max-width: 411px) 100vw, 411px\" \/>\t\t\t\t\t\t\n\t\t\t\t\t<\/div>\n\t\t\t\t\t\t\t\t\n<style>\n#image_1931198338 {\n  width: 100%;\n}\n<\/style>\n\t<\/div>\n\t\n<p>&nbsp;<\/p>\n<p>&nbsp;<\/p>\n<\/div><\/div>\n<p>&nbsp;<\/p>\n<p>&nbsp;<\/p>\n            <\/div>\n    <style>\n    #banner-grid-1735586091 .grid-col-1{height: 600px}\n    #banner-grid-1735586091 .grid-col-1-2{height: 300px}\n    #banner-grid-1735586091 .grid-col-1-3{height:200px}\n    #banner-grid-1735586091 .grid-col-2-3{height: 400px}\n    #banner-grid-1735586091 .grid-col-1-4{height: 150px}\n    #banner-grid-1735586091 .grid-col-3-4{height: 450px}\n\n\n    \n    \n\n  <\/style>\n    <\/div>\n  \n<div class=\"container section-title-container\" ><h3 class=\"section-title section-title-normal\"><b><\/b><span class=\"section-title-main\" style=\"color:rgb(248, 10, 10);\">problema comum<\/span><b><\/b><\/h3><\/div>\n<p>La limpieza con l\u00e1ser BGW ofrece una soluci\u00f3n de limpieza revolucionaria sin consumibles, garantizando que no se produzca ning\u00fan da\u00f1o en la superficie de las manos mediante un proceso de limpieza sin contacto.<\/p>\n<p>Presentando un dise\u00f1o de mochila conveniente, la m\u00e1quina pesa aproximadamente 68kg, facilitando el transporte y la operaci\u00f3n. Es ergon\u00f3mica y f\u00e1cil de usar para tareas de limpieza r\u00e1pidas y eficientes.<\/p>\n<p>La m\u00e1quina de limpieza l\u00e1ser ofrece una alta eficacia para eliminar r\u00e1pidamente las impurezas de la superficie del sustrato, logrando resultados de limpieza excepcionales.<\/p>\n<p>Utilizando la limpieza de alta precisi\u00f3n del tipo pulso, los usuarios pueden definir formatos de luz para la limpieza selectiva en posiciones y tama\u00f1os precisos, mientras que la inclusi\u00f3n de un dispositivo de protecci\u00f3n contra el soplado minimiza los da\u00f1os a las lentes.<\/p>\n<p>Con 8 modos de limpieza disponibles (modos de l\u00ednea recta, 2 retangulares, circulares, senoidal, doble h\u00e9lice, ligero y anular), los usuarios disponen de opciones de limpieza vers\u00e1tiles para adaptarse a diversas aplicaciones.<\/p>\n<p>Adem\u00e1s, la m\u00e1quina ofrece 9 modos de idioma para facilitar el funcionamiento y la comunicaci\u00f3n en distintas regiones.<\/p>\n<p>Ofrecemos servicios de personalizaci\u00f3n.<\/p>","protected":false},"excerpt":{"rendered":"<p>M\u00e9todo de trabajo: Pulso\/cont\u00ednuo<\/p>\n<p>Comprimento do cabo da armadura de sa\u00edda: 5m<\/p>\n<p>Potencia media de salida:&gt;100w<\/p>\n<p>m\u00e9todo de resfriamento: refrigerado a ar<\/p>\n<p>Tensi\u00f3n de alimentaci\u00f3n: 220V<\/p>\n<p>Consumo m\u00e1ximo de energ\u00eda:&lt;450<\/p>\n<p>Seja anti-alta reflex\u00e3o: sim<\/p>\n<p>faixa de temperatura de trabalho: 0 ~ 40 \u2103<\/p>\n<p>Faixa de temperatura de armazenamento: -10 ~ 60 \u2103<\/p>\n<p>Tama\u00f1o total de la m\u00e1quina: 617*469*291mm<\/p>\n<p>Peso Total: 28Kg<\/p>","protected":false},"featured_media":4771,"comment_status":"open","ping_status":"closed","template":"","meta":[],"product_brand":[],"product_cat":[191],"product_tag":[263,273,272,271,267,274,265,268,270,266,269,264],"class_list":{"0":"post-4792","1":"product","2":"type-product","3":"status-publish","4":"has-post-thumbnail","6":"product_cat-pulse-laser-cleaning-machine","7":"product_tag-laser-de-remocao-de-ferrugem-300w","8":"product_tag-limpeza-a-laser-200w","9":"product_tag-limpeza-a-laser-500w","10":"product_tag-maquina-de-limpeza-a-laser-300w","11":"product_tag-maquina-de-limpeza-a-laser-de-pulso-portatil","12":"product_tag-maquina-de-limpeza-a-laser-ipg","13":"product_tag-maquina-de-limpeza-a-laser-raycus","14":"product_tag-maquina-para-remover-ferrugem","15":"product_tag-pulso-de-laser-200w-300w-500w-limpeza-a-laser-de-fibra","16":"product_tag-pulso-raycus-500w","17":"product_tag-remocao-de-solda-de-ferrugem-a-laser","18":"product_tag-remover-ferrugem","20":"first","21":"instock","22":"shipping-taxable","23":"purchasable","24":"product-type-simple"},"yoast_head":"<!-- This site is optimized with the Yoast SEO Premium plugin v21.5 (Yoast SEO v25.2) - https:\/\/yoast.com\/wordpress\/plugins\/seo\/ -->\n<title>M\u00e1quina de limpeza a laser de fibra pulsada m\u00f3vel port\u00e1til de 100 W para remo\u00e7\u00e3o de ferrugem de superf\u00edcies met\u00e1licas - BOGONG Laser Machine<\/title>\n<meta name=\"robots\" content=\"index, follow, max-snippet:-1, max-image-preview:large, max-video-preview:-1\" \/>\n<link rel=\"canonical\" href=\"https:\/\/lazersystem.net\/es\/maquina-de-limpieza-laser-de-fibra\/maquina-de-limpieza-por-laser-pulsado\/salida-metodo-de-trabajo\uff1apulso-continuo-salida-armadura-longitud-del-cable\uff1a5m-potencia-media-de-salida100w-metodo-de-refrigeracionenfriado-por-aire-tension-de-alimentacion220v-consumo\" \/>\n<meta property=\"og:locale\" content=\"es_ES\" \/>\n<meta property=\"og:type\" content=\"article\" \/>\n<meta property=\"og:title\" content=\"M\u00e1quina de limpeza a laser de fibra pulsada m\u00f3vel port\u00e1til de 100 W para remo\u00e7\u00e3o de ferrugem de superf\u00edcies met\u00e1licas\" \/>\n<meta property=\"og:description\" content=\"M\u00e9todo de trabalho de sa\u00edda: Pulso\/cont\u00ednuo  Comprimento do cabo da armadura de sa\u00edda: 5m  Pot\u00eancia m\u00e9dia de sa\u00edda:&gt;100w  m\u00e9todo de resfriamento: refrigerado a ar  Tens\u00e3o de alimenta\u00e7\u00e3o: 220V  Consumo m\u00e1ximo de energia:&lt;450  Seja anti-alta reflex\u00e3o: sim  faixa de temperatura de trabalho: 0 ~ 40 \u2103  Faixa de temperatura de armazenamento: -10 ~ 60 \u2103  Tamanho inteiro da m\u00e1quina: 617*469*291mm  Peso Total: 28Kg\" \/>\n<meta property=\"og:url\" content=\"https:\/\/lazersystem.net\/es\/maquina-de-limpieza-laser-de-fibra\/maquina-de-limpieza-por-laser-pulsado\/salida-metodo-de-trabajo\uff1apulso-continuo-salida-armadura-longitud-del-cable\uff1a5m-potencia-media-de-salida100w-metodo-de-refrigeracionenfriado-por-aire-tension-de-alimentacion220v-consumo\" \/>\n<meta property=\"og:site_name\" content=\"BOGONG Laser Machine\" \/>\n<meta property=\"article:modified_time\" content=\"2024-07-03T07:04:02+00:00\" \/>\n<meta property=\"og:image\" content=\"https:\/\/lazersystem.net\/wp-content\/uploads\/2024\/04\/\u5de6\u4e0a\u89d25.jpg\" \/>\n\t<meta property=\"og:image:width\" content=\"600\" \/>\n\t<meta property=\"og:image:height\" content=\"600\" \/>\n\t<meta property=\"og:image:type\" content=\"image\/jpeg\" \/>\n<meta name=\"twitter:card\" content=\"summary_large_image\" \/>\n<meta name=\"twitter:label1\" content=\"Tiempo de lectura\" \/>\n\t<meta name=\"twitter:data1\" content=\"2 minutos\" \/>\n<script type=\"application\/ld+json\" class=\"yoast-schema-graph\">{\"@context\":\"https:\/\/schema.org\",\"@graph\":[{\"@type\":\"WebPage\",\"@id\":\"https:\/\/lazersystem.net\/fiber-laser-cleaning-machine\/pulse-laser-cleaning-machine\/output-working-method%ef%bc%9apulse-continuous-output-armor-cable-length%ef%bc%9a5m-average-output-power100w-cooling-methodair-cooled-supply-voltage220v-maximum-power-consumption\",\"url\":\"https:\/\/lazersystem.net\/fiber-laser-cleaning-machine\/pulse-laser-cleaning-machine\/output-working-method%ef%bc%9apulse-continuous-output-armor-cable-length%ef%bc%9a5m-average-output-power100w-cooling-methodair-cooled-supply-voltage220v-maximum-power-consumption\",\"name\":\"M\u00e1quina de limpeza a laser de fibra pulsada m\u00f3vel port\u00e1til de 100 W para remo\u00e7\u00e3o de ferrugem de superf\u00edcies met\u00e1licas - BOGONG Laser Machine\",\"isPartOf\":{\"@id\":\"https:\/\/lazersystem.net\/#website\"},\"primaryImageOfPage\":{\"@id\":\"https:\/\/lazersystem.net\/fiber-laser-cleaning-machine\/pulse-laser-cleaning-machine\/output-working-method%ef%bc%9apulse-continuous-output-armor-cable-length%ef%bc%9a5m-average-output-power100w-cooling-methodair-cooled-supply-voltage220v-maximum-power-consumption#primaryimage\"},\"image\":{\"@id\":\"https:\/\/lazersystem.net\/fiber-laser-cleaning-machine\/pulse-laser-cleaning-machine\/output-working-method%ef%bc%9apulse-continuous-output-armor-cable-length%ef%bc%9a5m-average-output-power100w-cooling-methodair-cooled-supply-voltage220v-maximum-power-consumption#primaryimage\"},\"thumbnailUrl\":\"https:\/\/lazersystem.net\/wp-content\/uploads\/2024\/04\/\u5de6\u4e0a\u89d25.jpg\",\"datePublished\":\"2024-04-24T05:16:35+00:00\",\"dateModified\":\"2024-07-03T07:04:02+00:00\",\"breadcrumb\":{\"@id\":\"https:\/\/lazersystem.net\/fiber-laser-cleaning-machine\/pulse-laser-cleaning-machine\/output-working-method%ef%bc%9apulse-continuous-output-armor-cable-length%ef%bc%9a5m-average-output-power100w-cooling-methodair-cooled-supply-voltage220v-maximum-power-consumption#breadcrumb\"},\"inLanguage\":\"es\",\"potentialAction\":[{\"@type\":\"ReadAction\",\"target\":[\"https:\/\/lazersystem.net\/fiber-laser-cleaning-machine\/pulse-laser-cleaning-machine\/output-working-method%ef%bc%9apulse-continuous-output-armor-cable-length%ef%bc%9a5m-average-output-power100w-cooling-methodair-cooled-supply-voltage220v-maximum-power-consumption\"]}]},{\"@type\":\"ImageObject\",\"inLanguage\":\"es\",\"@id\":\"https:\/\/lazersystem.net\/fiber-laser-cleaning-machine\/pulse-laser-cleaning-machine\/output-working-method%ef%bc%9apulse-continuous-output-armor-cable-length%ef%bc%9a5m-average-output-power100w-cooling-methodair-cooled-supply-voltage220v-maximum-power-consumption#primaryimage\",\"url\":\"https:\/\/lazersystem.net\/wp-content\/uploads\/2024\/04\/\u5de6\u4e0a\u89d25.jpg\",\"contentUrl\":\"https:\/\/lazersystem.net\/wp-content\/uploads\/2024\/04\/\u5de6\u4e0a\u89d25.jpg\",\"width\":600,\"height\":600},{\"@type\":\"BreadcrumbList\",\"@id\":\"https:\/\/lazersystem.net\/fiber-laser-cleaning-machine\/pulse-laser-cleaning-machine\/output-working-method%ef%bc%9apulse-continuous-output-armor-cable-length%ef%bc%9a5m-average-output-power100w-cooling-methodair-cooled-supply-voltage220v-maximum-power-consumption#breadcrumb\",\"itemListElement\":[{\"@type\":\"ListItem\",\"position\":1,\"name\":\"Home\",\"item\":\"https:\/\/lazersystem.net\/\"},{\"@type\":\"ListItem\",\"position\":2,\"name\":\"Product\",\"item\":\"https:\/\/lazersystem.net\/ru\/\u043f\u0440\u043e\u0434\u0443\u043a\u0442\"},{\"@type\":\"ListItem\",\"position\":3,\"name\":\"M\u00e1quina de limpeza a laser de fibra pulsada m\u00f3vel port\u00e1til de 100 W para remo\u00e7\u00e3o de ferrugem de superf\u00edcies met\u00e1licas\"}]},{\"@type\":\"WebSite\",\"@id\":\"https:\/\/lazersystem.net\/#website\",\"url\":\"https:\/\/lazersystem.net\/\",\"name\":\"BOGONG Laser Machine\",\"description\":\"\",\"publisher\":{\"@id\":\"https:\/\/lazersystem.net\/#organization\"},\"potentialAction\":[{\"@type\":\"SearchAction\",\"target\":{\"@type\":\"EntryPoint\",\"urlTemplate\":\"https:\/\/lazersystem.net\/?s={search_term_string}\"},\"query-input\":{\"@type\":\"PropertyValueSpecification\",\"valueRequired\":true,\"valueName\":\"search_term_string\"}}],\"inLanguage\":\"es\"},{\"@type\":\"Organization\",\"@id\":\"https:\/\/lazersystem.net\/#organization\",\"name\":\"BOGONG Laser Machine\",\"url\":\"https:\/\/lazersystem.net\/\",\"logo\":{\"@type\":\"ImageObject\",\"inLanguage\":\"es\",\"@id\":\"https:\/\/lazersystem.net\/#\/schema\/logo\/image\/\",\"url\":\"https:\/\/lazersystem.net\/wp-content\/uploads\/2024\/04\/\u672a\u6807\u9898-1-3.jpg\",\"contentUrl\":\"https:\/\/lazersystem.net\/wp-content\/uploads\/2024\/04\/\u672a\u6807\u9898-1-3.jpg\",\"width\":1920,\"height\":650,\"caption\":\"BOGONG Laser Machine\"},\"image\":{\"@id\":\"https:\/\/lazersystem.net\/#\/schema\/logo\/image\/\"}}]}<\/script>\n<!-- \/ Yoast SEO Premium plugin. -->","yoast_head_json":{"title":"M\u00e1quina de limpeza a l\u00e1ser de fibra pulsada m\u00f3vil de 100 W para remoci\u00f3n de ferrugem de superf\u00edcies met\u00e1licas - BOGONG Laser Machine","robots":{"index":"index","follow":"follow","max-snippet":"max-snippet:-1","max-image-preview":"max-image-preview:large","max-video-preview":"max-video-preview:-1"},"canonical":"https:\/\/lazersystem.net\/es\/maquina-de-limpieza-laser-de-fibra\/maquina-de-limpieza-por-laser-pulsado\/salida-metodo-de-trabajo\uff1apulso-continuo-salida-armadura-longitud-del-cable\uff1a5m-potencia-media-de-salida100w-metodo-de-refrigeracionenfriado-por-aire-tension-de-alimentacion220v-consumo","og_locale":"es_ES","og_type":"article","og_title":"M\u00e1quina de limpeza a laser de fibra pulsada m\u00f3vel port\u00e1til de 100 W para remo\u00e7\u00e3o de ferrugem de superf\u00edcies met\u00e1licas","og_description":"M\u00e9todo de trabalho de sa\u00edda: Pulso\/cont\u00ednuo  Comprimento do cabo da armadura de sa\u00edda: 5m  Pot\u00eancia m\u00e9dia de sa\u00edda:&gt;100w  m\u00e9todo de resfriamento: refrigerado a ar  Tens\u00e3o de alimenta\u00e7\u00e3o: 220V  Consumo m\u00e1ximo de energia:&lt;450  Seja anti-alta reflex\u00e3o: sim  faixa de temperatura de trabalho: 0 ~ 40 \u2103  Faixa de temperatura de armazenamento: -10 ~ 60 \u2103  Tamanho inteiro da m\u00e1quina: 617*469*291mm  Peso Total: 28Kg","og_url":"https:\/\/lazersystem.net\/es\/maquina-de-limpieza-laser-de-fibra\/maquina-de-limpieza-por-laser-pulsado\/salida-metodo-de-trabajo\uff1apulso-continuo-salida-armadura-longitud-del-cable\uff1a5m-potencia-media-de-salida100w-metodo-de-refrigeracionenfriado-por-aire-tension-de-alimentacion220v-consumo","og_site_name":"BOGONG Laser Machine","article_modified_time":"2024-07-03T07:04:02+00:00","og_image":[{"width":600,"height":600,"url":"https:\/\/lazersystem.net\/wp-content\/uploads\/2024\/04\/\u5de6\u4e0a\u89d25.jpg","type":"image\/jpeg"}],"twitter_card":"summary_large_image","twitter_misc":{"Tiempo de lectura":"2 minutos"},"schema":{"@context":"https:\/\/schema.org","@graph":[{"@type":"WebPage","@id":"https:\/\/lazersystem.net\/fiber-laser-cleaning-machine\/pulse-laser-cleaning-machine\/output-working-method%ef%bc%9apulse-continuous-output-armor-cable-length%ef%bc%9a5m-average-output-power100w-cooling-methodair-cooled-supply-voltage220v-maximum-power-consumption","url":"https:\/\/lazersystem.net\/fiber-laser-cleaning-machine\/pulse-laser-cleaning-machine\/output-working-method%ef%bc%9apulse-continuous-output-armor-cable-length%ef%bc%9a5m-average-output-power100w-cooling-methodair-cooled-supply-voltage220v-maximum-power-consumption","name":"M\u00e1quina de limpeza a l\u00e1ser de fibra pulsada m\u00f3vil de 100 W para remoci\u00f3n de ferrugem de superf\u00edcies met\u00e1licas - BOGONG Laser Machine","isPartOf":{"@id":"https:\/\/lazersystem.net\/#website"},"primaryImageOfPage":{"@id":"https:\/\/lazersystem.net\/fiber-laser-cleaning-machine\/pulse-laser-cleaning-machine\/output-working-method%ef%bc%9apulse-continuous-output-armor-cable-length%ef%bc%9a5m-average-output-power100w-cooling-methodair-cooled-supply-voltage220v-maximum-power-consumption#primaryimage"},"image":{"@id":"https:\/\/lazersystem.net\/fiber-laser-cleaning-machine\/pulse-laser-cleaning-machine\/output-working-method%ef%bc%9apulse-continuous-output-armor-cable-length%ef%bc%9a5m-average-output-power100w-cooling-methodair-cooled-supply-voltage220v-maximum-power-consumption#primaryimage"},"thumbnailUrl":"https:\/\/lazersystem.net\/wp-content\/uploads\/2024\/04\/\u5de6\u4e0a\u89d25.jpg","datePublished":"2024-04-24T05:16:35+00:00","dateModified":"2024-07-03T07:04:02+00:00","breadcrumb":{"@id":"https:\/\/lazersystem.net\/fiber-laser-cleaning-machine\/pulse-laser-cleaning-machine\/output-working-method%ef%bc%9apulse-continuous-output-armor-cable-length%ef%bc%9a5m-average-output-power100w-cooling-methodair-cooled-supply-voltage220v-maximum-power-consumption#breadcrumb"},"inLanguage":"es","potentialAction":[{"@type":"ReadAction","target":["https:\/\/lazersystem.net\/fiber-laser-cleaning-machine\/pulse-laser-cleaning-machine\/output-working-method%ef%bc%9apulse-continuous-output-armor-cable-length%ef%bc%9a5m-average-output-power100w-cooling-methodair-cooled-supply-voltage220v-maximum-power-consumption"]}]},{"@type":"ImageObject","inLanguage":"es","@id":"https:\/\/lazersystem.net\/fiber-laser-cleaning-machine\/pulse-laser-cleaning-machine\/output-working-method%ef%bc%9apulse-continuous-output-armor-cable-length%ef%bc%9a5m-average-output-power100w-cooling-methodair-cooled-supply-voltage220v-maximum-power-consumption#primaryimage","url":"https:\/\/lazersystem.net\/wp-content\/uploads\/2024\/04\/\u5de6\u4e0a\u89d25.jpg","contentUrl":"https:\/\/lazersystem.net\/wp-content\/uploads\/2024\/04\/\u5de6\u4e0a\u89d25.jpg","width":600,"height":600},{"@type":"BreadcrumbList","@id":"https:\/\/lazersystem.net\/fiber-laser-cleaning-machine\/pulse-laser-cleaning-machine\/output-working-method%ef%bc%9apulse-continuous-output-armor-cable-length%ef%bc%9a5m-average-output-power100w-cooling-methodair-cooled-supply-voltage220v-maximum-power-consumption#breadcrumb","itemListElement":[{"@type":"ListItem","position":1,"name":"Home","item":"https:\/\/lazersystem.net\/"},{"@type":"ListItem","position":2,"name":"Product","item":"https:\/\/lazersystem.net\/ru\/\u043f\u0440\u043e\u0434\u0443\u043a\u0442"},{"@type":"ListItem","position":3,"name":"M\u00e1quina de limpeza a laser de fibra pulsada m\u00f3vel port\u00e1til de 100 W para remo\u00e7\u00e3o de ferrugem de superf\u00edcies met\u00e1licas"}]},{"@type":"WebSite","@id":"https:\/\/lazersystem.net\/#website","url":"https:\/\/lazersystem.net\/","name":"M\u00e1quina l\u00e1ser BOGONG","description":"","publisher":{"@id":"https:\/\/lazersystem.net\/#organization"},"potentialAction":[{"@type":"SearchAction","target":{"@type":"EntryPoint","urlTemplate":"https:\/\/lazersystem.net\/?s={search_term_string}"},"query-input":{"@type":"PropertyValueSpecification","valueRequired":true,"valueName":"search_term_string"}}],"inLanguage":"es"},{"@type":"Organization","@id":"https:\/\/lazersystem.net\/#organization","name":"M\u00e1quina l\u00e1ser BOGONG","url":"https:\/\/lazersystem.net\/","logo":{"@type":"ImageObject","inLanguage":"es","@id":"https:\/\/lazersystem.net\/#\/schema\/logo\/image\/","url":"https:\/\/lazersystem.net\/wp-content\/uploads\/2024\/04\/\u672a\u6807\u9898-1-3.jpg","contentUrl":"https:\/\/lazersystem.net\/wp-content\/uploads\/2024\/04\/\u672a\u6807\u9898-1-3.jpg","width":1920,"height":650,"caption":"BOGONG Laser Machine"},"image":{"@id":"https:\/\/lazersystem.net\/#\/schema\/logo\/image\/"}}]}},"_links":{"self":[{"href":"https:\/\/lazersystem.net\/es\/wp-json\/wp\/v2\/product\/4792","targetHints":{"allow":["GET"]}}],"collection":[{"href":"https:\/\/lazersystem.net\/es\/wp-json\/wp\/v2\/product"}],"about":[{"href":"https:\/\/lazersystem.net\/es\/wp-json\/wp\/v2\/types\/product"}],"replies":[{"embeddable":true,"href":"https:\/\/lazersystem.net\/es\/wp-json\/wp\/v2\/comments?post=4792"}],"wp:featuredmedia":[{"embeddable":true,"href":"https:\/\/lazersystem.net\/es\/wp-json\/wp\/v2\/media\/4771"}],"wp:attachment":[{"href":"https:\/\/lazersystem.net\/es\/wp-json\/wp\/v2\/media?parent=4792"}],"wp:term":[{"taxonomy":"product_brand","embeddable":true,"href":"https:\/\/lazersystem.net\/es\/wp-json\/wp\/v2\/product_brand?post=4792"},{"taxonomy":"product_cat","embeddable":true,"href":"https:\/\/lazersystem.net\/es\/wp-json\/wp\/v2\/product_cat?post=4792"},{"taxonomy":"product_tag","embeddable":true,"href":"https:\/\/lazersystem.net\/es\/wp-json\/wp\/v2\/product_tag?post=4792"}],"curies":[{"name":"wp","href":"https:\/\/api.w.org\/{rel}","templated":true}]}}