{"id":4718,"date":"2024-04-16T08:22:54","date_gmt":"2024-04-16T08:22:54","guid":{"rendered":"https:\/\/lazersystem.net\/?post_type=product&#038;p=4718"},"modified":"2024-07-03T05:58:23","modified_gmt":"2024-07-03T05:58:23","slug":"revolutionizing-surface-cleaning-introducing-the-luggage-type-pulse-laser-cleaning-machine","status":"publish","type":"product","link":"https:\/\/lazersystem.net\/es\/maquina-de-limpieza-laser-de-fibra\/maquina-de-limpieza-por-laser-pulsado\/revolutionizing-surface-cleaning-introducing-the-luggage-type-pulse-laser-cleaning-machine","title":{"rendered":"Revolucionando a limpeza de superf\u00edcies: apresentando a m\u00e1quina de limpeza a laser pulsada tipo bagagem"},"content":{"rendered":"<div class=\"container section-title-container\" ><h3 class=\"section-title section-title-normal\"><b><\/b><span class=\"section-title-main\" style=\"color:rgb(246, 3, 3);\">Detalles del producto<\/span><b><\/b><\/h3><\/div>\n<p>Esta inovadora m\u00e1quina de limpeza a laser pulsado usa tecnologia laser para remover sujeira, fuligem e ferrugem com efici\u00eancia. N\u00e3o s\u00e3o necess\u00e1rios produtos qu\u00edmicos agressivos ou materiais abrasivos.<\/p>\n<p>\u00c9 compacto, port\u00e1til e f\u00e1cil de usar. Ideal para diversas aplica\u00e7\u00f5es, oferece limpeza de precis\u00e3o em uma nova era. Diga adeus aos m\u00e9todos tradicionais e ol\u00e1 a uma forma moderna de limpeza com esta m\u00e1quina a laser removedora de ferrugem.<\/p>\n<div class=\"container section-title-container\" ><h3 class=\"section-title section-title-normal\"><b><\/b><span class=\"section-title-main\" style=\"color:rgb(244, 0, 0);\">Exhibici\u00f3n de v\u00eddeo<\/span><b><\/b><\/h3><\/div>\n<div class=\"video video-fit mb\" style=\"padding-top:56.25%;\"><p><iframe title=\"Cheap Portable Handheld Laser Rust Removal Machine for sale | Fiber Laser Cleaning Machine Price\" width=\"1020\" height=\"574\" src=\"https:\/\/www.youtube.com\/embed\/OnMAWovj6MI?start=41&#038;feature=oembed\" frameborder=\"0\" allow=\"accelerometer; autoplay; clipboard-write; encrypted-media; gyroscope; picture-in-picture; web-share\" referrerpolicy=\"strict-origin-when-cross-origin\" allowfullscreen><\/iframe><\/p>\n<\/div>\n<div class=\"container section-title-container\" ><h3 class=\"section-title section-title-normal\"><b><\/b><span class=\"section-title-main\" style=\"color:rgb(249, 0, 0);\">Os principais componentes<\/span><b><\/b><\/h3><\/div>\n\t<div class=\"img has-hover x md-x lg-x y md-y lg-y\" id=\"image_1650874758\">\n\t\t\t\t\t\t\t\t<div class=\"img-inner dark\" >\n\t\t\t<img fetchpriority=\"high\" decoding=\"async\" width=\"800\" height=\"800\" src=\"https:\/\/lazersystem.net\/wp-content\/uploads\/2023\/09\/1\u6e05\u6d17\u673a-\u62f7\u8d1d.jpg\" class=\"attachment-large size-large\" alt=\"\" srcset=\"https:\/\/lazersystem.net\/wp-content\/uploads\/2023\/09\/1\u6e05\u6d17\u673a-\u62f7\u8d1d.jpg 800w, https:\/\/lazersystem.net\/wp-content\/uploads\/2023\/09\/1\u6e05\u6d17\u673a-\u62f7\u8d1d-400x400.jpg 400w, https:\/\/lazersystem.net\/wp-content\/uploads\/2023\/09\/1\u6e05\u6d17\u673a-\u62f7\u8d1d-768x768.jpg 768w, https:\/\/lazersystem.net\/wp-content\/uploads\/2023\/09\/1\u6e05\u6d17\u673a-\u62f7\u8d1d-12x12.jpg 12w, https:\/\/lazersystem.net\/wp-content\/uploads\/2023\/09\/1\u6e05\u6d17\u673a-\u62f7\u8d1d-300x300.jpg 300w, https:\/\/lazersystem.net\/wp-content\/uploads\/2023\/09\/1\u6e05\u6d17\u673a-\u62f7\u8d1d-600x600.jpg 600w, https:\/\/lazersystem.net\/wp-content\/uploads\/2023\/09\/1\u6e05\u6d17\u673a-\u62f7\u8d1d-100x100.jpg 100w\" sizes=\"(max-width: 800px) 100vw, 800px\" \/>\t\t\t\t\t\t\n\t\t\t\t\t<\/div>\n\t\t\t\t\t\t\t\t\n<style>\n#image_1650874758 {\n  width: 100%;\n}\n<\/style>\n\t<\/div>\n\t\n<div class=\"container section-title-container\" ><h3 class=\"section-title section-title-normal\"><b><\/b><span class=\"section-title-main\" style=\"color:rgb(249, 8, 8);\">Amostras<\/span><b><\/b><\/h3><\/div>\n\t<div class=\"img has-hover x md-x lg-x y md-y lg-y\" id=\"image_1435269244\">\n\t\t\t\t\t\t\t\t<div class=\"img-inner dark\" >\n\t\t\t<img decoding=\"async\" width=\"600\" height=\"600\" src=\"https:\/\/lazersystem.net\/wp-content\/uploads\/2024\/04\/\u7070\u767d\u5927\u529f\u7387\u6e05\u6d17\u673a7_600x600.jpg\" class=\"attachment-large size-large\" alt=\"\" srcset=\"https:\/\/lazersystem.net\/wp-content\/uploads\/2024\/04\/\u7070\u767d\u5927\u529f\u7387\u6e05\u6d17\u673a7_600x600.jpg 600w, https:\/\/lazersystem.net\/wp-content\/uploads\/2024\/04\/\u7070\u767d\u5927\u529f\u7387\u6e05\u6d17\u673a7_600x600-400x400.jpg 400w, https:\/\/lazersystem.net\/wp-content\/uploads\/2024\/04\/\u7070\u767d\u5927\u529f\u7387\u6e05\u6d17\u673a7_600x600-12x12.jpg 12w, https:\/\/lazersystem.net\/wp-content\/uploads\/2024\/04\/\u7070\u767d\u5927\u529f\u7387\u6e05\u6d17\u673a7_600x600-300x300.jpg 300w, https:\/\/lazersystem.net\/wp-content\/uploads\/2024\/04\/\u7070\u767d\u5927\u529f\u7387\u6e05\u6d17\u673a7_600x600-100x100.jpg 100w\" sizes=\"(max-width: 600px) 100vw, 600px\" \/>\t\t\t\t\t\t\n\t\t\t\t\t<\/div>\n\t\t\t\t\t\t\t\t\n<style>\n#image_1435269244 {\n  width: 100%;\n}\n<\/style>\n\t<\/div>\n\t\n<div class=\"container section-title-container\" ><h3 class=\"section-title section-title-normal\"><b><\/b><span class=\"section-title-main\" style=\"color:rgb(248, 12, 12);\">Preguntas frecuentes<\/span><b><\/b><\/h3><\/div>\n<h2>O que \u00e9 uma m\u00e1quina a laser removedora de ferrugem tipo bagagem?<\/h2>\n<p>Uma m\u00e1quina a laser removedora de ferrugem estilo bagagem \u00e9 um dispositivo port\u00e1til usado para remover ferrugem, tinta e contaminantes de v\u00e1rias superf\u00edcies usando feixes de laser de alta energia. Um exemplo desse tipo de m\u00e1quina \u00e9 o Limpador Laser Port\u00e1til da Cleanlaser.<\/p>\n<h2>Como funciona a m\u00e1quina a laser removedora de ferrugem tipo bagagem?<\/h2>\n<p>A m\u00e1quina a laser removedora de ferrugem estilo bagagem funciona usando um feixe de laser para remover ferrugem, tinta e outros contaminantes das superf\u00edcies. A energia do laser aquece os contaminantes, fazendo com que eles vaporizem e sejam removidos sem danificar a superf\u00edcie subjacente.<\/p>\n<h2>Quais s\u00e3o as vantagens de usar uma m\u00e1quina a laser removedora de ferrugem estilo bagagem?<\/h2>\n<p>As vantagens de usar uma m\u00e1quina a laser removedora de ferrugem tipo bagagem incluem portabilidade e facilidade de uso para aplica\u00e7\u00f5es em tr\u00e2nsito. Por exemplo, permite a remo\u00e7\u00e3o eficiente de ferrugem em superf\u00edcies met\u00e1licas sem a necessidade de equipamentos volumosos.<\/p>\n<h2>Que tipos de superf\u00edcies podem ser limpas com a m\u00e1quina a laser removedora de ferrugem estilo bagagem?<\/h2>\n<p>A m\u00e1quina a laser removedora de ferrugem tipo bagagem pode limpar superf\u00edcies como metal, pedra, cer\u00e2mica e materiais comp\u00f3sitos. Os exemplos incluem remo\u00e7\u00e3o de ferrugem de superf\u00edcies met\u00e1licas, limpeza de grafites em superf\u00edcies de pedra e restaura\u00e7\u00e3o de p\u00e1tina em pe\u00e7as de cer\u00e2mica.<\/p>\n<h2>A m\u00e1quina a laser removedora de ferrugem estilo bagagem \u00e9 port\u00e1til?<\/h2>\n<p>Sim, a m\u00e1quina a laser removedora de ferrugem estilo bagagem \u00e9 port\u00e1til. Ele pode ser facilmente transportado para diferentes locais e usado em uma variedade de superf\u00edcies, como metais, pl\u00e1sticos e cer\u00e2micas.<\/p>","protected":false},"excerpt":{"rendered":"<p>M\u00e1quina de limpeza a laser 200w compacta, port\u00e1til e f\u00e1cil de usar. Ideal para diversas aplica\u00e7\u00f5es, oferece limpeza de precis\u00e3o em uma nova era. Diga adeus aos m\u00e9todos tradicionais e ol\u00e1 a uma forma moderna de limpeza com esta m\u00e1quina.<\/p>","protected":false},"featured_media":4345,"comment_status":"open","ping_status":"closed","template":"","meta":[],"product_brand":[],"product_cat":[191],"product_tag":[263,273,272,271,267,274,265,268,270,266,269,264],"class_list":{"0":"post-4718","1":"product","2":"type-product","3":"status-publish","4":"has-post-thumbnail","6":"product_cat-pulse-laser-cleaning-machine","7":"product_tag-laser-de-remocao-de-ferrugem-300w","8":"product_tag-limpeza-a-laser-200w","9":"product_tag-limpeza-a-laser-500w","10":"product_tag-maquina-de-limpeza-a-laser-300w","11":"product_tag-maquina-de-limpeza-a-laser-de-pulso-portatil","12":"product_tag-maquina-de-limpeza-a-laser-ipg","13":"product_tag-maquina-de-limpeza-a-laser-raycus","14":"product_tag-maquina-para-remover-ferrugem","15":"product_tag-pulso-de-laser-200w-300w-500w-limpeza-a-laser-de-fibra","16":"product_tag-pulso-raycus-500w","17":"product_tag-remocao-de-solda-de-ferrugem-a-laser","18":"product_tag-remover-ferrugem","20":"first","21":"instock","22":"shipping-taxable","23":"purchasable","24":"product-type-simple"},"yoast_head":"<!-- This site is optimized with the Yoast SEO Premium plugin v21.5 (Yoast SEO v25.2) - https:\/\/yoast.com\/wordpress\/plugins\/seo\/ -->\n<title>Revolucionando a limpeza de superf\u00edcies: apresentando a m\u00e1quina de limpeza a laser pulsada tipo bagagem - BOGONG Laser Machine<\/title>\n<meta name=\"robots\" content=\"index, follow, max-snippet:-1, max-image-preview:large, max-video-preview:-1\" \/>\n<link rel=\"canonical\" href=\"https:\/\/lazersystem.net\/es\/maquina-de-limpieza-laser-de-fibra\/maquina-de-limpieza-por-laser-pulsado\/revolutionizing-surface-cleaning-introducing-the-luggage-type-pulse-laser-cleaning-machine\" \/>\n<meta property=\"og:locale\" content=\"es_ES\" \/>\n<meta property=\"og:type\" content=\"article\" \/>\n<meta property=\"og:title\" content=\"Revolucionando a limpeza de superf\u00edcies: apresentando a m\u00e1quina de limpeza a laser pulsada tipo bagagem\" \/>\n<meta property=\"og:description\" content=\"M\u00e1quina de limpeza a laser 200w compacta, port\u00e1til e f\u00e1cil de usar. Ideal para diversas aplica\u00e7\u00f5es, oferece limpeza de precis\u00e3o em uma nova era. Diga adeus aos m\u00e9todos tradicionais e ol\u00e1 a uma forma moderna de limpeza com esta m\u00e1quina.\" \/>\n<meta property=\"og:url\" content=\"https:\/\/lazersystem.net\/es\/maquina-de-limpieza-laser-de-fibra\/maquina-de-limpieza-por-laser-pulsado\/revolutionizing-surface-cleaning-introducing-the-luggage-type-pulse-laser-cleaning-machine\" \/>\n<meta property=\"og:site_name\" content=\"BOGONG Laser Machine\" \/>\n<meta property=\"article:modified_time\" content=\"2024-07-03T05:58:23+00:00\" \/>\n<meta property=\"og:image\" content=\"https:\/\/lazersystem.net\/wp-content\/uploads\/2023\/09\/freecompress-\u4fbf\u643a\u5f0f\u624b\u6301\u6fc0\u5149\u6e05\u6d17\u673a\u4e3b\u56fe2-\u62f7\u8d1d.jpeg\" \/>\n\t<meta property=\"og:image:width\" content=\"800\" \/>\n\t<meta property=\"og:image:height\" content=\"800\" \/>\n\t<meta property=\"og:image:type\" content=\"image\/jpeg\" \/>\n<meta name=\"twitter:card\" content=\"summary_large_image\" \/>\n<meta name=\"twitter:label1\" content=\"Tiempo de lectura\" \/>\n\t<meta name=\"twitter:data1\" content=\"3 minutos\" \/>\n<script type=\"application\/ld+json\" class=\"yoast-schema-graph\">{\"@context\":\"https:\/\/schema.org\",\"@graph\":[{\"@type\":\"WebPage\",\"@id\":\"https:\/\/lazersystem.net\/fiber-laser-cleaning-machine\/pulse-laser-cleaning-machine\/revolutionizing-surface-cleaning-introducing-the-luggage-type-pulse-laser-cleaning-machine\",\"url\":\"https:\/\/lazersystem.net\/fiber-laser-cleaning-machine\/pulse-laser-cleaning-machine\/revolutionizing-surface-cleaning-introducing-the-luggage-type-pulse-laser-cleaning-machine\",\"name\":\"Revolucionando a limpeza de superf\u00edcies: apresentando a m\u00e1quina de limpeza a laser pulsada tipo bagagem - BOGONG Laser Machine\",\"isPartOf\":{\"@id\":\"https:\/\/lazersystem.net\/#website\"},\"primaryImageOfPage\":{\"@id\":\"https:\/\/lazersystem.net\/fiber-laser-cleaning-machine\/pulse-laser-cleaning-machine\/revolutionizing-surface-cleaning-introducing-the-luggage-type-pulse-laser-cleaning-machine#primaryimage\"},\"image\":{\"@id\":\"https:\/\/lazersystem.net\/fiber-laser-cleaning-machine\/pulse-laser-cleaning-machine\/revolutionizing-surface-cleaning-introducing-the-luggage-type-pulse-laser-cleaning-machine#primaryimage\"},\"thumbnailUrl\":\"https:\/\/lazersystem.net\/wp-content\/uploads\/2023\/09\/freecompress-\u4fbf\u643a\u5f0f\u624b\u6301\u6fc0\u5149\u6e05\u6d17\u673a\u4e3b\u56fe2-\u62f7\u8d1d.jpeg\",\"datePublished\":\"2024-04-16T08:22:54+00:00\",\"dateModified\":\"2024-07-03T05:58:23+00:00\",\"breadcrumb\":{\"@id\":\"https:\/\/lazersystem.net\/fiber-laser-cleaning-machine\/pulse-laser-cleaning-machine\/revolutionizing-surface-cleaning-introducing-the-luggage-type-pulse-laser-cleaning-machine#breadcrumb\"},\"inLanguage\":\"es\",\"potentialAction\":[{\"@type\":\"ReadAction\",\"target\":[\"https:\/\/lazersystem.net\/fiber-laser-cleaning-machine\/pulse-laser-cleaning-machine\/revolutionizing-surface-cleaning-introducing-the-luggage-type-pulse-laser-cleaning-machine\"]}]},{\"@type\":\"ImageObject\",\"inLanguage\":\"es\",\"@id\":\"https:\/\/lazersystem.net\/fiber-laser-cleaning-machine\/pulse-laser-cleaning-machine\/revolutionizing-surface-cleaning-introducing-the-luggage-type-pulse-laser-cleaning-machine#primaryimage\",\"url\":\"https:\/\/lazersystem.net\/wp-content\/uploads\/2023\/09\/freecompress-\u4fbf\u643a\u5f0f\u624b\u6301\u6fc0\u5149\u6e05\u6d17\u673a\u4e3b\u56fe2-\u62f7\u8d1d.jpeg\",\"contentUrl\":\"https:\/\/lazersystem.net\/wp-content\/uploads\/2023\/09\/freecompress-\u4fbf\u643a\u5f0f\u624b\u6301\u6fc0\u5149\u6e05\u6d17\u673a\u4e3b\u56fe2-\u62f7\u8d1d.jpeg\",\"width\":800,\"height\":800},{\"@type\":\"BreadcrumbList\",\"@id\":\"https:\/\/lazersystem.net\/fiber-laser-cleaning-machine\/pulse-laser-cleaning-machine\/revolutionizing-surface-cleaning-introducing-the-luggage-type-pulse-laser-cleaning-machine#breadcrumb\",\"itemListElement\":[{\"@type\":\"ListItem\",\"position\":1,\"name\":\"Home\",\"item\":\"https:\/\/lazersystem.net\/\"},{\"@type\":\"ListItem\",\"position\":2,\"name\":\"Product\",\"item\":\"https:\/\/lazersystem.net\/ru\/\u043f\u0440\u043e\u0434\u0443\u043a\u0442\"},{\"@type\":\"ListItem\",\"position\":3,\"name\":\"Revolucionando a limpeza de superf\u00edcies: apresentando a m\u00e1quina de limpeza a laser pulsada tipo bagagem\"}]},{\"@type\":\"WebSite\",\"@id\":\"https:\/\/lazersystem.net\/#website\",\"url\":\"https:\/\/lazersystem.net\/\",\"name\":\"BOGONG Laser Machine\",\"description\":\"\",\"publisher\":{\"@id\":\"https:\/\/lazersystem.net\/#organization\"},\"potentialAction\":[{\"@type\":\"SearchAction\",\"target\":{\"@type\":\"EntryPoint\",\"urlTemplate\":\"https:\/\/lazersystem.net\/?s={search_term_string}\"},\"query-input\":{\"@type\":\"PropertyValueSpecification\",\"valueRequired\":true,\"valueName\":\"search_term_string\"}}],\"inLanguage\":\"es\"},{\"@type\":\"Organization\",\"@id\":\"https:\/\/lazersystem.net\/#organization\",\"name\":\"BOGONG Laser Machine\",\"url\":\"https:\/\/lazersystem.net\/\",\"logo\":{\"@type\":\"ImageObject\",\"inLanguage\":\"es\",\"@id\":\"https:\/\/lazersystem.net\/#\/schema\/logo\/image\/\",\"url\":\"https:\/\/lazersystem.net\/wp-content\/uploads\/2024\/04\/\u672a\u6807\u9898-1-3.jpg\",\"contentUrl\":\"https:\/\/lazersystem.net\/wp-content\/uploads\/2024\/04\/\u672a\u6807\u9898-1-3.jpg\",\"width\":1920,\"height\":650,\"caption\":\"BOGONG Laser Machine\"},\"image\":{\"@id\":\"https:\/\/lazersystem.net\/#\/schema\/logo\/image\/\"}}]}<\/script>\n<!-- \/ Yoast SEO Premium plugin. -->","yoast_head_json":{"title":"Revolucionando a limpeza de superf\u00edcies: apresentando a m\u00e1quina de limpeza a laser pulsada tipo bagagem - BOGONG Laser Machine","robots":{"index":"index","follow":"follow","max-snippet":"max-snippet:-1","max-image-preview":"max-image-preview:large","max-video-preview":"max-video-preview:-1"},"canonical":"https:\/\/lazersystem.net\/es\/maquina-de-limpieza-laser-de-fibra\/maquina-de-limpieza-por-laser-pulsado\/revolutionizing-surface-cleaning-introducing-the-luggage-type-pulse-laser-cleaning-machine","og_locale":"es_ES","og_type":"article","og_title":"Revolucionando a limpeza de superf\u00edcies: apresentando a m\u00e1quina de limpeza a laser pulsada tipo bagagem","og_description":"M\u00e1quina de limpeza a laser 200w compacta, port\u00e1til e f\u00e1cil de usar. Ideal para diversas aplica\u00e7\u00f5es, oferece limpeza de precis\u00e3o em uma nova era. Diga adeus aos m\u00e9todos tradicionais e ol\u00e1 a uma forma moderna de limpeza com esta m\u00e1quina.","og_url":"https:\/\/lazersystem.net\/es\/maquina-de-limpieza-laser-de-fibra\/maquina-de-limpieza-por-laser-pulsado\/revolutionizing-surface-cleaning-introducing-the-luggage-type-pulse-laser-cleaning-machine","og_site_name":"BOGONG Laser Machine","article_modified_time":"2024-07-03T05:58:23+00:00","og_image":[{"width":800,"height":800,"url":"https:\/\/lazersystem.net\/wp-content\/uploads\/2023\/09\/freecompress-\u4fbf\u643a\u5f0f\u624b\u6301\u6fc0\u5149\u6e05\u6d17\u673a\u4e3b\u56fe2-\u62f7\u8d1d.jpeg","type":"image\/jpeg"}],"twitter_card":"summary_large_image","twitter_misc":{"Tiempo de lectura":"3 minutos"},"schema":{"@context":"https:\/\/schema.org","@graph":[{"@type":"WebPage","@id":"https:\/\/lazersystem.net\/fiber-laser-cleaning-machine\/pulse-laser-cleaning-machine\/revolutionizing-surface-cleaning-introducing-the-luggage-type-pulse-laser-cleaning-machine","url":"https:\/\/lazersystem.net\/fiber-laser-cleaning-machine\/pulse-laser-cleaning-machine\/revolutionizing-surface-cleaning-introducing-the-luggage-type-pulse-laser-cleaning-machine","name":"Revolucionando a limpeza de superf\u00edcies: apresentando a m\u00e1quina de limpeza a laser pulsada tipo bagagem - BOGONG Laser Machine","isPartOf":{"@id":"https:\/\/lazersystem.net\/#website"},"primaryImageOfPage":{"@id":"https:\/\/lazersystem.net\/fiber-laser-cleaning-machine\/pulse-laser-cleaning-machine\/revolutionizing-surface-cleaning-introducing-the-luggage-type-pulse-laser-cleaning-machine#primaryimage"},"image":{"@id":"https:\/\/lazersystem.net\/fiber-laser-cleaning-machine\/pulse-laser-cleaning-machine\/revolutionizing-surface-cleaning-introducing-the-luggage-type-pulse-laser-cleaning-machine#primaryimage"},"thumbnailUrl":"https:\/\/lazersystem.net\/wp-content\/uploads\/2023\/09\/freecompress-\u4fbf\u643a\u5f0f\u624b\u6301\u6fc0\u5149\u6e05\u6d17\u673a\u4e3b\u56fe2-\u62f7\u8d1d.jpeg","datePublished":"2024-04-16T08:22:54+00:00","dateModified":"2024-07-03T05:58:23+00:00","breadcrumb":{"@id":"https:\/\/lazersystem.net\/fiber-laser-cleaning-machine\/pulse-laser-cleaning-machine\/revolutionizing-surface-cleaning-introducing-the-luggage-type-pulse-laser-cleaning-machine#breadcrumb"},"inLanguage":"es","potentialAction":[{"@type":"ReadAction","target":["https:\/\/lazersystem.net\/fiber-laser-cleaning-machine\/pulse-laser-cleaning-machine\/revolutionizing-surface-cleaning-introducing-the-luggage-type-pulse-laser-cleaning-machine"]}]},{"@type":"ImageObject","inLanguage":"es","@id":"https:\/\/lazersystem.net\/fiber-laser-cleaning-machine\/pulse-laser-cleaning-machine\/revolutionizing-surface-cleaning-introducing-the-luggage-type-pulse-laser-cleaning-machine#primaryimage","url":"https:\/\/lazersystem.net\/wp-content\/uploads\/2023\/09\/freecompress-\u4fbf\u643a\u5f0f\u624b\u6301\u6fc0\u5149\u6e05\u6d17\u673a\u4e3b\u56fe2-\u62f7\u8d1d.jpeg","contentUrl":"https:\/\/lazersystem.net\/wp-content\/uploads\/2023\/09\/freecompress-\u4fbf\u643a\u5f0f\u624b\u6301\u6fc0\u5149\u6e05\u6d17\u673a\u4e3b\u56fe2-\u62f7\u8d1d.jpeg","width":800,"height":800},{"@type":"BreadcrumbList","@id":"https:\/\/lazersystem.net\/fiber-laser-cleaning-machine\/pulse-laser-cleaning-machine\/revolutionizing-surface-cleaning-introducing-the-luggage-type-pulse-laser-cleaning-machine#breadcrumb","itemListElement":[{"@type":"ListItem","position":1,"name":"Home","item":"https:\/\/lazersystem.net\/"},{"@type":"ListItem","position":2,"name":"Product","item":"https:\/\/lazersystem.net\/ru\/\u043f\u0440\u043e\u0434\u0443\u043a\u0442"},{"@type":"ListItem","position":3,"name":"Revolucionando a limpeza de superf\u00edcies: apresentando a m\u00e1quina de limpeza a laser pulsada tipo bagagem"}]},{"@type":"WebSite","@id":"https:\/\/lazersystem.net\/#website","url":"https:\/\/lazersystem.net\/","name":"M\u00e1quina l\u00e1ser BOGONG","description":"","publisher":{"@id":"https:\/\/lazersystem.net\/#organization"},"potentialAction":[{"@type":"SearchAction","target":{"@type":"EntryPoint","urlTemplate":"https:\/\/lazersystem.net\/?s={search_term_string}"},"query-input":{"@type":"PropertyValueSpecification","valueRequired":true,"valueName":"search_term_string"}}],"inLanguage":"es"},{"@type":"Organization","@id":"https:\/\/lazersystem.net\/#organization","name":"M\u00e1quina l\u00e1ser BOGONG","url":"https:\/\/lazersystem.net\/","logo":{"@type":"ImageObject","inLanguage":"es","@id":"https:\/\/lazersystem.net\/#\/schema\/logo\/image\/","url":"https:\/\/lazersystem.net\/wp-content\/uploads\/2024\/04\/\u672a\u6807\u9898-1-3.jpg","contentUrl":"https:\/\/lazersystem.net\/wp-content\/uploads\/2024\/04\/\u672a\u6807\u9898-1-3.jpg","width":1920,"height":650,"caption":"BOGONG Laser Machine"},"image":{"@id":"https:\/\/lazersystem.net\/#\/schema\/logo\/image\/"}}]}},"_links":{"self":[{"href":"https:\/\/lazersystem.net\/es\/wp-json\/wp\/v2\/product\/4718","targetHints":{"allow":["GET"]}}],"collection":[{"href":"https:\/\/lazersystem.net\/es\/wp-json\/wp\/v2\/product"}],"about":[{"href":"https:\/\/lazersystem.net\/es\/wp-json\/wp\/v2\/types\/product"}],"replies":[{"embeddable":true,"href":"https:\/\/lazersystem.net\/es\/wp-json\/wp\/v2\/comments?post=4718"}],"wp:featuredmedia":[{"embeddable":true,"href":"https:\/\/lazersystem.net\/es\/wp-json\/wp\/v2\/media\/4345"}],"wp:attachment":[{"href":"https:\/\/lazersystem.net\/es\/wp-json\/wp\/v2\/media?parent=4718"}],"wp:term":[{"taxonomy":"product_brand","embeddable":true,"href":"https:\/\/lazersystem.net\/es\/wp-json\/wp\/v2\/product_brand?post=4718"},{"taxonomy":"product_cat","embeddable":true,"href":"https:\/\/lazersystem.net\/es\/wp-json\/wp\/v2\/product_cat?post=4718"},{"taxonomy":"product_tag","embeddable":true,"href":"https:\/\/lazersystem.net\/es\/wp-json\/wp\/v2\/product_tag?post=4718"}],"curies":[{"name":"wp","href":"https:\/\/api.w.org\/{rel}","templated":true}]}}