{"id":5159,"date":"2024-11-27T06:44:59","date_gmt":"2024-11-27T06:44:59","guid":{"rendered":"https:\/\/lazersystem.net\/?post_type=product&#038;p=5159"},"modified":"2024-11-27T07:16:44","modified_gmt":"2024-11-27T07:16:44","slug":"ipg-fiberlasergraveringsskaeremaskine-til-metalsmykker","status":"publish","type":"product","link":"https:\/\/lazersystem.net\/da\/fiberlaser-maerkningsmaskine\/ipg-fiberlasergraveringsskaeremaskine-til-metalsmykker","title":{"rendered":"IPG fiberlasergraveringssk\u00e6remaskine til metalsmykker"},"content":{"rendered":"<p>100W IPG fiberlaser metalgraveringsmaskine bruges til at fremstille personlige smykker som ringe, \u00f8reringe, armb\u00e5nd, vedh\u00e6ng, halsk\u00e6der, brocher, manchetknapper og andre personlige ornamenter med rustfrit st\u00e5l, titanium, aluminium, kobber, messing, legering, s\u00f8lv, guld med navne, logoer, tegn, bogstaver, tal, m\u00f8nstre eller fotos. Nu er den bedste metal laser cutter graveringsmaskine til salg til en overkommelig pris inden for dit budget.<\/p>\n\t<div class=\"img has-hover x md-x lg-x y md-y lg-y\" id=\"image_339248651\">\n\t\t\t\t\t\t\t\t<div class=\"img-inner dark\" >\n\t\t\t<img fetchpriority=\"high\" decoding=\"async\" width=\"768\" height=\"768\" src=\"https:\/\/lazersystem.net\/wp-content\/uploads\/2024\/11\/0974d3a0a0fcccac5d455320a85cfa8-768x768.webp\" class=\"attachment-medium_large size-medium_large\" alt=\"\" srcset=\"https:\/\/lazersystem.net\/wp-content\/uploads\/2024\/11\/0974d3a0a0fcccac5d455320a85cfa8-768x768.webp 768w, https:\/\/lazersystem.net\/wp-content\/uploads\/2024\/11\/0974d3a0a0fcccac5d455320a85cfa8-400x400.webp 400w, https:\/\/lazersystem.net\/wp-content\/uploads\/2024\/11\/0974d3a0a0fcccac5d455320a85cfa8-12x12.webp 12w, https:\/\/lazersystem.net\/wp-content\/uploads\/2024\/11\/0974d3a0a0fcccac5d455320a85cfa8-300x300.webp 300w, https:\/\/lazersystem.net\/wp-content\/uploads\/2024\/11\/0974d3a0a0fcccac5d455320a85cfa8-600x600.webp 600w, https:\/\/lazersystem.net\/wp-content\/uploads\/2024\/11\/0974d3a0a0fcccac5d455320a85cfa8-100x100.webp 100w, https:\/\/lazersystem.net\/wp-content\/uploads\/2024\/11\/0974d3a0a0fcccac5d455320a85cfa8.webp 800w\" sizes=\"(max-width: 768px) 100vw, 768px\" \/>\t\t\t\t\t\t\n\t\t\t\t\t<\/div>\n\t\t\t\t\t\t\t\t\n<style>\n#image_339248651 {\n  width: 70%;\n}\n<\/style>\n\t<\/div>\n\t\n\t<div class=\"img has-hover x md-x lg-x y md-y lg-y\" id=\"image_986099822\">\n\t\t\t\t\t\t\t\t<div class=\"img-inner dark\" >\n\t\t\t<img decoding=\"async\" width=\"768\" height=\"768\" src=\"https:\/\/lazersystem.net\/wp-content\/uploads\/2024\/11\/b32f8c1f96fa904dc02bfa52f6178c9-768x768.webp\" class=\"attachment-medium_large size-medium_large\" alt=\"\" srcset=\"https:\/\/lazersystem.net\/wp-content\/uploads\/2024\/11\/b32f8c1f96fa904dc02bfa52f6178c9-768x768.webp 768w, https:\/\/lazersystem.net\/wp-content\/uploads\/2024\/11\/b32f8c1f96fa904dc02bfa52f6178c9-400x400.webp 400w, https:\/\/lazersystem.net\/wp-content\/uploads\/2024\/11\/b32f8c1f96fa904dc02bfa52f6178c9-12x12.webp 12w, https:\/\/lazersystem.net\/wp-content\/uploads\/2024\/11\/b32f8c1f96fa904dc02bfa52f6178c9-300x300.webp 300w, https:\/\/lazersystem.net\/wp-content\/uploads\/2024\/11\/b32f8c1f96fa904dc02bfa52f6178c9-600x600.webp 600w, https:\/\/lazersystem.net\/wp-content\/uploads\/2024\/11\/b32f8c1f96fa904dc02bfa52f6178c9-100x100.webp 100w, https:\/\/lazersystem.net\/wp-content\/uploads\/2024\/11\/b32f8c1f96fa904dc02bfa52f6178c9.webp 800w\" sizes=\"(max-width: 768px) 100vw, 768px\" \/>\t\t\t\t\t\t\n\t\t\t\t\t<\/div>\n\t\t\t\t\t\t\t\t\n<style>\n#image_986099822 {\n  width: 70%;\n}\n<\/style>\n\t<\/div>\n\t\n<div class=\"video video-fit mb\" style=\"padding-top:56.25%;\"><p><iframe title=\"100W 2.5D lasergraveringsmaskine | Hvad kan en 100W JPT Raycus lasergraveringssk\u00e6remaskine g\u00f8re?\" width=\"1020\" height=\"574\" src=\"https:\/\/www.youtube.com\/embed\/E_YlKDxyUG0?feature=oembed\" frameborder=\"0\" allow=\"accelerometer; autoplay; clipboard-write; encrypted-media; gyroscope; picture-in-picture; web-share\" referrerpolicy=\"strict-origin-when-cross-origin\" allowfullscreen><\/iframe><\/p>\n<\/div>\n<p>Fiberlasersk\u00e6remaskine til smykkegravering med roterende tilbeh\u00f8r<\/p>\n<h2>Hvad er en lasergraveringsmaskine til s\u00f8lv-, guld- og kobbersmykker?<\/h2>\n<p>Laser metal smykker gravering sk\u00e6remaskine er en type automatisk laserbearbejdningssystem med fiberlaser souce til at gravere og sk\u00e6re ringe, vedh\u00e6ng, \u00f8reringe, armb\u00e5nd, halsk\u00e6der, manchetknapper, brocher og andre personlige ornamenter med rustfrit st\u00e5l, legeret st\u00e5l, s\u00f8lv, kobber, messing, titanium, anodiseret aluminium, aluminium, krom, silicium wafer, guld. Den bedste lasergraveringsmaskine er udstyret med 100W IPG-fiberlasereffekt, som bruges til dyb gravering og sk\u00e6ring af tegn, m\u00f8nstre, logoer, bogstaver, tal eller billeder p\u00e5 metaller. Lasermetalgraveren er designet til brugerdefinerede smykker, metalh\u00e5ndv\u00e6rk, metalkunst, metaldele, metalgaver, elektronisk komponent, hardware, instrumenter og m\u00e5lere, mad og drikke, tastatur, mobiltelefontaske og pakke.<\/p>\n<h3>Tekniske parametre for 100W IPG fiberlaser metalgraveringssk\u00e6rer til s\u00f8lv-, guld- og kobbersmykker<\/h3>\n<table>\n<tbody>\n<tr>\n<td width=\"284\">\n<p style=\"text-align: center;\">Produktets navn<\/p>\n<\/td>\n<td style=\"text-align: center;\" width=\"284\">Lazer-m\u00e6rkningsmaskine<\/td>\n<\/tr>\n<tr>\n<td width=\"284\">\n<p style=\"text-align: center;\">Laserkraft<\/p>\n<\/td>\n<td style=\"text-align: center;\" width=\"284\">20W\/30W\/50W\/60W\/80W\/100W<\/td>\n<\/tr>\n<tr>\n<td width=\"284\">\n<p style=\"text-align: center;\">Laserkilde<\/p>\n<\/td>\n<td style=\"text-align: center;\" width=\"284\">IPG Rekus Max JPT<\/td>\n<\/tr>\n<tr>\n<td width=\"284\">\n<p style=\"text-align: center;\">Anvendelige materialer<\/p>\n<\/td>\n<td style=\"text-align: center;\" width=\"284\">Materialer af metal<\/td>\n<\/tr>\n<tr>\n<td width=\"284\">\n<p style=\"text-align: center;\">Anvendelige materialer<\/p>\n<\/td>\n<td style=\"text-align: center;\" width=\"284\">Online support<\/td>\n<\/tr>\n<tr>\n<td width=\"284\">\n<p style=\"text-align: center;\">Laserhoved<\/p>\n<\/td>\n<td style=\"text-align: center;\" width=\"284\">Sino-Galvo-scanningshoved<\/td>\n<\/tr>\n<tr>\n<td width=\"284\">\n<p style=\"text-align: center;\">Maskintype<\/p>\n<\/td>\n<td style=\"text-align: center;\" width=\"284\">Mini b\u00e6rbar lasermarkeringsmaskine<\/td>\n<\/tr>\n<tr>\n<td width=\"284\">\n<p style=\"text-align: center;\">Laserens b\u00f8lgel\u00e6ngde<\/p>\n<\/td>\n<td width=\"284\">\n<p style=\"text-align: center;\">1064 nm<\/p>\n<\/td>\n<\/tr>\n<tr>\n<td style=\"text-align: center;\" width=\"284\">Arbejdsomr\u00e5de<\/td>\n<td width=\"284\">\n<p style=\"text-align: center;\">110*110mm\/175*175mm\/200*200mm\/300*300mm<\/p>\n<\/td>\n<\/tr>\n<tr>\n<td style=\"text-align: center;\" width=\"284\">stabilitet<\/td>\n<td width=\"284\">\n<p style=\"text-align: center;\">Repeterbarhed<\/p>\n<\/td>\n<\/tr>\n<\/tbody>\n<\/table>\n<h4>Egenskaber ved 100W IPG Fiber Laser Metal Engraver Cutter til s\u00f8lv-, guld- og kobbersmykker<\/h4>\n<p>1. God laserstr\u00e5le og h\u00f8jere fotoelektrisk konvertering, lasergraveringskvaliteten vil v\u00e6re mere fin med h\u00f8jere pr\u00e6cision.<\/p>\n<p>2. Laserbrandingmaskinen uden vedligeholdelse (100.000 timers servicetid), lave driftsomkostninger.<\/p>\n<p>3. H\u00f8j kvalitet, permanente m\u00e6rker.<\/p>\n<p>4. Repetitiv h\u00f8j pr\u00e6cision, hurtig graveringshastighed.<\/p>\n<p>5. Den bedste laser metalgraveringsmaskine er nem at bruge af ufagl\u00e6rt operat\u00f8r.<\/p>\n<p>6. Ber\u00f8ringsfri m\u00e6rkningsproces, eliminerer materialestress.<\/p>\n<p>7. Multifunktionel lasermetalgraveringssoftware, der k\u00f8rer p\u00e5 WINDOWS-platformen, engelsk interface, kompatibel med Coreldraw, AutoCAD, software som Photoshop-fil, PCX, DXF, PLT, BMP, SHX, TTF-skrifttypen kan bruges direkte.<\/p>\n\t<div class=\"img has-hover x md-x lg-x y md-y lg-y\" id=\"image_317689069\">\n\t\t\t\t\t\t\t\t<div class=\"img-inner dark\" >\n\t\t\t<img decoding=\"async\" width=\"750\" height=\"1557\" src=\"https:\/\/lazersystem.net\/wp-content\/uploads\/2024\/11\/cfa3a0a015cc140eb53fc753c603a33.webp\" class=\"attachment-medium_large size-medium_large\" alt=\"\" srcset=\"https:\/\/lazersystem.net\/wp-content\/uploads\/2024\/11\/cfa3a0a015cc140eb53fc753c603a33.webp 750w, https:\/\/lazersystem.net\/wp-content\/uploads\/2024\/11\/cfa3a0a015cc140eb53fc753c603a33-482x1000.webp 482w, https:\/\/lazersystem.net\/wp-content\/uploads\/2024\/11\/cfa3a0a015cc140eb53fc753c603a33-385x800.webp 385w, https:\/\/lazersystem.net\/wp-content\/uploads\/2024\/11\/cfa3a0a015cc140eb53fc753c603a33-740x1536.webp 740w, https:\/\/lazersystem.net\/wp-content\/uploads\/2024\/11\/cfa3a0a015cc140eb53fc753c603a33-6x12.webp 6w, https:\/\/lazersystem.net\/wp-content\/uploads\/2024\/11\/cfa3a0a015cc140eb53fc753c603a33-300x623.webp 300w, https:\/\/lazersystem.net\/wp-content\/uploads\/2024\/11\/cfa3a0a015cc140eb53fc753c603a33-600x1246.webp 600w\" sizes=\"(max-width: 750px) 100vw, 750px\" \/>\t\t\t\t\t\t\n\t\t\t\t\t<\/div>\n\t\t\t\t\t\t\t\t\n<style>\n#image_317689069 {\n  width: 70%;\n}\n<\/style>\n\t<\/div>\n\t\n<h4>Anvendelser af 100W IPG Fiber Laser Metal Engraver Cutter til s\u00f8lv-, guld- og kobbersmykker<\/h4>\n<h4><strong>Anvendelige industrier:<\/strong><\/h4>\n<p>IPG-fiberlaser metalgraveringsmaskine bruges i vid udstr\u00e6kning i metalkunst, metalh\u00e5ndv\u00e6rk, metalgaver, metalkreditkort, metaldele, elektronisk komponent, instrument og m\u00e5lere, hardware, mad og drikke, juveler, tastatur, pakke, mobiltelefontaske osv.<\/p>\n<h3><strong>Anvendelige materialer:<\/strong><\/h3>\n<p>IPG-fiberlasermetalgraveringen bruges hovedsageligt til metal og legeringer: Aluminium, st\u00e5l, kobber, s\u00f8lv, guld, krom, rustfrit st\u00e5l, anodiseret aluminium, siliciumskive osv.<\/p>\n<h4>100W IPG fiberlaser metalgraveringssk\u00e6rer til s\u00f8lv-, guld- og kobbersmykkeprojekter<\/h4>\n\t<div class=\"img has-hover x md-x lg-x y md-y lg-y\" id=\"image_1361581500\">\n\t\t\t\t\t\t\t\t<div class=\"img-inner dark\" >\n\t\t\t<img loading=\"lazy\" decoding=\"async\" width=\"743\" height=\"2560\" src=\"https:\/\/lazersystem.net\/wp-content\/uploads\/2024\/11\/5d0f9e9569e092e1bffd889e97bc108-scaled.webp\" class=\"attachment-medium_large size-medium_large\" alt=\"\" srcset=\"https:\/\/lazersystem.net\/wp-content\/uploads\/2024\/11\/5d0f9e9569e092e1bffd889e97bc108-scaled.webp 743w, https:\/\/lazersystem.net\/wp-content\/uploads\/2024\/11\/5d0f9e9569e092e1bffd889e97bc108-290x1000.webp 290w, https:\/\/lazersystem.net\/wp-content\/uploads\/2024\/11\/5d0f9e9569e092e1bffd889e97bc108-232x800.webp 232w, https:\/\/lazersystem.net\/wp-content\/uploads\/2024\/11\/5d0f9e9569e092e1bffd889e97bc108-446x1536.webp 446w, https:\/\/lazersystem.net\/wp-content\/uploads\/2024\/11\/5d0f9e9569e092e1bffd889e97bc108-594x2048.webp 594w, https:\/\/lazersystem.net\/wp-content\/uploads\/2024\/11\/5d0f9e9569e092e1bffd889e97bc108-300x1034.webp 300w, https:\/\/lazersystem.net\/wp-content\/uploads\/2024\/11\/5d0f9e9569e092e1bffd889e97bc108-600x2068.webp 600w\" sizes=\"(max-width: 743px) 100vw, 743px\" \/>\t\t\t\t\t\t\n\t\t\t\t\t<\/div>\n\t\t\t\t\t\t\t\t\n<style>\n#image_1361581500 {\n  width: 70%;\n}\n<\/style>\n\t<\/div>\n\t\n<h2>Hvad er en IPG-fiberlasergenerator?<\/h2>\n<p>IPG er verdens f\u00f8rende producent af fiberlasergeneratorer fra USA, Tyskland og Rusland. Det er blevet en absolut leder inden for fiberlasergeneratorer. IPG's produktlinje er omfattende og d\u00e6kker fiberlasergeneratorer og -forst\u00e6rkere med h\u00f8j, mellemh\u00f8j og lav effekt. IPG-fiberlasergeneratorer er billige og erstatter traditionelle lasergeneratorer, der er ustabile eller har h\u00f8je vedligeholdelsesomkostninger. Fiberlaserens fleksible lysstyringssystem er meget nemt at integrere med robotter eller flerdimensionelle arbejdsborde. IPG-fiberlasergeneratoren er lille i st\u00f8rrelse, let i v\u00e6gt og bev\u00e6gelig i arbejdsposition. IPG-fiberlasergeneratorer fungerer bedre end traditionelle lasere i industrielle applikationer. Den har den bedste b\u00f8lgel\u00e6ngde og den bedste str\u00e5lekvalitet til laserm\u00e6rkning. IPG-fiberlasergeneratoren har en lang levetid og er vedligeholdelsesfri. P\u00e5 grund af dens ekstremt h\u00f8je stabilitet reducerer den i h\u00f8j grad kravene til overv\u00e5gning af laserkvaliteten under drift.<\/p>\n<h3>Garanti for 100W IPG fiberlaser metalgraveringssk\u00e6rer til s\u00f8lv-, guld- og kobbersmykker<\/h3>\n<p>1. 3 \u00e5rs garanti for lasergraveringsmaskine til metal.<\/p>\n<p>2. Vores kunde vil blive fuldt uddannet til drift og vedligeholdelse af teknologi efter ordrebekr\u00e6ftelsen.<\/p>\n<p>3. 24-timers fuld eftersalgsservice: vores dygtige ingeni\u00f8r vil hj\u00e6lpe kunden med at l\u00f8se problemet med MSN, SKYPE, QQ osv. i tide, n\u00e5r der opst\u00e5r problemer, hvis det er n\u00f8dvendigt, er overs\u00f8isk service tilg\u00e6ngelig.<\/p>\n<p>Kvalitetskontrol af 100W IPG fiberlaser metalgraveringssk\u00e6rer til s\u00f8lv-, guld- og kobbersmykker<br \/>\n1. Dygtigt og strengt kvalitetskontrolteam er tilg\u00e6ngeligt under materialeindk\u00f8b og produktionsprocedure.<\/p>\n<p>2. Alle f\u00e6rdige maskiner, vi leverede, er 100% strengt testet af vores QC-afdeling og ingeni\u00f8rafdeling.<\/p>\n<p>OEM-service til 100W IPG fiberlaser metalgraveringssk\u00e6rer til s\u00f8lv-, guld- og kobbersmykker<br \/>\n1. Tilpassede og OEM-ordrer er velkomne p\u00e5 grund af vores store erfaring.<\/p>\n<p>2. Alle OEM-tjenester er gratis, kunden beh\u00f8ver kun at give os din logo-tegning, funktionskrav, farver osv.<\/p>\n<p>3. Der kr\u00e6ves ingen MOQ.<\/p>\n<p>4. Ingen af dine personligt identificerbare oplysninger (s\u00e5som dit navn, adresse, e-mailadresse, bankoplysninger osv.) vil blive videregivet eller delt med nogen tredjepart.<\/p>\n<p>5. Kontakt: Alle dine foresp\u00f8rgsler eller sp\u00f8rgsm\u00e5l eller hj\u00e6lp vil blive besvaret inden for 24 timer, selv i ferien, og du er ogs\u00e5 velkommen til at ringe til os, hvis du har akutte sp\u00f8rgsm\u00e5l.<\/p>\n<p>Betalingsbetingelser for 100W IPG fiberlaser metalgraveringssk\u00e6rer til s\u00f8lv-, guld- og kobbersmykker<br \/>\n1. 30% T\/T betales p\u00e5 forh\u00e5nd som depositum, restbel\u00f8bet betales f\u00f8r afsendelse.<\/p>\n<p>2. Alibaba handelsforsikring.<\/p>\n<h3>Ofte stillede sp\u00f8rgsm\u00e5l til 100W IPG fiberlaser metalgraveringssk\u00e6rer til s\u00f8lv-, guld- og kobbersmykker<\/h3>\n<h4>Hvad er pakken med IPG-fiberlaserm\u00e6rkningsmaskinen?<\/h4>\n<p>Vi har en pakke med 3 lag. P\u00e5 ydersiden bruger vi en tr\u00e6\u00e6ske. I midten er maskinen d\u00e6kket af skum for at beskytte maskinen mod rystelser. P\u00e5 indersiden er maskinen d\u00e6kket af en tyk plastikpose, der er vandt\u00e6t.<\/p>\n<h4>Bliver pakken beskadiget under transporten?<\/h4>\n<p>Vores pakke tager hensyn til alle skadesfaktorer og g\u00f8r den sikker, og vores spedit\u00f8r har fuld erfaring med sikker transport. Vi har eksporteret til 180 lande over hele verden. S\u00e5 v\u00e6r ikke bekymret, du vil modtage pakken i god stand.<\/p>\n<h4>Hvordan installeres og k\u00f8res IPG-fiberlasergraveren?<\/h4>\n<p>Vores tekniker har installeret IPG-lasergraveren til metal inden afsendelse. For nogle sm\u00e5 deleinstallation sender vi detaljeret tr\u00e6ningsvideo, brugervejledning sammen med maskinen. 95%-kunder kan l\u00e6re af sig selv.<\/p>\n<h4>Hvad kan jeg g\u00f8re, hvis IPG-fiberlasergraveringsmaskinen g\u00e5r i stykker?<\/h4>\n<p>Hvis du st\u00f8der p\u00e5 s\u00e5danne problemer, bedes du kontakte os s\u00e5 hurtigt som muligt og ikke fors\u00f8ge at reparere IPG-fiberlaserm\u00e6rkningssystemet selv eller en anden. Vi vil svare inden for 24 timer s\u00e5 hurtigt som vi kan for at l\u00f8se det for dig<\/p>","protected":false},"excerpt":{"rendered":"<p>Fiberlaser metalgraver til s\u00f8lv, guld, messing, kobber<\/p>","protected":false},"featured_media":5142,"comment_status":"open","ping_status":"closed","template":"","meta":[],"product_brand":[],"product_cat":[248],"product_tag":[348],"class_list":{"0":"post-5159","1":"product","2":"type-product","3":"status-publish","4":"has-post-thumbnail","6":"product_cat-fiber-laser-marking-machine","7":"product_tag-fiber-laser-marking-machinefiber-laser-engraver50w-fiber-laserfiber-laser-engraving-machine50w-jpt-fiber-laserfiber-laser-engraver-for-metalcloudr","9":"first","10":"instock","11":"shipping-taxable","12":"purchasable","13":"product-type-simple"},"yoast_head":"<!-- This site is optimized with the Yoast SEO Premium plugin v21.5 (Yoast SEO v25.2) - https:\/\/yoast.com\/wordpress\/plugins\/seo\/ -->\n<title>IPG Fiber Laser Engraving Cutting Machine for Metal Jewelry - BOGONG Laser Machine<\/title>\n<meta name=\"robots\" content=\"index, follow, max-snippet:-1, max-image-preview:large, max-video-preview:-1\" \/>\n<link rel=\"canonical\" href=\"https:\/\/lazersystem.net\/da\/fiberlaser-maerkningsmaskine\/ipg-fiberlasergraveringsskaeremaskine-til-metalsmykker\" \/>\n<meta property=\"og:locale\" content=\"da_DK\" \/>\n<meta property=\"og:type\" content=\"article\" \/>\n<meta property=\"og:title\" content=\"IPG Fiber Laser Engraving Cutting Machine for Metal Jewelry\" \/>\n<meta property=\"og:description\" content=\"Fiber Laser Metal Engraver for Silver, Gold, Brass, Copper\" \/>\n<meta property=\"og:url\" content=\"https:\/\/lazersystem.net\/da\/fiberlaser-maerkningsmaskine\/ipg-fiberlasergraveringsskaeremaskine-til-metalsmykker\" \/>\n<meta property=\"og:site_name\" content=\"BOGONG Laser Machine\" \/>\n<meta property=\"article:modified_time\" content=\"2024-11-27T07:16:44+00:00\" \/>\n<meta property=\"og:image\" content=\"https:\/\/lazersystem.net\/wp-content\/uploads\/2024\/11\/0974d3a0a0fcccac5d455320a85cfa8-1.webp\" \/>\n\t<meta property=\"og:image:width\" content=\"800\" \/>\n\t<meta property=\"og:image:height\" content=\"800\" \/>\n\t<meta property=\"og:image:type\" content=\"image\/webp\" \/>\n<meta name=\"twitter:card\" content=\"summary_large_image\" \/>\n<meta name=\"twitter:label1\" content=\"Estimeret l\u00e6setid\" \/>\n\t<meta name=\"twitter:data1\" content=\"7 minutter\" \/>\n<script type=\"application\/ld+json\" class=\"yoast-schema-graph\">{\"@context\":\"https:\/\/schema.org\",\"@graph\":[{\"@type\":\"WebPage\",\"@id\":\"https:\/\/lazersystem.net\/fiber-laser-marking-machine\/ipg-fiber-laser-engraving-cutting-machine-for-metal-jewelry\",\"url\":\"https:\/\/lazersystem.net\/fiber-laser-marking-machine\/ipg-fiber-laser-engraving-cutting-machine-for-metal-jewelry\",\"name\":\"IPG Fiber Laser Engraving Cutting Machine for Metal Jewelry - BOGONG Laser Machine\",\"isPartOf\":{\"@id\":\"https:\/\/lazersystem.net\/#website\"},\"primaryImageOfPage\":{\"@id\":\"https:\/\/lazersystem.net\/fiber-laser-marking-machine\/ipg-fiber-laser-engraving-cutting-machine-for-metal-jewelry#primaryimage\"},\"image\":{\"@id\":\"https:\/\/lazersystem.net\/fiber-laser-marking-machine\/ipg-fiber-laser-engraving-cutting-machine-for-metal-jewelry#primaryimage\"},\"thumbnailUrl\":\"https:\/\/lazersystem.net\/wp-content\/uploads\/2024\/11\/0974d3a0a0fcccac5d455320a85cfa8-1.webp\",\"datePublished\":\"2024-11-27T06:44:59+00:00\",\"dateModified\":\"2024-11-27T07:16:44+00:00\",\"breadcrumb\":{\"@id\":\"https:\/\/lazersystem.net\/fiber-laser-marking-machine\/ipg-fiber-laser-engraving-cutting-machine-for-metal-jewelry#breadcrumb\"},\"inLanguage\":\"da-DK\",\"potentialAction\":[{\"@type\":\"ReadAction\",\"target\":[\"https:\/\/lazersystem.net\/fiber-laser-marking-machine\/ipg-fiber-laser-engraving-cutting-machine-for-metal-jewelry\"]}]},{\"@type\":\"ImageObject\",\"inLanguage\":\"da-DK\",\"@id\":\"https:\/\/lazersystem.net\/fiber-laser-marking-machine\/ipg-fiber-laser-engraving-cutting-machine-for-metal-jewelry#primaryimage\",\"url\":\"https:\/\/lazersystem.net\/wp-content\/uploads\/2024\/11\/0974d3a0a0fcccac5d455320a85cfa8-1.webp\",\"contentUrl\":\"https:\/\/lazersystem.net\/wp-content\/uploads\/2024\/11\/0974d3a0a0fcccac5d455320a85cfa8-1.webp\",\"width\":800,\"height\":800},{\"@type\":\"BreadcrumbList\",\"@id\":\"https:\/\/lazersystem.net\/fiber-laser-marking-machine\/ipg-fiber-laser-engraving-cutting-machine-for-metal-jewelry#breadcrumb\",\"itemListElement\":[{\"@type\":\"ListItem\",\"position\":1,\"name\":\"Home\",\"item\":\"https:\/\/lazersystem.net\/\"},{\"@type\":\"ListItem\",\"position\":2,\"name\":\"Product\",\"item\":\"https:\/\/lazersystem.net\/ru\/\u043f\u0440\u043e\u0434\u0443\u043a\u0442\"},{\"@type\":\"ListItem\",\"position\":3,\"name\":\"IPG Fiber Laser Engraving Cutting Machine for Metal Jewelry\"}]},{\"@type\":\"WebSite\",\"@id\":\"https:\/\/lazersystem.net\/#website\",\"url\":\"https:\/\/lazersystem.net\/\",\"name\":\"BOGONG Laser Machine\",\"description\":\"\",\"publisher\":{\"@id\":\"https:\/\/lazersystem.net\/#organization\"},\"potentialAction\":[{\"@type\":\"SearchAction\",\"target\":{\"@type\":\"EntryPoint\",\"urlTemplate\":\"https:\/\/lazersystem.net\/?s={search_term_string}\"},\"query-input\":{\"@type\":\"PropertyValueSpecification\",\"valueRequired\":true,\"valueName\":\"search_term_string\"}}],\"inLanguage\":\"da-DK\"},{\"@type\":\"Organization\",\"@id\":\"https:\/\/lazersystem.net\/#organization\",\"name\":\"BOGONG Laser Machine\",\"url\":\"https:\/\/lazersystem.net\/\",\"logo\":{\"@type\":\"ImageObject\",\"inLanguage\":\"da-DK\",\"@id\":\"https:\/\/lazersystem.net\/#\/schema\/logo\/image\/\",\"url\":\"https:\/\/lazersystem.net\/wp-content\/uploads\/2024\/04\/\u672a\u6807\u9898-1-3.jpg\",\"contentUrl\":\"https:\/\/lazersystem.net\/wp-content\/uploads\/2024\/04\/\u672a\u6807\u9898-1-3.jpg\",\"width\":1920,\"height\":650,\"caption\":\"BOGONG Laser Machine\"},\"image\":{\"@id\":\"https:\/\/lazersystem.net\/#\/schema\/logo\/image\/\"}}]}<\/script>\n<!-- \/ Yoast SEO Premium plugin. -->","yoast_head_json":{"title":"IPG fiberlasergraveringssk\u00e6remaskine til metalsmykker - BOGONG lasermaskine","robots":{"index":"index","follow":"follow","max-snippet":"max-snippet:-1","max-image-preview":"max-image-preview:large","max-video-preview":"max-video-preview:-1"},"canonical":"https:\/\/lazersystem.net\/da\/fiberlaser-maerkningsmaskine\/ipg-fiberlasergraveringsskaeremaskine-til-metalsmykker","og_locale":"da_DK","og_type":"article","og_title":"IPG Fiber Laser Engraving Cutting Machine for Metal Jewelry","og_description":"Fiber Laser Metal Engraver for Silver, Gold, Brass, Copper","og_url":"https:\/\/lazersystem.net\/da\/fiberlaser-maerkningsmaskine\/ipg-fiberlasergraveringsskaeremaskine-til-metalsmykker","og_site_name":"BOGONG Laser Machine","article_modified_time":"2024-11-27T07:16:44+00:00","og_image":[{"width":800,"height":800,"url":"https:\/\/lazersystem.net\/wp-content\/uploads\/2024\/11\/0974d3a0a0fcccac5d455320a85cfa8-1.webp","type":"image\/webp"}],"twitter_card":"summary_large_image","twitter_misc":{"Estimeret l\u00e6setid":"7 minutter"},"schema":{"@context":"https:\/\/schema.org","@graph":[{"@type":"WebPage","@id":"https:\/\/lazersystem.net\/fiber-laser-marking-machine\/ipg-fiber-laser-engraving-cutting-machine-for-metal-jewelry","url":"https:\/\/lazersystem.net\/fiber-laser-marking-machine\/ipg-fiber-laser-engraving-cutting-machine-for-metal-jewelry","name":"IPG fiberlasergraveringssk\u00e6remaskine til metalsmykker - BOGONG lasermaskine","isPartOf":{"@id":"https:\/\/lazersystem.net\/#website"},"primaryImageOfPage":{"@id":"https:\/\/lazersystem.net\/fiber-laser-marking-machine\/ipg-fiber-laser-engraving-cutting-machine-for-metal-jewelry#primaryimage"},"image":{"@id":"https:\/\/lazersystem.net\/fiber-laser-marking-machine\/ipg-fiber-laser-engraving-cutting-machine-for-metal-jewelry#primaryimage"},"thumbnailUrl":"https:\/\/lazersystem.net\/wp-content\/uploads\/2024\/11\/0974d3a0a0fcccac5d455320a85cfa8-1.webp","datePublished":"2024-11-27T06:44:59+00:00","dateModified":"2024-11-27T07:16:44+00:00","breadcrumb":{"@id":"https:\/\/lazersystem.net\/fiber-laser-marking-machine\/ipg-fiber-laser-engraving-cutting-machine-for-metal-jewelry#breadcrumb"},"inLanguage":"da-DK","potentialAction":[{"@type":"ReadAction","target":["https:\/\/lazersystem.net\/fiber-laser-marking-machine\/ipg-fiber-laser-engraving-cutting-machine-for-metal-jewelry"]}]},{"@type":"ImageObject","inLanguage":"da-DK","@id":"https:\/\/lazersystem.net\/fiber-laser-marking-machine\/ipg-fiber-laser-engraving-cutting-machine-for-metal-jewelry#primaryimage","url":"https:\/\/lazersystem.net\/wp-content\/uploads\/2024\/11\/0974d3a0a0fcccac5d455320a85cfa8-1.webp","contentUrl":"https:\/\/lazersystem.net\/wp-content\/uploads\/2024\/11\/0974d3a0a0fcccac5d455320a85cfa8-1.webp","width":800,"height":800},{"@type":"BreadcrumbList","@id":"https:\/\/lazersystem.net\/fiber-laser-marking-machine\/ipg-fiber-laser-engraving-cutting-machine-for-metal-jewelry#breadcrumb","itemListElement":[{"@type":"ListItem","position":1,"name":"Home","item":"https:\/\/lazersystem.net\/"},{"@type":"ListItem","position":2,"name":"Product","item":"https:\/\/lazersystem.net\/ru\/\u043f\u0440\u043e\u0434\u0443\u043a\u0442"},{"@type":"ListItem","position":3,"name":"IPG Fiber Laser Engraving Cutting Machine for Metal Jewelry"}]},{"@type":"WebSite","@id":"https:\/\/lazersystem.net\/#website","url":"https:\/\/lazersystem.net\/","name":"BOGONG-lasermaskine","description":"","publisher":{"@id":"https:\/\/lazersystem.net\/#organization"},"potentialAction":[{"@type":"SearchAction","target":{"@type":"EntryPoint","urlTemplate":"https:\/\/lazersystem.net\/?s={search_term_string}"},"query-input":{"@type":"PropertyValueSpecification","valueRequired":true,"valueName":"search_term_string"}}],"inLanguage":"da-DK"},{"@type":"Organization","@id":"https:\/\/lazersystem.net\/#organization","name":"BOGONG-lasermaskine","url":"https:\/\/lazersystem.net\/","logo":{"@type":"ImageObject","inLanguage":"da-DK","@id":"https:\/\/lazersystem.net\/#\/schema\/logo\/image\/","url":"https:\/\/lazersystem.net\/wp-content\/uploads\/2024\/04\/\u672a\u6807\u9898-1-3.jpg","contentUrl":"https:\/\/lazersystem.net\/wp-content\/uploads\/2024\/04\/\u672a\u6807\u9898-1-3.jpg","width":1920,"height":650,"caption":"BOGONG Laser Machine"},"image":{"@id":"https:\/\/lazersystem.net\/#\/schema\/logo\/image\/"}}]}},"_links":{"self":[{"href":"https:\/\/lazersystem.net\/da\/wp-json\/wp\/v2\/product\/5159","targetHints":{"allow":["GET"]}}],"collection":[{"href":"https:\/\/lazersystem.net\/da\/wp-json\/wp\/v2\/product"}],"about":[{"href":"https:\/\/lazersystem.net\/da\/wp-json\/wp\/v2\/types\/product"}],"replies":[{"embeddable":true,"href":"https:\/\/lazersystem.net\/da\/wp-json\/wp\/v2\/comments?post=5159"}],"wp:featuredmedia":[{"embeddable":true,"href":"https:\/\/lazersystem.net\/da\/wp-json\/wp\/v2\/media\/5142"}],"wp:attachment":[{"href":"https:\/\/lazersystem.net\/da\/wp-json\/wp\/v2\/media?parent=5159"}],"wp:term":[{"taxonomy":"product_brand","embeddable":true,"href":"https:\/\/lazersystem.net\/da\/wp-json\/wp\/v2\/product_brand?post=5159"},{"taxonomy":"product_cat","embeddable":true,"href":"https:\/\/lazersystem.net\/da\/wp-json\/wp\/v2\/product_cat?post=5159"},{"taxonomy":"product_tag","embeddable":true,"href":"https:\/\/lazersystem.net\/da\/wp-json\/wp\/v2\/product_tag?post=5159"}],"curies":[{"name":"wp","href":"https:\/\/api.w.org\/{rel}","templated":true}]}}