{"id":4903,"date":"2024-04-29T03:40:28","date_gmt":"2024-04-29T03:40:28","guid":{"rendered":"https:\/\/lazersystem.net\/?post_type=product&#038;p=4903"},"modified":"2024-07-03T08:05:00","modified_gmt":"2024-07-03T08:05:00","slug":"1000w-1500w-2000w-portable-laser-cleaning-machine-with-laser-metal-rust-removal-gun","status":"publish","type":"product","link":"https:\/\/lazersystem.net\/bo\/fiber-laser-cleaning-machine\/pulse-laser-cleaning-machine\/1000w-1500w-2000w-portable-laser-cleaning-machine-with-laser-metal-rust-removal-gun","title":{"rendered":"m\u00e1quina port\u00e1til da limpeza do laser de 100W 200W 500W com a arma da remo\u00e7\u00e3o de oxida\u00e7\u00e3o do metal do laser"},"content":{"rendered":"<div class=\"container section-title-container\" ><h3 class=\"section-title section-title-normal\"><b><\/b><span class=\"section-title-main\" style=\"color:rgb(241, 5, 5);\">Detalhes do produto<\/span><b><\/b><\/h3><\/div>\n<p>A m\u00e1quina de limpeza a laser pulsado de 500 W \u00e9 uma ferramenta poderosa e eficiente para remover contaminantes e melhorar a limpeza de superf\u00edcies em uma variedade de aplica\u00e7\u00f5es industriais.<\/p>\n<div class=\"container section-title-container\" ><h3 class=\"section-title section-title-normal\"><b><\/b><span class=\"section-title-main\" style=\"color:rgb(244, 0, 0);\">Exibi\u00e7\u00e3o de v\u00eddeo<\/span><b><\/b><\/h3><\/div>\n<div class=\"video video-fit mb\" style=\"padding-top:56.25%;\"><p><iframe title=\"This 500W Pulse Laser Cleaner much better than 2000W Continuous Laser Cleaning Machine\" width=\"1020\" height=\"574\" src=\"https:\/\/www.youtube.com\/embed\/J4Tq2wi9w-s?start=5&#038;feature=oembed\" frameborder=\"0\" allow=\"accelerometer; autoplay; clipboard-write; encrypted-media; gyroscope; picture-in-picture; web-share\" referrerpolicy=\"strict-origin-when-cross-origin\" allowfullscreen><\/iframe><\/p>\n<\/div>\n<div class=\"container section-title-container\" ><h3 class=\"section-title section-title-normal\"><b><\/b><span class=\"section-title-main\" style=\"color:rgb(251, 7, 7);\">Introdu\u00e7\u00e3o<\/span><b><\/b><\/h3><\/div>\n<h2>Introdu\u00e7\u00e3o \u00e0 m\u00e1quina de limpeza a laser 500Wpulse<\/h2>\n<p>Uma m\u00e1quina de limpeza a laser pulsado de 500 W \u00e9 um equipamento de limpeza industrial de alta pot\u00eancia que usa pulsos de laser intensos para remover com efic\u00e1cia contaminantes, revestimentos, ferrugem e outros materiais indesejados das superf\u00edcies. Este tipo de m\u00e1quina \u00e9 ideal para aplica\u00e7\u00f5es que exigem velocidades de limpeza mais r\u00e1pidas e maior produtividade.<\/p>\n<div class=\"container section-title-container\" ><h3 class=\"section-title section-title-normal\"><b><\/b><span class=\"section-title-main\" style=\"color:rgb(244, 10, 10);\">Descri\u00e7\u00e3o do produto<\/span><b><\/b><\/h3><\/div>\n\t<div class=\"img has-hover x md-x lg-x y md-y lg-y\" id=\"image_702533139\">\n\t\t\t\t\t\t\t\t<div class=\"img-inner dark\" >\n\t\t\t<img fetchpriority=\"high\" decoding=\"async\" width=\"421\" height=\"800\" src=\"https:\/\/lazersystem.net\/wp-content\/uploads\/2024\/04\/\u5fae\u4fe1\u56fe\u7247_20240424155607_790x1500-421x800.jpg\" class=\"attachment-large size-large\" alt=\"\" srcset=\"https:\/\/lazersystem.net\/wp-content\/uploads\/2024\/04\/\u5fae\u4fe1\u56fe\u7247_20240424155607_790x1500-421x800.jpg 421w, https:\/\/lazersystem.net\/wp-content\/uploads\/2024\/04\/\u5fae\u4fe1\u56fe\u7247_20240424155607_790x1500-527x1000.jpg 527w, https:\/\/lazersystem.net\/wp-content\/uploads\/2024\/04\/\u5fae\u4fe1\u56fe\u7247_20240424155607_790x1500-768x1458.jpg 768w, https:\/\/lazersystem.net\/wp-content\/uploads\/2024\/04\/\u5fae\u4fe1\u56fe\u7247_20240424155607_790x1500-6x12.jpg 6w, https:\/\/lazersystem.net\/wp-content\/uploads\/2024\/04\/\u5fae\u4fe1\u56fe\u7247_20240424155607_790x1500-300x570.jpg 300w, https:\/\/lazersystem.net\/wp-content\/uploads\/2024\/04\/\u5fae\u4fe1\u56fe\u7247_20240424155607_790x1500-600x1139.jpg 600w, https:\/\/lazersystem.net\/wp-content\/uploads\/2024\/04\/\u5fae\u4fe1\u56fe\u7247_20240424155607_790x1500.jpg 790w\" sizes=\"(max-width: 421px) 100vw, 421px\" \/>\t\t\t\t\t\t\n\t\t\t\t\t<\/div>\n\t\t\t\t\t\t\t\t\n<style>\n#image_702533139 {\n  width: 100%;\n}\n<\/style>\n\t<\/div>\n\t\n\t<div class=\"img has-hover x md-x lg-x y md-y lg-y\" id=\"image_1864955778\">\n\t\t\t\t\t\t\t\t<div class=\"img-inner dark\" >\n\t\t\t<img decoding=\"async\" width=\"418\" height=\"800\" src=\"https:\/\/lazersystem.net\/wp-content\/uploads\/2024\/04\/\u5fae\u4fe1\u56fe\u7247_20240424155604_790x1511-418x800.jpg\" class=\"attachment-large size-large\" alt=\"\" srcset=\"https:\/\/lazersystem.net\/wp-content\/uploads\/2024\/04\/\u5fae\u4fe1\u56fe\u7247_20240424155604_790x1511-418x800.jpg 418w, https:\/\/lazersystem.net\/wp-content\/uploads\/2024\/04\/\u5fae\u4fe1\u56fe\u7247_20240424155604_790x1511-523x1000.jpg 523w, https:\/\/lazersystem.net\/wp-content\/uploads\/2024\/04\/\u5fae\u4fe1\u56fe\u7247_20240424155604_790x1511-768x1469.jpg 768w, https:\/\/lazersystem.net\/wp-content\/uploads\/2024\/04\/\u5fae\u4fe1\u56fe\u7247_20240424155604_790x1511-6x12.jpg 6w, https:\/\/lazersystem.net\/wp-content\/uploads\/2024\/04\/\u5fae\u4fe1\u56fe\u7247_20240424155604_790x1511-300x574.jpg 300w, https:\/\/lazersystem.net\/wp-content\/uploads\/2024\/04\/\u5fae\u4fe1\u56fe\u7247_20240424155604_790x1511-600x1148.jpg 600w, https:\/\/lazersystem.net\/wp-content\/uploads\/2024\/04\/\u5fae\u4fe1\u56fe\u7247_20240424155604_790x1511.jpg 790w\" sizes=\"(max-width: 418px) 100vw, 418px\" \/>\t\t\t\t\t\t\n\t\t\t\t\t<\/div>\n\t\t\t\t\t\t\t\t\n<style>\n#image_1864955778 {\n  width: 100%;\n}\n<\/style>\n\t<\/div>\n\t\n<div class=\"container section-title-container\" ><h3 class=\"section-title section-title-normal\"><b><\/b><span class=\"section-title-main\" style=\"color:rgb(249, 5, 5);\">Exibi\u00e7\u00e3o de amostra<\/span><b><\/b><\/h3><\/div>\n\t<div class=\"img has-hover x md-x lg-x y md-y lg-y\" id=\"image_444012419\">\n\t\t\t\t\t\t\t\t<div class=\"img-inner dark\" >\n\t\t\t<img decoding=\"async\" width=\"411\" height=\"800\" src=\"https:\/\/lazersystem.net\/wp-content\/uploads\/2024\/04\/\u5fae\u4fe1\u56fe\u7247_20240426141003_790x1539-411x800.jpg\" class=\"attachment-large size-large\" alt=\"\" srcset=\"https:\/\/lazersystem.net\/wp-content\/uploads\/2024\/04\/\u5fae\u4fe1\u56fe\u7247_20240426141003_790x1539-411x800.jpg 411w, https:\/\/lazersystem.net\/wp-content\/uploads\/2024\/04\/\u5fae\u4fe1\u56fe\u7247_20240426141003_790x1539-513x1000.jpg 513w, https:\/\/lazersystem.net\/wp-content\/uploads\/2024\/04\/\u5fae\u4fe1\u56fe\u7247_20240426141003_790x1539-768x1496.jpg 768w, https:\/\/lazersystem.net\/wp-content\/uploads\/2024\/04\/\u5fae\u4fe1\u56fe\u7247_20240426141003_790x1539-788x1536.jpg 788w, https:\/\/lazersystem.net\/wp-content\/uploads\/2024\/04\/\u5fae\u4fe1\u56fe\u7247_20240426141003_790x1539-6x12.jpg 6w, https:\/\/lazersystem.net\/wp-content\/uploads\/2024\/04\/\u5fae\u4fe1\u56fe\u7247_20240426141003_790x1539-300x584.jpg 300w, https:\/\/lazersystem.net\/wp-content\/uploads\/2024\/04\/\u5fae\u4fe1\u56fe\u7247_20240426141003_790x1539-600x1169.jpg 600w, https:\/\/lazersystem.net\/wp-content\/uploads\/2024\/04\/\u5fae\u4fe1\u56fe\u7247_20240426141003_790x1539.jpg 790w\" sizes=\"(max-width: 411px) 100vw, 411px\" \/>\t\t\t\t\t\t\n\t\t\t\t\t<\/div>\n\t\t\t\t\t\t\t\t\n<style>\n#image_444012419 {\n  width: 100%;\n}\n<\/style>\n\t<\/div>\n\t\n<div class=\"container section-title-container\" ><h3 class=\"section-title section-title-normal\"><b><\/b><span class=\"section-title-main\" style=\"color:rgb(248, 0, 0);\">Perguntas frequentes<\/span><b><\/b><\/h3><\/div>\n<h2>Que materiais podem ser limpos com uma m\u00e1quina de limpeza a laser Pulse de 500 W?<\/h2>\n<p>Os materiais que podem ser limpos com uma m\u00e1quina de limpeza a laser pulsado de 500 W incluem metais (como a\u00e7o, alum\u00ednio, cobre), pl\u00e1sticos, cer\u00e2mica, vidro, pedra e madeira.<\/p>\n<h2>Qual \u00e9 o custo-benef\u00edcio da m\u00e1quina de limpeza a laser Pulse de 500 W em compara\u00e7\u00e3o com os m\u00e9todos tradicionais?<\/h2>\n<p>Uma m\u00e1quina de limpeza a laser pulsado de 500 W \u00e9 geralmente mais econ\u00f4mica em compara\u00e7\u00e3o com os m\u00e9todos de limpeza tradicionais no longo prazo. Embora o investimento inicial possa ser maior, a efici\u00eancia, a precis\u00e3o e a necessidade reduzida de consum\u00edveis tornam-no uma escolha mais econ\u00f3mica ao longo do tempo.<\/p>\n<h2>Quais s\u00e3o os requisitos de treinamento para operar uma m\u00e1quina de limpeza a laser Pulse de 500 W?<\/h2>\n<p>Os requisitos de treinamento para operar uma m\u00e1quina de limpeza a laser pulsado de 500 W normalmente incluem a compreens\u00e3o dos protocolos de seguran\u00e7a do laser, opera\u00e7\u00e3o da m\u00e1quina, procedimentos de manuten\u00e7\u00e3o e t\u00e9cnicas de solu\u00e7\u00e3o de problemas. O treinamento pode ser fornecido pelo fabricante ou por meio de cursos especializados em seguran\u00e7a de laser.<\/p>\n<h2>Como fazer a precis\u00e3o da m\u00e1quina de limpeza de madeira a laser de pulso 500W?<\/h2>\n<p>M\u00e1quinas de limpeza de madeira a laser pulsado usando uma m\u00e1quina de limpeza a laser pulsado de 500 W garantem precis\u00e3o por meio do controle preciso dos par\u00e2metros do laser, como produ\u00e7\u00e3o de energia, dura\u00e7\u00e3o do pulso e tamanho do ponto. Isso permite uma limpeza direcionada sem danificar a superf\u00edcie da madeira.<\/p>\n<h2>Que manuten\u00e7\u00e3o uma m\u00e1quina de limpeza a laser Pulse 500W pinta?<\/h2>\n<p>A manuten\u00e7\u00e3o de uma m\u00e1quina de limpeza a laser pulsado de 500 W normalmente inclui limpeza regular do sistema \u00f3ptico, verifica\u00e7\u00e3o e substitui\u00e7\u00e3o de pe\u00e7as consum\u00edveis (como lentes e janelas de prote\u00e7\u00e3o) e garantia do alinhamento adequado dos componentes. A manuten\u00e7\u00e3o regular ajuda a garantir o desempenho ideal e a longevidade da m\u00e1quina.<\/p>","protected":false},"excerpt":{"rendered":"<p>Tipo: BGC-200\/300\/500<br \/>\nOpcional: Sistema de exaust\u00e3o<br \/>\nPeso da cabe\u00e7a de digitaliza\u00e7\u00e3o: 200W&lt;0,75kg 300W&lt;1,25 500W&lt;1,5Kg<br \/>\nM\u00e9todo m\u00f3vel: polia<br \/>\nUmidade do ambiente de trabalho: \u226480%<br \/>\nTemperatura do ambiente de trabalho: 0\u00b0C~40\u00b0C<br \/>\nPeso l\u00edquido: 210kg<br \/>\nTamanho (mm3):1130*770*1340mm<br \/>\nConsumo de energia (W):2700W \/ 3900W<br \/>\nPot\u00eancia de entrada: 220 V, 50\/60 Hz<br \/>\nTipo de resfriamento: resfriamento a \u00e1gua<\/p>","protected":false},"featured_media":4895,"comment_status":"open","ping_status":"closed","template":"","meta":[],"product_brand":[],"product_cat":[191],"product_tag":[286,273,272,271,267,274,265,268,270,266,269,264],"class_list":{"0":"post-4903","1":"product","2":"type-product","3":"status-publish","4":"has-post-thumbnail","6":"product_cat-pulse-laser-cleaning-machine","7":"product_tag-763-5","8":"product_tag-limpeza-a-laser-200w","9":"product_tag-limpeza-a-laser-500w","10":"product_tag-maquina-de-limpeza-a-laser-300w","11":"product_tag-maquina-de-limpeza-a-laser-de-pulso-portatil","12":"product_tag-maquina-de-limpeza-a-laser-ipg","13":"product_tag-maquina-de-limpeza-a-laser-raycus","14":"product_tag-maquina-para-remover-ferrugem","15":"product_tag-pulso-de-laser-200w-300w-500w-limpeza-a-laser-de-fibra","16":"product_tag-pulso-raycus-500w","17":"product_tag-remocao-de-solda-de-ferrugem-a-laser","18":"product_tag-remover-ferrugem","20":"first","21":"instock","22":"shipping-taxable","23":"purchasable","24":"product-type-simple"},"yoast_head":"<!-- This site is optimized with the Yoast SEO Premium plugin v21.5 (Yoast SEO v25.2) - https:\/\/yoast.com\/wordpress\/plugins\/seo\/ -->\n<title>m\u00e1quina port\u00e1til da limpeza do laser de 100W 200W 500W com a arma da remo\u00e7\u00e3o de oxida\u00e7\u00e3o do metal do laser - BOGONG Laser Machine<\/title>\n<meta name=\"robots\" content=\"index, follow, max-snippet:-1, max-image-preview:large, max-video-preview:-1\" \/>\n<link rel=\"canonical\" href=\"https:\/\/lazersystem.net\/bo\/fiber-laser-cleaning-machine\/pulse-laser-cleaning-machine\/1000w-1500w-2000w-portable-laser-cleaning-machine-with-laser-metal-rust-removal-gun\" \/>\n<meta property=\"og:locale\" content=\"en_US\" \/>\n<meta property=\"og:type\" content=\"article\" \/>\n<meta property=\"og:title\" content=\"m\u00e1quina port\u00e1til da limpeza do laser de 100W 200W 500W com a arma da remo\u00e7\u00e3o de oxida\u00e7\u00e3o do metal do laser\" \/>\n<meta property=\"og:description\" content=\"Tipo: BGC-200\/300\/500 Opcional: Sistema de exaust\u00e3o Peso da cabe\u00e7a de digitaliza\u00e7\u00e3o: 200W&lt;0,75kg 300W&lt;1,25 500W&lt;1,5Kg M\u00e9todo m\u00f3vel: polia Umidade do ambiente de trabalho: \u226480% Temperatura do ambiente de trabalho: 0\u00b0C~40\u00b0C Peso l\u00edquido: 210kg Tamanho (mm3):1130*770*1340mm Consumo de energia (W):2700W \/ 3900W Pot\u00eancia de entrada: 220 V, 50\/60 Hz Tipo de resfriamento: resfriamento a \u00e1gua\" \/>\n<meta property=\"og:url\" content=\"https:\/\/lazersystem.net\/bo\/fiber-laser-cleaning-machine\/pulse-laser-cleaning-machine\/1000w-1500w-2000w-portable-laser-cleaning-machine-with-laser-metal-rust-removal-gun\" \/>\n<meta property=\"og:site_name\" content=\"BOGONG Laser Machine\" \/>\n<meta property=\"article:modified_time\" content=\"2024-07-03T08:05:00+00:00\" \/>\n<meta property=\"og:image\" content=\"https:\/\/lazersystem.net\/wp-content\/uploads\/2024\/04\/\u805a\u80fd\u73af11.jpg\" \/>\n\t<meta property=\"og:image:width\" content=\"600\" \/>\n\t<meta property=\"og:image:height\" content=\"600\" \/>\n\t<meta property=\"og:image:type\" content=\"image\/jpeg\" \/>\n<meta name=\"twitter:card\" content=\"summary_large_image\" \/>\n<meta name=\"twitter:label1\" content=\"Est. reading time\" \/>\n\t<meta name=\"twitter:data1\" content=\"\u0f66\u0f90\u0f62\u0f0b\u0f58 3\" \/>\n<script type=\"application\/ld+json\" class=\"yoast-schema-graph\">{\"@context\":\"https:\/\/schema.org\",\"@graph\":[{\"@type\":\"WebPage\",\"@id\":\"https:\/\/lazersystem.net\/fiber-laser-cleaning-machine\/pulse-laser-cleaning-machine\/1000w-1500w-2000w-portable-laser-cleaning-machine-with-laser-metal-rust-removal-gun\",\"url\":\"https:\/\/lazersystem.net\/fiber-laser-cleaning-machine\/pulse-laser-cleaning-machine\/1000w-1500w-2000w-portable-laser-cleaning-machine-with-laser-metal-rust-removal-gun\",\"name\":\"m\u00e1quina port\u00e1til da limpeza do laser de 100W 200W 500W com a arma da remo\u00e7\u00e3o de oxida\u00e7\u00e3o do metal do laser - BOGONG Laser Machine\",\"isPartOf\":{\"@id\":\"https:\/\/lazersystem.net\/#website\"},\"primaryImageOfPage\":{\"@id\":\"https:\/\/lazersystem.net\/fiber-laser-cleaning-machine\/pulse-laser-cleaning-machine\/1000w-1500w-2000w-portable-laser-cleaning-machine-with-laser-metal-rust-removal-gun#primaryimage\"},\"image\":{\"@id\":\"https:\/\/lazersystem.net\/fiber-laser-cleaning-machine\/pulse-laser-cleaning-machine\/1000w-1500w-2000w-portable-laser-cleaning-machine-with-laser-metal-rust-removal-gun#primaryimage\"},\"thumbnailUrl\":\"https:\/\/lazersystem.net\/wp-content\/uploads\/2024\/04\/\u805a\u80fd\u73af11.jpg\",\"datePublished\":\"2024-04-29T03:40:28+00:00\",\"dateModified\":\"2024-07-03T08:05:00+00:00\",\"breadcrumb\":{\"@id\":\"https:\/\/lazersystem.net\/fiber-laser-cleaning-machine\/pulse-laser-cleaning-machine\/1000w-1500w-2000w-portable-laser-cleaning-machine-with-laser-metal-rust-removal-gun#breadcrumb\"},\"inLanguage\":\"bo\",\"potentialAction\":[{\"@type\":\"ReadAction\",\"target\":[\"https:\/\/lazersystem.net\/fiber-laser-cleaning-machine\/pulse-laser-cleaning-machine\/1000w-1500w-2000w-portable-laser-cleaning-machine-with-laser-metal-rust-removal-gun\"]}]},{\"@type\":\"ImageObject\",\"inLanguage\":\"bo\",\"@id\":\"https:\/\/lazersystem.net\/fiber-laser-cleaning-machine\/pulse-laser-cleaning-machine\/1000w-1500w-2000w-portable-laser-cleaning-machine-with-laser-metal-rust-removal-gun#primaryimage\",\"url\":\"https:\/\/lazersystem.net\/wp-content\/uploads\/2024\/04\/\u805a\u80fd\u73af11.jpg\",\"contentUrl\":\"https:\/\/lazersystem.net\/wp-content\/uploads\/2024\/04\/\u805a\u80fd\u73af11.jpg\",\"width\":600,\"height\":600},{\"@type\":\"BreadcrumbList\",\"@id\":\"https:\/\/lazersystem.net\/fiber-laser-cleaning-machine\/pulse-laser-cleaning-machine\/1000w-1500w-2000w-portable-laser-cleaning-machine-with-laser-metal-rust-removal-gun#breadcrumb\",\"itemListElement\":[{\"@type\":\"ListItem\",\"position\":1,\"name\":\"Home\",\"item\":\"https:\/\/lazersystem.net\/\"},{\"@type\":\"ListItem\",\"position\":2,\"name\":\"Product\",\"item\":\"https:\/\/lazersystem.net\/ru\/\u043f\u0440\u043e\u0434\u0443\u043a\u0442\"},{\"@type\":\"ListItem\",\"position\":3,\"name\":\"m\u00e1quina port\u00e1til da limpeza do laser de 100W 200W 500W com a arma da remo\u00e7\u00e3o de oxida\u00e7\u00e3o do metal do laser\"}]},{\"@type\":\"WebSite\",\"@id\":\"https:\/\/lazersystem.net\/#website\",\"url\":\"https:\/\/lazersystem.net\/\",\"name\":\"BOGONG Laser Machine\",\"description\":\"\",\"publisher\":{\"@id\":\"https:\/\/lazersystem.net\/#organization\"},\"potentialAction\":[{\"@type\":\"SearchAction\",\"target\":{\"@type\":\"EntryPoint\",\"urlTemplate\":\"https:\/\/lazersystem.net\/?s={search_term_string}\"},\"query-input\":{\"@type\":\"PropertyValueSpecification\",\"valueRequired\":true,\"valueName\":\"search_term_string\"}}],\"inLanguage\":\"bo\"},{\"@type\":\"Organization\",\"@id\":\"https:\/\/lazersystem.net\/#organization\",\"name\":\"BOGONG Laser Machine\",\"url\":\"https:\/\/lazersystem.net\/\",\"logo\":{\"@type\":\"ImageObject\",\"inLanguage\":\"bo\",\"@id\":\"https:\/\/lazersystem.net\/#\/schema\/logo\/image\/\",\"url\":\"https:\/\/lazersystem.net\/wp-content\/uploads\/2024\/04\/\u672a\u6807\u9898-1-3.jpg\",\"contentUrl\":\"https:\/\/lazersystem.net\/wp-content\/uploads\/2024\/04\/\u672a\u6807\u9898-1-3.jpg\",\"width\":1920,\"height\":650,\"caption\":\"BOGONG Laser Machine\"},\"image\":{\"@id\":\"https:\/\/lazersystem.net\/#\/schema\/logo\/image\/\"}}]}<\/script>\n<!-- \/ Yoast SEO Premium plugin. -->","yoast_head_json":{"title":"m\u00e1quina port\u00e1til da limpeza do laser de 100W 200W 500W com a arma da remo\u00e7\u00e3o de oxida\u00e7\u00e3o do metal do laser - BOGONG Laser Machine","robots":{"index":"index","follow":"follow","max-snippet":"max-snippet:-1","max-image-preview":"max-image-preview:large","max-video-preview":"max-video-preview:-1"},"canonical":"https:\/\/lazersystem.net\/bo\/fiber-laser-cleaning-machine\/pulse-laser-cleaning-machine\/1000w-1500w-2000w-portable-laser-cleaning-machine-with-laser-metal-rust-removal-gun","og_locale":"en_US","og_type":"article","og_title":"m\u00e1quina port\u00e1til da limpeza do laser de 100W 200W 500W com a arma da remo\u00e7\u00e3o de oxida\u00e7\u00e3o do metal do laser","og_description":"Tipo: BGC-200\/300\/500 Opcional: Sistema de exaust\u00e3o Peso da cabe\u00e7a de digitaliza\u00e7\u00e3o: 200W&lt;0,75kg 300W&lt;1,25 500W&lt;1,5Kg M\u00e9todo m\u00f3vel: polia Umidade do ambiente de trabalho: \u226480% Temperatura do ambiente de trabalho: 0\u00b0C~40\u00b0C Peso l\u00edquido: 210kg Tamanho (mm3):1130*770*1340mm Consumo de energia (W):2700W \/ 3900W Pot\u00eancia de entrada: 220 V, 50\/60 Hz Tipo de resfriamento: resfriamento a \u00e1gua","og_url":"https:\/\/lazersystem.net\/bo\/fiber-laser-cleaning-machine\/pulse-laser-cleaning-machine\/1000w-1500w-2000w-portable-laser-cleaning-machine-with-laser-metal-rust-removal-gun","og_site_name":"BOGONG Laser Machine","article_modified_time":"2024-07-03T08:05:00+00:00","og_image":[{"width":600,"height":600,"url":"https:\/\/lazersystem.net\/wp-content\/uploads\/2024\/04\/\u805a\u80fd\u73af11.jpg","type":"image\/jpeg"}],"twitter_card":"summary_large_image","twitter_misc":{"Est. reading time":"\u0f66\u0f90\u0f62\u0f0b\u0f58 3"},"schema":{"@context":"https:\/\/schema.org","@graph":[{"@type":"WebPage","@id":"https:\/\/lazersystem.net\/fiber-laser-cleaning-machine\/pulse-laser-cleaning-machine\/1000w-1500w-2000w-portable-laser-cleaning-machine-with-laser-metal-rust-removal-gun","url":"https:\/\/lazersystem.net\/fiber-laser-cleaning-machine\/pulse-laser-cleaning-machine\/1000w-1500w-2000w-portable-laser-cleaning-machine-with-laser-metal-rust-removal-gun","name":"m\u00e1quina port\u00e1til da limpeza do laser de 100W 200W 500W com a arma da remo\u00e7\u00e3o de oxida\u00e7\u00e3o do metal do laser - BOGONG Laser Machine","isPartOf":{"@id":"https:\/\/lazersystem.net\/#website"},"primaryImageOfPage":{"@id":"https:\/\/lazersystem.net\/fiber-laser-cleaning-machine\/pulse-laser-cleaning-machine\/1000w-1500w-2000w-portable-laser-cleaning-machine-with-laser-metal-rust-removal-gun#primaryimage"},"image":{"@id":"https:\/\/lazersystem.net\/fiber-laser-cleaning-machine\/pulse-laser-cleaning-machine\/1000w-1500w-2000w-portable-laser-cleaning-machine-with-laser-metal-rust-removal-gun#primaryimage"},"thumbnailUrl":"https:\/\/lazersystem.net\/wp-content\/uploads\/2024\/04\/\u805a\u80fd\u73af11.jpg","datePublished":"2024-04-29T03:40:28+00:00","dateModified":"2024-07-03T08:05:00+00:00","breadcrumb":{"@id":"https:\/\/lazersystem.net\/fiber-laser-cleaning-machine\/pulse-laser-cleaning-machine\/1000w-1500w-2000w-portable-laser-cleaning-machine-with-laser-metal-rust-removal-gun#breadcrumb"},"inLanguage":"bo","potentialAction":[{"@type":"ReadAction","target":["https:\/\/lazersystem.net\/fiber-laser-cleaning-machine\/pulse-laser-cleaning-machine\/1000w-1500w-2000w-portable-laser-cleaning-machine-with-laser-metal-rust-removal-gun"]}]},{"@type":"ImageObject","inLanguage":"bo","@id":"https:\/\/lazersystem.net\/fiber-laser-cleaning-machine\/pulse-laser-cleaning-machine\/1000w-1500w-2000w-portable-laser-cleaning-machine-with-laser-metal-rust-removal-gun#primaryimage","url":"https:\/\/lazersystem.net\/wp-content\/uploads\/2024\/04\/\u805a\u80fd\u73af11.jpg","contentUrl":"https:\/\/lazersystem.net\/wp-content\/uploads\/2024\/04\/\u805a\u80fd\u73af11.jpg","width":600,"height":600},{"@type":"BreadcrumbList","@id":"https:\/\/lazersystem.net\/fiber-laser-cleaning-machine\/pulse-laser-cleaning-machine\/1000w-1500w-2000w-portable-laser-cleaning-machine-with-laser-metal-rust-removal-gun#breadcrumb","itemListElement":[{"@type":"ListItem","position":1,"name":"Home","item":"https:\/\/lazersystem.net\/"},{"@type":"ListItem","position":2,"name":"Product","item":"https:\/\/lazersystem.net\/ru\/\u043f\u0440\u043e\u0434\u0443\u043a\u0442"},{"@type":"ListItem","position":3,"name":"m\u00e1quina port\u00e1til da limpeza do laser de 100W 200W 500W com a arma da remo\u00e7\u00e3o de oxida\u00e7\u00e3o do metal do laser"}]},{"@type":"WebSite","@id":"https:\/\/lazersystem.net\/#website","url":"https:\/\/lazersystem.net\/","name":"BOGONG Laser Machine","description":"","publisher":{"@id":"https:\/\/lazersystem.net\/#organization"},"potentialAction":[{"@type":"SearchAction","target":{"@type":"EntryPoint","urlTemplate":"https:\/\/lazersystem.net\/?s={search_term_string}"},"query-input":{"@type":"PropertyValueSpecification","valueRequired":true,"valueName":"search_term_string"}}],"inLanguage":"bo"},{"@type":"Organization","@id":"https:\/\/lazersystem.net\/#organization","name":"BOGONG Laser Machine","url":"https:\/\/lazersystem.net\/","logo":{"@type":"ImageObject","inLanguage":"bo","@id":"https:\/\/lazersystem.net\/#\/schema\/logo\/image\/","url":"https:\/\/lazersystem.net\/wp-content\/uploads\/2024\/04\/\u672a\u6807\u9898-1-3.jpg","contentUrl":"https:\/\/lazersystem.net\/wp-content\/uploads\/2024\/04\/\u672a\u6807\u9898-1-3.jpg","width":1920,"height":650,"caption":"BOGONG Laser Machine"},"image":{"@id":"https:\/\/lazersystem.net\/#\/schema\/logo\/image\/"}}]}},"_links":{"self":[{"href":"https:\/\/lazersystem.net\/bo\/wp-json\/wp\/v2\/product\/4903","targetHints":{"allow":["GET"]}}],"collection":[{"href":"https:\/\/lazersystem.net\/bo\/wp-json\/wp\/v2\/product"}],"about":[{"href":"https:\/\/lazersystem.net\/bo\/wp-json\/wp\/v2\/types\/product"}],"replies":[{"embeddable":true,"href":"https:\/\/lazersystem.net\/bo\/wp-json\/wp\/v2\/comments?post=4903"}],"wp:featuredmedia":[{"embeddable":true,"href":"https:\/\/lazersystem.net\/bo\/wp-json\/wp\/v2\/media\/4895"}],"wp:attachment":[{"href":"https:\/\/lazersystem.net\/bo\/wp-json\/wp\/v2\/media?parent=4903"}],"wp:term":[{"taxonomy":"product_brand","embeddable":true,"href":"https:\/\/lazersystem.net\/bo\/wp-json\/wp\/v2\/product_brand?post=4903"},{"taxonomy":"product_cat","embeddable":true,"href":"https:\/\/lazersystem.net\/bo\/wp-json\/wp\/v2\/product_cat?post=4903"},{"taxonomy":"product_tag","embeddable":true,"href":"https:\/\/lazersystem.net\/bo\/wp-json\/wp\/v2\/product_tag?post=4903"}],"curies":[{"name":"wp","href":"https:\/\/api.w.org\/{rel}","templated":true}]}}