{"id":4926,"date":"2024-06-25T07:13:38","date_gmt":"2024-06-25T07:13:38","guid":{"rendered":"https:\/\/lazersystem.net\/?post_type=product&#038;p=4926"},"modified":"2024-07-03T08:29:46","modified_gmt":"2024-07-03T08:29:46","slug":"affordable-mini-bogong-fiber-laser-marking-machines-explore-now","status":"publish","type":"product","link":"https:\/\/lazersystem.net\/af\/fiber-laser-marking-machine\/affordable-mini-bogong-fiber-laser-marking-machines-explore-now","title":{"rendered":"M\u00e1quinas de marca\u00e7\u00e3o a laser de fibra Mini BOGONG acess\u00edveis &#8211; Explore agora!"},"content":{"rendered":"<div class=\"container section-title-container\" ><h3 class=\"section-title section-title-normal\"><b><\/b><span class=\"section-title-main\" style=\"color:rgb(239, 19, 19);\">Defini\u00e7\u00e3o de m\u00e1quina de grava\u00e7\u00e3o a laser de fibra 2.5D<\/span><b><\/b><\/h3><\/div>\n<p>Uma m\u00e1quina de grava\u00e7\u00e3o a laser de fibra 2,5D \u00e9 um tipo de equipamento de marca\u00e7\u00e3o a laser que utiliza tecnologia de laser de fibra para criar marca\u00e7\u00f5es em v\u00e1rios materiais com efeito tridimensional. Ao contr\u00e1rio das m\u00e1quinas tradicionais de grava\u00e7\u00e3o a laser 2D que produzem grava\u00e7\u00f5es em superf\u00edcies planas, uma m\u00e1quina 2,5D \u00e9 capaz de atingir profundidade e textura nas marca\u00e7\u00f5es, proporcionando um acabamento \u00fanico e visualmente atraente.<\/p>\n<div class=\"container section-title-container\" ><h3 class=\"section-title section-title-normal\"><b><\/b><span class=\"section-title-main\" style=\"color:rgb(241, 10, 10);\">Vitrine de v\u00eddeo<\/span><b><\/b><\/h3><\/div>\n<div class=\"video video-fit mb\" style=\"padding-top:56.25%;\"><p><iframe title=\"What Can a 2.5D EZCAD3 laser machine do? | EZCAD3 Fiber Laser Engraver for Metal and Plastic\" width=\"1020\" height=\"574\" src=\"https:\/\/www.youtube.com\/embed\/WxhxVmHO0Xo?feature=oembed\" frameborder=\"0\" allow=\"accelerometer; autoplay; clipboard-write; encrypted-media; gyroscope; picture-in-picture; web-share\" referrerpolicy=\"strict-origin-when-cross-origin\" allowfullscreen><\/iframe><\/p>\n<\/div>\n<div class=\"container section-title-container\" ><h3 class=\"section-title section-title-normal\"><b><\/b><span class=\"section-title-main\" style=\"color:rgb(242, 8, 8);\">Caracter\u00edsticos:<\/span><b><\/b><\/h3><\/div>\n<p>1.Estilo da m\u00e1quina: tipo Mini<br \/>\n2.Longa vida: pode chegar a 100.000 horas.<br \/>\n3.Compacto: Produto de alta tecnologia que combina equipamentos laser, computador, controlador autom\u00e1tico e maquin\u00e1rio de precis\u00e3o.<br \/>\n4.Alta precis\u00e3o: precis\u00e3o de reposicionamento 0,003 mm<br \/>\n5.Alta velocidade: O sistema de digitaliza\u00e7\u00e3o importado permite velocidades de digitaliza\u00e7\u00e3o de at\u00e9 7.000 mm\/s<br \/>\n6.F\u00e1cil de operar: Fornece software de marca\u00e7\u00e3o espec\u00edfico baseado em Windows, que pode ajustar a pot\u00eancia do laser e 7. Frequ\u00eancia de pulso em tempo real. Voc\u00ea pode inserir e produzir atrav\u00e9s do computador de acordo com a edi\u00e7\u00e3o no software de marca\u00e7\u00e3o e software gr\u00e1fico espec\u00edfico (como AutoCAD, CorelDRAW ou Photoshop).<br \/>\n7.Economia de energia: A efici\u00eancia de convers\u00e3o fotoel\u00e9trica \u00e9 de at\u00e9 70%<br \/>\n8.Baixo custo operacional: Sem pe\u00e7as de desgaste. Manuten\u00e7\u00e3o gratuita, sem necessidade de ajustar o caminho do laser.<\/p>\n<div class=\"container section-title-container\" ><h3 class=\"section-title section-title-normal\"><b><\/b><span class=\"section-title-main\" style=\"color:rgb(241, 8, 8);\">Par\u00e2metros t\u00e9cnicos<\/span><b><\/b><\/h3><\/div>\n\t<div class=\"img has-hover x md-x lg-x y md-y lg-y\" id=\"image_1490719552\">\n\t\t\t\t\t\t\t\t<div class=\"img-inner dark\" >\n\t\t\t<img fetchpriority=\"high\" decoding=\"async\" width=\"790\" height=\"565\" src=\"https:\/\/lazersystem.net\/wp-content\/uploads\/2024\/06\/\u5fae\u4fe1\u56fe\u7247_20240625151809.png\" class=\"attachment-large size-large\" alt=\"\" srcset=\"https:\/\/lazersystem.net\/wp-content\/uploads\/2024\/06\/\u5fae\u4fe1\u56fe\u7247_20240625151809.png 790w, https:\/\/lazersystem.net\/wp-content\/uploads\/2024\/06\/\u5fae\u4fe1\u56fe\u7247_20240625151809-768x549.png 768w, https:\/\/lazersystem.net\/wp-content\/uploads\/2024\/06\/\u5fae\u4fe1\u56fe\u7247_20240625151809-18x12.png 18w, https:\/\/lazersystem.net\/wp-content\/uploads\/2024\/06\/\u5fae\u4fe1\u56fe\u7247_20240625151809-300x215.png 300w, https:\/\/lazersystem.net\/wp-content\/uploads\/2024\/06\/\u5fae\u4fe1\u56fe\u7247_20240625151809-600x429.png 600w\" sizes=\"(max-width: 790px) 100vw, 790px\" \/>\t\t\t\t\t\t\n\t\t\t\t\t<\/div>\n\t\t\t\t\t\t\t\t\n<style>\n#image_1490719552 {\n  width: 100%;\n}\n<\/style>\n\t<\/div>\n\t\n<div class=\"container section-title-container\" ><h3 class=\"section-title section-title-normal\"><b><\/b><span class=\"section-title-main\" style=\"color:rgb(239, 13, 13);\">Acess\u00f3rios principais<\/span><b><\/b><\/h3><\/div>\n\t<div class=\"img has-hover x md-x lg-x y md-y lg-y\" id=\"image_382414557\">\n\t\t\t\t\t\t\t\t<div class=\"img-inner dark\" >\n\t\t\t<img decoding=\"async\" width=\"451\" height=\"800\" src=\"https:\/\/lazersystem.net\/wp-content\/uploads\/2024\/06\/\u5fae\u4fe1\u56fe\u7247_20240625151838-451x800.png\" class=\"attachment-large size-large\" alt=\"\" srcset=\"https:\/\/lazersystem.net\/wp-content\/uploads\/2024\/06\/\u5fae\u4fe1\u56fe\u7247_20240625151838-451x800.png 451w, https:\/\/lazersystem.net\/wp-content\/uploads\/2024\/06\/\u5fae\u4fe1\u56fe\u7247_20240625151838-564x1000.png 564w, https:\/\/lazersystem.net\/wp-content\/uploads\/2024\/06\/\u5fae\u4fe1\u56fe\u7247_20240625151838-768x1361.png 768w, https:\/\/lazersystem.net\/wp-content\/uploads\/2024\/06\/\u5fae\u4fe1\u56fe\u7247_20240625151838-7x12.png 7w, https:\/\/lazersystem.net\/wp-content\/uploads\/2024\/06\/\u5fae\u4fe1\u56fe\u7247_20240625151838-300x532.png 300w, https:\/\/lazersystem.net\/wp-content\/uploads\/2024\/06\/\u5fae\u4fe1\u56fe\u7247_20240625151838-600x1063.png 600w, https:\/\/lazersystem.net\/wp-content\/uploads\/2024\/06\/\u5fae\u4fe1\u56fe\u7247_20240625151838.png 790w\" sizes=\"(max-width: 451px) 100vw, 451px\" \/>\t\t\t\t\t\t\n\t\t\t\t\t<\/div>\n\t\t\t\t\t\t\t\t\n<style>\n#image_382414557 {\n  width: 100%;\n}\n<\/style>\n\t<\/div>\n\t\n\t<div class=\"img has-hover x md-x lg-x y md-y lg-y\" id=\"image_338728044\">\n\t\t\t\t\t\t\t\t<div class=\"img-inner dark\" >\n\t\t\t<img decoding=\"async\" width=\"659\" height=\"800\" src=\"https:\/\/lazersystem.net\/wp-content\/uploads\/2024\/06\/\u5fae\u4fe1\u56fe\u7247_20240625151919-659x800.png\" class=\"attachment-large size-large\" alt=\"\" srcset=\"https:\/\/lazersystem.net\/wp-content\/uploads\/2024\/06\/\u5fae\u4fe1\u56fe\u7247_20240625151919-659x800.png 659w, https:\/\/lazersystem.net\/wp-content\/uploads\/2024\/06\/\u5fae\u4fe1\u56fe\u7247_20240625151919-768x932.png 768w, https:\/\/lazersystem.net\/wp-content\/uploads\/2024\/06\/\u5fae\u4fe1\u56fe\u7247_20240625151919-10x12.png 10w, https:\/\/lazersystem.net\/wp-content\/uploads\/2024\/06\/\u5fae\u4fe1\u56fe\u7247_20240625151919-300x364.png 300w, https:\/\/lazersystem.net\/wp-content\/uploads\/2024\/06\/\u5fae\u4fe1\u56fe\u7247_20240625151919-600x728.png 600w, https:\/\/lazersystem.net\/wp-content\/uploads\/2024\/06\/\u5fae\u4fe1\u56fe\u7247_20240625151919.png 780w\" sizes=\"(max-width: 659px) 100vw, 659px\" \/>\t\t\t\t\t\t\n\t\t\t\t\t<\/div>\n\t\t\t\t\t\t\t\t\n<style>\n#image_338728044 {\n  width: 100%;\n}\n<\/style>\n\t<\/div>\n\t\n<div class=\"container section-title-container\" ><h3 class=\"section-title section-title-normal\"><b><\/b><span class=\"section-title-main\" style=\"color:rgb(244, 3, 3);\">Aplicativo<\/span><b><\/b><\/h3><\/div>\n<h2>Aplica\u00e7\u00e3o da m\u00e1quina de marca\u00e7\u00e3o a cores a laser de fibra 2.5D:<\/h2>\n<p>1. Ind\u00fastria de joias: A m\u00e1quina \u00e9 usada para gravar designs, padr\u00f5es e textos complexos em v\u00e1rios tipos de joias, melhorando sua est\u00e9tica e agregando valor.<\/p>\n<p>2.Produtos personalizados: \u00c9 ideal para criar brindes personalizados, itens promocionais e produtos personalizados com marca\u00e7\u00f5es coloridas e detalhadas.<\/p>\n<p>3. Fabrica\u00e7\u00e3o Industrial: A m\u00e1quina \u00e9 usada para marcar logotipos, n\u00fameros de s\u00e9rie, c\u00f3digos de barras e outras marca\u00e7\u00f5es de identifica\u00e7\u00e3o em componentes e produtos industriais.<\/p>\n<p>4. Ind\u00fastria automotiva: pode ser usado para marcar pe\u00e7as e componentes com etiquetas codificadas por cores, n\u00fameros de pe\u00e7as e marcas para f\u00e1cil identifica\u00e7\u00e3o e rastreabilidade.<\/p>\n<p>5. Ind\u00fastria Eletr\u00f4nica: A m\u00e1quina \u00e9 empregada para marcar componentes eletr\u00f4nicos, placas de circuito e dispositivos com marca\u00e7\u00f5es permanentes e codificadas por cores para controle de qualidade e marca.<\/p>\n<p>6.Dispositivos M\u00e9dicos: \u00c9 usado para marcar instrumentos e dispositivos m\u00e9dicos com n\u00fameros de s\u00e9rie, c\u00f3digos de lote e outras informa\u00e7\u00f5es essenciais para rastreamento e garantia de qualidade.<\/p>\n<p>7. Ind\u00fastria Aeroespacial: A m\u00e1quina \u00e9 utilizada para marcar componentes aeroespaciais, pe\u00e7as de aeronaves e ferramentas com marca\u00e7\u00f5es de precis\u00e3o para fins de identifica\u00e7\u00e3o e rastreabilidade.<\/p>\n<p>8.Grava\u00e7\u00e3o art\u00edstica: Artistas e designers usam a m\u00e1quina para criar obras de arte, esculturas e pe\u00e7as decorativas exclusivas e coloridas com gravuras complexas.<\/p>\n<p>9. Ind\u00fastria de embalagens: \u00c9 usada para marcar materiais de embalagem, r\u00f3tulos e produtos com marcas, logotipos e informa\u00e7\u00f5es para identifica\u00e7\u00e3o de produtos e fins de marketing.<\/p>\n<div class=\"container section-title-container\" ><h3 class=\"section-title section-title-normal\"><b><\/b><span class=\"section-title-main\" style=\"color:rgb(235, 1, 1);\">Exibi\u00e7\u00e3o de amostra<\/span><b><\/b><\/h3><\/div>\n\t<div class=\"img has-hover x md-x lg-x y md-y lg-y\" id=\"image_1278858482\">\n\t\t\t\t\t\t\t\t<div class=\"img-inner dark\" >\n\t\t\t<img loading=\"lazy\" decoding=\"async\" width=\"627\" height=\"800\" src=\"https:\/\/lazersystem.net\/wp-content\/uploads\/2024\/06\/\u5fae\u4fe1\u56fe\u7247_20240625151747-627x800.png\" class=\"attachment-large size-large\" alt=\"\" srcset=\"https:\/\/lazersystem.net\/wp-content\/uploads\/2024\/06\/\u5fae\u4fe1\u56fe\u7247_20240625151747-627x800.png 627w, https:\/\/lazersystem.net\/wp-content\/uploads\/2024\/06\/\u5fae\u4fe1\u56fe\u7247_20240625151747-784x1000.png 784w, https:\/\/lazersystem.net\/wp-content\/uploads\/2024\/06\/\u5fae\u4fe1\u56fe\u7247_20240625151747-768x980.png 768w, https:\/\/lazersystem.net\/wp-content\/uploads\/2024\/06\/\u5fae\u4fe1\u56fe\u7247_20240625151747-9x12.png 9w, https:\/\/lazersystem.net\/wp-content\/uploads\/2024\/06\/\u5fae\u4fe1\u56fe\u7247_20240625151747-300x383.png 300w, https:\/\/lazersystem.net\/wp-content\/uploads\/2024\/06\/\u5fae\u4fe1\u56fe\u7247_20240625151747-600x766.png 600w, https:\/\/lazersystem.net\/wp-content\/uploads\/2024\/06\/\u5fae\u4fe1\u56fe\u7247_20240625151747.png 790w\" sizes=\"(max-width: 627px) 100vw, 627px\" \/>\t\t\t\t\t\t\n\t\t\t\t\t<\/div>\n\t\t\t\t\t\t\t\t\n<style>\n#image_1278858482 {\n  width: 100%;\n}\n<\/style>\n\t<\/div>\n\t\n<p>1. Amostra de teste gr\u00e1tis &#8211; podemos fazer teste de efeito de marca\u00e7\u00e3o gratuito de acordo com o material do produto<\/p>\n<p>2.V\u00eddeo ao vivo &#8211; voc\u00ea pode entrar em contato com nosso consultor de vendas para assistir ao processo de produ\u00e7\u00e3o e opera\u00e7\u00e3o da m\u00e1quina no v\u00eddeo online.<\/p>\n<p>3.Personalizado\/OEM &#8211; personalize a m\u00e1quina de acordo com os requisitos, entre em contato conosco!<\/p>\n<div class=\"container section-title-container\" ><h3 class=\"section-title section-title-normal\"><b><\/b><span class=\"section-title-main\" style=\"color:rgb(237, 1, 1);\">Perguntas frequentes<\/span><b><\/b><\/h3><\/div>\n<h2>Que tal desconto no pacote e entrega?<\/h2>\n<p>5 a 7 dias \u00fateis ap\u00f3s o recebimento do pagamento.<br \/>\nExistem 3 camadas de embalagem: saco pl\u00e1stico espesso \u00e0 prova d&#8217;\u00e1gua, espuma anti-vibra\u00e7\u00e3o, caixa de madeira resistente para exporta\u00e7\u00e3o.<\/p>\n<h2>* Que tal garantia e servi\u00e7o p\u00f3s-venda?<\/h2>\n<p>2 anos para fonte de laser e 3 anos para toda a m\u00e1quina.<br \/>\nSuporte t\u00e9cnico 24 horas por e-mail ou telefone com v\u00eddeo,<br \/>\nTreinamento gratuito para instala\u00e7\u00e3o e opera\u00e7\u00e3o. Teste de prova Fornece diferentes arquivos de biblioteca de par\u00e2metros de arquivos de marca\u00e7\u00e3o de materiais e tabelas de par\u00e2metros, bem como bitmap de gr\u00e1ficos vetoriais, modifica\u00e7\u00e3o de mapa de modelo 3D, treinamento de v\u00eddeo e manuten\u00e7\u00e3o*Como instalar e usar esta m\u00e1quina de marca\u00e7\u00e3o a laser?<\/p>\n<p>A m\u00e1quina foi instalada antes da entrega e temos manuais em ingl\u00eas muito detalhados para o sistema laser e software de marca\u00e7\u00e3o a laser, e quase todos os clientes podem<\/p>\n<p>aprender sozinhos facilmente.<\/p>\n<p>Se voc\u00ea tiver alguma d\u00favida, tamb\u00e9m iremos orient\u00e1-lo.<\/p>\n<h2>*E se houver um problema com a m\u00e1quina de marca\u00e7\u00e3o a laser?<\/h2>\n<p>Entre em contato conosco na primeira vez e n\u00e3o tente resolver sozinho.<\/p>\n<h2>*O que preciso saber quando preciso de uma recomenda\u00e7\u00e3o?<\/h2>\n<p>Que material voc\u00ea deseja processar? (a\u00e7o inoxid\u00e1vel, alum\u00ednio, madeira, pl\u00e1stico&#8230;.)<br \/>\nQual \u00e9 o tamanho efetivo da marca\u00e7\u00e3o? (75*75mm, 110*110mm, 175*175mm, 300*300mm)3. Voc\u00ea precisa marcar em uma superf\u00edcie cil\u00edndrica ou redonda?4. Voc\u00ea precisa marcar o tamanho ou peso do produto?<\/p>","protected":false},"excerpt":{"rendered":"<h2>Introdu\u00e7\u00e3o \u00e0 m\u00e1quina de marca\u00e7\u00e3o a laser de fibra 2.5D<\/h2>\n<p>Com interfaces f\u00e1ceis de usar e constru\u00e7\u00e3o robusta, as m\u00e1quinas de marca\u00e7\u00e3o a laser de fibra 2,5D oferecem precis\u00e3o, efici\u00eancia e versatilidade na cria\u00e7\u00e3o de marca\u00e7\u00f5es inovadoras e atraentes em uma ampla variedade de materiais, incluindo metais, pl\u00e1sticos, cer\u00e2micas e muito mais.<\/p>","protected":false},"featured_media":4927,"comment_status":"open","ping_status":"closed","template":"","meta":[],"product_brand":[],"product_cat":[248],"product_tag":[290,289,293,294,291,298,292,296,297,295,288],"class_list":{"0":"post-4926","1":"product","2":"type-product","3":"status-publish","4":"has-post-thumbnail","6":"product_cat-fiber-laser-marking-machine","7":"product_tag-fibra-de-marcacao-a-laser","8":"product_tag-gravador-a-laser-de-fibra-de-metal","9":"product_tag-gravador-a-laser-de-fibra-optica","10":"product_tag-laser-de-marcacao-de-fibra","11":"product_tag-maquina-de-gravacao-a-laser-de-fibra","12":"product_tag-maquina-de-gravacao-de-marcacao-a-laser-de-fibra","13":"product_tag-maquina-de-gravacao-e-corte-a-laser-fibra","14":"product_tag-maquina-de-marcacao-a-laser-de-fibra","15":"product_tag-maquina-de-marcacao-a-laser-de-fibra-mopa","16":"product_tag-marcacao-a-laser-de-fibra","17":"product_tag-preco-da-maquina-de-marcacao-a-laser-de-fibra","19":"first","20":"instock","21":"shipping-taxable","22":"purchasable","23":"product-type-simple"},"yoast_head":"<!-- This site is optimized with the Yoast SEO Premium plugin v21.5 (Yoast SEO v25.2) - https:\/\/yoast.com\/wordpress\/plugins\/seo\/ -->\n<title>M\u00e1quinas de marca\u00e7\u00e3o a laser de fibra Mini BOGONG acess\u00edveis - Explore agora! - BOGONG Laser Machine<\/title>\n<meta name=\"robots\" content=\"index, follow, max-snippet:-1, max-image-preview:large, max-video-preview:-1\" \/>\n<link rel=\"canonical\" href=\"https:\/\/lazersystem.net\/af\/fiber-laser-marking-machine\/affordable-mini-bogong-fiber-laser-marking-machines-explore-now\" \/>\n<meta property=\"og:locale\" content=\"en_US\" \/>\n<meta property=\"og:type\" content=\"article\" \/>\n<meta property=\"og:title\" content=\"M\u00e1quinas de marca\u00e7\u00e3o a laser de fibra Mini BOGONG acess\u00edveis - Explore agora!\" \/>\n<meta property=\"og:description\" content=\"Introdu\u00e7\u00e3o \u00e0 m\u00e1quina de marca\u00e7\u00e3o a laser de fibra 2.5D Com interfaces f\u00e1ceis de usar e constru\u00e7\u00e3o robusta, as m\u00e1quinas de marca\u00e7\u00e3o a laser de fibra 2,5D oferecem precis\u00e3o, efici\u00eancia e versatilidade na cria\u00e7\u00e3o de marca\u00e7\u00f5es inovadoras e atraentes em uma ampla variedade de materiais, incluindo metais, pl\u00e1sticos, cer\u00e2micas e muito mais.\" \/>\n<meta property=\"og:url\" content=\"https:\/\/lazersystem.net\/af\/fiber-laser-marking-machine\/affordable-mini-bogong-fiber-laser-marking-machines-explore-now\" \/>\n<meta property=\"og:site_name\" content=\"BOGONG Laser Machine\" \/>\n<meta property=\"article:modified_time\" content=\"2024-07-03T08:29:46+00:00\" \/>\n<meta property=\"og:image\" content=\"https:\/\/lazersystem.net\/wp-content\/uploads\/2024\/06\/\u5fae\u4fe1\u56fe\u7247_20240625151127.png\" \/>\n\t<meta property=\"og:image:width\" content=\"800\" \/>\n\t<meta property=\"og:image:height\" content=\"800\" \/>\n\t<meta property=\"og:image:type\" content=\"image\/png\" \/>\n<meta name=\"twitter:card\" content=\"summary_large_image\" \/>\n<meta name=\"twitter:label1\" content=\"Est. reading time\" \/>\n\t<meta name=\"twitter:data1\" content=\"5 minute\" \/>\n<script type=\"application\/ld+json\" class=\"yoast-schema-graph\">{\"@context\":\"https:\/\/schema.org\",\"@graph\":[{\"@type\":\"WebPage\",\"@id\":\"https:\/\/lazersystem.net\/fiber-laser-marking-machine\/affordable-mini-bogong-fiber-laser-marking-machines-explore-now\",\"url\":\"https:\/\/lazersystem.net\/fiber-laser-marking-machine\/affordable-mini-bogong-fiber-laser-marking-machines-explore-now\",\"name\":\"M\u00e1quinas de marca\u00e7\u00e3o a laser de fibra Mini BOGONG acess\u00edveis - Explore agora! - BOGONG Laser Machine\",\"isPartOf\":{\"@id\":\"https:\/\/lazersystem.net\/#website\"},\"primaryImageOfPage\":{\"@id\":\"https:\/\/lazersystem.net\/fiber-laser-marking-machine\/affordable-mini-bogong-fiber-laser-marking-machines-explore-now#primaryimage\"},\"image\":{\"@id\":\"https:\/\/lazersystem.net\/fiber-laser-marking-machine\/affordable-mini-bogong-fiber-laser-marking-machines-explore-now#primaryimage\"},\"thumbnailUrl\":\"https:\/\/lazersystem.net\/wp-content\/uploads\/2024\/06\/\u5fae\u4fe1\u56fe\u7247_20240625151127.png\",\"datePublished\":\"2024-06-25T07:13:38+00:00\",\"dateModified\":\"2024-07-03T08:29:46+00:00\",\"breadcrumb\":{\"@id\":\"https:\/\/lazersystem.net\/fiber-laser-marking-machine\/affordable-mini-bogong-fiber-laser-marking-machines-explore-now#breadcrumb\"},\"inLanguage\":\"af-ZA\",\"potentialAction\":[{\"@type\":\"ReadAction\",\"target\":[\"https:\/\/lazersystem.net\/fiber-laser-marking-machine\/affordable-mini-bogong-fiber-laser-marking-machines-explore-now\"]}]},{\"@type\":\"ImageObject\",\"inLanguage\":\"af-ZA\",\"@id\":\"https:\/\/lazersystem.net\/fiber-laser-marking-machine\/affordable-mini-bogong-fiber-laser-marking-machines-explore-now#primaryimage\",\"url\":\"https:\/\/lazersystem.net\/wp-content\/uploads\/2024\/06\/\u5fae\u4fe1\u56fe\u7247_20240625151127.png\",\"contentUrl\":\"https:\/\/lazersystem.net\/wp-content\/uploads\/2024\/06\/\u5fae\u4fe1\u56fe\u7247_20240625151127.png\",\"width\":800,\"height\":800},{\"@type\":\"BreadcrumbList\",\"@id\":\"https:\/\/lazersystem.net\/fiber-laser-marking-machine\/affordable-mini-bogong-fiber-laser-marking-machines-explore-now#breadcrumb\",\"itemListElement\":[{\"@type\":\"ListItem\",\"position\":1,\"name\":\"Home\",\"item\":\"https:\/\/lazersystem.net\/\"},{\"@type\":\"ListItem\",\"position\":2,\"name\":\"Product\",\"item\":\"https:\/\/lazersystem.net\/ru\/\u043f\u0440\u043e\u0434\u0443\u043a\u0442\"},{\"@type\":\"ListItem\",\"position\":3,\"name\":\"M\u00e1quinas de marca\u00e7\u00e3o a laser de fibra Mini BOGONG acess\u00edveis &#8211; Explore agora!\"}]},{\"@type\":\"WebSite\",\"@id\":\"https:\/\/lazersystem.net\/#website\",\"url\":\"https:\/\/lazersystem.net\/\",\"name\":\"BOGONG Laser Machine\",\"description\":\"\",\"publisher\":{\"@id\":\"https:\/\/lazersystem.net\/#organization\"},\"potentialAction\":[{\"@type\":\"SearchAction\",\"target\":{\"@type\":\"EntryPoint\",\"urlTemplate\":\"https:\/\/lazersystem.net\/?s={search_term_string}\"},\"query-input\":{\"@type\":\"PropertyValueSpecification\",\"valueRequired\":true,\"valueName\":\"search_term_string\"}}],\"inLanguage\":\"af-ZA\"},{\"@type\":\"Organization\",\"@id\":\"https:\/\/lazersystem.net\/#organization\",\"name\":\"BOGONG Laser Machine\",\"url\":\"https:\/\/lazersystem.net\/\",\"logo\":{\"@type\":\"ImageObject\",\"inLanguage\":\"af-ZA\",\"@id\":\"https:\/\/lazersystem.net\/#\/schema\/logo\/image\/\",\"url\":\"https:\/\/lazersystem.net\/wp-content\/uploads\/2024\/04\/\u672a\u6807\u9898-1-3.jpg\",\"contentUrl\":\"https:\/\/lazersystem.net\/wp-content\/uploads\/2024\/04\/\u672a\u6807\u9898-1-3.jpg\",\"width\":1920,\"height\":650,\"caption\":\"BOGONG Laser Machine\"},\"image\":{\"@id\":\"https:\/\/lazersystem.net\/#\/schema\/logo\/image\/\"}}]}<\/script>\n<!-- \/ Yoast SEO Premium plugin. -->","yoast_head_json":{"title":"M\u00e1quinas de marca\u00e7\u00e3o a laser de fibra Mini BOGONG acess\u00edveis - Explore agora! - BOGONG Laser Machine","robots":{"index":"index","follow":"follow","max-snippet":"max-snippet:-1","max-image-preview":"max-image-preview:large","max-video-preview":"max-video-preview:-1"},"canonical":"https:\/\/lazersystem.net\/af\/fiber-laser-marking-machine\/affordable-mini-bogong-fiber-laser-marking-machines-explore-now","og_locale":"en_US","og_type":"article","og_title":"M\u00e1quinas de marca\u00e7\u00e3o a laser de fibra Mini BOGONG acess\u00edveis - Explore agora!","og_description":"Introdu\u00e7\u00e3o \u00e0 m\u00e1quina de marca\u00e7\u00e3o a laser de fibra 2.5D Com interfaces f\u00e1ceis de usar e constru\u00e7\u00e3o robusta, as m\u00e1quinas de marca\u00e7\u00e3o a laser de fibra 2,5D oferecem precis\u00e3o, efici\u00eancia e versatilidade na cria\u00e7\u00e3o de marca\u00e7\u00f5es inovadoras e atraentes em uma ampla variedade de materiais, incluindo metais, pl\u00e1sticos, cer\u00e2micas e muito mais.","og_url":"https:\/\/lazersystem.net\/af\/fiber-laser-marking-machine\/affordable-mini-bogong-fiber-laser-marking-machines-explore-now","og_site_name":"BOGONG Laser Machine","article_modified_time":"2024-07-03T08:29:46+00:00","og_image":[{"width":800,"height":800,"url":"https:\/\/lazersystem.net\/wp-content\/uploads\/2024\/06\/\u5fae\u4fe1\u56fe\u7247_20240625151127.png","type":"image\/png"}],"twitter_card":"summary_large_image","twitter_misc":{"Est. reading time":"5 minute"},"schema":{"@context":"https:\/\/schema.org","@graph":[{"@type":"WebPage","@id":"https:\/\/lazersystem.net\/fiber-laser-marking-machine\/affordable-mini-bogong-fiber-laser-marking-machines-explore-now","url":"https:\/\/lazersystem.net\/fiber-laser-marking-machine\/affordable-mini-bogong-fiber-laser-marking-machines-explore-now","name":"M\u00e1quinas de marca\u00e7\u00e3o a laser de fibra Mini BOGONG acess\u00edveis - Explore agora! - BOGONG Laser Machine","isPartOf":{"@id":"https:\/\/lazersystem.net\/#website"},"primaryImageOfPage":{"@id":"https:\/\/lazersystem.net\/fiber-laser-marking-machine\/affordable-mini-bogong-fiber-laser-marking-machines-explore-now#primaryimage"},"image":{"@id":"https:\/\/lazersystem.net\/fiber-laser-marking-machine\/affordable-mini-bogong-fiber-laser-marking-machines-explore-now#primaryimage"},"thumbnailUrl":"https:\/\/lazersystem.net\/wp-content\/uploads\/2024\/06\/\u5fae\u4fe1\u56fe\u7247_20240625151127.png","datePublished":"2024-06-25T07:13:38+00:00","dateModified":"2024-07-03T08:29:46+00:00","breadcrumb":{"@id":"https:\/\/lazersystem.net\/fiber-laser-marking-machine\/affordable-mini-bogong-fiber-laser-marking-machines-explore-now#breadcrumb"},"inLanguage":"af-ZA","potentialAction":[{"@type":"ReadAction","target":["https:\/\/lazersystem.net\/fiber-laser-marking-machine\/affordable-mini-bogong-fiber-laser-marking-machines-explore-now"]}]},{"@type":"ImageObject","inLanguage":"af-ZA","@id":"https:\/\/lazersystem.net\/fiber-laser-marking-machine\/affordable-mini-bogong-fiber-laser-marking-machines-explore-now#primaryimage","url":"https:\/\/lazersystem.net\/wp-content\/uploads\/2024\/06\/\u5fae\u4fe1\u56fe\u7247_20240625151127.png","contentUrl":"https:\/\/lazersystem.net\/wp-content\/uploads\/2024\/06\/\u5fae\u4fe1\u56fe\u7247_20240625151127.png","width":800,"height":800},{"@type":"BreadcrumbList","@id":"https:\/\/lazersystem.net\/fiber-laser-marking-machine\/affordable-mini-bogong-fiber-laser-marking-machines-explore-now#breadcrumb","itemListElement":[{"@type":"ListItem","position":1,"name":"Home","item":"https:\/\/lazersystem.net\/"},{"@type":"ListItem","position":2,"name":"Product","item":"https:\/\/lazersystem.net\/ru\/\u043f\u0440\u043e\u0434\u0443\u043a\u0442"},{"@type":"ListItem","position":3,"name":"M\u00e1quinas de marca\u00e7\u00e3o a laser de fibra Mini BOGONG acess\u00edveis &#8211; Explore agora!"}]},{"@type":"WebSite","@id":"https:\/\/lazersystem.net\/#website","url":"https:\/\/lazersystem.net\/","name":"BOGONG Laser Machine","description":"","publisher":{"@id":"https:\/\/lazersystem.net\/#organization"},"potentialAction":[{"@type":"SearchAction","target":{"@type":"EntryPoint","urlTemplate":"https:\/\/lazersystem.net\/?s={search_term_string}"},"query-input":{"@type":"PropertyValueSpecification","valueRequired":true,"valueName":"search_term_string"}}],"inLanguage":"af-ZA"},{"@type":"Organization","@id":"https:\/\/lazersystem.net\/#organization","name":"BOGONG Laser Machine","url":"https:\/\/lazersystem.net\/","logo":{"@type":"ImageObject","inLanguage":"af-ZA","@id":"https:\/\/lazersystem.net\/#\/schema\/logo\/image\/","url":"https:\/\/lazersystem.net\/wp-content\/uploads\/2024\/04\/\u672a\u6807\u9898-1-3.jpg","contentUrl":"https:\/\/lazersystem.net\/wp-content\/uploads\/2024\/04\/\u672a\u6807\u9898-1-3.jpg","width":1920,"height":650,"caption":"BOGONG Laser Machine"},"image":{"@id":"https:\/\/lazersystem.net\/#\/schema\/logo\/image\/"}}]}},"_links":{"self":[{"href":"https:\/\/lazersystem.net\/af\/wp-json\/wp\/v2\/product\/4926","targetHints":{"allow":["GET"]}}],"collection":[{"href":"https:\/\/lazersystem.net\/af\/wp-json\/wp\/v2\/product"}],"about":[{"href":"https:\/\/lazersystem.net\/af\/wp-json\/wp\/v2\/types\/product"}],"replies":[{"embeddable":true,"href":"https:\/\/lazersystem.net\/af\/wp-json\/wp\/v2\/comments?post=4926"}],"wp:featuredmedia":[{"embeddable":true,"href":"https:\/\/lazersystem.net\/af\/wp-json\/wp\/v2\/media\/4927"}],"wp:attachment":[{"href":"https:\/\/lazersystem.net\/af\/wp-json\/wp\/v2\/media?parent=4926"}],"wp:term":[{"taxonomy":"product_brand","embeddable":true,"href":"https:\/\/lazersystem.net\/af\/wp-json\/wp\/v2\/product_brand?post=4926"},{"taxonomy":"product_cat","embeddable":true,"href":"https:\/\/lazersystem.net\/af\/wp-json\/wp\/v2\/product_cat?post=4926"},{"taxonomy":"product_tag","embeddable":true,"href":"https:\/\/lazersystem.net\/af\/wp-json\/wp\/v2\/product_tag?post=4926"}],"curies":[{"name":"wp","href":"https:\/\/api.w.org\/{rel}","templated":true}]}}